{"id":8912,"date":"2025-03-01T20:04:01","date_gmt":"2025-03-01T18:04:01","guid":{"rendered":"https:\/\/bitessiulai.lt\/?post_type=product&#038;p=8912"},"modified":"2025-12-03T13:44:11","modified_gmt":"2025-12-03T11:44:11","slug":"tulip-sucre-bead-nerimo-vaseliu-rinkinys","status":"publish","type":"product","link":"https:\/\/bitessiulai.lt\/lv\/products\/tulip-sucre-bead-nerimo-vaseliu-rinkinys\/","title":{"rendered":"Tulip Sucre p\u0113rl\u012b\u0161u tamboradatu komplekts"},"content":{"rendered":"<p><strong>Tulip Sucre Bead tamboradatu komplekts.<\/strong> \u0160aj\u0101 Tulip Sucre tamboradatu komplekt\u0101 ir 5 da\u017e\u0101du izm\u0113ru tamboradatas no Sucre p\u0113rl\u012b\u0161u kolekcijas ar p\u0113rl\u012b\u0161u korpusu. \u0100\u0137u izm\u0113ri: 0,9 mm, 1,00 mm, 1,25 mm, 1,5 mm, 1,75 mm. Augstas kvalit\u0101tes materi\u0101ls. \u012apa\u0161i piem\u0113rots pat maz\u0101kajiem tambor\u0113\u0161anas projektiem.<\/p>\n<p><img fetchpriority=\"high\" decoding=\"async\" class=\"alignnone size-medium wp-image-8915\" src=\"http:\/\/bitessiulai.lt\/wp-content\/uploads\/2025\/03\/TB13-SE-1-300x300.webp\" alt=\"\" width=\"300\" height=\"300\" srcset=\"https:\/\/bitessiulai.lt\/wp-content\/uploads\/2025\/03\/TB13-SE-1-300x300.webp 300w, https:\/\/bitessiulai.lt\/wp-content\/uploads\/2025\/03\/TB13-SE-1-150x150.webp 150w, https:\/\/bitessiulai.lt\/wp-content\/uploads\/2025\/03\/TB13-SE-1-12x12.webp 12w, https:\/\/bitessiulai.lt\/wp-content\/uploads\/2025\/03\/TB13-SE-1-600x600.webp 600w, https:\/\/bitessiulai.lt\/wp-content\/uploads\/2025\/03\/TB13-SE-1-96x96.webp 96w, https:\/\/bitessiulai.lt\/wp-content\/uploads\/2025\/03\/TB13-SE-1.webp 700w\" sizes=\"(max-width: 300px) 100vw, 300px\" \/> <img decoding=\"async\" class=\"alignnone size-medium wp-image-8913\" src=\"http:\/\/bitessiulai.lt\/wp-content\/uploads\/2025\/03\/TB13-SE-3-300x300.webp\" alt=\"\" width=\"300\" height=\"300\" srcset=\"https:\/\/bitessiulai.lt\/wp-content\/uploads\/2025\/03\/TB13-SE-3-300x300.webp 300w, https:\/\/bitessiulai.lt\/wp-content\/uploads\/2025\/03\/TB13-SE-3-150x150.webp 150w, https:\/\/bitessiulai.lt\/wp-content\/uploads\/2025\/03\/TB13-SE-3-12x12.webp 12w, https:\/\/bitessiulai.lt\/wp-content\/uploads\/2025\/03\/TB13-SE-3-600x600.webp 600w, https:\/\/bitessiulai.lt\/wp-content\/uploads\/2025\/03\/TB13-SE-3-96x96.webp 96w, https:\/\/bitessiulai.lt\/wp-content\/uploads\/2025\/03\/TB13-SE-3.webp 700w\" sizes=\"(max-width: 300px) 100vw, 300px\" \/><\/p>\n<p>*Ekr\u0101n\u0101 redzam\u0101s kr\u0101sas var nedaudz at\u0161\u0137irties no faktiskaj\u0101m kr\u0101s\u0101m.<\/p>","protected":false},"excerpt":{"rendered":"<p>Tulip Sucre Bead n\u0117rimo v\u0105\u0161eli\u0173 rinkinys. \u0160iame Tulip Sucre n\u0117rimo v\u0105\u0161\u0119li\u0173 rinkinyje yra 5 skirting\u0173 dyd\u017ei\u0173 n\u0117rimo v\u0105\u0161eliai i\u0161 Sucre karoliuk\u0173 kolekcijos su karoliuk\u0173 d\u0117klu. V\u0105\u0161eli\u0173 dyd\u017eiai: 0,9 mm, 1,00 mm, 1,25 mm, 1,5 mm, 1,75 mm. Auk\u0161tos kokyb\u0117s med\u017eiaga. Ypa\u010d tinka ma\u017eiausiems n\u0117rimo projektams. *Ekrane matomos spalvos gali \u0161iek tiek skirtis nuo tikrosios spalvos.<\/p>","protected":false},"featured_media":8914,"comment_status":"open","ping_status":"closed","template":"","meta":[],"product_brand":[],"product_cat":[180,190,191],"product_tag":[],"giftcard-category":[],"class_list":{"0":"post-8912","1":"product","2":"type-product","3":"status-publish","4":"has-post-thumbnail","6":"product_cat-mezgimo-priemones","7":"product_cat-nerimo-vaseliai","8":"product_cat-vaseliu-rinkiniai","10":"first","11":"instock","12":"taxable","13":"shipping-taxable","14":"purchasable","15":"product-type-simple"},"_links":{"self":[{"href":"https:\/\/bitessiulai.lt\/lv\/wp-json\/wp\/v2\/product\/8912","targetHints":{"allow":["GET"]}}],"collection":[{"href":"https:\/\/bitessiulai.lt\/lv\/wp-json\/wp\/v2\/product"}],"about":[{"href":"https:\/\/bitessiulai.lt\/lv\/wp-json\/wp\/v2\/types\/product"}],"replies":[{"embeddable":true,"href":"https:\/\/bitessiulai.lt\/lv\/wp-json\/wp\/v2\/comments?post=8912"}],"version-history":[{"count":0,"href":"https:\/\/bitessiulai.lt\/lv\/wp-json\/wp\/v2\/product\/8912\/revisions"}],"wp:featuredmedia":[{"embeddable":true,"href":"https:\/\/bitessiulai.lt\/lv\/wp-json\/wp\/v2\/media\/8914"}],"wp:attachment":[{"href":"https:\/\/bitessiulai.lt\/lv\/wp-json\/wp\/v2\/media?parent=8912"}],"wp:term":[{"taxonomy":"product_brand","embeddable":true,"href":"https:\/\/bitessiulai.lt\/lv\/wp-json\/wp\/v2\/product_brand?post=8912"},{"taxonomy":"product_cat","embeddable":true,"href":"https:\/\/bitessiulai.lt\/lv\/wp-json\/wp\/v2\/product_cat?post=8912"},{"taxonomy":"product_tag","embeddable":true,"href":"https:\/\/bitessiulai.lt\/lv\/wp-json\/wp\/v2\/product_tag?post=8912"},{"taxonomy":"giftcard-category","embeddable":true,"href":"https:\/\/bitessiulai.lt\/lv\/wp-json\/wp\/v2\/giftcard-category?post=8912"}],"curies":[{"name":"wp","href":"https:\/\/api.w.org\/{rel}","templated":true}]}}