{"id":8882,"date":"2025-03-01T18:43:37","date_gmt":"2025-03-01T16:43:37","guid":{"rendered":"https:\/\/bitessiulai.lt\/?post_type=product&#038;p=8882"},"modified":"2026-02-14T15:11:29","modified_gmt":"2026-02-14T13:11:29","slug":"sew-tasty-matavimo-juosta-150cm","status":"publish","type":"product","link":"https:\/\/bitessiulai.lt\/lv\/products\/sew-tasty-matavimo-juosta-150cm\/","title":{"rendered":"\u0160\u016b\u0161anas m\u0113rlente &quot;Tasty&quot; 150 cm"},"content":{"rendered":"<p><b style=\"letter-spacing: 0px;\">\u0160\u012b \u0160\u016b\u0161anas Gard\u0101 m\u0113rlente 150 cm<\/b><span style=\"letter-spacing: 0px;\"> Ieder\u0113sies jebkur\u0101 (projekta) som\u0101 vai maci\u0146\u0101. T\u0101 izskat\u0101s \u0161iki, pateicoties kvadr\u0101tveida korpusam, kas izgatavots no roz\u0101 PU tekstila. Nospie\u017eot s\u0101nu, m\u0113rlente autom\u0101tiski sarull\u0113jas un nov\u0113r\u0161 sap\u012b\u0161anos. \u0160ai m\u0113rlentei ir ar\u012b pakaramais, kas izgatavots no t\u0101da pa\u0161a materi\u0101la k\u0101 korpuss, ar kuru var viegli izvilkt m\u0113rlenti. Tai ir atz\u012bmes coll\u0101s vien\u0101 pus\u0113 un centimetros otr\u0101 pus\u0113, 150 cm garum\u0101.\u00a0<\/span><\/p>\n<p>*Ekr\u0101n\u0101 redzam\u0101s kr\u0101sas var nedaudz at\u0161\u0137irties no faktiskaj\u0101m kr\u0101s\u0101m.<\/p>","protected":false},"excerpt":{"rendered":"<p>\u0160i Sew Tasty matavimo juosta 150cm tilps bet kuriame (projektiniame) krep\u0161yje ar d\u0117kle. Ji atrodo pra\u0161matniai d\u0117l kvadratinio korpuso, pagaminto i\u0161 ro\u017ein\u0117s spalvos PU tekstil\u0117s. Paspaudus \u0161on\u0105, juosta automati\u0161kai susivynioja ir neleid\u017eia susipainioti. \u0160ioje matavimo juostoje taip pat yra kabykla, pagaminta i\u0161 tos pa\u010dios med\u017eiagos kaip ir korpusas, su kuria lengvai i\u0161trauksite juost\u0105. Vienoje jo pus\u0117je yra nuorodos coliais, o kitoje \u2013 centimetrais,150 cm ilgio.\u00a0 *Ekrane matomos spalvos gali \u0161iek tiek skirtis nuo tikrosios spalvos.<\/p>","protected":false},"featured_media":8883,"comment_status":"open","ping_status":"closed","template":"","meta":[],"product_brand":[],"product_cat":[202,192],"product_tag":[],"giftcard-category":[],"class_list":{"0":"post-8882","1":"product","2":"type-product","3":"status-publish","4":"has-post-thumbnail","6":"product_cat-matavimo-priemones","7":"product_cat-priedai-mezgimui","9":"first","10":"instock","11":"taxable","12":"shipping-taxable","13":"purchasable","14":"product-type-simple"},"_links":{"self":[{"href":"https:\/\/bitessiulai.lt\/lv\/wp-json\/wp\/v2\/product\/8882","targetHints":{"allow":["GET"]}}],"collection":[{"href":"https:\/\/bitessiulai.lt\/lv\/wp-json\/wp\/v2\/product"}],"about":[{"href":"https:\/\/bitessiulai.lt\/lv\/wp-json\/wp\/v2\/types\/product"}],"replies":[{"embeddable":true,"href":"https:\/\/bitessiulai.lt\/lv\/wp-json\/wp\/v2\/comments?post=8882"}],"version-history":[{"count":0,"href":"https:\/\/bitessiulai.lt\/lv\/wp-json\/wp\/v2\/product\/8882\/revisions"}],"wp:featuredmedia":[{"embeddable":true,"href":"https:\/\/bitessiulai.lt\/lv\/wp-json\/wp\/v2\/media\/8883"}],"wp:attachment":[{"href":"https:\/\/bitessiulai.lt\/lv\/wp-json\/wp\/v2\/media?parent=8882"}],"wp:term":[{"taxonomy":"product_brand","embeddable":true,"href":"https:\/\/bitessiulai.lt\/lv\/wp-json\/wp\/v2\/product_brand?post=8882"},{"taxonomy":"product_cat","embeddable":true,"href":"https:\/\/bitessiulai.lt\/lv\/wp-json\/wp\/v2\/product_cat?post=8882"},{"taxonomy":"product_tag","embeddable":true,"href":"https:\/\/bitessiulai.lt\/lv\/wp-json\/wp\/v2\/product_tag?post=8882"},{"taxonomy":"giftcard-category","embeddable":true,"href":"https:\/\/bitessiulai.lt\/lv\/wp-json\/wp\/v2\/giftcard-category?post=8882"}],"curies":[{"name":"wp","href":"https:\/\/api.w.org\/{rel}","templated":true}]}}