{"id":8871,"date":"2025-03-01T17:54:29","date_gmt":"2025-03-01T15:54:29","guid":{"rendered":"https:\/\/bitessiulai.lt\/?post_type=product&#038;p=8871"},"modified":"2026-01-20T18:49:24","modified_gmt":"2026-01-20T16:49:24","slug":"opry-medinis-stovas-laikiklis-16cm","status":"publish","type":"product","link":"https:\/\/bitessiulai.lt\/lv\/products\/opry-medinis-stovas-laikiklis-16cm\/","title":{"rendered":"Opry koka stat\u012bvs\/tur\u0113t\u0101js 16cm"},"content":{"rendered":"<h6>Opry koka stat\u012bvs\/tur\u0113t\u0101js 16 cm, kas piem\u0113rots lieto\u0161anai ar:<\/h6>\n<ul>\n<li>k\u0101 stat\u012bvs amigurumi rota\u013cliet\u0101m vai rok\u0101m darin\u0101t\u0101m lell\u0113m<\/li>\n<li>tur\u0113t dzijas kamoli\u0146us ad\u012b\u0161anas laik\u0101<\/li>\n<li>k\u0101 stat\u012bvs diegu glab\u0101\u0161anai (vitr\u012bn\u0101s, izmanto\u0161anai izst\u0101d\u0113s).<\/li>\n<\/ul>\n<p>Izm\u0113rs: 16 cm (pamatnes diametrs 8 cm)<\/p>\n<p><img fetchpriority=\"high\" decoding=\"async\" class=\"alignnone size-medium wp-image-8874\" src=\"http:\/\/bitessiulai.lt\/wp-content\/uploads\/2025\/03\/image0-7-240x300.jpeg\" alt=\"\" width=\"240\" height=\"300\" srcset=\"https:\/\/bitessiulai.lt\/wp-content\/uploads\/2025\/03\/image0-7-240x300.jpeg 240w, https:\/\/bitessiulai.lt\/wp-content\/uploads\/2025\/03\/image0-7-819x1024.jpeg 819w, https:\/\/bitessiulai.lt\/wp-content\/uploads\/2025\/03\/image0-7-768x960.jpeg 768w, https:\/\/bitessiulai.lt\/wp-content\/uploads\/2025\/03\/image0-7-1229x1536.jpeg 1229w, https:\/\/bitessiulai.lt\/wp-content\/uploads\/2025\/03\/image0-7-10x12.jpeg 10w, https:\/\/bitessiulai.lt\/wp-content\/uploads\/2025\/03\/image0-7-600x750.jpeg 600w, https:\/\/bitessiulai.lt\/wp-content\/uploads\/2025\/03\/image0-7-120x150.jpeg 120w, https:\/\/bitessiulai.lt\/wp-content\/uploads\/2025\/03\/image0-7.jpeg 1440w\" sizes=\"(max-width: 240px) 100vw, 240px\" \/><\/p>","protected":false},"excerpt":{"rendered":"<p>Opry medinis stovas\/laikiklis 16cm tinkamas naudoti: kaip stovas amigurumi \u017eaislams ar rank\u0173 darbo l\u0117l\u0117ms mezgant laikyti si\u016bl\u0173 kamuoliukams kaip stovas laikyti si\u016blams (vitrinose, naudoti ekspozicijoms). Dydis : 16 cm (pagrindo skersmuo 8 cm)<\/p>","protected":false},"featured_media":8872,"comment_status":"open","ping_status":"closed","template":"","meta":[],"product_brand":[],"product_cat":[15],"product_tag":[],"giftcard-category":[],"class_list":{"0":"post-8871","1":"product","2":"type-product","3":"status-publish","4":"has-post-thumbnail","6":"product_cat-be-kategorijos","8":"first","9":"instock","10":"taxable","11":"shipping-taxable","12":"purchasable","13":"product-type-simple"},"_links":{"self":[{"href":"https:\/\/bitessiulai.lt\/lv\/wp-json\/wp\/v2\/product\/8871","targetHints":{"allow":["GET"]}}],"collection":[{"href":"https:\/\/bitessiulai.lt\/lv\/wp-json\/wp\/v2\/product"}],"about":[{"href":"https:\/\/bitessiulai.lt\/lv\/wp-json\/wp\/v2\/types\/product"}],"replies":[{"embeddable":true,"href":"https:\/\/bitessiulai.lt\/lv\/wp-json\/wp\/v2\/comments?post=8871"}],"version-history":[{"count":0,"href":"https:\/\/bitessiulai.lt\/lv\/wp-json\/wp\/v2\/product\/8871\/revisions"}],"wp:featuredmedia":[{"embeddable":true,"href":"https:\/\/bitessiulai.lt\/lv\/wp-json\/wp\/v2\/media\/8872"}],"wp:attachment":[{"href":"https:\/\/bitessiulai.lt\/lv\/wp-json\/wp\/v2\/media?parent=8871"}],"wp:term":[{"taxonomy":"product_brand","embeddable":true,"href":"https:\/\/bitessiulai.lt\/lv\/wp-json\/wp\/v2\/product_brand?post=8871"},{"taxonomy":"product_cat","embeddable":true,"href":"https:\/\/bitessiulai.lt\/lv\/wp-json\/wp\/v2\/product_cat?post=8871"},{"taxonomy":"product_tag","embeddable":true,"href":"https:\/\/bitessiulai.lt\/lv\/wp-json\/wp\/v2\/product_tag?post=8871"},{"taxonomy":"giftcard-category","embeddable":true,"href":"https:\/\/bitessiulai.lt\/lv\/wp-json\/wp\/v2\/giftcard-category?post=8871"}],"curies":[{"name":"wp","href":"https:\/\/api.w.org\/{rel}","templated":true}]}}