{"id":8863,"date":"2025-03-01T17:37:15","date_gmt":"2025-03-01T15:37:15","guid":{"rendered":"https:\/\/bitessiulai.lt\/?post_type=product&#038;p=8863"},"modified":"2025-12-18T13:57:21","modified_gmt":"2025-12-18T11:57:21","slug":"opry-blokavimo-lenta-23x23cm","status":"publish","type":"product","link":"https:\/\/bitessiulai.lt\/lv\/products\/opry-blokavimo-lenta-23x23cm\/","title":{"rendered":"Opry blo\u0137\u0113\u0161anas d\u0113lis 23x23cm"},"content":{"rendered":"<p>\u0160is divpus\u0113jais <strong>Opry blo\u0137\u0113\u0161anas d\u0113lis 23x23cm<\/strong>\u00a0izmanto, lai pievilktu tambor\u0113tus vai ad\u012btus darbus, lai izl\u012bdzin\u0101tu formu. D\u0113lim ir 14 rindas ar 14 caurumiem, kur var ievietot met\u0101la adatas atkar\u012bb\u0101 no darba formas un izm\u0113ra. Komplekt\u0101 ietilpst \u0113rts stat\u012bvs, lai d\u0113li var\u0113tu novietot ar\u012b vertik\u0101li. D\u0113lis un stat\u012bvs ir izgatavoti no gludi apstr\u0101d\u0101ta un ilgtsp\u0113j\u012bga bambusa koka. D\u0113\u013ca izm\u0113ri ir 23 x 23 cm, un taj\u0101 ir 20 met\u0101la adatas.<\/p>\n<p><img fetchpriority=\"high\" decoding=\"async\" class=\"alignnone size-medium wp-image-8866\" src=\"http:\/\/bitessiulai.lt\/wp-content\/uploads\/2025\/03\/23988-2-300x300.webp\" alt=\"\" width=\"300\" height=\"300\" srcset=\"https:\/\/bitessiulai.lt\/wp-content\/uploads\/2025\/03\/23988-2-300x300.webp 300w, https:\/\/bitessiulai.lt\/wp-content\/uploads\/2025\/03\/23988-2-150x150.webp 150w, https:\/\/bitessiulai.lt\/wp-content\/uploads\/2025\/03\/23988-2-12x12.webp 12w, https:\/\/bitessiulai.lt\/wp-content\/uploads\/2025\/03\/23988-2-600x600.webp 600w, https:\/\/bitessiulai.lt\/wp-content\/uploads\/2025\/03\/23988-2-96x96.webp 96w, https:\/\/bitessiulai.lt\/wp-content\/uploads\/2025\/03\/23988-2.webp 700w\" sizes=\"(max-width: 300px) 100vw, 300px\" \/> <img decoding=\"async\" class=\"alignnone size-medium wp-image-8864\" src=\"http:\/\/bitessiulai.lt\/wp-content\/uploads\/2025\/03\/23988-4-300x300.webp\" alt=\"\" width=\"300\" height=\"300\" srcset=\"https:\/\/bitessiulai.lt\/wp-content\/uploads\/2025\/03\/23988-4-300x300.webp 300w, https:\/\/bitessiulai.lt\/wp-content\/uploads\/2025\/03\/23988-4-150x150.webp 150w, https:\/\/bitessiulai.lt\/wp-content\/uploads\/2025\/03\/23988-4-12x12.webp 12w, https:\/\/bitessiulai.lt\/wp-content\/uploads\/2025\/03\/23988-4-600x600.webp 600w, https:\/\/bitessiulai.lt\/wp-content\/uploads\/2025\/03\/23988-4-96x96.webp 96w, https:\/\/bitessiulai.lt\/wp-content\/uploads\/2025\/03\/23988-4.webp 700w\" sizes=\"(max-width: 300px) 100vw, 300px\" \/><\/p>","protected":false},"excerpt":{"rendered":"<p>\u0160i dvipus\u0117 Opry blokavimo lenta 23x23cm\u00a0naudojama nertam ar megztam darbui \u012ftempti, siekiant i\u0161lyginti form\u0105. Lentoje yra 14 eili\u0173 po 14 skyli\u0173, kur galite \u012fd\u0117ti metalinius kai\u0161\u010dius, priklausomai nuo j\u016bs\u0173 darbo formos ir dyd\u017eio. Yra su patogiu stovu, tod\u0117l lent\u0105 taip pat galite pastatyti vertikaliai. Lenta ir stovas pagaminti i\u0161 skland\u017eiai apdirbtos ir tvarios bambuko medienos. Lentos matmenys 23 x 23 cm, joje yra 20 metalini\u0173 kai\u0161\u010di\u0173.<\/p>","protected":false},"featured_media":8867,"comment_status":"open","ping_status":"closed","template":"","meta":[],"product_brand":[],"product_cat":[197,192],"product_tag":[],"giftcard-category":[],"class_list":{"0":"post-8863","1":"product","2":"type-product","3":"status-publish","4":"has-post-thumbnail","6":"product_cat-blokavimo-priemones","7":"product_cat-priedai-mezgimui","9":"first","10":"outofstock","11":"taxable","12":"shipping-taxable","13":"purchasable","14":"product-type-simple"},"_links":{"self":[{"href":"https:\/\/bitessiulai.lt\/lv\/wp-json\/wp\/v2\/product\/8863","targetHints":{"allow":["GET"]}}],"collection":[{"href":"https:\/\/bitessiulai.lt\/lv\/wp-json\/wp\/v2\/product"}],"about":[{"href":"https:\/\/bitessiulai.lt\/lv\/wp-json\/wp\/v2\/types\/product"}],"replies":[{"embeddable":true,"href":"https:\/\/bitessiulai.lt\/lv\/wp-json\/wp\/v2\/comments?post=8863"}],"version-history":[{"count":0,"href":"https:\/\/bitessiulai.lt\/lv\/wp-json\/wp\/v2\/product\/8863\/revisions"}],"wp:featuredmedia":[{"embeddable":true,"href":"https:\/\/bitessiulai.lt\/lv\/wp-json\/wp\/v2\/media\/8867"}],"wp:attachment":[{"href":"https:\/\/bitessiulai.lt\/lv\/wp-json\/wp\/v2\/media?parent=8863"}],"wp:term":[{"taxonomy":"product_brand","embeddable":true,"href":"https:\/\/bitessiulai.lt\/lv\/wp-json\/wp\/v2\/product_brand?post=8863"},{"taxonomy":"product_cat","embeddable":true,"href":"https:\/\/bitessiulai.lt\/lv\/wp-json\/wp\/v2\/product_cat?post=8863"},{"taxonomy":"product_tag","embeddable":true,"href":"https:\/\/bitessiulai.lt\/lv\/wp-json\/wp\/v2\/product_tag?post=8863"},{"taxonomy":"giftcard-category","embeddable":true,"href":"https:\/\/bitessiulai.lt\/lv\/wp-json\/wp\/v2\/giftcard-category?post=8863"}],"curies":[{"name":"wp","href":"https:\/\/api.w.org\/{rel}","templated":true}]}}