{"id":8836,"date":"2025-02-28T21:45:49","date_gmt":"2025-02-28T19:45:49","guid":{"rendered":"https:\/\/bitessiulai.lt\/?post_type=product&#038;p=8836"},"modified":"2026-01-08T11:36:31","modified_gmt":"2026-01-08T09:36:31","slug":"lantern-moon-deklas-mezgimo-reikmenims","status":"publish","type":"product","link":"https:\/\/bitessiulai.lt\/lv\/products\/lantern-moon-deklas-mezgimo-reikmenims\/","title":{"rendered":"Lantern Moon ad\u012b\u0161anas maci\u0146\u0161"},"content":{"rendered":"<p><strong>Lantern Moon maci\u0146\u0161 ad\u012b\u0161anas piederumiem.<\/strong> Pateicoties mazajam izm\u0113ram, \u0161\u012b aksesu\u0101ru soma ir ide\u0101li piem\u0113rota da\u017e\u0101du nelielu rokdarbu piederumu glab\u0101\u0161anai un p\u0101rn\u0113s\u0101\u0161anai, jo t\u0101 ietilpst gandr\u012bz jebkur\u0101 som\u0101. Somas iek\u0161pus\u0113 ir 5 kabatas, piem\u0113ram, main\u0101miem ad\u012b\u0161anas galiem, k\u0101 ar\u012b gobel\u0113nu adat\u0101m un auklu atsl\u0113g\u0101m. T\u0101 aizveras ar magn\u0113tisku aizdari. Aizsargv\u0101ks nodro\u0161ina, ka saturs neizkr\u012bt no somas, to p\u0101rn\u0113s\u0101jot vai ce\u013cojot. Atv\u0113rt\u0101 veid\u0101 somas izm\u0113ri ir 11 \u00d7 11 cm. Pieejama da\u017e\u0101d\u0101s skaist\u0101s kr\u0101s\u0101s. Somi\u0146a bez satura.<\/p>\n<p>&nbsp;<\/p>\n<p><img fetchpriority=\"high\" decoding=\"async\" class=\"alignnone size-medium wp-image-8842\" src=\"http:\/\/bitessiulai.lt\/wp-content\/uploads\/2025\/02\/lm350683-1-300x300.webp\" alt=\"\" width=\"300\" height=\"300\" srcset=\"https:\/\/bitessiulai.lt\/wp-content\/uploads\/2025\/02\/lm350683-1-300x300.webp 300w, https:\/\/bitessiulai.lt\/wp-content\/uploads\/2025\/02\/lm350683-1-150x150.webp 150w, https:\/\/bitessiulai.lt\/wp-content\/uploads\/2025\/02\/lm350683-1-12x12.webp 12w, https:\/\/bitessiulai.lt\/wp-content\/uploads\/2025\/02\/lm350683-1-96x96.webp 96w, https:\/\/bitessiulai.lt\/wp-content\/uploads\/2025\/02\/lm350683-1.webp 583w\" sizes=\"(max-width: 300px) 100vw, 300px\" \/><img decoding=\"async\" class=\"alignnone size-medium wp-image-8839\" src=\"http:\/\/bitessiulai.lt\/wp-content\/uploads\/2025\/02\/lm350684-1-300x300.webp\" alt=\"\" width=\"300\" height=\"300\" srcset=\"https:\/\/bitessiulai.lt\/wp-content\/uploads\/2025\/02\/lm350684-1-300x300.webp 300w, https:\/\/bitessiulai.lt\/wp-content\/uploads\/2025\/02\/lm350684-1-150x150.webp 150w, https:\/\/bitessiulai.lt\/wp-content\/uploads\/2025\/02\/lm350684-1-768x768.webp 768w, https:\/\/bitessiulai.lt\/wp-content\/uploads\/2025\/02\/lm350684-1-12x12.webp 12w, https:\/\/bitessiulai.lt\/wp-content\/uploads\/2025\/02\/lm350684-1-600x600.webp 600w, https:\/\/bitessiulai.lt\/wp-content\/uploads\/2025\/02\/lm350684-1-96x96.webp 96w, https:\/\/bitessiulai.lt\/wp-content\/uploads\/2025\/02\/lm350684-1.webp 1000w\" sizes=\"(max-width: 300px) 100vw, 300px\" \/> <img decoding=\"async\" class=\"alignnone size-medium wp-image-8838\" src=\"http:\/\/bitessiulai.lt\/wp-content\/uploads\/2025\/02\/lm350681-1-300x300.webp\" alt=\"\" width=\"300\" height=\"300\" srcset=\"https:\/\/bitessiulai.lt\/wp-content\/uploads\/2025\/02\/lm350681-1-300x300.webp 300w, https:\/\/bitessiulai.lt\/wp-content\/uploads\/2025\/02\/lm350681-1-150x150.webp 150w, https:\/\/bitessiulai.lt\/wp-content\/uploads\/2025\/02\/lm350681-1-12x12.webp 12w, https:\/\/bitessiulai.lt\/wp-content\/uploads\/2025\/02\/lm350681-1-96x96.webp 96w, https:\/\/bitessiulai.lt\/wp-content\/uploads\/2025\/02\/lm350681-1.webp 583w\" sizes=\"(max-width: 300px) 100vw, 300px\" \/><\/p>\n<p>*Ekr\u0101n\u0101 redzam\u0101s kr\u0101sas var nedaudz at\u0161\u0137irties no faktiskaj\u0101m kr\u0101s\u0101m.<\/p>","protected":false},"excerpt":{"rendered":"<p>Lantern Moon D\u0117klas mezgimo reikmenims. D\u0117l ma\u017eo dyd\u017eio \u0161is aksesuar\u0173 d\u0117klas idealiai tinka \u012fvairiems smulkiems amat\u0173 reikmenims laikyti ir ne\u0161iotis, nes telpa beveik bet kuriame krep\u0161yje. D\u0117klo viduje yra 5 ki\u0161en\u0117s, skirtos, pavyzd\u017eiui, kei\u010diamiems mezgimo antgaliams, taip pat gobeleno adatoms ir val\u0173 raktams. Jis u\u017esisega magnetiniu u\u017esegimu. Apsauginis atvartas u\u017etikrina, kad turinys nei\u0161kris i\u0161 d\u0117klo, kai j\u012f ne\u0161iojate ar keliaujate. Atidarius d\u0117klo i\u0161matavimai 11&#215;11 cm. Galimos \u012fvairios gra\u017eios spalvos. D\u0117klas be turinio. &nbsp; *Ekrane matomos spalvos gali \u0161iek tiek skirtis nuo tikrosios spalvos.<\/p>","protected":false},"featured_media":8840,"comment_status":"open","ping_status":"closed","template":"","meta":[],"product_brand":[],"product_cat":[199],"product_tag":[],"giftcard-category":[],"class_list":{"0":"post-8836","1":"product","2":"type-product","3":"status-publish","4":"has-post-thumbnail","6":"product_cat-deklai-krepsiai","8":"first","9":"instock","10":"taxable","11":"shipping-taxable","12":"purchasable","13":"product-type-variable"},"_links":{"self":[{"href":"https:\/\/bitessiulai.lt\/lv\/wp-json\/wp\/v2\/product\/8836","targetHints":{"allow":["GET"]}}],"collection":[{"href":"https:\/\/bitessiulai.lt\/lv\/wp-json\/wp\/v2\/product"}],"about":[{"href":"https:\/\/bitessiulai.lt\/lv\/wp-json\/wp\/v2\/types\/product"}],"replies":[{"embeddable":true,"href":"https:\/\/bitessiulai.lt\/lv\/wp-json\/wp\/v2\/comments?post=8836"}],"version-history":[{"count":0,"href":"https:\/\/bitessiulai.lt\/lv\/wp-json\/wp\/v2\/product\/8836\/revisions"}],"wp:featuredmedia":[{"embeddable":true,"href":"https:\/\/bitessiulai.lt\/lv\/wp-json\/wp\/v2\/media\/8840"}],"wp:attachment":[{"href":"https:\/\/bitessiulai.lt\/lv\/wp-json\/wp\/v2\/media?parent=8836"}],"wp:term":[{"taxonomy":"product_brand","embeddable":true,"href":"https:\/\/bitessiulai.lt\/lv\/wp-json\/wp\/v2\/product_brand?post=8836"},{"taxonomy":"product_cat","embeddable":true,"href":"https:\/\/bitessiulai.lt\/lv\/wp-json\/wp\/v2\/product_cat?post=8836"},{"taxonomy":"product_tag","embeddable":true,"href":"https:\/\/bitessiulai.lt\/lv\/wp-json\/wp\/v2\/product_tag?post=8836"},{"taxonomy":"giftcard-category","embeddable":true,"href":"https:\/\/bitessiulai.lt\/lv\/wp-json\/wp\/v2\/giftcard-category?post=8836"}],"curies":[{"name":"wp","href":"https:\/\/api.w.org\/{rel}","templated":true}]}}