{"id":8754,"date":"2025-02-28T12:28:25","date_gmt":"2025-02-28T10:28:25","guid":{"rendered":"https:\/\/bitessiulai.lt\/?post_type=product&#038;p=8754"},"modified":"2026-04-10T19:10:28","modified_gmt":"2026-04-10T16:10:28","slug":"clover-adatu-rinkinys","status":"publish","type":"product","link":"https:\/\/bitessiulai.lt\/lv\/products\/clover-adatu-rinkinys\/","title":{"rendered":"\u0100boli\u0146a adatu komplekts"},"content":{"rendered":"<p><span style=\"letter-spacing: 0px;\">Ar Clover adatu komplektiem jums ir viss nepiecie\u0161amais, lai sa\u0161\u016btu atsevi\u0161\u0137us ad\u012b\u0161anas vai tambor\u0113\u0161anas gabalus. Plastmasas korpuss ar skr\u016bv\u0113jamu v\u0101ci\u0146u ir ide\u0101li piem\u0113rots dro\u0161ai glab\u0101\u0161anai.<\/span><\/p>\n<h5>\u0100boli\u0146a adatu komplekts:<\/h5>\n<ul>\n<li>3 adatas (15. izm\u0113rs \u2013 2 gab., 17. izm\u0113rs \u2013 1 gab.)<\/li>\n<li>\u0113rta aizsl\u0113dzama kaste adatu glab\u0101\u0161anai<\/li>\n<\/ul>\n<p>Liela adatas galvi\u0146a \u2013 viegli ieveriet biezu vilnas diegu<\/p>\n<p>Piem\u0113rots pl\u0101n\u0101kiem pavedieniem<\/p>","protected":false},"excerpt":{"rendered":"<p>Naudodami Clover adat\u0173 rinkinius tur\u0117site visk\u0105, ko reikia, kad gal\u0117tum\u0117te susi\u016bti atskiras mezgimo ar n\u0117rimo dalis. Plastikinis d\u0117klas su u\u017esukamu dangteliu idealiai tinka saugiam laikymui. Clover adat\u0173 rinkinys: 3 vnt adat\u0173 (dydis\u00a0 15 \u2013 2 vnt, 17 \u2013 1\u00a0 vnt) patogi u\u017edaroma d\u0117\u017eut\u0117 adatoms laikyti Didel\u0117 adatos \u201cgalvut\u0117\u201d\u00a0 \u2013 be vargo \u012fversite stor\u0105 vilnos si\u016bl\u0105 Tinka plonesniems si\u016blams<\/p>","protected":false},"featured_media":8755,"comment_status":"open","ping_status":"closed","template":"","meta":[],"product_brand":[],"product_cat":[193,192],"product_tag":[],"giftcard-category":[],"class_list":{"0":"post-8754","1":"product","2":"type-product","3":"status-publish","4":"has-post-thumbnail","6":"product_cat-adatos","7":"product_cat-priedai-mezgimui","9":"first","10":"instock","11":"taxable","12":"shipping-taxable","13":"purchasable","14":"product-type-simple"},"_links":{"self":[{"href":"https:\/\/bitessiulai.lt\/lv\/wp-json\/wp\/v2\/product\/8754","targetHints":{"allow":["GET"]}}],"collection":[{"href":"https:\/\/bitessiulai.lt\/lv\/wp-json\/wp\/v2\/product"}],"about":[{"href":"https:\/\/bitessiulai.lt\/lv\/wp-json\/wp\/v2\/types\/product"}],"replies":[{"embeddable":true,"href":"https:\/\/bitessiulai.lt\/lv\/wp-json\/wp\/v2\/comments?post=8754"}],"version-history":[{"count":1,"href":"https:\/\/bitessiulai.lt\/lv\/wp-json\/wp\/v2\/product\/8754\/revisions"}],"predecessor-version":[{"id":23767,"href":"https:\/\/bitessiulai.lt\/lv\/wp-json\/wp\/v2\/product\/8754\/revisions\/23767"}],"wp:featuredmedia":[{"embeddable":true,"href":"https:\/\/bitessiulai.lt\/lv\/wp-json\/wp\/v2\/media\/8755"}],"wp:attachment":[{"href":"https:\/\/bitessiulai.lt\/lv\/wp-json\/wp\/v2\/media?parent=8754"}],"wp:term":[{"taxonomy":"product_brand","embeddable":true,"href":"https:\/\/bitessiulai.lt\/lv\/wp-json\/wp\/v2\/product_brand?post=8754"},{"taxonomy":"product_cat","embeddable":true,"href":"https:\/\/bitessiulai.lt\/lv\/wp-json\/wp\/v2\/product_cat?post=8754"},{"taxonomy":"product_tag","embeddable":true,"href":"https:\/\/bitessiulai.lt\/lv\/wp-json\/wp\/v2\/product_tag?post=8754"},{"taxonomy":"giftcard-category","embeddable":true,"href":"https:\/\/bitessiulai.lt\/lv\/wp-json\/wp\/v2\/giftcard-category?post=8754"}],"curies":[{"name":"wp","href":"https:\/\/api.w.org\/{rel}","templated":true}]}}