{"id":8501,"date":"2025-02-23T16:33:14","date_gmt":"2025-02-23T14:33:14","guid":{"rendered":"https:\/\/bitessiulai.lt\/?post_type=product&#038;p=8501"},"modified":"2026-03-29T23:31:19","modified_gmt":"2026-03-29T20:31:19","slug":"addi-kasmyro-sukos","status":"publish","type":"product","link":"https:\/\/bitessiulai.lt\/lv\/products\/addi-kasmyro-sukos\/","title":{"rendered":"Addi ka\u0161mira \u0137emme"},"content":{"rendered":"<p>Addi ka\u0161mira \u0137emme ir paredz\u0113ta, lai \u0101tri un vienk\u0101r\u0161i no\u0146emtu ka\u0161mira ad\u012bjumu uzkr\u0101jumus, atbr\u012bvotos no p\u016bk\u0101m un atsvaidzin\u0101tu izstr\u0101d\u0101jumu. Instruments ir iepakots organzas maisi\u0146\u0101 uzglab\u0101\u0161anai.<\/p>","protected":false},"excerpt":{"rendered":"<p>Addi ka\u0161mira \u0137emme ir paredz\u0113ta, lai \u0101tri un vienk\u0101r\u0161i no\u0146emtu ka\u0161mira ad\u012bjumu uzkr\u0101jumus, atbr\u012bvotos no p\u016bk\u0101m un atsvaidzin\u0101tu izstr\u0101d\u0101jumu. Instruments ir iepakots organzas maisi\u0146\u0101 uzglab\u0101\u0161anai.<\/p>","protected":false},"featured_media":8503,"comment_status":"open","ping_status":"closed","template":"","meta":[],"product_brand":[],"product_cat":[203,192],"product_tag":[],"giftcard-category":[],"class_list":{"0":"post-8501","1":"product","2":"type-product","3":"status-publish","4":"has-post-thumbnail","6":"product_cat-mezginiu-prieziura","7":"product_cat-priedai-mezgimui","9":"first","10":"instock","11":"taxable","12":"shipping-taxable","13":"purchasable","14":"product-type-simple"},"_links":{"self":[{"href":"https:\/\/bitessiulai.lt\/lv\/wp-json\/wp\/v2\/product\/8501","targetHints":{"allow":["GET"]}}],"collection":[{"href":"https:\/\/bitessiulai.lt\/lv\/wp-json\/wp\/v2\/product"}],"about":[{"href":"https:\/\/bitessiulai.lt\/lv\/wp-json\/wp\/v2\/types\/product"}],"replies":[{"embeddable":true,"href":"https:\/\/bitessiulai.lt\/lv\/wp-json\/wp\/v2\/comments?post=8501"}],"version-history":[{"count":1,"href":"https:\/\/bitessiulai.lt\/lv\/wp-json\/wp\/v2\/product\/8501\/revisions"}],"predecessor-version":[{"id":23807,"href":"https:\/\/bitessiulai.lt\/lv\/wp-json\/wp\/v2\/product\/8501\/revisions\/23807"}],"wp:featuredmedia":[{"embeddable":true,"href":"https:\/\/bitessiulai.lt\/lv\/wp-json\/wp\/v2\/media\/8503"}],"wp:attachment":[{"href":"https:\/\/bitessiulai.lt\/lv\/wp-json\/wp\/v2\/media?parent=8501"}],"wp:term":[{"taxonomy":"product_brand","embeddable":true,"href":"https:\/\/bitessiulai.lt\/lv\/wp-json\/wp\/v2\/product_brand?post=8501"},{"taxonomy":"product_cat","embeddable":true,"href":"https:\/\/bitessiulai.lt\/lv\/wp-json\/wp\/v2\/product_cat?post=8501"},{"taxonomy":"product_tag","embeddable":true,"href":"https:\/\/bitessiulai.lt\/lv\/wp-json\/wp\/v2\/product_tag?post=8501"},{"taxonomy":"giftcard-category","embeddable":true,"href":"https:\/\/bitessiulai.lt\/lv\/wp-json\/wp\/v2\/giftcard-category?post=8501"}],"curies":[{"name":"wp","href":"https:\/\/api.w.org\/{rel}","templated":true}]}}