{"id":8446,"date":"2025-02-23T09:52:08","date_gmt":"2025-02-23T07:52:08","guid":{"rendered":"https:\/\/bitessiulai.lt\/?post_type=product&#038;p=8446"},"modified":"2026-04-25T12:38:11","modified_gmt":"2026-04-25T09:38:11","slug":"eucalan-lavender-100ml-skalbimo-priemone-vilnai","status":"publish","type":"product","link":"https:\/\/bitessiulai.lt\/lv\/products\/eucalan-lavender-100ml-skalbimo-priemone-vilnai\/","title":{"rendered":"Eucalan skystas skalbiklis su levand\u0173 kvapu 100ml"},"content":{"rendered":"<div class=\"value\">Eucalan skystas skalbiklis su levand\u0173 kvapu 100ml , kuris puikiai tinka vilnoniams drabu\u017eiams ir megztiems gaminiams. Tai nekenksminga aplinkai; jame n\u0117ra \u0161iurk\u0161\u010di\u0173, sintetini\u0173 ingredient\u0173. Palepinkite save ir tuo pa\u010diu savo mezginius, nertus \u017eaisliukus, k\u016bdiki\u0173 drabu\u017e\u0117lius \u0161ia skalbimo priemone, kuri suteikia gaivos ir atsinaujinimo poj\u016bt\u012f.<\/div>\n<div><\/div>\n<div><img fetchpriority=\"high\" decoding=\"async\" class=\"alignnone size-medium wp-image-8448\" src=\"http:\/\/bitessiulai.lt\/wp-content\/uploads\/2025\/02\/llg-lsm_1-300x300.webp\" alt=\"\" width=\"300\" height=\"300\" srcset=\"https:\/\/bitessiulai.lt\/wp-content\/uploads\/2025\/02\/llg-lsm_1-300x300.webp 300w, https:\/\/bitessiulai.lt\/wp-content\/uploads\/2025\/02\/llg-lsm_1-150x150.webp 150w, https:\/\/bitessiulai.lt\/wp-content\/uploads\/2025\/02\/llg-lsm_1-768x768.webp 768w, https:\/\/bitessiulai.lt\/wp-content\/uploads\/2025\/02\/llg-lsm_1-12x12.webp 12w, https:\/\/bitessiulai.lt\/wp-content\/uploads\/2025\/02\/llg-lsm_1-600x600.webp 600w, https:\/\/bitessiulai.lt\/wp-content\/uploads\/2025\/02\/llg-lsm_1-96x96.webp 96w, https:\/\/bitessiulai.lt\/wp-content\/uploads\/2025\/02\/llg-lsm_1.webp 1000w\" sizes=\"(max-width: 300px) 100vw, 300px\" \/> <img decoding=\"async\" class=\"alignnone size-medium wp-image-8449\" src=\"http:\/\/bitessiulai.lt\/wp-content\/uploads\/2025\/02\/lsm100-1-300x300.webp\" alt=\"\" width=\"300\" height=\"300\" srcset=\"https:\/\/bitessiulai.lt\/wp-content\/uploads\/2025\/02\/lsm100-1-300x300.webp 300w, https:\/\/bitessiulai.lt\/wp-content\/uploads\/2025\/02\/lsm100-1-150x150.webp 150w, https:\/\/bitessiulai.lt\/wp-content\/uploads\/2025\/02\/lsm100-1-768x768.webp 768w, https:\/\/bitessiulai.lt\/wp-content\/uploads\/2025\/02\/lsm100-1-12x12.webp 12w, https:\/\/bitessiulai.lt\/wp-content\/uploads\/2025\/02\/lsm100-1-600x600.webp 600w, https:\/\/bitessiulai.lt\/wp-content\/uploads\/2025\/02\/lsm100-1-96x96.webp 96w, https:\/\/bitessiulai.lt\/wp-content\/uploads\/2025\/02\/lsm100-1.webp 1000w\" sizes=\"(max-width: 300px) 100vw, 300px\" \/><\/div>\n<div><\/div>","protected":false},"excerpt":{"rendered":"<p>Eucalan skystas skalbiklis su levand\u0173 kvapu 100ml , kuris puikiai tinka vilnoniams drabu\u017eiams ir megztiems gaminiams. Tai nekenksminga aplinkai; jame n\u0117ra \u0161iurk\u0161\u010di\u0173, sintetini\u0173 ingredient\u0173. Palepinkite save ir tuo pa\u010diu savo mezginius, nertus \u017eaisliukus, k\u016bdiki\u0173 drabu\u017e\u0117lius \u0161ia skalbimo priemone, kuri suteikia gaivos ir atsinaujinimo poj\u016bt\u012f.<\/p>","protected":false},"featured_media":8447,"comment_status":"open","ping_status":"closed","template":"","meta":[],"product_brand":[],"product_cat":[192,203],"product_tag":[],"giftcard-category":[],"class_list":{"0":"post-8446","1":"product","2":"type-product","3":"status-publish","4":"has-post-thumbnail","6":"product_cat-priedai-mezgimui","7":"product_cat-mezginiu-prieziura","9":"first","10":"instock","11":"taxable","12":"shipping-taxable","13":"purchasable","14":"product-type-simple"},"_links":{"self":[{"href":"https:\/\/bitessiulai.lt\/lv\/wp-json\/wp\/v2\/product\/8446","targetHints":{"allow":["GET"]}}],"collection":[{"href":"https:\/\/bitessiulai.lt\/lv\/wp-json\/wp\/v2\/product"}],"about":[{"href":"https:\/\/bitessiulai.lt\/lv\/wp-json\/wp\/v2\/types\/product"}],"replies":[{"embeddable":true,"href":"https:\/\/bitessiulai.lt\/lv\/wp-json\/wp\/v2\/comments?post=8446"}],"version-history":[{"count":4,"href":"https:\/\/bitessiulai.lt\/lv\/wp-json\/wp\/v2\/product\/8446\/revisions"}],"predecessor-version":[{"id":23806,"href":"https:\/\/bitessiulai.lt\/lv\/wp-json\/wp\/v2\/product\/8446\/revisions\/23806"}],"wp:featuredmedia":[{"embeddable":true,"href":"https:\/\/bitessiulai.lt\/lv\/wp-json\/wp\/v2\/media\/8447"}],"wp:attachment":[{"href":"https:\/\/bitessiulai.lt\/lv\/wp-json\/wp\/v2\/media?parent=8446"}],"wp:term":[{"taxonomy":"product_brand","embeddable":true,"href":"https:\/\/bitessiulai.lt\/lv\/wp-json\/wp\/v2\/product_brand?post=8446"},{"taxonomy":"product_cat","embeddable":true,"href":"https:\/\/bitessiulai.lt\/lv\/wp-json\/wp\/v2\/product_cat?post=8446"},{"taxonomy":"product_tag","embeddable":true,"href":"https:\/\/bitessiulai.lt\/lv\/wp-json\/wp\/v2\/product_tag?post=8446"},{"taxonomy":"giftcard-category","embeddable":true,"href":"https:\/\/bitessiulai.lt\/lv\/wp-json\/wp\/v2\/giftcard-category?post=8446"}],"curies":[{"name":"wp","href":"https:\/\/api.w.org\/{rel}","templated":true}]}}