{"id":8351,"date":"2025-02-19T10:53:16","date_gmt":"2025-02-19T08:53:16","guid":{"rendered":"https:\/\/bitessiulai.lt\/?post_type=product&#038;p=8351"},"modified":"2025-12-21T17:44:49","modified_gmt":"2025-12-21T15:44:49","slug":"knitpro-dreamz-midi-13cm-virbalu-rinkinys","status":"publish","type":"product","link":"https:\/\/bitessiulai.lt\/lv\/products\/knitpro-dreamz-midi-13cm-virbalu-rinkinys\/","title":{"rendered":"KnitPro Dreamz Midi 13 cm adatu komplekts"},"content":{"rendered":"<p><span style=\"letter-spacing: 0px;\"><strong>KnitPro Dreamz Midi 13 cm adatu komplekts<\/strong> \u2013 ir skaista ad\u012b\u0161anas un tambor\u0113\u0161anas piederumu s\u0113rija, kas izgatavota no b\u0113rza koka, kr\u0101sota ko\u0161\u0101s kr\u0101s\u0101s. Dab\u012bgais materi\u0101ls rok\u0101s ir m\u012bksts un br\u012bni\u0161\u0137\u012bgi silts, tas ir viegls un \u0101rk\u0101rt\u012bgi iztur\u012bgs.<\/span><\/p>\n<div class=\"value\">\n<p>\u0160is daudzpus\u012bgais KnitPro Dreamz Midi main\u0101mo ap\u013cveida adatu komplekts ir piem\u0113rots visu veidu projektiem. Adat\u0101m ir pak\u0101peniski konusveida gali, kas garant\u0113 d\u016briena precizit\u0101ti katr\u0101 projekt\u0101. Turkl\u0101t gali \u013cauj ad\u012bt, nesadalot dziju. Adatas ir piem\u0113rotas visu veidu dzijai. Inovat\u012bvi izstr\u0101d\u0101tais savienojuma punkts nodro\u0161ina vienm\u0113r\u012bgu p\u0101reju starp ad\u012b\u0161anas galu un l\u012bniju, lai dzija neaiz\u0137ertos. \u0160aj\u0101 komplekt\u0101 iek\u013cautie KnitPro Dreamz main\u0101mie ad\u012b\u0161anas gali ir 13 cm gari. Adatu izm\u0113rs ir skaidri nor\u0101d\u012bts uz adatu galiem, un katram adatu izm\u0113ram ir sava kr\u0101sa, t\u0101p\u0113c tos ir viegli identific\u0113t. Ner\u016bs\u0113jo\u0161\u0101 t\u0113rauda l\u012bnijas ir p\u0101rkl\u0101tas ar neilona sl\u0101ni. Tas padara l\u012bniju iztur\u012bgu, ta\u010du joproj\u0101m \u013cauj adatai viegli sl\u012bd\u0113t cauri d\u016brieniem. Groz\u0101m\u0101 360\u00b0 sist\u0113ma \u013cauj ad\u0101madatu galiem br\u012bvi griezties, kas nov\u0113r\u0161 l\u012bnijas sagrie\u0161anos ad\u012b\u0161anas laik\u0101. Auklu galos ir caurums, kur\u0101 var ievietot auklas atsl\u0113gu, ko izmanto, lai nostiprin\u0101tu adatas galu pie l\u012bnijas. Caurumi ir noder\u012bgi ar\u012b gl\u0101b\u0161anas auklas piestiprin\u0101\u0161anai pie ad\u0101madatas, lai dro\u0161i no\u0146emtu darbu vai paceltu nokritu\u0161us valdzi\u0146us. KnitPro Dreamz Midi main\u0101mo adatu komplekt\u0101 ietilpst \u0161\u0101di priek\u0161meti:<\/p>\n<ul>\n<li>7 x main\u0101mu adatu p\u0101ri 13 cm garum\u0101, 3,00, 3,25, 3,50, 3,75, 4,00, 4,50 un 5,00 mm<\/li>\n<li>3 x melnas l\u012bnijas: 1 x 60 cm, 1 x 80 cm un 1 x 100 cm<\/li>\n<li>4 x iesma gali<\/li>\n<li>2 x uzgrie\u017e\u0146u atsl\u0113gas auklas pievilk\u0161anai<\/li>\n<li>1 x l\u012bnijas savienot\u0101js<\/li>\n<\/ul>\n<p>KnitPro Dreamz Midi 13 cm ad\u0101madatu komplekts ir iepakots skaist\u0101 bordo auduma maci\u0146\u0101.<\/p>\n<p><img fetchpriority=\"high\" decoding=\"async\" class=\"alignnone size-medium wp-image-8354\" src=\"http:\/\/bitessiulai.lt\/wp-content\/uploads\/2025\/02\/k200630-3-300x300.webp\" alt=\"\" width=\"300\" height=\"300\" srcset=\"https:\/\/bitessiulai.lt\/wp-content\/uploads\/2025\/02\/k200630-3-300x300.webp 300w, https:\/\/bitessiulai.lt\/wp-content\/uploads\/2025\/02\/k200630-3-150x150.webp 150w, https:\/\/bitessiulai.lt\/wp-content\/uploads\/2025\/02\/k200630-3-12x12.webp 12w, https:\/\/bitessiulai.lt\/wp-content\/uploads\/2025\/02\/k200630-3-600x600.webp 600w, https:\/\/bitessiulai.lt\/wp-content\/uploads\/2025\/02\/k200630-3-96x96.webp 96w, https:\/\/bitessiulai.lt\/wp-content\/uploads\/2025\/02\/k200630-3.webp 700w\" sizes=\"(max-width: 300px) 100vw, 300px\" \/> <img decoding=\"async\" class=\"alignnone size-medium wp-image-8355\" src=\"http:\/\/bitessiulai.lt\/wp-content\/uploads\/2025\/02\/k200630-4-300x300.webp\" alt=\"\" width=\"300\" height=\"300\" srcset=\"https:\/\/bitessiulai.lt\/wp-content\/uploads\/2025\/02\/k200630-4-300x300.webp 300w, https:\/\/bitessiulai.lt\/wp-content\/uploads\/2025\/02\/k200630-4-150x150.webp 150w, https:\/\/bitessiulai.lt\/wp-content\/uploads\/2025\/02\/k200630-4-12x12.webp 12w, https:\/\/bitessiulai.lt\/wp-content\/uploads\/2025\/02\/k200630-4-600x600.webp 600w, https:\/\/bitessiulai.lt\/wp-content\/uploads\/2025\/02\/k200630-4-96x96.webp 96w, https:\/\/bitessiulai.lt\/wp-content\/uploads\/2025\/02\/k200630-4.webp 700w\" sizes=\"(max-width: 300px) 100vw, 300px\" \/><\/p>\n<p>*Ekr\u0101n\u0101 redzam\u0101s kr\u0101sas un faktisk\u0101 produkta kr\u0101sa var nedaudz at\u0161\u0137irties.<\/p>\n<\/div>","protected":false},"excerpt":{"rendered":"<p>KnitPro Dreamz Midi 13cm virbal\u0173 rinkinys \u2013 tai gra\u017ei mezgini\u0173 ir n\u0117rimo priemoni\u0173 serija i\u0161 ber\u017eo medienos, nuda\u017eyta ry\u0161kiomis spalvomis. Nat\u016brali med\u017eiaga jau\u010diasi \u0161velni ir nuostabiai \u0161ilta j\u016bs\u0173 rankose, yra lengva ir ypa\u010d tvirta. \u0160is universalus KnitPro Dreamz Midi kei\u010diam\u0173 apskrit\u0173 virbal\u0173 rinkinys tinka vis\u0173 r\u016b\u0161i\u0173 projektams. Virbalai turi palaipsniui siaur\u0117jan\u010dius antgalius, o tai garantuoja dygsnio rai\u0161k\u0105 kiekviename projekte. Be to, antgaliai leid\u017eia megzti neskaidant si\u016bl\u0173. Virbalai tinka vis\u0173 tip\u0173 si\u016blams. Naujovi\u0161kai sukurtas sujungimo ta\u0161kas u\u017etikrina skland\u0173 per\u0117jim\u0105 tarp mezgimo antgalio ir valo, kad si\u016blai neu\u017ekli\u016bt\u0173. \u0160io rinkinio KnitPro Dreamz kei\u010diami mezgimo antgaliai yra 13 cm ilgio. Virbalo dydis ai\u0161kiai pa\u017eym\u0117tas ant virbalo galiuk\u0173, o kiekvienas virbalo dydis turi savo spalv\u0105, tod\u0117l jas lengva atpa\u017einti. Ner\u016bdijan\u010dio plieno valai yra padengti nailono sluoksniu. D\u0117l to valas yra tvirtas, ta\u010diau jis vis tiek leid\u017eia virbalui lengvai slysti per si\u016bles. Swivel 360\u00b0 sistema leid\u017eia mezgimo virbal\u0173 galiukams laisvai suktis, o tai neleid\u017eia valui susisukti mezgimo metu. Val\u0173 galuose yra skyl\u0117, kuri tinka valo raktui, kuris naudojamas virbalo antgaliui pritvirtinti prie valo. Skyl\u0117s taip pat naudingos norint pritvirtinti gelb\u0117jimosi virv\u0119 prie mezginio, kad b\u016bt\u0173 galima saugiai nuimti darbel\u012f arba paimti i\u0161kritusias si\u016bles. \u201eKnitPro Dreamz\u201c kei\u010diam\u0173 adat\u0173 rinkin\u012f \u201eMidi\u201c sudaro \u0161ie elementai: 7 x poros kei\u010diam\u0173 virbal\u0173 13 cm ilgio, 3,00, 3,25, 3,50, 3,75, 4,00, 4,50 ir 5,00 mm 3 x juodi valai: 1 x 60 cm, 1 x 80 cm ir 1 x 100 cm 4 x virbal\u0173 galiukai 2 x raktai valui priver\u017eti 1 x jungtis valui KnitPro Dreamz Midi 13cm virbal\u0173 rinkinys supakuotas gra\u017eiame bordo spalvos audinio d\u0117kle. *Ekrane matomos spalvos ir tikroji prek\u0117s spalva gali \u0161iek tiek skirtis<\/p>","protected":false},"featured_media":8353,"comment_status":"open","ping_status":"closed","template":"","meta":[],"product_brand":[],"product_cat":[2440,180,181],"product_tag":[],"giftcard-category":[],"class_list":{"0":"post-8351","1":"product","2":"type-product","3":"status-publish","4":"has-post-thumbnail","6":"product_cat-knitpro","7":"product_cat-mezgimo-priemones","8":"product_cat-virbalu-rinkiniai","10":"first","11":"instock","12":"taxable","13":"shipping-taxable","14":"purchasable","15":"product-type-simple"},"_links":{"self":[{"href":"https:\/\/bitessiulai.lt\/lv\/wp-json\/wp\/v2\/product\/8351","targetHints":{"allow":["GET"]}}],"collection":[{"href":"https:\/\/bitessiulai.lt\/lv\/wp-json\/wp\/v2\/product"}],"about":[{"href":"https:\/\/bitessiulai.lt\/lv\/wp-json\/wp\/v2\/types\/product"}],"replies":[{"embeddable":true,"href":"https:\/\/bitessiulai.lt\/lv\/wp-json\/wp\/v2\/comments?post=8351"}],"version-history":[{"count":0,"href":"https:\/\/bitessiulai.lt\/lv\/wp-json\/wp\/v2\/product\/8351\/revisions"}],"wp:featuredmedia":[{"embeddable":true,"href":"https:\/\/bitessiulai.lt\/lv\/wp-json\/wp\/v2\/media\/8353"}],"wp:attachment":[{"href":"https:\/\/bitessiulai.lt\/lv\/wp-json\/wp\/v2\/media?parent=8351"}],"wp:term":[{"taxonomy":"product_brand","embeddable":true,"href":"https:\/\/bitessiulai.lt\/lv\/wp-json\/wp\/v2\/product_brand?post=8351"},{"taxonomy":"product_cat","embeddable":true,"href":"https:\/\/bitessiulai.lt\/lv\/wp-json\/wp\/v2\/product_cat?post=8351"},{"taxonomy":"product_tag","embeddable":true,"href":"https:\/\/bitessiulai.lt\/lv\/wp-json\/wp\/v2\/product_tag?post=8351"},{"taxonomy":"giftcard-category","embeddable":true,"href":"https:\/\/bitessiulai.lt\/lv\/wp-json\/wp\/v2\/giftcard-category?post=8351"}],"curies":[{"name":"wp","href":"https:\/\/api.w.org\/{rel}","templated":true}]}}