{"id":8249,"date":"2025-02-18T18:03:04","date_gmt":"2025-02-18T16:03:04","guid":{"rendered":"https:\/\/bitessiulai.lt\/?post_type=product&#038;p=8249"},"modified":"2026-04-10T19:10:40","modified_gmt":"2026-04-10T16:10:40","slug":"knitpro-zing-mezgimo-virbalai-su-valu-60cm-80cm-100cm","status":"publish","type":"product","link":"https:\/\/bitessiulai.lt\/lv\/products\/knitpro-zing-mezgimo-virbalai-su-valu-60cm-80cm-100cm\/","title":{"rendered":"KnitPro Zing ad\u0101madatas ar kabeli 40 cm, 60 cm, 80 cm, 100 cm, 120 cm."},"content":{"rendered":"<p>KnitPro Zing fiks\u0113ta garuma ap\u013cveida ad\u0101madatas ar vadu ir pieejamas da\u017e\u0101dos garumos un izm\u0113ros. Zing vadu adatas ir izgatavotas no augst\u0101k\u0101s kvalit\u0101tes viegl\u0101 alum\u012bnija, t\u0101s viegli sl\u012bd ar jebkura veida dziju, un to gali ir \u0113rti konusveida. Skaidri redzamie izm\u0113ri ir druk\u0101ti ar l\u0101zeru, t\u0101p\u0113c tie neizbal\u0113s pat p\u0113c ilgsto\u0161as lieto\u0161anas. Mazus un lielus projektus var viegli ad\u012bt, izmantojot da\u017e\u0101da garuma vadus. Vienm\u0113r\u012bgais savienojums nodro\u0161ina, ka nerodas aizsprostojumi vai citi trauc\u0113jumi.<\/p>\n<p><img fetchpriority=\"high\" decoding=\"async\" class=\"alignnone size-medium wp-image-8254\" src=\"http:\/\/bitessiulai.lt\/wp-content\/uploads\/2025\/02\/b694b78fc6e3f8d80e154df85d29fc02-300x300.jpg\" alt=\"\" width=\"300\" height=\"300\" srcset=\"https:\/\/bitessiulai.lt\/wp-content\/uploads\/2025\/02\/b694b78fc6e3f8d80e154df85d29fc02-300x300.jpg 300w, https:\/\/bitessiulai.lt\/wp-content\/uploads\/2025\/02\/b694b78fc6e3f8d80e154df85d29fc02-150x150.jpg 150w, https:\/\/bitessiulai.lt\/wp-content\/uploads\/2025\/02\/b694b78fc6e3f8d80e154df85d29fc02-12x12.jpg 12w, https:\/\/bitessiulai.lt\/wp-content\/uploads\/2025\/02\/b694b78fc6e3f8d80e154df85d29fc02-600x600.jpg 600w, https:\/\/bitessiulai.lt\/wp-content\/uploads\/2025\/02\/b694b78fc6e3f8d80e154df85d29fc02-96x96.jpg 96w, https:\/\/bitessiulai.lt\/wp-content\/uploads\/2025\/02\/b694b78fc6e3f8d80e154df85d29fc02.jpg 736w\" sizes=\"(max-width: 300px) 100vw, 300px\" \/> <img decoding=\"async\" class=\"alignnone size-medium wp-image-8256\" src=\"http:\/\/bitessiulai.lt\/wp-content\/uploads\/2025\/02\/K47166-300x300.webp\" alt=\"\" width=\"300\" height=\"300\" srcset=\"https:\/\/bitessiulai.lt\/wp-content\/uploads\/2025\/02\/K47166-300x300.webp 300w, https:\/\/bitessiulai.lt\/wp-content\/uploads\/2025\/02\/K47166-150x150.webp 150w, https:\/\/bitessiulai.lt\/wp-content\/uploads\/2025\/02\/K47166-768x768.webp 768w, https:\/\/bitessiulai.lt\/wp-content\/uploads\/2025\/02\/K47166-12x12.webp 12w, https:\/\/bitessiulai.lt\/wp-content\/uploads\/2025\/02\/K47166-600x600.webp 600w, https:\/\/bitessiulai.lt\/wp-content\/uploads\/2025\/02\/K47166-96x96.webp 96w, https:\/\/bitessiulai.lt\/wp-content\/uploads\/2025\/02\/K47166.webp 1000w\" sizes=\"(max-width: 300px) 100vw, 300px\" \/> <img decoding=\"async\" class=\"alignnone size-medium wp-image-8253\" src=\"http:\/\/bitessiulai.lt\/wp-content\/uploads\/2025\/02\/a7e330402c605a724b9b8cd20df24ba3-300x300.jpg\" alt=\"\" width=\"300\" height=\"300\" srcset=\"https:\/\/bitessiulai.lt\/wp-content\/uploads\/2025\/02\/a7e330402c605a724b9b8cd20df24ba3-300x300.jpg 300w, https:\/\/bitessiulai.lt\/wp-content\/uploads\/2025\/02\/a7e330402c605a724b9b8cd20df24ba3-150x150.jpg 150w, https:\/\/bitessiulai.lt\/wp-content\/uploads\/2025\/02\/a7e330402c605a724b9b8cd20df24ba3-12x12.jpg 12w, https:\/\/bitessiulai.lt\/wp-content\/uploads\/2025\/02\/a7e330402c605a724b9b8cd20df24ba3-600x600.jpg 600w, https:\/\/bitessiulai.lt\/wp-content\/uploads\/2025\/02\/a7e330402c605a724b9b8cd20df24ba3-96x96.jpg 96w, https:\/\/bitessiulai.lt\/wp-content\/uploads\/2025\/02\/a7e330402c605a724b9b8cd20df24ba3.jpg 736w\" sizes=\"(max-width: 300px) 100vw, 300px\" \/> <img loading=\"lazy\" decoding=\"async\" class=\"alignnone size-medium wp-image-8252\" src=\"http:\/\/bitessiulai.lt\/wp-content\/uploads\/2025\/02\/43f7b1cd8053358967e1ab3714fa9dca-300x300.jpg\" alt=\"\" width=\"300\" height=\"300\" srcset=\"https:\/\/bitessiulai.lt\/wp-content\/uploads\/2025\/02\/43f7b1cd8053358967e1ab3714fa9dca-300x300.jpg 300w, https:\/\/bitessiulai.lt\/wp-content\/uploads\/2025\/02\/43f7b1cd8053358967e1ab3714fa9dca-150x150.jpg 150w, https:\/\/bitessiulai.lt\/wp-content\/uploads\/2025\/02\/43f7b1cd8053358967e1ab3714fa9dca-12x12.jpg 12w, https:\/\/bitessiulai.lt\/wp-content\/uploads\/2025\/02\/43f7b1cd8053358967e1ab3714fa9dca-600x600.jpg 600w, https:\/\/bitessiulai.lt\/wp-content\/uploads\/2025\/02\/43f7b1cd8053358967e1ab3714fa9dca-96x96.jpg 96w, https:\/\/bitessiulai.lt\/wp-content\/uploads\/2025\/02\/43f7b1cd8053358967e1ab3714fa9dca.jpg 736w\" sizes=\"(max-width: 300px) 100vw, 300px\" \/><\/p>\n<p>*Ekr\u0101n\u0101 redzam\u0101s kr\u0101sas un pre\u010du faktisk\u0101 kr\u0101sa var nedaudz at\u0161\u0137irties.<\/p>","protected":false},"excerpt":{"rendered":"<p>Fiksuoto ilgio apval\u016bs KnitPro Zing mezgimo virbalai su valu yra \u012fvairaus ilgio ir dyd\u017ei\u0173. Zing valiniai virbalai pagaminti i\u0161 auk\u0161\u010diausios kokyb\u0117s lengvo aliuminio, jais lengvai slysta bet kurio tipo si\u016blas, galiukai patogiai nusmailinti. Ai\u0161kiai matomi dyd\u017eiai yra atspausdinti lazeriu, tod\u0117l nenunisitrins net ir po ilgo naudojimo. Ma\u017ei ir dideli projektai yra lengvai mezgami naudojant \u012fvairius kabeli\u0173 ilgius. Sklandus sujungimas u\u017etikrina, kad neb\u016bt\u0173 u\u017esikim\u0161imo ar kit\u0173 trikd\u017ei\u0173. *Ekrane matomos spalvos ir tikroji preki\u0173 spalva gali \u0161iek tiek skirtis.<\/p>","protected":false},"featured_media":8253,"comment_status":"open","ping_status":"closed","template":"","meta":[],"product_brand":[],"product_cat":[2440,180,183],"product_tag":[],"giftcard-category":[],"class_list":{"0":"post-8249","1":"product","2":"type-product","3":"status-publish","4":"has-post-thumbnail","6":"product_cat-knitpro","7":"product_cat-mezgimo-priemones","8":"product_cat-virbalai-su-valu","10":"first","11":"instock","12":"taxable","13":"shipping-taxable","14":"purchasable","15":"product-type-variable"},"_links":{"self":[{"href":"https:\/\/bitessiulai.lt\/lv\/wp-json\/wp\/v2\/product\/8249","targetHints":{"allow":["GET"]}}],"collection":[{"href":"https:\/\/bitessiulai.lt\/lv\/wp-json\/wp\/v2\/product"}],"about":[{"href":"https:\/\/bitessiulai.lt\/lv\/wp-json\/wp\/v2\/types\/product"}],"replies":[{"embeddable":true,"href":"https:\/\/bitessiulai.lt\/lv\/wp-json\/wp\/v2\/comments?post=8249"}],"version-history":[{"count":2,"href":"https:\/\/bitessiulai.lt\/lv\/wp-json\/wp\/v2\/product\/8249\/revisions"}],"predecessor-version":[{"id":23343,"href":"https:\/\/bitessiulai.lt\/lv\/wp-json\/wp\/v2\/product\/8249\/revisions\/23343"}],"wp:featuredmedia":[{"embeddable":true,"href":"https:\/\/bitessiulai.lt\/lv\/wp-json\/wp\/v2\/media\/8253"}],"wp:attachment":[{"href":"https:\/\/bitessiulai.lt\/lv\/wp-json\/wp\/v2\/media?parent=8249"}],"wp:term":[{"taxonomy":"product_brand","embeddable":true,"href":"https:\/\/bitessiulai.lt\/lv\/wp-json\/wp\/v2\/product_brand?post=8249"},{"taxonomy":"product_cat","embeddable":true,"href":"https:\/\/bitessiulai.lt\/lv\/wp-json\/wp\/v2\/product_cat?post=8249"},{"taxonomy":"product_tag","embeddable":true,"href":"https:\/\/bitessiulai.lt\/lv\/wp-json\/wp\/v2\/product_tag?post=8249"},{"taxonomy":"giftcard-category","embeddable":true,"href":"https:\/\/bitessiulai.lt\/lv\/wp-json\/wp\/v2\/giftcard-category?post=8249"}],"curies":[{"name":"wp","href":"https:\/\/api.w.org\/{rel}","templated":true}]}}