{"id":8055,"date":"2025-02-16T10:50:18","date_gmt":"2025-02-16T08:50:18","guid":{"rendered":"https:\/\/bitessiulai.lt\/?post_type=product&#038;p=8055"},"modified":"2026-03-24T08:39:44","modified_gmt":"2026-03-24T06:39:44","slug":"lanoso-alara-special","status":"publish","type":"product","link":"https:\/\/bitessiulai.lt\/lv\/products\/lanoso-alara-special\/","title":{"rendered":"Lanos Alara Special"},"content":{"rendered":"<p>Lanoso Alara Special ir kokvilnas un akrila kombin\u0101cija. Kr\u0101su gamma \u013caus jums izv\u0113l\u0113ties v\u0113lam\u0101s kombin\u0101cijas un \u012bstenot savus projektus.<\/p>\n<p>&nbsp;<\/p>\n<p>*Ekr\u0101n\u0101 redzam\u0101s kr\u0101sas var nedaudz at\u0161\u0137irties no faktisk\u0101s diegu kr\u0101sas.<\/p>","protected":false},"excerpt":{"rendered":"<p>Sast\u0101vs: 50% kokvilna, 50% akrils<\/p>\n<p>Svars\/garums: 50 g = aptuveni 140 m.<\/p>\n<p>Ieteicamais adatu izm\u0113rs: 4 mm.<\/p>","protected":false},"featured_media":8056,"comment_status":"open","ping_status":"closed","template":"","meta":[],"product_brand":[],"product_cat":[326,3271,1725,652,177,173,174,175],"product_tag":[],"giftcard-category":[],"class_list":{"0":"post-8055","1":"product","2":"type-product","3":"status-publish","4":"has-post-thumbnail","6":"product_cat-akrilas","7":"product_cat-alara-special","8":"product_cat-lanoso","9":"product_cat-medvilne","10":"product_cat-mezgimo-siulai","11":"product_cat-siulai","12":"product_cat-siulu-gamintojai","13":"product_cat-siulu-pluostai","15":"first","16":"instock","17":"taxable","18":"shipping-taxable","19":"purchasable","20":"product-type-variable"},"_links":{"self":[{"href":"https:\/\/bitessiulai.lt\/lv\/wp-json\/wp\/v2\/product\/8055","targetHints":{"allow":["GET"]}}],"collection":[{"href":"https:\/\/bitessiulai.lt\/lv\/wp-json\/wp\/v2\/product"}],"about":[{"href":"https:\/\/bitessiulai.lt\/lv\/wp-json\/wp\/v2\/types\/product"}],"replies":[{"embeddable":true,"href":"https:\/\/bitessiulai.lt\/lv\/wp-json\/wp\/v2\/comments?post=8055"}],"version-history":[{"count":0,"href":"https:\/\/bitessiulai.lt\/lv\/wp-json\/wp\/v2\/product\/8055\/revisions"}],"wp:featuredmedia":[{"embeddable":true,"href":"https:\/\/bitessiulai.lt\/lv\/wp-json\/wp\/v2\/media\/8056"}],"wp:attachment":[{"href":"https:\/\/bitessiulai.lt\/lv\/wp-json\/wp\/v2\/media?parent=8055"}],"wp:term":[{"taxonomy":"product_brand","embeddable":true,"href":"https:\/\/bitessiulai.lt\/lv\/wp-json\/wp\/v2\/product_brand?post=8055"},{"taxonomy":"product_cat","embeddable":true,"href":"https:\/\/bitessiulai.lt\/lv\/wp-json\/wp\/v2\/product_cat?post=8055"},{"taxonomy":"product_tag","embeddable":true,"href":"https:\/\/bitessiulai.lt\/lv\/wp-json\/wp\/v2\/product_tag?post=8055"},{"taxonomy":"giftcard-category","embeddable":true,"href":"https:\/\/bitessiulai.lt\/lv\/wp-json\/wp\/v2\/giftcard-category?post=8055"}],"curies":[{"name":"wp","href":"https:\/\/api.w.org\/{rel}","templated":true}]}}