{"id":7954,"date":"2025-02-15T19:04:06","date_gmt":"2025-02-15T17:04:06","guid":{"rendered":"https:\/\/bitessiulai.lt\/?post_type=product&#038;p=7954"},"modified":"2025-04-28T14:06:25","modified_gmt":"2025-04-28T11:06:25","slug":"knitpro-zing-single-25cm-virbalu-rinkinys","status":"publish","type":"product","link":"https:\/\/bitessiulai.lt\/lv\/products\/knitpro-zing-single-25cm-virbalu-rinkinys\/","title":{"rendered":"KnitPro Zing viengabala 25 cm ad\u0101madatu komplekts"},"content":{"rendered":"<p><strong>KnitPro Zing viengabala 25 cm ad\u0101madatu komplekts<\/strong> \u2013 ad\u0101madatu komplekt\u0101 iek\u013caut\u0101s vienvirziena adatas ir izgatavotas no iztur\u012bga un viegla alum\u012bnija. Ar asajiem un pak\u0101peniski konusveida sudrabainajiem galiem \u0161\u012bs adatas ir ide\u0101li piem\u0113rotas visiem ad\u012b\u0161anas projektiem. Adatas ir \u0113rti tur\u0113t, un glud\u0101 virsma \u013cauj \u0101tri un vienm\u0113r\u012bgi ad\u012bt. Turkl\u0101t katram izm\u0113ram ir at\u0161\u0137ir\u012bga kr\u0101sa, kas atvieglo da\u017e\u0101do izm\u0113ru identific\u0113\u0161anu.<\/p>\n<p><strong>\u0160is komplekts sast\u0101v no:<\/strong><\/p>\n<ul>\n<li>11 p\u0101ri vienvirziena adatu 25 cm garum\u0101 (3,00, 3,25, 3,50, 3,75, 4,00, 4,50, 5,00, 5,50, 6,00, 6,50 un 8,00 mm)<\/li>\n<li>Adatu komplekts ir iepakots skaist\u0101 roz\u0101 auduma maisi\u0146\u0101 ar r\u0101v\u0113jsl\u0113dz\u0113ju.<\/li>\n<\/ul>\n<p><img fetchpriority=\"high\" decoding=\"async\" class=\"alignnone size-medium wp-image-7957\" src=\"https:\/\/bitessiulai.lt\/wp-content\/uploads\/2025\/02\/k47440-2_1-300x300.webp\" alt=\"\" width=\"300\" height=\"300\" srcset=\"https:\/\/bitessiulai.lt\/wp-content\/uploads\/2025\/02\/k47440-2_1-300x300.webp 300w, https:\/\/bitessiulai.lt\/wp-content\/uploads\/2025\/02\/k47440-2_1-150x150.webp 150w, https:\/\/bitessiulai.lt\/wp-content\/uploads\/2025\/02\/k47440-2_1-12x12.webp 12w, https:\/\/bitessiulai.lt\/wp-content\/uploads\/2025\/02\/k47440-2_1-600x600.webp 600w, https:\/\/bitessiulai.lt\/wp-content\/uploads\/2025\/02\/k47440-2_1-96x96.webp 96w, https:\/\/bitessiulai.lt\/wp-content\/uploads\/2025\/02\/k47440-2_1.webp 700w\" sizes=\"(max-width: 300px) 100vw, 300px\" \/> <img decoding=\"async\" class=\"alignnone size-medium wp-image-7958\" src=\"https:\/\/bitessiulai.lt\/wp-content\/uploads\/2025\/02\/k47440-6-300x300.webp\" alt=\"\" width=\"300\" height=\"300\" srcset=\"https:\/\/bitessiulai.lt\/wp-content\/uploads\/2025\/02\/k47440-6-300x300.webp 300w, https:\/\/bitessiulai.lt\/wp-content\/uploads\/2025\/02\/k47440-6-150x150.webp 150w, https:\/\/bitessiulai.lt\/wp-content\/uploads\/2025\/02\/k47440-6-12x12.webp 12w, https:\/\/bitessiulai.lt\/wp-content\/uploads\/2025\/02\/k47440-6-600x600.webp 600w, https:\/\/bitessiulai.lt\/wp-content\/uploads\/2025\/02\/k47440-6-96x96.webp 96w, https:\/\/bitessiulai.lt\/wp-content\/uploads\/2025\/02\/k47440-6.webp 700w\" sizes=\"(max-width: 300px) 100vw, 300px\" \/> <img decoding=\"async\" class=\"alignnone size-medium wp-image-7959\" src=\"https:\/\/bitessiulai.lt\/wp-content\/uploads\/2025\/02\/k47440-5-300x300.webp\" alt=\"\" width=\"300\" height=\"300\" srcset=\"https:\/\/bitessiulai.lt\/wp-content\/uploads\/2025\/02\/k47440-5-300x300.webp 300w, https:\/\/bitessiulai.lt\/wp-content\/uploads\/2025\/02\/k47440-5-150x150.webp 150w, https:\/\/bitessiulai.lt\/wp-content\/uploads\/2025\/02\/k47440-5-12x12.webp 12w, https:\/\/bitessiulai.lt\/wp-content\/uploads\/2025\/02\/k47440-5-600x600.webp 600w, https:\/\/bitessiulai.lt\/wp-content\/uploads\/2025\/02\/k47440-5-96x96.webp 96w, https:\/\/bitessiulai.lt\/wp-content\/uploads\/2025\/02\/k47440-5.webp 700w\" sizes=\"(max-width: 300px) 100vw, 300px\" \/><\/p>\n<p>*Ekr\u0101n\u0101 redzam\u0101s kr\u0101sas var nedaudz at\u0161\u0137irties no faktisk\u0101s diegu kr\u0101sas.<\/p>","protected":false},"excerpt":{"rendered":"<p>KnitPro Zing single 25cm virbal\u0173 rinkinys &#8211; virbal\u0173 rinkinio vienasmailiai virbalai pagaminti i\u0161 patvaraus ir lengvo aliuminio. D\u0117l a\u0161tri\u0173 ir palaipsniui siaur\u0117jan\u010di\u0173 sidabrini\u0173 galiuk\u0173 \u0161ie virbalai puikiai tinka visiems mezgimo projektams. Virbalus patogu laikyti, o pavir\u0161ius lygus, tod\u0117l galima greitai ir skland\u017eiai megzti. Be to, kiekvienas dydis turi skirting\u0105 spalv\u0105, tod\u0117l lengva atpa\u017einti skirtingus dyd\u017eius. \u0160\u012f rinkin\u012f sudaro: 11 por\u0173 vienasmaili\u0173 virbal\u0173 25 cm ilgio (3.00, 3.25, 3.50, 3.75, 4.00, 4.50, 5.00, 5.50, 6.00, 6.50 ir 8.00 mm) Virbal\u0173 rinkinys yra gra\u017eiame rausvos spalvos audinio mai\u0161elyje su u\u017etrauktuku. *Ekrane matomos spalvos gali \u0161iek tiek skirtis nuo tikrosios si\u016bl\u0173 spalvos.<\/p>","protected":false},"featured_media":7955,"comment_status":"open","ping_status":"closed","template":"","meta":[],"product_brand":[],"product_cat":[2440,180,181],"product_tag":[],"giftcard-category":[],"class_list":{"0":"post-7954","1":"product","2":"type-product","3":"status-publish","4":"has-post-thumbnail","6":"product_cat-knitpro","7":"product_cat-mezgimo-priemones","8":"product_cat-virbalu-rinkiniai","10":"first","11":"instock","12":"taxable","13":"shipping-taxable","14":"purchasable","15":"product-type-simple"},"_links":{"self":[{"href":"https:\/\/bitessiulai.lt\/lv\/wp-json\/wp\/v2\/product\/7954","targetHints":{"allow":["GET"]}}],"collection":[{"href":"https:\/\/bitessiulai.lt\/lv\/wp-json\/wp\/v2\/product"}],"about":[{"href":"https:\/\/bitessiulai.lt\/lv\/wp-json\/wp\/v2\/types\/product"}],"replies":[{"embeddable":true,"href":"https:\/\/bitessiulai.lt\/lv\/wp-json\/wp\/v2\/comments?post=7954"}],"version-history":[{"count":0,"href":"https:\/\/bitessiulai.lt\/lv\/wp-json\/wp\/v2\/product\/7954\/revisions"}],"wp:featuredmedia":[{"embeddable":true,"href":"https:\/\/bitessiulai.lt\/lv\/wp-json\/wp\/v2\/media\/7955"}],"wp:attachment":[{"href":"https:\/\/bitessiulai.lt\/lv\/wp-json\/wp\/v2\/media?parent=7954"}],"wp:term":[{"taxonomy":"product_brand","embeddable":true,"href":"https:\/\/bitessiulai.lt\/lv\/wp-json\/wp\/v2\/product_brand?post=7954"},{"taxonomy":"product_cat","embeddable":true,"href":"https:\/\/bitessiulai.lt\/lv\/wp-json\/wp\/v2\/product_cat?post=7954"},{"taxonomy":"product_tag","embeddable":true,"href":"https:\/\/bitessiulai.lt\/lv\/wp-json\/wp\/v2\/product_tag?post=7954"},{"taxonomy":"giftcard-category","embeddable":true,"href":"https:\/\/bitessiulai.lt\/lv\/wp-json\/wp\/v2\/giftcard-category?post=7954"}],"curies":[{"name":"wp","href":"https:\/\/api.w.org\/{rel}","templated":true}]}}