{"id":7824,"date":"2025-02-15T17:38:52","date_gmt":"2025-02-15T15:38:52","guid":{"rendered":"https:\/\/bitessiulai.lt\/?post_type=product&#038;p=7824"},"modified":"2026-04-17T10:50:09","modified_gmt":"2026-04-17T07:50:09","slug":"stenli-candy-opal","status":"publish","type":"product","link":"https:\/\/bitessiulai.lt\/lv\/products\/stenli-candy-opal\/","title":{"rendered":"Stanley Candy Opal"},"content":{"rendered":"<p>Stanley Candy Opal - salds prieks no dab\u012bgas kokvilnas maiguma, p\u0101rkais\u012bts ar smalkiem op\u0101la lureksa mirdzumiem, entuziastiski v\u0113rpjoties spilgti saldu kr\u0101su sp\u0113l\u0113, kas gludi sapl\u016bst viena ar otru. Viena dzijas spole ir pietiekama sievie\u0161u bl\u016bzei, smalkai vestei vai d\u017eemperim, vasaras sv\u0101rkiem. Iegremd\u0113jieties t\u012br\u0101 priek\u0101, str\u0101d\u0101jot ar izcil\u0101m, smalk\u0101m dzij\u0101m un kr\u0101sainu daudzveid\u012bbu.<\/p>\n<p><img fetchpriority=\"high\" decoding=\"async\" class=\"alignnone size-medium wp-image-7827\" src=\"https:\/\/bitessiulai.lt\/wp-content\/uploads\/2025\/02\/candy-opal-500x500-1-300x300.jpg\" alt=\"\" width=\"300\" height=\"300\" srcset=\"https:\/\/bitessiulai.lt\/wp-content\/uploads\/2025\/02\/candy-opal-500x500-1-300x300.jpg 300w, https:\/\/bitessiulai.lt\/wp-content\/uploads\/2025\/02\/candy-opal-500x500-1-150x150.jpg 150w, https:\/\/bitessiulai.lt\/wp-content\/uploads\/2025\/02\/candy-opal-500x500-1-12x12.jpg 12w, https:\/\/bitessiulai.lt\/wp-content\/uploads\/2025\/02\/candy-opal-500x500-1-96x96.jpg 96w, https:\/\/bitessiulai.lt\/wp-content\/uploads\/2025\/02\/candy-opal-500x500-1.jpg 500w\" sizes=\"(max-width: 300px) 100vw, 300px\" \/><\/p>\n<p>*Ekr\u0101n\u0101 redzam\u0101s kr\u0101sas var nedaudz at\u0161\u0137irties no faktisk\u0101s diegu kr\u0101sas.<\/p>","protected":false},"excerpt":{"rendered":"<p>Sast\u0101vs: 85% kokvilna, 15% lurekss<\/p>\n<p>Svars\/garums: 300 g = aptuveni 900 m.<\/p>\n<p>Ieteicamais adatu izm\u0113rs: 3,5\u20135,5 mm.<\/p>\n<p>Ieteicamais adatu izm\u0113rs: 2\u20132,5 mm.<\/p>","protected":false},"featured_media":7825,"comment_status":"open","ping_status":"closed","template":"","meta":[],"product_brand":[],"product_cat":[3556,1703,652,177,178,173,174,175,1641],"product_tag":[],"giftcard-category":[],"class_list":{"0":"post-7824","1":"product","2":"type-product","3":"status-publish","4":"has-post-thumbnail","6":"product_cat-candy-opal-stenli","7":"product_cat-liureksas","8":"product_cat-medvilne","9":"product_cat-mezgimo-siulai","10":"product_cat-nerimo-siulai","11":"product_cat-siulai","12":"product_cat-siulu-gamintojai","13":"product_cat-siulu-pluostai","14":"product_cat-stenli","16":"first","17":"instock","18":"taxable","19":"shipping-taxable","20":"purchasable","21":"product-type-variable"},"_links":{"self":[{"href":"https:\/\/bitessiulai.lt\/lv\/wp-json\/wp\/v2\/product\/7824","targetHints":{"allow":["GET"]}}],"collection":[{"href":"https:\/\/bitessiulai.lt\/lv\/wp-json\/wp\/v2\/product"}],"about":[{"href":"https:\/\/bitessiulai.lt\/lv\/wp-json\/wp\/v2\/types\/product"}],"replies":[{"embeddable":true,"href":"https:\/\/bitessiulai.lt\/lv\/wp-json\/wp\/v2\/comments?post=7824"}],"version-history":[{"count":0,"href":"https:\/\/bitessiulai.lt\/lv\/wp-json\/wp\/v2\/product\/7824\/revisions"}],"wp:featuredmedia":[{"embeddable":true,"href":"https:\/\/bitessiulai.lt\/lv\/wp-json\/wp\/v2\/media\/7825"}],"wp:attachment":[{"href":"https:\/\/bitessiulai.lt\/lv\/wp-json\/wp\/v2\/media?parent=7824"}],"wp:term":[{"taxonomy":"product_brand","embeddable":true,"href":"https:\/\/bitessiulai.lt\/lv\/wp-json\/wp\/v2\/product_brand?post=7824"},{"taxonomy":"product_cat","embeddable":true,"href":"https:\/\/bitessiulai.lt\/lv\/wp-json\/wp\/v2\/product_cat?post=7824"},{"taxonomy":"product_tag","embeddable":true,"href":"https:\/\/bitessiulai.lt\/lv\/wp-json\/wp\/v2\/product_tag?post=7824"},{"taxonomy":"giftcard-category","embeddable":true,"href":"https:\/\/bitessiulai.lt\/lv\/wp-json\/wp\/v2\/giftcard-category?post=7824"}],"curies":[{"name":"wp","href":"https:\/\/api.w.org\/{rel}","templated":true}]}}