{"id":7537,"date":"2025-02-13T15:43:20","date_gmt":"2025-02-13T13:43:20","guid":{"rendered":"https:\/\/bitessiulai.lt\/?post_type=product&#038;p=7537"},"modified":"2025-10-21T13:08:42","modified_gmt":"2025-10-21T10:08:42","slug":"zirkles-gerve","status":"publish","type":"product","link":"https:\/\/bitessiulai.lt\/lv\/products\/zirkles-gerve\/","title":{"rendered":"\u0160\u0137\u0113ru vin\u010da"},"content":{"rendered":"<p><strong> \u0160\u0137\u0113ru vin\u010da<\/strong> ir oblig\u0101ta lieta j\u016bsu somi\u0146\u0101. \u0160im klasiskajam \u0161\u0137\u0113ru modelim ir \u013coti asi asme\u0146i, un, pateicoties t\u0101 smalkajam galam, tas ir lieliski piem\u0113rots diegu grie\u0161anai. Tom\u0113r tas ir noder\u012bgs ar\u012b parastai \u0161\u016b\u0161anai, piem\u0113ram, prec\u012bzai auduma malu grie\u0161anai vai apgrie\u0161anai, v\u012b\u013cu atv\u0113r\u0161anai un pogcaurumu izgrie\u0161anai. 11,5 cm gar\u0101s \u0161\u0137\u0113res viegli ievietojas ce\u013cojumu somi\u0146\u0101, t\u0101p\u0113c t\u0101s ir \u0113rti \u0146emt l\u012bdzi ce\u013c\u0101. Pieejamas da\u017e\u0101d\u0101s skaist\u0101s (met\u0101lisk\u0101s) kr\u0101s\u0101s.<\/p>","protected":false},"excerpt":{"rendered":"<p>\u017dirkl\u0117s Gerv\u0117 yra b\u016btinas dalykas J\u016bs\u0173 krep\u0161elyje. \u0160is klasikinis \u017eirkli\u0173 modelis turi labai a\u0161trius peiliukus ir d\u0117l smulkaus galiuko puikiai tinka kirpti si\u016blus. Ta\u010diau jis taip pat naudingas \u012fprastam siuvimui, pavyzd\u017eiui, norint tiksliai i\u0161kirpti ar i\u0161kirpti audinio kra\u0161tus, atpl\u0117\u0161ti si\u016bles ir i\u0161kirpti sag\u0173 skylutes. 11,5 cm ilgio \u017eirkl\u0117s lengvai telpa kelionin\u0117je d\u0117\u017e\u0117je, tod\u0117l jas lengva pasiimti su savimi keliaujant. Galimos \u012fvairios gra\u017eios (metalin\u0117s) spalvos.<\/p>","protected":false},"featured_media":7544,"comment_status":"open","ping_status":"closed","template":"","meta":[],"product_brand":[],"product_cat":[192,215],"product_tag":[],"giftcard-category":[],"class_list":{"0":"post-7537","1":"product","2":"type-product","3":"status-publish","4":"has-post-thumbnail","6":"product_cat-priedai-mezgimui","7":"product_cat-zirkles","9":"first","10":"instock","11":"taxable","12":"shipping-taxable","13":"purchasable","14":"product-type-variable"},"_links":{"self":[{"href":"https:\/\/bitessiulai.lt\/lv\/wp-json\/wp\/v2\/product\/7537","targetHints":{"allow":["GET"]}}],"collection":[{"href":"https:\/\/bitessiulai.lt\/lv\/wp-json\/wp\/v2\/product"}],"about":[{"href":"https:\/\/bitessiulai.lt\/lv\/wp-json\/wp\/v2\/types\/product"}],"replies":[{"embeddable":true,"href":"https:\/\/bitessiulai.lt\/lv\/wp-json\/wp\/v2\/comments?post=7537"}],"version-history":[{"count":0,"href":"https:\/\/bitessiulai.lt\/lv\/wp-json\/wp\/v2\/product\/7537\/revisions"}],"wp:featuredmedia":[{"embeddable":true,"href":"https:\/\/bitessiulai.lt\/lv\/wp-json\/wp\/v2\/media\/7544"}],"wp:attachment":[{"href":"https:\/\/bitessiulai.lt\/lv\/wp-json\/wp\/v2\/media?parent=7537"}],"wp:term":[{"taxonomy":"product_brand","embeddable":true,"href":"https:\/\/bitessiulai.lt\/lv\/wp-json\/wp\/v2\/product_brand?post=7537"},{"taxonomy":"product_cat","embeddable":true,"href":"https:\/\/bitessiulai.lt\/lv\/wp-json\/wp\/v2\/product_cat?post=7537"},{"taxonomy":"product_tag","embeddable":true,"href":"https:\/\/bitessiulai.lt\/lv\/wp-json\/wp\/v2\/product_tag?post=7537"},{"taxonomy":"giftcard-category","embeddable":true,"href":"https:\/\/bitessiulai.lt\/lv\/wp-json\/wp\/v2\/giftcard-category?post=7537"}],"curies":[{"name":"wp","href":"https:\/\/api.w.org\/{rel}","templated":true}]}}