{"id":7468,"date":"2025-02-13T13:44:14","date_gmt":"2025-02-13T11:44:14","guid":{"rendered":"https:\/\/bitessiulai.lt\/?post_type=product&#038;p=7468"},"modified":"2026-04-13T11:04:23","modified_gmt":"2026-04-13T08:04:23","slug":"opry-dygsnio-zymekliai","status":"publish","type":"product","link":"https:\/\/bitessiulai.lt\/lv\/products\/opry-dygsnio-zymekliai\/","title":{"rendered":"Opry d\u016brienu mar\u0137ieri"},"content":{"rendered":"<p><span style=\"letter-spacing: 0px;\"><strong>Opry d\u016brienu mar\u0137ieri<\/strong> ir \u013coti noder\u012bgi ad\u012b\u0161anas un tambor\u0113\u0161anas r\u012bki. Tos izmanto, lai nor\u0101d\u012btu jaunas rindas s\u0101kumu vai noteiktus punktus rakst\u0101. Mar\u0137ierus var ievietot izstr\u0101d\u0101jum\u0101 un aizv\u0113rt, lai tie paliktu sav\u0101 viet\u0101, ta\u010du tie var kalpot ar\u012b k\u0101 gredzenu mar\u0137ieri. Tie ir izgatavoti no plastmasas. Vien\u0101 iepakojum\u0101 ir 20 valdzi\u0146u mar\u0137ieri da\u017e\u0101d\u0101s ko\u0161\u0101s kr\u0101s\u0101s.\u00a0<\/span><\/p>\n<p><img fetchpriority=\"high\" decoding=\"async\" class=\"alignnone size-medium wp-image-7471\" src=\"https:\/\/bitessiulai.lt\/wp-content\/uploads\/2025\/02\/0024-23606_1-300x300.webp\" alt=\"\" width=\"300\" height=\"300\" srcset=\"https:\/\/bitessiulai.lt\/wp-content\/uploads\/2025\/02\/0024-23606_1-300x300.webp 300w, https:\/\/bitessiulai.lt\/wp-content\/uploads\/2025\/02\/0024-23606_1-150x150.webp 150w, https:\/\/bitessiulai.lt\/wp-content\/uploads\/2025\/02\/0024-23606_1-12x12.webp 12w, https:\/\/bitessiulai.lt\/wp-content\/uploads\/2025\/02\/0024-23606_1-600x600.webp 600w, https:\/\/bitessiulai.lt\/wp-content\/uploads\/2025\/02\/0024-23606_1-96x96.webp 96w, https:\/\/bitessiulai.lt\/wp-content\/uploads\/2025\/02\/0024-23606_1.webp 700w\" sizes=\"(max-width: 300px) 100vw, 300px\" \/> <img decoding=\"async\" class=\"alignnone size-medium wp-image-7472\" src=\"https:\/\/bitessiulai.lt\/wp-content\/uploads\/2025\/02\/23606-0024_1-300x300.webp\" alt=\"\" width=\"300\" height=\"300\" srcset=\"https:\/\/bitessiulai.lt\/wp-content\/uploads\/2025\/02\/23606-0024_1-300x300.webp 300w, https:\/\/bitessiulai.lt\/wp-content\/uploads\/2025\/02\/23606-0024_1-150x150.webp 150w, https:\/\/bitessiulai.lt\/wp-content\/uploads\/2025\/02\/23606-0024_1-12x12.webp 12w, https:\/\/bitessiulai.lt\/wp-content\/uploads\/2025\/02\/23606-0024_1-600x600.webp 600w, https:\/\/bitessiulai.lt\/wp-content\/uploads\/2025\/02\/23606-0024_1-96x96.webp 96w, https:\/\/bitessiulai.lt\/wp-content\/uploads\/2025\/02\/23606-0024_1.webp 700w\" sizes=\"(max-width: 300px) 100vw, 300px\" \/><\/p>\n<p>*Ekr\u0101n\u0101 redzam\u0101s kr\u0101sas var nedaudz at\u0161\u0137irties no faktiskaj\u0101m kr\u0101s\u0101m.<\/p>\n<p>&nbsp;<\/p>","protected":false},"excerpt":{"rendered":"<p>Opry dygsnio \u017eymekliai yra labai naudingi mezgimo ir n\u0117rimo \u012frankiai. Jie naudojami nurodyti naujos eilut\u0117s prad\u017ei\u0105 arba tam tikrus modelio ta\u0161kus. \u017dymeklius galima \u012fki\u0161ti \u012f k\u016brin\u012f ir u\u017edaryti, kad jie likt\u0173 vietoje, ta\u010diau jie taip pat gali veikti kaip \u017eiedinis \u017eymeklis. Jie pagaminti i\u0161 plastiko. Vienoje pakuot\u0117je yra 20 \u012fvairi\u0173 ry\u0161ki\u0173 spalv\u0173 dygsnio \u017eymekli\u0173.\u00a0 *Ekrane matomos spalvos gali \u0161iek tiek skirtis nuo tikrosios spalvos. &nbsp;<\/p>","protected":false},"featured_media":7469,"comment_status":"open","ping_status":"closed","template":"","meta":[],"product_brand":[],"product_cat":[194,192],"product_tag":[],"giftcard-category":[],"class_list":{"0":"post-7468","1":"product","2":"type-product","3":"status-publish","4":"has-post-thumbnail","6":"product_cat-akiu-zymekliai","7":"product_cat-priedai-mezgimui","9":"first","10":"instock","11":"taxable","12":"shipping-taxable","13":"purchasable","14":"product-type-simple"},"_links":{"self":[{"href":"https:\/\/bitessiulai.lt\/lv\/wp-json\/wp\/v2\/product\/7468","targetHints":{"allow":["GET"]}}],"collection":[{"href":"https:\/\/bitessiulai.lt\/lv\/wp-json\/wp\/v2\/product"}],"about":[{"href":"https:\/\/bitessiulai.lt\/lv\/wp-json\/wp\/v2\/types\/product"}],"replies":[{"embeddable":true,"href":"https:\/\/bitessiulai.lt\/lv\/wp-json\/wp\/v2\/comments?post=7468"}],"version-history":[{"count":1,"href":"https:\/\/bitessiulai.lt\/lv\/wp-json\/wp\/v2\/product\/7468\/revisions"}],"predecessor-version":[{"id":21032,"href":"https:\/\/bitessiulai.lt\/lv\/wp-json\/wp\/v2\/product\/7468\/revisions\/21032"}],"wp:featuredmedia":[{"embeddable":true,"href":"https:\/\/bitessiulai.lt\/lv\/wp-json\/wp\/v2\/media\/7469"}],"wp:attachment":[{"href":"https:\/\/bitessiulai.lt\/lv\/wp-json\/wp\/v2\/media?parent=7468"}],"wp:term":[{"taxonomy":"product_brand","embeddable":true,"href":"https:\/\/bitessiulai.lt\/lv\/wp-json\/wp\/v2\/product_brand?post=7468"},{"taxonomy":"product_cat","embeddable":true,"href":"https:\/\/bitessiulai.lt\/lv\/wp-json\/wp\/v2\/product_cat?post=7468"},{"taxonomy":"product_tag","embeddable":true,"href":"https:\/\/bitessiulai.lt\/lv\/wp-json\/wp\/v2\/product_tag?post=7468"},{"taxonomy":"giftcard-category","embeddable":true,"href":"https:\/\/bitessiulai.lt\/lv\/wp-json\/wp\/v2\/giftcard-category?post=7468"}],"curies":[{"name":"wp","href":"https:\/\/api.w.org\/{rel}","templated":true}]}}