{"id":7327,"date":"2025-02-12T15:19:50","date_gmt":"2025-02-12T13:19:50","guid":{"rendered":"https:\/\/bitessiulai.lt\/?post_type=product&#038;p=7327"},"modified":"2025-04-28T14:01:21","modified_gmt":"2025-04-28T11:01:21","slug":"15-cm-koshitsu-curve-premier-set-seeknit-prisukamu-bambuko-virbalu-rinkinys","status":"publish","type":"product","link":"https:\/\/bitessiulai.lt\/lv\/products\/15-cm-koshitsu-curve-premier-set-seeknit-prisukamu-bambuko-virbalu-rinkinys\/","title":{"rendered":"15 cm Koshitsu Curve Premier Seeknit ieskr\u016bv\u0113jamo bambusa ad\u0101madatu komplekts"},"content":{"rendered":"<h6><strong>15 cm Koshitsu Curve Premier Seeknit ieskr\u016bv\u0113jamo bambusa ad\u0101madatu komplekts<\/strong><\/h6>\n<p id=\"tw-target-text\" class=\"tw-data-text tw-text-large tw-ta\" dir=\"ltr\" data-placeholder=\"Vertimas\" data-ved=\"2ahUKEwj16fbpw52LAxW8R_EDHRD_ECsQ3ewLegQICBAV\" aria-label=\"Tulkotais teksts: Seeknit ir Jap\u0101nas vec\u0101kais bambusa ad\u0101madatu ra\u017eot\u0101js. T\u0101 ir sena \u0123imenes r\u016bpn\u012bca ar lepn\u0101m meistar\u012bbas un kvalit\u0101tes trad\u012bcij\u0101m. Tiek izmantots tikai r\u016bp\u012bgi atlas\u012bts, iztur\u012bgs jap\u0101\u0146u bambuss no \u012bpa\u0161\u0101m plant\u0101cij\u0101m Nara apgabal\u0101. Koshitsu ir sena z\u0101\u013cu vanna un termisk\u0101 apstr\u0101de, kas padara iztur\u012bgo bambusu v\u0113l stipr\u0101ku. Koshitsu nodro\u0161ina ciet\u0101ku un iztur\u012bg\u0101ku virsmu, kurai vienlaikus ir dabiski m\u012bksts bambusa piesk\u0101riens.\"><span class=\"Y2IQFc\" lang=\"lt\"><strong>Seeknit<\/strong> ir vec\u0101kais bambusa ad\u0101madatu ra\u017eot\u0101js Jap\u0101n\u0101. T\u0101 ir sena \u0123imenes r\u016bpn\u012bca, kas ir sp\u0113c\u012bga meistar\u012bb\u0101 un kvalit\u0101t\u0113. Tiek izmantots tikai r\u016bp\u012bgi atlas\u012bts, iztur\u012bgs jap\u0101\u0146u bambuss no \u012bpa\u0161\u0101m plant\u0101cij\u0101m Nara apgabal\u0101. <\/span><\/p>\n<p class=\"tw-data-text tw-text-large tw-ta\" dir=\"ltr\" data-placeholder=\"Vertimas\" data-ved=\"2ahUKEwj16fbpw52LAxW8R_EDHRD_ECsQ3ewLegQICBAV\" aria-label=\"Tulkotais teksts: Seeknit ir Jap\u0101nas vec\u0101kais bambusa ad\u0101madatu ra\u017eot\u0101js. T\u0101 ir sena \u0123imenes r\u016bpn\u012bca ar lepn\u0101m meistar\u012bbas un kvalit\u0101tes trad\u012bcij\u0101m. Tiek izmantots tikai r\u016bp\u012bgi atlas\u012bts, iztur\u012bgs jap\u0101\u0146u bambuss no \u012bpa\u0161\u0101m plant\u0101cij\u0101m Nara apgabal\u0101. Koshitsu ir sena z\u0101\u013cu vanna un termisk\u0101 apstr\u0101de, kas padara iztur\u012bgo bambusu v\u0113l stipr\u0101ku. Koshitsu nodro\u0161ina ciet\u0101ku un iztur\u012bg\u0101ku virsmu, kurai vienlaikus ir dabiski m\u012bksts bambusa piesk\u0101riens.\"><span class=\"Y2IQFc\" lang=\"lt\"><strong>Koshitshu<\/strong> ir sena augu vanna un termisk\u0101 apstr\u0101de, kas padara iztur\u012bgu bambusu v\u0113l stipr\u0101ku. Koshitsu nodro\u0161ina ciet\u0101ku un iztur\u012bg\u0101ku virsmu, kurai vienlaikus piem\u012bt bambusa dabiskais m\u012bkstums.<\/span><\/p>\n<p><strong>Seeknit l\u012bkne<\/strong> \u2013 \u0161\u012b ir izsmalcin\u0101ta un atjaunin\u0101ta kolekcija, kas lieliski sader\u0113s ar\u012b ar skr\u016bv\u0113jamajiem aksesu\u0101riem no parast\u0101s Seeknit ad\u0101madatu kolekcijas.<\/p>\n<p>Jaunais <strong>Seeknit l\u012bkne<\/strong> Kolekcijai rakstur\u012bga \u0101rk\u0101rt\u012bgi vienm\u0113r\u012bga p\u0101reja no adatas uz l\u012bniju. Adatu glud\u0101, veidot\u0101 un glud\u0101 forma \u013cauj dzijai viegli sl\u012bd\u0113t pa adatu virsmu, padarot jau t\u0101 pat\u012bkamo ad\u012b\u0161anu v\u0113l pat\u012bkam\u0101ku.<\/p>\n<p><b>Komplekt\u0101 ietilpst:<\/b><\/p>\n<ul>\n<li><strong>11 15 cm gari ieskr\u016bv\u0113jami bambusa iesmi\u0146i<\/strong> (2,50 mm, 3,00 mm, 3,50 mm, 4,00 mm, 4,50 mm, 5,00 mm, 5,50 mm, 6,00 mm, 7,00 mm, 8,00 mm, 10,00 mm)<\/li>\n<li><strong>5 ieskr\u016bv\u0113jamas l\u012bnijas <\/strong>(M1.8 \u2013 35cm., 50cm., \/M2 \u2013 35cm., 50cm., 70cm.)<\/li>\n<li><strong>4 brem\u017eu p\u0101ri <\/strong>(M1,8, M2)<\/li>\n<li><strong>2 l\u012bniju savienot\u0101ji\u00a0<\/strong>(M1,8, M2)<\/li>\n<\/ul>\n<p><img fetchpriority=\"high\" decoding=\"async\" class=\"alignnone size-full wp-image-7328\" src=\"https:\/\/bitessiulai.lt\/wp-content\/uploads\/2025\/02\/IMG_1591-300x200-1.jpg\" alt=\"\" width=\"300\" height=\"200\" srcset=\"https:\/\/bitessiulai.lt\/wp-content\/uploads\/2025\/02\/IMG_1591-300x200-1.jpg 300w, https:\/\/bitessiulai.lt\/wp-content\/uploads\/2025\/02\/IMG_1591-300x200-1-18x12.jpg 18w, https:\/\/bitessiulai.lt\/wp-content\/uploads\/2025\/02\/IMG_1591-300x200-1-150x100.jpg 150w\" sizes=\"(max-width: 300px) 100vw, 300px\" \/> <img decoding=\"async\" class=\"alignnone size-medium wp-image-7329\" src=\"https:\/\/bitessiulai.lt\/wp-content\/uploads\/2025\/02\/3098e29e88b5a6c66563048fd0c59cf8-300x200-1.jpg\" alt=\"\" width=\"300\" height=\"200\" srcset=\"https:\/\/bitessiulai.lt\/wp-content\/uploads\/2025\/02\/3098e29e88b5a6c66563048fd0c59cf8-300x200-1.jpg 300w, https:\/\/bitessiulai.lt\/wp-content\/uploads\/2025\/02\/3098e29e88b5a6c66563048fd0c59cf8-300x200-1-18x12.jpg 18w, https:\/\/bitessiulai.lt\/wp-content\/uploads\/2025\/02\/3098e29e88b5a6c66563048fd0c59cf8-300x200-1-150x100.jpg 150w\" sizes=\"(max-width: 300px) 100vw, 300px\" \/> <img decoding=\"async\" class=\"alignnone size-medium wp-image-7330\" src=\"https:\/\/bitessiulai.lt\/wp-content\/uploads\/2025\/02\/cf4be893077fbb8e101da743cad33d7a-300x200-1.jpg\" alt=\"\" width=\"300\" height=\"200\" srcset=\"https:\/\/bitessiulai.lt\/wp-content\/uploads\/2025\/02\/cf4be893077fbb8e101da743cad33d7a-300x200-1.jpg 300w, https:\/\/bitessiulai.lt\/wp-content\/uploads\/2025\/02\/cf4be893077fbb8e101da743cad33d7a-300x200-1-18x12.jpg 18w, https:\/\/bitessiulai.lt\/wp-content\/uploads\/2025\/02\/cf4be893077fbb8e101da743cad33d7a-300x200-1-150x100.jpg 150w\" sizes=\"(max-width: 300px) 100vw, 300px\" \/><\/p>\n<p><img loading=\"lazy\" decoding=\"async\" class=\"alignnone size-medium wp-image-7331\" src=\"https:\/\/bitessiulai.lt\/wp-content\/uploads\/2025\/02\/Seeknit-Curve_Interchangeabale-Cords-with-Stainless-metal-fitting_-Image-3A-1-1-300x200-1.jpg\" alt=\"\" width=\"300\" height=\"200\" srcset=\"https:\/\/bitessiulai.lt\/wp-content\/uploads\/2025\/02\/Seeknit-Curve_Interchangeabale-Cords-with-Stainless-metal-fitting_-Image-3A-1-1-300x200-1.jpg 300w, https:\/\/bitessiulai.lt\/wp-content\/uploads\/2025\/02\/Seeknit-Curve_Interchangeabale-Cords-with-Stainless-metal-fitting_-Image-3A-1-1-300x200-1-18x12.jpg 18w, https:\/\/bitessiulai.lt\/wp-content\/uploads\/2025\/02\/Seeknit-Curve_Interchangeabale-Cords-with-Stainless-metal-fitting_-Image-3A-1-1-300x200-1-150x100.jpg 150w\" sizes=\"(max-width: 300px) 100vw, 300px\" \/> <img loading=\"lazy\" decoding=\"async\" class=\"alignnone size-medium wp-image-7332\" src=\"https:\/\/bitessiulai.lt\/wp-content\/uploads\/2025\/02\/Seeknit-Curve-Koshitsu-IC-Needle-Tips-15-cm-6inch-1-300x210-1.jpg\" alt=\"\" width=\"300\" height=\"210\" srcset=\"https:\/\/bitessiulai.lt\/wp-content\/uploads\/2025\/02\/Seeknit-Curve-Koshitsu-IC-Needle-Tips-15-cm-6inch-1-300x210-1.jpg 300w, https:\/\/bitessiulai.lt\/wp-content\/uploads\/2025\/02\/Seeknit-Curve-Koshitsu-IC-Needle-Tips-15-cm-6inch-1-300x210-1-18x12.jpg 18w, https:\/\/bitessiulai.lt\/wp-content\/uploads\/2025\/02\/Seeknit-Curve-Koshitsu-IC-Needle-Tips-15-cm-6inch-1-300x210-1-150x105.jpg 150w\" sizes=\"(max-width: 300px) 100vw, 300px\" \/><\/p>","protected":false},"excerpt":{"rendered":"<p>15 cm Koshitsu Curve Premier Set Seeknit prisukam\u0173 bambuko virbal\u0173 rinkinys Seeknit yra seniausias Japonijos bambuko mezgimo virbal\u0173 gamintojas. Tai sena \u0161eimai priklausanti gamykla, stiprus meistri\u0161kumas ir kokyb\u0117. Naudojamas tik kruop\u0161\u010diai atrinktas stiprus japoni\u0161kas bambukas i\u0161 speciali\u0173 plantacij\u0173 Naros apylink\u0117se. Koshitshu yra senovin\u0117 \u017eoleli\u0173 vonia ir terminis apdorojimas, d\u0117l kurio stiprus bambukas tampa dar stipresnis. Koshitsu suteikia kietesn\u012f ir tvirtesn\u012f pavir\u0161i\u0173, kuris tuo pat metu turi nat\u016bral\u0173 mink\u0161t\u0105 bambuko poj\u016bt\u012f. Seeknit Curve \u2013 tai i\u0161tobulinta ir atnaujinta kolekcija, kuri puikiai tiks ir prie \u012fprastos Seeknit virbal\u0173 kolekcijos prisukam\u0173 pried\u0173. Naujoji Seeknit Curve kolekcija pasi\u017eymi ypatingai \u0161velniu per\u0117jimu nuo virbalo link valo. Aptaki, i\u0161formuota, i\u0161gludinta virbal\u0173 forma leid\u017eia lengvai si\u016blams slysti virbal\u0173 pavir\u0161iumi, o ir taip malonus mezgimas tampa dar malonesnis. Rinkin\u012f sudaro: 15cm. ilgio 11 prisukami bambuko virbalai (2.50mm., 3.00mm., 3.50mm., 4.00mm., 4.50mm., 5.00mm., 5.50mm., 6.00mm., 7.00mm., 8.00mm., 10.00mm) 5vnt. prisukami valai (M1.8 &#8211; 35cm., 50cm., \/M2 &#8211; 35cm., 50cm., 70cm.) 4 poros stabd\u017ei\u0173 (M1.8, M2) 2 val\u0173 sujung\u0117jai\u00a0(M1.8, M2)<\/p>","protected":false},"featured_media":7336,"comment_status":"open","ping_status":"closed","template":"","meta":[],"product_brand":[],"product_cat":[180,2439,181],"product_tag":[],"giftcard-category":[],"class_list":{"0":"post-7327","1":"product","2":"type-product","3":"status-publish","4":"has-post-thumbnail","6":"product_cat-mezgimo-priemones","7":"product_cat-seeknit-mezgimo-priemoniu-gamintojai","8":"product_cat-virbalu-rinkiniai","10":"first","11":"instock","12":"taxable","13":"shipping-taxable","14":"purchasable","15":"product-type-simple"},"_links":{"self":[{"href":"https:\/\/bitessiulai.lt\/lv\/wp-json\/wp\/v2\/product\/7327","targetHints":{"allow":["GET"]}}],"collection":[{"href":"https:\/\/bitessiulai.lt\/lv\/wp-json\/wp\/v2\/product"}],"about":[{"href":"https:\/\/bitessiulai.lt\/lv\/wp-json\/wp\/v2\/types\/product"}],"replies":[{"embeddable":true,"href":"https:\/\/bitessiulai.lt\/lv\/wp-json\/wp\/v2\/comments?post=7327"}],"version-history":[{"count":0,"href":"https:\/\/bitessiulai.lt\/lv\/wp-json\/wp\/v2\/product\/7327\/revisions"}],"wp:featuredmedia":[{"embeddable":true,"href":"https:\/\/bitessiulai.lt\/lv\/wp-json\/wp\/v2\/media\/7336"}],"wp:attachment":[{"href":"https:\/\/bitessiulai.lt\/lv\/wp-json\/wp\/v2\/media?parent=7327"}],"wp:term":[{"taxonomy":"product_brand","embeddable":true,"href":"https:\/\/bitessiulai.lt\/lv\/wp-json\/wp\/v2\/product_brand?post=7327"},{"taxonomy":"product_cat","embeddable":true,"href":"https:\/\/bitessiulai.lt\/lv\/wp-json\/wp\/v2\/product_cat?post=7327"},{"taxonomy":"product_tag","embeddable":true,"href":"https:\/\/bitessiulai.lt\/lv\/wp-json\/wp\/v2\/product_tag?post=7327"},{"taxonomy":"giftcard-category","embeddable":true,"href":"https:\/\/bitessiulai.lt\/lv\/wp-json\/wp\/v2\/giftcard-category?post=7327"}],"curies":[{"name":"wp","href":"https:\/\/api.w.org\/{rel}","templated":true}]}}