{"id":7242,"date":"2025-02-11T18:30:42","date_gmt":"2025-02-11T16:30:42","guid":{"rendered":"https:\/\/bitessiulai.lt\/?post_type=product&#038;p=7242"},"modified":"2026-03-08T15:36:09","modified_gmt":"2026-03-08T13:36:09","slug":"stenli-paris-nights","status":"publish","type":"product","link":"https:\/\/bitessiulai.lt\/lv\/products\/stenli-paris-nights\/","title":{"rendered":"Stenlija Par\u012bzes naktis"},"content":{"rendered":"<p id=\"tw-target-text\" class=\"tw-data-text tw-text-large tw-ta\" dir=\"ltr\" data-placeholder=\"Vertimas\" data-ved=\"2ahUKEwiW8qjQ_buLAxWjSfEDHZ4zORsQ3ewLegQIChAV\" aria-label=\"Tulkotais teksts: Stanley Paris Nights dzija sola perfektu z\u012bdainu apsk\u0101vienu, atstarojot naksn\u012bg\u0101s pils\u0113tas gaismas. Iespaid\u012bgais diegs vienm\u0113r\u012bgi p\u0101riet no glud\u0101m viskozes da\u013c\u0101m uz viegli pies\u016bcin\u0101tiem lureksa pilieniem. Ieg\u016btais ad\u012bjums izskat\u0101s k\u0101 me\u017e\u0123\u012bnes ar br\u012bni\u0161\u0137\u012bgu tekst\u016bru. Diegs aicina rad\u012bt stil\u012bgus un elegantus vakart\u0113rpus un aksesu\u0101rus, kas izcels j\u016bsu neatvair\u0101mo izskatu. Stanley Paris Nights ir piem\u0113rots vienk\u0101r\u0161\u0101m cilpi\u0146\u0101m, kas ad\u012btas uz lieliem \u0101\u0137iem. Dekorat\u012bvai \u0161allei b\u016bs nepiecie\u0161ami 2 gab., iespaid\u012bgai t\u012bklveida bl\u016bzei no 6 l\u012bdz 8 gab., tunikai 8\u201310 gab. Diegu var ad\u012bt kop\u0101 ar citiem diegiem vai izmantot k\u0101 akcentu.\"><span class=\"Y2IQFc\" lang=\"lt\"><strong>Stenlija Par\u012bzes naktis<\/strong> Dzija sola perfektu z\u012bdainu apsk\u0101vienu, atspogu\u013cojot pils\u0113tas gaismas nakt\u012b. Ieg\u016btais ad\u012bjums izskat\u0101s k\u0101 me\u017e\u0123\u012bnes ar br\u012bni\u0161\u0137\u012bgu tekst\u016bru. Dzija aicina j\u016bs rad\u012bt stil\u012bgus un elegantus vakart\u0113rpus un aksesu\u0101rus, kas izcels j\u016bsu neatvair\u0101mo izskatu. Dziju var kombin\u0113t ar cit\u0101m dzij\u0101m vai izmantot k\u0101 akcentu.<\/span><\/p>\n<p dir=\"ltr\" data-placeholder=\"Vertimas\" data-ved=\"2ahUKEwiW8qjQ_buLAxWjSfEDHZ4zORsQ3ewLegQIChAV\" aria-label=\"Tulkotais teksts: Stanley Paris Nights dzija sola perfektu z\u012bdainu apsk\u0101vienu, atstarojot naksn\u012bg\u0101s pils\u0113tas gaismas. Iespaid\u012bgais diegs vienm\u0113r\u012bgi p\u0101riet no glud\u0101m viskozes da\u013c\u0101m uz viegli pies\u016bcin\u0101tiem lureksa pilieniem. Ieg\u016btais ad\u012bjums izskat\u0101s k\u0101 me\u017e\u0123\u012bnes ar br\u012bni\u0161\u0137\u012bgu tekst\u016bru. Diegs aicina rad\u012bt stil\u012bgus un elegantus vakart\u0113rpus un aksesu\u0101rus, kas izcels j\u016bsu neatvair\u0101mo izskatu. Stanley Paris Nights ir piem\u0113rots vienk\u0101r\u0161\u0101m cilpi\u0146\u0101m, kas ad\u012btas uz lieliem \u0101\u0137iem. Dekorat\u012bvai \u0161allei b\u016bs nepiecie\u0161ami 2 gab., iespaid\u012bgai t\u012bklveida bl\u016bzei no 6 l\u012bdz 8 gab., tunikai 8\u201310 gab. Diegu var ad\u012bt kop\u0101 ar citiem diegiem vai izmantot k\u0101 akcentu.\"><img fetchpriority=\"high\" decoding=\"async\" class=\"alignnone size-medium wp-image-7243\" src=\"https:\/\/bitessiulai.lt\/wp-content\/uploads\/2025\/02\/dsc-5012-20230301114404-110-500x500-1-300x300.jpeg\" alt=\"\" width=\"300\" height=\"300\" srcset=\"https:\/\/bitessiulai.lt\/wp-content\/uploads\/2025\/02\/dsc-5012-20230301114404-110-500x500-1-300x300.jpeg 300w, https:\/\/bitessiulai.lt\/wp-content\/uploads\/2025\/02\/dsc-5012-20230301114404-110-500x500-1-150x150.jpeg 150w, https:\/\/bitessiulai.lt\/wp-content\/uploads\/2025\/02\/dsc-5012-20230301114404-110-500x500-1-12x12.jpeg 12w, https:\/\/bitessiulai.lt\/wp-content\/uploads\/2025\/02\/dsc-5012-20230301114404-110-500x500-1-96x96.jpeg 96w, https:\/\/bitessiulai.lt\/wp-content\/uploads\/2025\/02\/dsc-5012-20230301114404-110-500x500-1.jpeg 500w\" sizes=\"(max-width: 300px) 100vw, 300px\" \/> <img decoding=\"async\" class=\"alignnone size-medium wp-image-7244\" src=\"https:\/\/bitessiulai.lt\/wp-content\/uploads\/2025\/02\/dsc-5016-20230301114405-928-500x500-1-300x300.jpeg\" alt=\"\" width=\"300\" height=\"300\" srcset=\"https:\/\/bitessiulai.lt\/wp-content\/uploads\/2025\/02\/dsc-5016-20230301114405-928-500x500-1-300x300.jpeg 300w, https:\/\/bitessiulai.lt\/wp-content\/uploads\/2025\/02\/dsc-5016-20230301114405-928-500x500-1-150x150.jpeg 150w, https:\/\/bitessiulai.lt\/wp-content\/uploads\/2025\/02\/dsc-5016-20230301114405-928-500x500-1-12x12.jpeg 12w, https:\/\/bitessiulai.lt\/wp-content\/uploads\/2025\/02\/dsc-5016-20230301114405-928-500x500-1-96x96.jpeg 96w, https:\/\/bitessiulai.lt\/wp-content\/uploads\/2025\/02\/dsc-5016-20230301114405-928-500x500-1.jpeg 500w\" sizes=\"(max-width: 300px) 100vw, 300px\" \/><\/p>\n<p dir=\"ltr\" data-placeholder=\"Vertimas\" data-ved=\"2ahUKEwiW8qjQ_buLAxWjSfEDHZ4zORsQ3ewLegQIChAV\" aria-label=\"Tulkotais teksts: Stanley Paris Nights dzija sola perfektu z\u012bdainu apsk\u0101vienu, atstarojot naksn\u012bg\u0101s pils\u0113tas gaismas. Iespaid\u012bgais diegs vienm\u0113r\u012bgi p\u0101riet no glud\u0101m viskozes da\u013c\u0101m uz viegli pies\u016bcin\u0101tiem lureksa pilieniem. Ieg\u016btais ad\u012bjums izskat\u0101s k\u0101 me\u017e\u0123\u012bnes ar br\u012bni\u0161\u0137\u012bgu tekst\u016bru. Diegs aicina rad\u012bt stil\u012bgus un elegantus vakart\u0113rpus un aksesu\u0101rus, kas izcels j\u016bsu neatvair\u0101mo izskatu. Stanley Paris Nights ir piem\u0113rots vienk\u0101r\u0161\u0101m cilpi\u0146\u0101m, kas ad\u012btas uz lieliem \u0101\u0137iem. Dekorat\u012bvai \u0161allei b\u016bs nepiecie\u0161ami 2 gab., iespaid\u012bgai t\u012bklveida bl\u016bzei no 6 l\u012bdz 8 gab., tunikai 8\u201310 gab. Diegu var ad\u012bt kop\u0101 ar citiem diegiem vai izmantot k\u0101 akcentu.\">*Ekr\u0101n\u0101 redzam\u0101s kr\u0101sas var nedaudz at\u0161\u0137irties no faktisk\u0101s diegu kr\u0101sas.<\/p>\n<p dir=\"ltr\" data-placeholder=\"Vertimas\" data-ved=\"2ahUKEwiW8qjQ_buLAxWjSfEDHZ4zORsQ3ewLegQIChAV\" aria-label=\"Tulkotais teksts: Stanley Paris Nights dzija sola perfektu z\u012bdainu apsk\u0101vienu, atstarojot naksn\u012bg\u0101s pils\u0113tas gaismas. Iespaid\u012bgais diegs vienm\u0113r\u012bgi p\u0101riet no glud\u0101m viskozes da\u013c\u0101m uz viegli pies\u016bcin\u0101tiem lureksa pilieniem. Ieg\u016btais ad\u012bjums izskat\u0101s k\u0101 me\u017e\u0123\u012bnes ar br\u012bni\u0161\u0137\u012bgu tekst\u016bru. Diegs aicina rad\u012bt stil\u012bgus un elegantus vakart\u0113rpus un aksesu\u0101rus, kas izcels j\u016bsu neatvair\u0101mo izskatu. Stanley Paris Nights ir piem\u0113rots vienk\u0101r\u0161\u0101m cilpi\u0146\u0101m, kas ad\u012btas uz lieliem \u0101\u0137iem. Dekorat\u012bvai \u0161allei b\u016bs nepiecie\u0161ami 2 gab., iespaid\u012bgai t\u012bklveida bl\u016bzei no 6 l\u012bdz 8 gab., tunikai 8\u201310 gab. Diegu var ad\u012bt kop\u0101 ar citiem diegiem vai izmantot k\u0101 akcentu.\">","protected":false},"excerpt":{"rendered":"<p>Sast\u0101vs: 65% viskoze, 30% lurekss, 5% poliam\u012bds<\/p>\n<p>Svars\/garums: 50 g = aptuveni 135 m.<\/p>\n<p>Ieteicamais adatu izm\u0113rs: 6\u20138 mm.<\/p>","protected":false},"featured_media":7245,"comment_status":"open","ping_status":"closed","template":"","meta":[],"product_brand":[],"product_cat":[915,1703,177,3283,324,173,174,175,1641,337],"product_tag":[],"giftcard-category":[],"class_list":{"0":"post-7242","1":"product","2":"type-product","3":"status-publish","4":"has-post-thumbnail","6":"product_cat-dekoratyviniai-siulai","7":"product_cat-liureksas","8":"product_cat-mezgimo-siulai","9":"product_cat-paris-nights","10":"product_cat-poliamidas","11":"product_cat-siulai","12":"product_cat-siulu-gamintojai","13":"product_cat-siulu-pluostai","14":"product_cat-stenli","15":"product_cat-viskoze","17":"first","18":"instock","19":"taxable","20":"shipping-taxable","21":"purchasable","22":"product-type-variable"},"_links":{"self":[{"href":"https:\/\/bitessiulai.lt\/lv\/wp-json\/wp\/v2\/product\/7242","targetHints":{"allow":["GET"]}}],"collection":[{"href":"https:\/\/bitessiulai.lt\/lv\/wp-json\/wp\/v2\/product"}],"about":[{"href":"https:\/\/bitessiulai.lt\/lv\/wp-json\/wp\/v2\/types\/product"}],"replies":[{"embeddable":true,"href":"https:\/\/bitessiulai.lt\/lv\/wp-json\/wp\/v2\/comments?post=7242"}],"version-history":[{"count":0,"href":"https:\/\/bitessiulai.lt\/lv\/wp-json\/wp\/v2\/product\/7242\/revisions"}],"wp:featuredmedia":[{"embeddable":true,"href":"https:\/\/bitessiulai.lt\/lv\/wp-json\/wp\/v2\/media\/7245"}],"wp:attachment":[{"href":"https:\/\/bitessiulai.lt\/lv\/wp-json\/wp\/v2\/media?parent=7242"}],"wp:term":[{"taxonomy":"product_brand","embeddable":true,"href":"https:\/\/bitessiulai.lt\/lv\/wp-json\/wp\/v2\/product_brand?post=7242"},{"taxonomy":"product_cat","embeddable":true,"href":"https:\/\/bitessiulai.lt\/lv\/wp-json\/wp\/v2\/product_cat?post=7242"},{"taxonomy":"product_tag","embeddable":true,"href":"https:\/\/bitessiulai.lt\/lv\/wp-json\/wp\/v2\/product_tag?post=7242"},{"taxonomy":"giftcard-category","embeddable":true,"href":"https:\/\/bitessiulai.lt\/lv\/wp-json\/wp\/v2\/giftcard-category?post=7242"}],"curies":[{"name":"wp","href":"https:\/\/api.w.org\/{rel}","templated":true}]}}