{"id":7124,"date":"2025-02-11T08:36:11","date_gmt":"2025-02-11T06:36:11","guid":{"rendered":"https:\/\/bitessiulai.lt\/?post_type=product&#038;p=7124"},"modified":"2026-02-18T21:18:19","modified_gmt":"2026-02-18T19:18:19","slug":"stenli-muffin-dots","status":"publish","type":"product","link":"https:\/\/bitessiulai.lt\/lv\/products\/stenli-muffin-dots\/","title":{"rendered":"Stanley Muffin Dots"},"content":{"rendered":"<p id=\"tw-target-text\" class=\"tw-data-text tw-text-large tw-ta\" dir=\"ltr\" data-placeholder=\"Vertimas\" data-ved=\"2ahUKEwjH05q2_LqLAxU4SPEDHcPmF2UQ3ewLegQIChAV\" aria-label=\"Tulkotais teksts: Muffin Dots ir Muffin un Baby Muffin vari\u0101cija ar maziem, m\u012bkstiem, apjom\u012bga auduma bumbi\u0146\u0101m. Pamatne ir m\u012bksts tr\u012bssl\u0101\u0146u akrils pl\u016bsto\u0161\u0101s kr\u0101s\u0101s, kas izvietotas lielos att\u0101lumos, un bumbi\u0146as ir izkais\u012btas k\u0101 konfek\u0161u spie\u0137\u012b\u0161i uz k\u016bkas. Ide\u0101li piem\u0113rots modernai ad\u012b\u0161anai uz div\u0101m vid\u0113ji biez\u0101m ad\u0101madat\u0101m. Viena k\u016bka satur 1160 m daudzpavedienu dzijas, kas sver vismaz 550 g \/ 550 - 600 g \/, kas ir pietiekami, lai noad\u012btu lielu d\u017eemperi, bl\u016bzi, b\u0113rnu segu, lielu \u0161alli, apmetni, segu. Iesak\u0101m ad\u012bt ar priev\u012btes d\u016brienu vai ad\u012bt ar necaursp\u012bd\u012bgu valdzi\u0146u p\u0101rsvaru, kad ad\u012bjums k\u013c\u016bst gais\u012bgs, bumbi\u0146as viegli un skaisti izce\u013cas uz gludas pamatnes fona. Pateicoties \u0101rk\u0101rt\u012bgi m\u012bkstajai strukt\u016brai, smalkajam piesk\u0101rienam un lieliskaj\u0101m gatavo izstr\u0101d\u0101jumu siltumizol\u0101cijas \u012bpa\u0161\u012bb\u0101m, Muffin Dots ir lieliska izv\u0113le modernai ad\u012b\u0161anai ar kr\u0101sainu rezult\u0101tu un iztur\u012bbu.\"><span class=\"Y2IQFc\" lang=\"lt\"><strong>Stanley Muffin Dots <\/strong>dzija ar maz\u0101m, m\u012bkstas auduma bumbi\u0146\u0101m. Pamatne ir m\u012bksts tr\u012bssl\u0101\u0146u akrils pl\u016bsto\u0161\u0101s kr\u0101s\u0101s, izvietots lielos att\u0101lumos un apkais\u012bts ar bumbi\u0146\u0101m k\u0101 cukura burbu\u013ciem uz k\u016bkas. Ide\u0101li piem\u0113rots m\u016bsdien\u012bgai ad\u012b\u0161anai. Piem\u0113rots d\u017eempera, bl\u016bzes, b\u0113rnu segas, lielas \u0161alles, apmet\u0146a, segas ad\u012b\u0161anai. Pateicoties t\u0101s \u0101rk\u0101rt\u012bgi m\u012bkstajai strukt\u016brai, smalkajam piesk\u0101rienam un lieliskaj\u0101m izol\u0101cijas \u012bpa\u0161\u012bb\u0101m. <strong>K\u0113ksi\u0146u punkti\u0146i<\/strong> ir lieliska izv\u0113le m\u016bsdien\u012bgai ad\u012b\u0161anai ar kr\u0101sainu rezult\u0101tu un iztur\u012bbu.<\/span><\/p>","protected":false},"excerpt":{"rendered":"<p>Sast\u0101vs: 70% akrils, 30% poliesters<\/p>\n<p>Svars\/garums: 550 g = aptuveni 1160 m.<\/p>\n<p>Ieteicamais adatu izm\u0113rs: 5\u20137 mm.<\/p>","protected":false},"featured_media":7125,"comment_status":"open","ping_status":"closed","template":"","meta":[],"product_brand":[],"product_cat":[326,915,177,3558,328,173,174,175,1641],"product_tag":[],"giftcard-category":[],"class_list":{"0":"post-7124","1":"product","2":"type-product","3":"status-publish","4":"has-post-thumbnail","6":"product_cat-akrilas","7":"product_cat-dekoratyviniai-siulai","8":"product_cat-mezgimo-siulai","9":"product_cat-muffin-dots-stenli","10":"product_cat-poliesteris","11":"product_cat-siulai","12":"product_cat-siulu-gamintojai","13":"product_cat-siulu-pluostai","14":"product_cat-stenli","16":"first","17":"instock","18":"taxable","19":"shipping-taxable","20":"purchasable","21":"product-type-variable"},"_links":{"self":[{"href":"https:\/\/bitessiulai.lt\/lv\/wp-json\/wp\/v2\/product\/7124","targetHints":{"allow":["GET"]}}],"collection":[{"href":"https:\/\/bitessiulai.lt\/lv\/wp-json\/wp\/v2\/product"}],"about":[{"href":"https:\/\/bitessiulai.lt\/lv\/wp-json\/wp\/v2\/types\/product"}],"replies":[{"embeddable":true,"href":"https:\/\/bitessiulai.lt\/lv\/wp-json\/wp\/v2\/comments?post=7124"}],"version-history":[{"count":0,"href":"https:\/\/bitessiulai.lt\/lv\/wp-json\/wp\/v2\/product\/7124\/revisions"}],"wp:featuredmedia":[{"embeddable":true,"href":"https:\/\/bitessiulai.lt\/lv\/wp-json\/wp\/v2\/media\/7125"}],"wp:attachment":[{"href":"https:\/\/bitessiulai.lt\/lv\/wp-json\/wp\/v2\/media?parent=7124"}],"wp:term":[{"taxonomy":"product_brand","embeddable":true,"href":"https:\/\/bitessiulai.lt\/lv\/wp-json\/wp\/v2\/product_brand?post=7124"},{"taxonomy":"product_cat","embeddable":true,"href":"https:\/\/bitessiulai.lt\/lv\/wp-json\/wp\/v2\/product_cat?post=7124"},{"taxonomy":"product_tag","embeddable":true,"href":"https:\/\/bitessiulai.lt\/lv\/wp-json\/wp\/v2\/product_tag?post=7124"},{"taxonomy":"giftcard-category","embeddable":true,"href":"https:\/\/bitessiulai.lt\/lv\/wp-json\/wp\/v2\/giftcard-category?post=7124"}],"curies":[{"name":"wp","href":"https:\/\/api.w.org\/{rel}","templated":true}]}}