{"id":6855,"date":"2025-02-26T14:32:32","date_gmt":"2025-02-26T12:32:32","guid":{"rendered":"https:\/\/bitessiulai.lt\/?post_type=product&#038;p=6855"},"modified":"2026-04-02T21:00:32","modified_gmt":"2026-04-02T18:00:32","slug":"yarnart-alpaca-gold-paillettes","status":"publish","type":"product","link":"https:\/\/bitessiulai.lt\/lv\/products\/yarnart-alpaca-gold-paillettes\/","title":{"rendered":"YarnArt Alpaca zelta fliteri"},"content":{"rendered":"<p id=\"tw-target-text\" class=\"tw-data-text tw-text-large tw-ta\" dir=\"ltr\" data-placeholder=\"Vertimas\" data-ved=\"2ahUKEwj43vTRkJ2LAxWuSvEDHfReA_YQ3ewLegQICBAV\" aria-label=\"Tulkotais teksts: YarnArt Alpaca Gold Paillettes pied\u0101v\u0101 eleganci un komfortu apvienojum\u0101 ar mirdzumu un m\u012bkstu tekst\u016bru. Pateicoties alpakas vilnas un fliteru dizainam, t\u0101 ir lieliska izv\u0113le uzman\u012bbu piesaisto\u0161iem ad\u012b\u0161anas projektiem. Izrot\u0101jiet savus d\u017eemperus, d\u017eemperus, \u0161alles, cepures un aksesu\u0101rus ar \u0161o \u012bpa\u0161o dziju!\"><span class=\"Y2IQFc\" lang=\"lt\"><strong>YarnArt Alpaca zelta fliteri <\/strong>\u2013 pied\u0101v\u0101 eleganci un komfortu apvienojum\u0101 ar zv\u012b\u0146\u0101m un m\u012bkstu tekst\u016bru. Lieliska izv\u0113le uzman\u012bbu piesaisto\u0161iem ad\u012b\u0161anas projektiem, pateicoties alpakas vilnas un fliteru dizainam. Izrot\u0101jiet savus d\u017eemperus, \u0161alles, cepures un aksesu\u0101rus ar \u0161o \u012bpa\u0161o dziju!<\/span><\/p>\n<p dir=\"ltr\" data-placeholder=\"Vertimas\" data-ved=\"2ahUKEwj43vTRkJ2LAxWuSvEDHfReA_YQ3ewLegQICBAV\" aria-label=\"Tulkotais teksts: YarnArt Alpaca Gold Paillettes pied\u0101v\u0101 eleganci un komfortu apvienojum\u0101 ar mirdzumu un m\u012bkstu tekst\u016bru. Pateicoties alpakas vilnas un fliteru dizainam, t\u0101 ir lieliska izv\u0113le uzman\u012bbu piesaisto\u0161iem ad\u012b\u0161anas projektiem. Izrot\u0101jiet savus d\u017eemperus, d\u017eemperus, \u0161alles, cepures un aksesu\u0101rus ar \u0161o \u012bpa\u0161o dziju!\"><img fetchpriority=\"high\" decoding=\"async\" class=\"alignnone size-medium wp-image-6858\" src=\"https:\/\/bitessiulai.lt\/wp-content\/uploads\/2025\/01\/ALPACA_GOLD_PAILLETTES_9-300x300.jpg\" alt=\"\" width=\"300\" height=\"300\" srcset=\"https:\/\/bitessiulai.lt\/wp-content\/uploads\/2025\/01\/ALPACA_GOLD_PAILLETTES_9-300x300.jpg 300w, https:\/\/bitessiulai.lt\/wp-content\/uploads\/2025\/01\/ALPACA_GOLD_PAILLETTES_9-1024x1024.jpg 1024w, https:\/\/bitessiulai.lt\/wp-content\/uploads\/2025\/01\/ALPACA_GOLD_PAILLETTES_9-150x150.jpg 150w, https:\/\/bitessiulai.lt\/wp-content\/uploads\/2025\/01\/ALPACA_GOLD_PAILLETTES_9-768x768.jpg 768w, https:\/\/bitessiulai.lt\/wp-content\/uploads\/2025\/01\/ALPACA_GOLD_PAILLETTES_9-1536x1536.jpg 1536w, https:\/\/bitessiulai.lt\/wp-content\/uploads\/2025\/01\/ALPACA_GOLD_PAILLETTES_9-12x12.jpg 12w, https:\/\/bitessiulai.lt\/wp-content\/uploads\/2025\/01\/ALPACA_GOLD_PAILLETTES_9-600x600.jpg 600w, https:\/\/bitessiulai.lt\/wp-content\/uploads\/2025\/01\/ALPACA_GOLD_PAILLETTES_9-96x96.jpg 96w, https:\/\/bitessiulai.lt\/wp-content\/uploads\/2025\/01\/ALPACA_GOLD_PAILLETTES_9.jpg 2000w\" sizes=\"(max-width: 300px) 100vw, 300px\" \/> <img decoding=\"async\" class=\"alignnone size-medium wp-image-6859\" src=\"https:\/\/bitessiulai.lt\/wp-content\/uploads\/2025\/01\/ALPACA_GOLD_PAILLETTES_10-300x300.jpg\" alt=\"\" width=\"300\" height=\"300\" srcset=\"https:\/\/bitessiulai.lt\/wp-content\/uploads\/2025\/01\/ALPACA_GOLD_PAILLETTES_10-300x300.jpg 300w, https:\/\/bitessiulai.lt\/wp-content\/uploads\/2025\/01\/ALPACA_GOLD_PAILLETTES_10-1024x1024.jpg 1024w, https:\/\/bitessiulai.lt\/wp-content\/uploads\/2025\/01\/ALPACA_GOLD_PAILLETTES_10-150x150.jpg 150w, https:\/\/bitessiulai.lt\/wp-content\/uploads\/2025\/01\/ALPACA_GOLD_PAILLETTES_10-768x768.jpg 768w, https:\/\/bitessiulai.lt\/wp-content\/uploads\/2025\/01\/ALPACA_GOLD_PAILLETTES_10-1536x1536.jpg 1536w, https:\/\/bitessiulai.lt\/wp-content\/uploads\/2025\/01\/ALPACA_GOLD_PAILLETTES_10-12x12.jpg 12w, https:\/\/bitessiulai.lt\/wp-content\/uploads\/2025\/01\/ALPACA_GOLD_PAILLETTES_10-600x600.jpg 600w, https:\/\/bitessiulai.lt\/wp-content\/uploads\/2025\/01\/ALPACA_GOLD_PAILLETTES_10-96x96.jpg 96w, https:\/\/bitessiulai.lt\/wp-content\/uploads\/2025\/01\/ALPACA_GOLD_PAILLETTES_10.jpg 2000w\" sizes=\"(max-width: 300px) 100vw, 300px\" \/><\/p>\n<p dir=\"ltr\" data-placeholder=\"Vertimas\" data-ved=\"2ahUKEwj43vTRkJ2LAxWuSvEDHfReA_YQ3ewLegQICBAV\" aria-label=\"Tulkotais teksts: YarnArt Alpaca Gold Paillettes pied\u0101v\u0101 eleganci un komfortu apvienojum\u0101 ar mirdzumu un m\u012bkstu tekst\u016bru. Pateicoties alpakas vilnas un fliteru dizainam, t\u0101 ir lieliska izv\u0113le uzman\u012bbu piesaisto\u0161iem ad\u012b\u0161anas projektiem. Izrot\u0101jiet savus d\u017eemperus, d\u017eemperus, \u0161alles, cepures un aksesu\u0101rus ar \u0161o \u012bpa\u0161o dziju!\">*Ekr\u0101n\u0101 redzam\u0101s kr\u0101sas var nedaudz at\u0161\u0137irties no faktisk\u0101s diegu kr\u0101sas.<\/p>\n<p dir=\"ltr\" data-placeholder=\"Vertimas\" data-ved=\"2ahUKEwj43vTRkJ2LAxWuSvEDHfReA_YQ3ewLegQICBAV\" aria-label=\"Tulkotais teksts: YarnArt Alpaca Gold Paillettes pied\u0101v\u0101 eleganci un komfortu apvienojum\u0101 ar mirdzumu un m\u012bkstu tekst\u016bru. Pateicoties alpakas vilnas un fliteru dizainam, t\u0101 ir lieliska izv\u0113le uzman\u012bbu piesaisto\u0161iem ad\u012b\u0161anas projektiem. Izrot\u0101jiet savus d\u017eemperus, d\u017eemperus, \u0161alles, cepures un aksesu\u0101rus ar \u0161o \u012bpa\u0161o dziju!\">","protected":false},"excerpt":{"rendered":"<p>Sast\u0101vs: 20% alpaka, 5% poliesters, 75% akrils<\/p>\n<p>Svars\/garums: 50 g = aptuveni 180 m.<\/p>\n<p>Ieteicamais adatu izm\u0113rs: 3,5 mm.<\/p>\n<p>Ieteicamais adatu izm\u0113rs: 3,5 mm.<\/p>","protected":false},"featured_media":16353,"comment_status":"open","ping_status":"closed","template":"","meta":[],"product_brand":[],"product_cat":[326,3335,327,177,178,328,173,174,175,255],"product_tag":[],"giftcard-category":[],"class_list":{"0":"post-6855","1":"product","2":"type-product","3":"status-publish","4":"has-post-thumbnail","6":"product_cat-akrilas","7":"product_cat-alpaca-gold-paillettes","8":"product_cat-alpaka","9":"product_cat-mezgimo-siulai","10":"product_cat-nerimo-siulai","11":"product_cat-poliesteris","12":"product_cat-siulai","13":"product_cat-siulu-gamintojai","14":"product_cat-siulu-pluostai","15":"product_cat-yarnart","17":"first","18":"instock","19":"taxable","20":"shipping-taxable","21":"purchasable","22":"product-type-variable"},"_links":{"self":[{"href":"https:\/\/bitessiulai.lt\/lv\/wp-json\/wp\/v2\/product\/6855","targetHints":{"allow":["GET"]}}],"collection":[{"href":"https:\/\/bitessiulai.lt\/lv\/wp-json\/wp\/v2\/product"}],"about":[{"href":"https:\/\/bitessiulai.lt\/lv\/wp-json\/wp\/v2\/types\/product"}],"replies":[{"embeddable":true,"href":"https:\/\/bitessiulai.lt\/lv\/wp-json\/wp\/v2\/comments?post=6855"}],"version-history":[{"count":0,"href":"https:\/\/bitessiulai.lt\/lv\/wp-json\/wp\/v2\/product\/6855\/revisions"}],"wp:featuredmedia":[{"embeddable":true,"href":"https:\/\/bitessiulai.lt\/lv\/wp-json\/wp\/v2\/media\/16353"}],"wp:attachment":[{"href":"https:\/\/bitessiulai.lt\/lv\/wp-json\/wp\/v2\/media?parent=6855"}],"wp:term":[{"taxonomy":"product_brand","embeddable":true,"href":"https:\/\/bitessiulai.lt\/lv\/wp-json\/wp\/v2\/product_brand?post=6855"},{"taxonomy":"product_cat","embeddable":true,"href":"https:\/\/bitessiulai.lt\/lv\/wp-json\/wp\/v2\/product_cat?post=6855"},{"taxonomy":"product_tag","embeddable":true,"href":"https:\/\/bitessiulai.lt\/lv\/wp-json\/wp\/v2\/product_tag?post=6855"},{"taxonomy":"giftcard-category","embeddable":true,"href":"https:\/\/bitessiulai.lt\/lv\/wp-json\/wp\/v2\/giftcard-category?post=6855"}],"curies":[{"name":"wp","href":"https:\/\/api.w.org\/{rel}","templated":true}]}}