{"id":6602,"date":"2025-02-26T14:52:44","date_gmt":"2025-02-26T12:52:44","guid":{"rendered":"https:\/\/bitessiulai.lt\/?post_type=product&#038;p=6602"},"modified":"2026-04-12T14:25:30","modified_gmt":"2026-04-12T11:25:30","slug":"yarnart-elite","status":"publish","type":"product","link":"https:\/\/bitessiulai.lt\/lv\/products\/yarnart-elite\/","title":{"rendered":"YarnArt Elite"},"content":{"rendered":"<p id=\"tw-target-text\" class=\"tw-data-text tw-text-large tw-ta\" dir=\"ltr\" data-placeholder=\"Vertimas\" data-ved=\"2ahUKEwiIjN-g75yLAxUicfEDHe2VLy0Q3ewLegQICBAV\" aria-label=\"Tulkotais teksts: YarnArt Elite ir augst\u0101k\u0101s kvalit\u0101tes dzija, kas izgatavota no 100% akrila \u0161\u0137iedras. T\u0101 ir m\u012bksta piesk\u0101rienam, ar to ir viegli str\u0101d\u0101t, un t\u0101 ir ide\u0101li piem\u0113rota da\u017e\u0101diem ad\u012b\u0161anas un tambor\u0113\u0161anas projektiem. Pateicoties da\u017e\u0101daj\u0101m ko\u0161aj\u0101m kr\u0101s\u0101m, \u0161\u012b dzija ir ide\u0101li piem\u0113rota skaistu \u0161al\u013cu, cepuru, d\u017eemperu un citu izstr\u0101d\u0101jumu rad\u012b\u0161anai. T\u0101s iztur\u012bgais, ve\u013cas ma\u0161\u012bn\u0101 mazg\u0101jamais dizains padara to par iecien\u012btu izv\u0113li visu prasmju l\u012bme\u0146u rokdarbnieku vid\u016b. Neatkar\u012bgi no t\u0101, vai esat ies\u0101c\u0113js vai pieredz\u0113jis rokdarbnieks, YarnArt Elite noteikti b\u016bs j\u016bsu iecien\u012bt\u0101k\u0101 dzija. YarnArt Elite Cena 14,00 AED Kr\u0101sa Izv\u0113lieties Daudzums 1 Pievienot grozam Apmaks\u0101t\"><span class=\"Y2IQFc\" lang=\"lt\"><strong>YarnArt Elite<\/strong> ir augst\u0101k\u0101s kvalit\u0101tes dzija, kas izgatavota no 100% akrila \u0161\u0137iedras. T\u0101 ir m\u012bksta, viegli apstr\u0101d\u0101jama un lieliski piem\u0113rota da\u017e\u0101diem ad\u012b\u0161anas un tambor\u0113\u0161anas projektiem. Pateicoties spilgtaj\u0101m kr\u0101s\u0101m, \u0161\u012b dzija ir ide\u0101li piem\u0113rota \u0161al\u013cu, cepuru, d\u017eemperu un citu izstr\u0101d\u0101jumu rad\u012b\u0161anai. Neatkar\u012bgi no t\u0101, vai esat ies\u0101c\u0113js vai pieredz\u0113jis amatnieks, <strong>YarnArt Elite<\/strong> noteikti b\u016bs j\u016bsu kolekcijas favor\u012bts.<\/span><\/p>\n<p dir=\"ltr\" data-placeholder=\"Vertimas\" data-ved=\"2ahUKEwiIjN-g75yLAxUicfEDHe2VLy0Q3ewLegQICBAV\" aria-label=\"Tulkotais teksts: YarnArt Elite ir augst\u0101k\u0101s kvalit\u0101tes dzija, kas izgatavota no 100% akrila \u0161\u0137iedras. T\u0101 ir m\u012bksta piesk\u0101rienam, ar to ir viegli str\u0101d\u0101t, un t\u0101 ir ide\u0101li piem\u0113rota da\u017e\u0101diem ad\u012b\u0161anas un tambor\u0113\u0161anas projektiem. Pateicoties da\u017e\u0101daj\u0101m ko\u0161aj\u0101m kr\u0101s\u0101m, \u0161\u012b dzija ir ide\u0101li piem\u0113rota skaistu \u0161al\u013cu, cepuru, d\u017eemperu un citu izstr\u0101d\u0101jumu rad\u012b\u0161anai. T\u0101s iztur\u012bgais, ve\u013cas ma\u0161\u012bn\u0101 mazg\u0101jamais dizains padara to par iecien\u012btu izv\u0113li visu prasmju l\u012bme\u0146u rokdarbnieku vid\u016b. Neatkar\u012bgi no t\u0101, vai esat ies\u0101c\u0113js vai pieredz\u0113jis rokdarbnieks, YarnArt Elite noteikti b\u016bs j\u016bsu iecien\u012bt\u0101k\u0101 dzija. YarnArt Elite Cena 14,00 AED Kr\u0101sa Izv\u0113lieties Daudzums 1 Pievienot grozam Apmaks\u0101t\"><img fetchpriority=\"high\" decoding=\"async\" class=\"alignnone size-medium wp-image-6604\" src=\"https:\/\/bitessiulai.lt\/wp-content\/uploads\/2025\/01\/YarnArt-ELITE-SET-3-Colors-Soft-Acrylic-Yarn-Crocheting-Yarn-Knitting-Yarn-2-Sport-Fine-Weight-Yarn-Amigurumi-Yarn-300x300.jpg\" alt=\"\" width=\"300\" height=\"300\" srcset=\"https:\/\/bitessiulai.lt\/wp-content\/uploads\/2025\/01\/YarnArt-ELITE-SET-3-Colors-Soft-Acrylic-Yarn-Crocheting-Yarn-Knitting-Yarn-2-Sport-Fine-Weight-Yarn-Amigurumi-Yarn-300x300.jpg 300w, https:\/\/bitessiulai.lt\/wp-content\/uploads\/2025\/01\/YarnArt-ELITE-SET-3-Colors-Soft-Acrylic-Yarn-Crocheting-Yarn-Knitting-Yarn-2-Sport-Fine-Weight-Yarn-Amigurumi-Yarn-150x150.jpg 150w, https:\/\/bitessiulai.lt\/wp-content\/uploads\/2025\/01\/YarnArt-ELITE-SET-3-Colors-Soft-Acrylic-Yarn-Crocheting-Yarn-Knitting-Yarn-2-Sport-Fine-Weight-Yarn-Amigurumi-Yarn-12x12.jpg 12w, https:\/\/bitessiulai.lt\/wp-content\/uploads\/2025\/01\/YarnArt-ELITE-SET-3-Colors-Soft-Acrylic-Yarn-Crocheting-Yarn-Knitting-Yarn-2-Sport-Fine-Weight-Yarn-Amigurumi-Yarn-600x600.jpg 600w, https:\/\/bitessiulai.lt\/wp-content\/uploads\/2025\/01\/YarnArt-ELITE-SET-3-Colors-Soft-Acrylic-Yarn-Crocheting-Yarn-Knitting-Yarn-2-Sport-Fine-Weight-Yarn-Amigurumi-Yarn-96x96.jpg 96w, https:\/\/bitessiulai.lt\/wp-content\/uploads\/2025\/01\/YarnArt-ELITE-SET-3-Colors-Soft-Acrylic-Yarn-Crocheting-Yarn-Knitting-Yarn-2-Sport-Fine-Weight-Yarn-Amigurumi-Yarn.jpg 736w\" sizes=\"(max-width: 300px) 100vw, 300px\" \/> <img decoding=\"async\" class=\"alignnone size-medium wp-image-6605\" src=\"https:\/\/bitessiulai.lt\/wp-content\/uploads\/2025\/01\/475254386_493381973452605_6853358212493342964_n-255x300.jpg\" alt=\"\" width=\"255\" height=\"300\" srcset=\"https:\/\/bitessiulai.lt\/wp-content\/uploads\/2025\/01\/475254386_493381973452605_6853358212493342964_n-255x300.jpg 255w, https:\/\/bitessiulai.lt\/wp-content\/uploads\/2025\/01\/475254386_493381973452605_6853358212493342964_n-869x1024.jpg 869w, https:\/\/bitessiulai.lt\/wp-content\/uploads\/2025\/01\/475254386_493381973452605_6853358212493342964_n-768x905.jpg 768w, https:\/\/bitessiulai.lt\/wp-content\/uploads\/2025\/01\/475254386_493381973452605_6853358212493342964_n-10x12.jpg 10w, https:\/\/bitessiulai.lt\/wp-content\/uploads\/2025\/01\/475254386_493381973452605_6853358212493342964_n-600x707.jpg 600w, https:\/\/bitessiulai.lt\/wp-content\/uploads\/2025\/01\/475254386_493381973452605_6853358212493342964_n-127x150.jpg 127w, https:\/\/bitessiulai.lt\/wp-content\/uploads\/2025\/01\/475254386_493381973452605_6853358212493342964_n.jpg 1133w\" sizes=\"(max-width: 255px) 100vw, 255px\" \/><\/p>\n<p dir=\"ltr\" data-placeholder=\"Vertimas\" data-ved=\"2ahUKEwiIjN-g75yLAxUicfEDHe2VLy0Q3ewLegQICBAV\" aria-label=\"Tulkotais teksts: YarnArt Elite ir augst\u0101k\u0101s kvalit\u0101tes dzija, kas izgatavota no 100% akrila \u0161\u0137iedras. T\u0101 ir m\u012bksta piesk\u0101rienam, ar to ir viegli str\u0101d\u0101t, un t\u0101 ir ide\u0101li piem\u0113rota da\u017e\u0101diem ad\u012b\u0161anas un tambor\u0113\u0161anas projektiem. Pateicoties da\u017e\u0101daj\u0101m ko\u0161aj\u0101m kr\u0101s\u0101m, \u0161\u012b dzija ir ide\u0101li piem\u0113rota skaistu \u0161al\u013cu, cepuru, d\u017eemperu un citu izstr\u0101d\u0101jumu rad\u012b\u0161anai. T\u0101s iztur\u012bgais, ve\u013cas ma\u0161\u012bn\u0101 mazg\u0101jamais dizains padara to par iecien\u012btu izv\u0113li visu prasmju l\u012bme\u0146u rokdarbnieku vid\u016b. Neatkar\u012bgi no t\u0101, vai esat ies\u0101c\u0113js vai pieredz\u0113jis rokdarbnieks, YarnArt Elite noteikti b\u016bs j\u016bsu iecien\u012bt\u0101k\u0101 dzija. YarnArt Elite Cena 14,00 AED Kr\u0101sa Izv\u0113lieties Daudzums 1 Pievienot grozam Apmaks\u0101t\">*Ekr\u0101n\u0101 redzam\u0101s kr\u0101sas var nedaudz at\u0161\u0137irties no faktisk\u0101s diegu kr\u0101sas.<\/p>","protected":false},"excerpt":{"rendered":"<p>Sast\u0101vs: 100% akrils<\/p>\n<p>Svars\/garums: 100 g = aptuveni 300 m.<\/p>\n<p>Ieteicamais adatu izm\u0113rs: 3,5 mm.<\/p>\n<p>Ieteicamais adatu izm\u0113rs: 3,5 mm.<\/p>","protected":false},"featured_media":6603,"comment_status":"open","ping_status":"closed","template":"","meta":[],"product_brand":[],"product_cat":[326,3320,177,178,173,174,175,255],"product_tag":[],"giftcard-category":[],"class_list":{"0":"post-6602","1":"product","2":"type-product","3":"status-publish","4":"has-post-thumbnail","6":"product_cat-akrilas","7":"product_cat-elite","8":"product_cat-mezgimo-siulai","9":"product_cat-nerimo-siulai","10":"product_cat-siulai","11":"product_cat-siulu-gamintojai","12":"product_cat-siulu-pluostai","13":"product_cat-yarnart","15":"first","16":"instock","17":"taxable","18":"shipping-taxable","19":"purchasable","20":"product-type-variable"},"_links":{"self":[{"href":"https:\/\/bitessiulai.lt\/lv\/wp-json\/wp\/v2\/product\/6602","targetHints":{"allow":["GET"]}}],"collection":[{"href":"https:\/\/bitessiulai.lt\/lv\/wp-json\/wp\/v2\/product"}],"about":[{"href":"https:\/\/bitessiulai.lt\/lv\/wp-json\/wp\/v2\/types\/product"}],"replies":[{"embeddable":true,"href":"https:\/\/bitessiulai.lt\/lv\/wp-json\/wp\/v2\/comments?post=6602"}],"version-history":[{"count":1,"href":"https:\/\/bitessiulai.lt\/lv\/wp-json\/wp\/v2\/product\/6602\/revisions"}],"predecessor-version":[{"id":25127,"href":"https:\/\/bitessiulai.lt\/lv\/wp-json\/wp\/v2\/product\/6602\/revisions\/25127"}],"wp:featuredmedia":[{"embeddable":true,"href":"https:\/\/bitessiulai.lt\/lv\/wp-json\/wp\/v2\/media\/6603"}],"wp:attachment":[{"href":"https:\/\/bitessiulai.lt\/lv\/wp-json\/wp\/v2\/media?parent=6602"}],"wp:term":[{"taxonomy":"product_brand","embeddable":true,"href":"https:\/\/bitessiulai.lt\/lv\/wp-json\/wp\/v2\/product_brand?post=6602"},{"taxonomy":"product_cat","embeddable":true,"href":"https:\/\/bitessiulai.lt\/lv\/wp-json\/wp\/v2\/product_cat?post=6602"},{"taxonomy":"product_tag","embeddable":true,"href":"https:\/\/bitessiulai.lt\/lv\/wp-json\/wp\/v2\/product_tag?post=6602"},{"taxonomy":"giftcard-category","embeddable":true,"href":"https:\/\/bitessiulai.lt\/lv\/wp-json\/wp\/v2\/giftcard-category?post=6602"}],"curies":[{"name":"wp","href":"https:\/\/api.w.org\/{rel}","templated":true}]}}