{"id":6428,"date":"2025-03-03T08:47:17","date_gmt":"2025-03-03T06:47:17","guid":{"rendered":"https:\/\/bitessiulai.lt\/?post_type=product&#038;p=6428"},"modified":"2026-05-10T12:01:22","modified_gmt":"2026-05-10T09:01:22","slug":"yarnart-jeans","status":"publish","type":"product","link":"https:\/\/bitessiulai.lt\/lv\/products\/yarnart-jeans\/","title":{"rendered":"YarnArt d\u017einsi"},"content":{"rendered":"<p id=\"tw-target-text\" class=\"tw-data-text tw-text-large tw-ta\" dir=\"ltr\" data-placeholder=\"Vertimas\" data-ved=\"2ahUKEwiHjZC-rJuLAxVwBNsEHfxWIM4Q3ewLegQICBAV\" aria-label=\"Tulkotais teksts: YarnArt Jeans ir viena no popul\u0101r\u0101kaj\u0101m dzij\u0101m visu rokdarbnieku vid\u016b ar pla\u0161u kr\u0101su gammu, kas vienlaikus pied\u0101v\u0101 gan paste\u013cto\u0146us, gan ko\u0161as kr\u0101sas. Pateicoties tekst\u016brai un kokvilnas saturam, t\u0101 ir piem\u0113rota visu veidu b\u0113rnu dr\u0113b\u0113m un amigurumi. Jeans dzijai ir gluda strukt\u016bra, t\u0101p\u0113c ar to var ad\u012bt lieliskus vasaras izstr\u0101d\u0101jumus. T\u0101 ir v\u0113lama ar\u012b iz\u0161\u016b\u0161anai ar perforatoru.\"><span class=\"Y2IQFc\" lang=\"lt\"><strong>YarnArt d\u017einsi<\/strong> \u2013 viena no visu amatnieku iem\u012b\u013cot\u0101kaj\u0101m dzij\u0101m ar pla\u0161u kr\u0101su gammu, s\u0101kot no paste\u013cto\u0146iem l\u012bdz spilgt\u0101kajiem to\u0146iem. Pateicoties tekst\u016brai un kokvilnas saturam, t\u0101 ir piem\u0113rota visu veidu b\u0113rnu dr\u0113b\u0113m. Tai ir gluda strukt\u016bra, t\u0101p\u0113c ar to var ad\u012bt lieliskus vasaras izstr\u0101d\u0101jumus.\u00a0<\/span><\/p>\n<p dir=\"ltr\" data-placeholder=\"Vertimas\" data-ved=\"2ahUKEwiHjZC-rJuLAxVwBNsEHfxWIM4Q3ewLegQICBAV\" aria-label=\"Tulkotais teksts: YarnArt Jeans ir viena no popul\u0101r\u0101kaj\u0101m dzij\u0101m visu rokdarbnieku vid\u016b ar pla\u0161u kr\u0101su gammu, kas vienlaikus pied\u0101v\u0101 gan paste\u013cto\u0146us, gan ko\u0161as kr\u0101sas. Pateicoties tekst\u016brai un kokvilnas saturam, t\u0101 ir piem\u0113rota visu veidu b\u0113rnu dr\u0113b\u0113m un amigurumi. Jeans dzijai ir gluda strukt\u016bra, t\u0101p\u0113c ar to var ad\u012bt lieliskus vasaras izstr\u0101d\u0101jumus. T\u0101 ir v\u0113lama ar\u012b iz\u0161\u016b\u0161anai ar perforatoru.\"><img fetchpriority=\"high\" decoding=\"async\" class=\"alignnone size-medium wp-image-6430\" src=\"https:\/\/bitessiulai.lt\/wp-content\/uploads\/2025\/01\/Jeans_20233321-300x300.jpg\" alt=\"\" width=\"300\" height=\"300\" srcset=\"https:\/\/bitessiulai.lt\/wp-content\/uploads\/2025\/01\/Jeans_20233321-300x300.jpg 300w, https:\/\/bitessiulai.lt\/wp-content\/uploads\/2025\/01\/Jeans_20233321-1024x1024.jpg 1024w, https:\/\/bitessiulai.lt\/wp-content\/uploads\/2025\/01\/Jeans_20233321-150x150.jpg 150w, https:\/\/bitessiulai.lt\/wp-content\/uploads\/2025\/01\/Jeans_20233321-768x768.jpg 768w, https:\/\/bitessiulai.lt\/wp-content\/uploads\/2025\/01\/Jeans_20233321-1536x1536.jpg 1536w, https:\/\/bitessiulai.lt\/wp-content\/uploads\/2025\/01\/Jeans_20233321-12x12.jpg 12w, https:\/\/bitessiulai.lt\/wp-content\/uploads\/2025\/01\/Jeans_20233321-600x600.jpg 600w, https:\/\/bitessiulai.lt\/wp-content\/uploads\/2025\/01\/Jeans_20233321-96x96.jpg 96w, https:\/\/bitessiulai.lt\/wp-content\/uploads\/2025\/01\/Jeans_20233321.jpg 2000w\" sizes=\"(max-width: 300px) 100vw, 300px\" \/> <img decoding=\"async\" class=\"alignnone size-medium wp-image-6431\" src=\"https:\/\/bitessiulai.lt\/wp-content\/uploads\/2025\/01\/Jeans_20233662-300x300.jpg\" alt=\"\" width=\"300\" height=\"300\" srcset=\"https:\/\/bitessiulai.lt\/wp-content\/uploads\/2025\/01\/Jeans_20233662-300x300.jpg 300w, https:\/\/bitessiulai.lt\/wp-content\/uploads\/2025\/01\/Jeans_20233662-1024x1024.jpg 1024w, https:\/\/bitessiulai.lt\/wp-content\/uploads\/2025\/01\/Jeans_20233662-150x150.jpg 150w, https:\/\/bitessiulai.lt\/wp-content\/uploads\/2025\/01\/Jeans_20233662-768x768.jpg 768w, https:\/\/bitessiulai.lt\/wp-content\/uploads\/2025\/01\/Jeans_20233662-1536x1536.jpg 1536w, https:\/\/bitessiulai.lt\/wp-content\/uploads\/2025\/01\/Jeans_20233662-12x12.jpg 12w, https:\/\/bitessiulai.lt\/wp-content\/uploads\/2025\/01\/Jeans_20233662-600x600.jpg 600w, https:\/\/bitessiulai.lt\/wp-content\/uploads\/2025\/01\/Jeans_20233662-96x96.jpg 96w, https:\/\/bitessiulai.lt\/wp-content\/uploads\/2025\/01\/Jeans_20233662.jpg 2000w\" sizes=\"(max-width: 300px) 100vw, 300px\" \/> <img decoding=\"async\" class=\"alignnone size-medium wp-image-6432\" src=\"https:\/\/bitessiulai.lt\/wp-content\/uploads\/2025\/01\/Jeans_Yarnart_242584-300x300.jpg\" alt=\"\" width=\"300\" height=\"300\" srcset=\"https:\/\/bitessiulai.lt\/wp-content\/uploads\/2025\/01\/Jeans_Yarnart_242584-300x300.jpg 300w, https:\/\/bitessiulai.lt\/wp-content\/uploads\/2025\/01\/Jeans_Yarnart_242584-1024x1024.jpg 1024w, https:\/\/bitessiulai.lt\/wp-content\/uploads\/2025\/01\/Jeans_Yarnart_242584-150x150.jpg 150w, https:\/\/bitessiulai.lt\/wp-content\/uploads\/2025\/01\/Jeans_Yarnart_242584-768x768.jpg 768w, https:\/\/bitessiulai.lt\/wp-content\/uploads\/2025\/01\/Jeans_Yarnart_242584-1536x1536.jpg 1536w, https:\/\/bitessiulai.lt\/wp-content\/uploads\/2025\/01\/Jeans_Yarnart_242584-12x12.jpg 12w, https:\/\/bitessiulai.lt\/wp-content\/uploads\/2025\/01\/Jeans_Yarnart_242584-600x600.jpg 600w, https:\/\/bitessiulai.lt\/wp-content\/uploads\/2025\/01\/Jeans_Yarnart_242584-96x96.jpg 96w, https:\/\/bitessiulai.lt\/wp-content\/uploads\/2025\/01\/Jeans_Yarnart_242584.jpg 2000w\" sizes=\"(max-width: 300px) 100vw, 300px\" \/> <img loading=\"lazy\" decoding=\"async\" class=\"alignnone size-medium wp-image-6433\" src=\"https:\/\/bitessiulai.lt\/wp-content\/uploads\/2025\/01\/Jeans_Yarnart_243015-300x300.jpg\" alt=\"\" width=\"300\" height=\"300\" srcset=\"https:\/\/bitessiulai.lt\/wp-content\/uploads\/2025\/01\/Jeans_Yarnart_243015-300x300.jpg 300w, https:\/\/bitessiulai.lt\/wp-content\/uploads\/2025\/01\/Jeans_Yarnart_243015-1024x1024.jpg 1024w, https:\/\/bitessiulai.lt\/wp-content\/uploads\/2025\/01\/Jeans_Yarnart_243015-150x150.jpg 150w, https:\/\/bitessiulai.lt\/wp-content\/uploads\/2025\/01\/Jeans_Yarnart_243015-768x768.jpg 768w, https:\/\/bitessiulai.lt\/wp-content\/uploads\/2025\/01\/Jeans_Yarnart_243015-1536x1536.jpg 1536w, https:\/\/bitessiulai.lt\/wp-content\/uploads\/2025\/01\/Jeans_Yarnart_243015-12x12.jpg 12w, https:\/\/bitessiulai.lt\/wp-content\/uploads\/2025\/01\/Jeans_Yarnart_243015-600x600.jpg 600w, https:\/\/bitessiulai.lt\/wp-content\/uploads\/2025\/01\/Jeans_Yarnart_243015-96x96.jpg 96w, https:\/\/bitessiulai.lt\/wp-content\/uploads\/2025\/01\/Jeans_Yarnart_243015.jpg 2000w\" sizes=\"(max-width: 300px) 100vw, 300px\" \/> <img loading=\"lazy\" decoding=\"async\" class=\"alignnone size-medium wp-image-6434\" src=\"https:\/\/bitessiulai.lt\/wp-content\/uploads\/2025\/01\/Jeans_Yarnart_243354-600x600-1-300x300.jpg\" alt=\"\" width=\"300\" height=\"300\" srcset=\"https:\/\/bitessiulai.lt\/wp-content\/uploads\/2025\/01\/Jeans_Yarnart_243354-600x600-1-300x300.jpg 300w, https:\/\/bitessiulai.lt\/wp-content\/uploads\/2025\/01\/Jeans_Yarnart_243354-600x600-1-150x150.jpg 150w, https:\/\/bitessiulai.lt\/wp-content\/uploads\/2025\/01\/Jeans_Yarnart_243354-600x600-1-12x12.jpg 12w, https:\/\/bitessiulai.lt\/wp-content\/uploads\/2025\/01\/Jeans_Yarnart_243354-600x600-1-96x96.jpg 96w, https:\/\/bitessiulai.lt\/wp-content\/uploads\/2025\/01\/Jeans_Yarnart_243354-600x600-1.jpg 600w\" sizes=\"(max-width: 300px) 100vw, 300px\" \/> <img loading=\"lazy\" decoding=\"async\" class=\"alignnone size-medium wp-image-6435\" src=\"https:\/\/bitessiulai.lt\/wp-content\/uploads\/2025\/01\/JEANS_Yarnart5813_SITE-300x300.jpg\" alt=\"\" width=\"300\" height=\"300\" srcset=\"https:\/\/bitessiulai.lt\/wp-content\/uploads\/2025\/01\/JEANS_Yarnart5813_SITE-300x300.jpg 300w, https:\/\/bitessiulai.lt\/wp-content\/uploads\/2025\/01\/JEANS_Yarnart5813_SITE-1024x1024.jpg 1024w, https:\/\/bitessiulai.lt\/wp-content\/uploads\/2025\/01\/JEANS_Yarnart5813_SITE-150x150.jpg 150w, https:\/\/bitessiulai.lt\/wp-content\/uploads\/2025\/01\/JEANS_Yarnart5813_SITE-768x768.jpg 768w, https:\/\/bitessiulai.lt\/wp-content\/uploads\/2025\/01\/JEANS_Yarnart5813_SITE-1536x1536.jpg 1536w, https:\/\/bitessiulai.lt\/wp-content\/uploads\/2025\/01\/JEANS_Yarnart5813_SITE-12x12.jpg 12w, https:\/\/bitessiulai.lt\/wp-content\/uploads\/2025\/01\/JEANS_Yarnart5813_SITE-600x600.jpg 600w, https:\/\/bitessiulai.lt\/wp-content\/uploads\/2025\/01\/JEANS_Yarnart5813_SITE-96x96.jpg 96w, https:\/\/bitessiulai.lt\/wp-content\/uploads\/2025\/01\/JEANS_Yarnart5813_SITE.jpg 2000w\" sizes=\"(max-width: 300px) 100vw, 300px\" \/><\/p>\n<p dir=\"ltr\" data-placeholder=\"Vertimas\" data-ved=\"2ahUKEwiHjZC-rJuLAxVwBNsEHfxWIM4Q3ewLegQICBAV\" aria-label=\"Tulkotais teksts: YarnArt Jeans ir viena no popul\u0101r\u0101kaj\u0101m dzij\u0101m visu rokdarbnieku vid\u016b ar pla\u0161u kr\u0101su gammu, kas vienlaikus pied\u0101v\u0101 gan paste\u013cto\u0146us, gan ko\u0161as kr\u0101sas. Pateicoties tekst\u016brai un kokvilnas saturam, t\u0101 ir piem\u0113rota visu veidu b\u0113rnu dr\u0113b\u0113m un amigurumi. Jeans dzijai ir gluda strukt\u016bra, t\u0101p\u0113c ar to var ad\u012bt lieliskus vasaras izstr\u0101d\u0101jumus. T\u0101 ir v\u0113lama ar\u012b iz\u0161\u016b\u0161anai ar perforatoru.\">*Ekr\u0101n\u0101 redzam\u0101s kr\u0101sas var nedaudz at\u0161\u0137irties no faktisk\u0101s diegu kr\u0101sas.<\/p>","protected":false},"excerpt":{"rendered":"<p>Sud\u0117tis: 55% medviln\u0117, 45% akrilas<\/p>\n<p>Svars\/garums: 50 g = aptuveni 160 m.<\/p>\n<p>Ieteicamais adatu izm\u0113rs: 3,5 mm.<\/p>\n<p>Ieteicamais adatu izm\u0113rs: 3,5 mm.<\/p>","protected":false},"featured_media":9091,"comment_status":"open","ping_status":"closed","template":"","meta":[],"product_brand":[],"product_cat":[15,326,3315,652,177,178,173,174,175,255],"product_tag":[],"giftcard-category":[],"class_list":{"0":"post-6428","1":"product","2":"type-product","3":"status-publish","4":"has-post-thumbnail","6":"product_cat-be-kategorijos","7":"product_cat-akrilas","8":"product_cat-jeans","9":"product_cat-medvilne","10":"product_cat-mezgimo-siulai","11":"product_cat-nerimo-siulai","12":"product_cat-siulai","13":"product_cat-siulu-gamintojai","14":"product_cat-siulu-pluostai","15":"product_cat-yarnart","17":"first","18":"instock","19":"taxable","20":"shipping-taxable","21":"purchasable","22":"product-type-variable"},"_links":{"self":[{"href":"https:\/\/bitessiulai.lt\/lv\/wp-json\/wp\/v2\/product\/6428","targetHints":{"allow":["GET"]}}],"collection":[{"href":"https:\/\/bitessiulai.lt\/lv\/wp-json\/wp\/v2\/product"}],"about":[{"href":"https:\/\/bitessiulai.lt\/lv\/wp-json\/wp\/v2\/types\/product"}],"replies":[{"embeddable":true,"href":"https:\/\/bitessiulai.lt\/lv\/wp-json\/wp\/v2\/comments?post=6428"}],"version-history":[{"count":1,"href":"https:\/\/bitessiulai.lt\/lv\/wp-json\/wp\/v2\/product\/6428\/revisions"}],"predecessor-version":[{"id":23706,"href":"https:\/\/bitessiulai.lt\/lv\/wp-json\/wp\/v2\/product\/6428\/revisions\/23706"}],"wp:featuredmedia":[{"embeddable":true,"href":"https:\/\/bitessiulai.lt\/lv\/wp-json\/wp\/v2\/media\/9091"}],"wp:attachment":[{"href":"https:\/\/bitessiulai.lt\/lv\/wp-json\/wp\/v2\/media?parent=6428"}],"wp:term":[{"taxonomy":"product_brand","embeddable":true,"href":"https:\/\/bitessiulai.lt\/lv\/wp-json\/wp\/v2\/product_brand?post=6428"},{"taxonomy":"product_cat","embeddable":true,"href":"https:\/\/bitessiulai.lt\/lv\/wp-json\/wp\/v2\/product_cat?post=6428"},{"taxonomy":"product_tag","embeddable":true,"href":"https:\/\/bitessiulai.lt\/lv\/wp-json\/wp\/v2\/product_tag?post=6428"},{"taxonomy":"giftcard-category","embeddable":true,"href":"https:\/\/bitessiulai.lt\/lv\/wp-json\/wp\/v2\/giftcard-category?post=6428"}],"curies":[{"name":"wp","href":"https:\/\/api.w.org\/{rel}","templated":true}]}}