{"id":5817,"date":"2025-02-06T14:04:15","date_gmt":"2025-02-06T12:04:15","guid":{"rendered":"https:\/\/bitessiulai.lt\/?post_type=product&#038;p=5817"},"modified":"2026-04-11T09:49:20","modified_gmt":"2026-04-11T06:49:20","slug":"drops-kid-silk","status":"publish","type":"product","link":"https:\/\/bitessiulai.lt\/lv\/products\/drops-kid-silk\/","title":{"rendered":"Drops Kid-Silk"},"content":{"rendered":"<p><strong>Drops Kid-Silk<\/strong>\u2013 viegla, p\u016bkaina dzija, \u0101rk\u0101rt\u012bgi m\u012bksta, izgatavota no 75% kid moh\u0113ras un 25% z\u012bdkoka z\u012bda.<\/p>\n<p>Moh\u0113ras \u0161\u0137iedra pie\u0161\u0137ir dzijai \u012bpa\u0161u siltumu un maigumu, savuk\u0101rt z\u012bda \u0161\u0137iedra pie\u0161\u0137ir smalku mirdzumu un unik\u0101lu maiguma saj\u016btu. \u0160\u012b kombin\u0101cija rada unik\u0101lu tekst\u016bru, kas k\u013c\u016bst par greznu pamatu ne tikai siltu, bet ar\u012b stil\u012bgu ap\u0123\u0113rbu vai aksesu\u0101ru rad\u012b\u0161anai.<\/p>\n<p><img fetchpriority=\"high\" decoding=\"async\" class=\"size-medium wp-image-5883 alignleft\" src=\"https:\/\/bitessiulai.lt\/wp-content\/uploads\/2025\/01\/image2-5-281x300.jpeg\" alt=\"\" width=\"281\" height=\"300\" srcset=\"https:\/\/bitessiulai.lt\/wp-content\/uploads\/2025\/01\/image2-5-281x300.jpeg 281w, https:\/\/bitessiulai.lt\/wp-content\/uploads\/2025\/01\/image2-5-959x1024.jpeg 959w, https:\/\/bitessiulai.lt\/wp-content\/uploads\/2025\/01\/image2-5-768x820.jpeg 768w, https:\/\/bitessiulai.lt\/wp-content\/uploads\/2025\/01\/image2-5-11x12.jpeg 11w, https:\/\/bitessiulai.lt\/wp-content\/uploads\/2025\/01\/image2-5-600x641.jpeg 600w, https:\/\/bitessiulai.lt\/wp-content\/uploads\/2025\/01\/image2-5-140x150.jpeg 140w, https:\/\/bitessiulai.lt\/wp-content\/uploads\/2025\/01\/image2-5.jpeg 1284w\" sizes=\"(max-width: 281px) 100vw, 281px\" \/><\/p>\n<p><img decoding=\"async\" class=\"size-medium wp-image-5885 alignnone\" src=\"https:\/\/bitessiulai.lt\/wp-content\/uploads\/2025\/01\/image0-6-284x300.jpeg\" alt=\"\" width=\"284\" height=\"300\" srcset=\"https:\/\/bitessiulai.lt\/wp-content\/uploads\/2025\/01\/image0-6-284x300.jpeg 284w, https:\/\/bitessiulai.lt\/wp-content\/uploads\/2025\/01\/image0-6-971x1024.jpeg 971w, https:\/\/bitessiulai.lt\/wp-content\/uploads\/2025\/01\/image0-6-768x810.jpeg 768w, https:\/\/bitessiulai.lt\/wp-content\/uploads\/2025\/01\/image0-6-11x12.jpeg 11w, https:\/\/bitessiulai.lt\/wp-content\/uploads\/2025\/01\/image0-6-600x633.jpeg 600w, https:\/\/bitessiulai.lt\/wp-content\/uploads\/2025\/01\/image0-6-142x150.jpeg 142w, https:\/\/bitessiulai.lt\/wp-content\/uploads\/2025\/01\/image0-6.jpeg 1284w\" sizes=\"(max-width: 284px) 100vw, 284px\" \/><\/p>\n<p><img decoding=\"async\" class=\"size-medium wp-image-5884 alignnone\" src=\"https:\/\/bitessiulai.lt\/wp-content\/uploads\/2025\/01\/image1-6-288x300.jpeg\" alt=\"\" width=\"288\" height=\"300\" srcset=\"https:\/\/bitessiulai.lt\/wp-content\/uploads\/2025\/01\/image1-6-288x300.jpeg 288w, https:\/\/bitessiulai.lt\/wp-content\/uploads\/2025\/01\/image1-6-983x1024.jpeg 983w, https:\/\/bitessiulai.lt\/wp-content\/uploads\/2025\/01\/image1-6-768x800.jpeg 768w, https:\/\/bitessiulai.lt\/wp-content\/uploads\/2025\/01\/image1-6-12x12.jpeg 12w, https:\/\/bitessiulai.lt\/wp-content\/uploads\/2025\/01\/image1-6-600x625.jpeg 600w, https:\/\/bitessiulai.lt\/wp-content\/uploads\/2025\/01\/image1-6-144x150.jpeg 144w, https:\/\/bitessiulai.lt\/wp-content\/uploads\/2025\/01\/image1-6.jpeg 1284w\" sizes=\"(max-width: 288px) 100vw, 288px\" \/><\/p>\n<div class=\"embed-responsive embed-responsive-16by9\"><iframe title=\"DROPS Kid-Silk - Br\u012bni\u0161\u0137\u012bgs superkid moh\u0113ras un z\u012bda mais\u012bjums\" width=\"540\" height=\"960\" src=\"https:\/\/www.youtube.com\/embed\/Nq2MLlHIrwQ?feature=oembed\" frameborder=\"0\" allow=\"accelerometer; autoplay; clipboard-write; encrypted-media; gyroscope; picture-in-picture; web-share\" referrerpolicy=\"strict-origin-when-cross-origin\" allowfullscreen><\/iframe><\/div>\n<p>*Ekr\u0101n\u0101 redzam\u0101s kr\u0101sas var nedaudz at\u0161\u0137irties no faktisk\u0101s diegu kr\u0101sas.<\/p>","protected":false},"excerpt":{"rendered":"<p>Sast\u0101vs: 75% moh\u0113ra, 25% z\u012bds<\/p>\n<p>Svars\/garums: 25 g = aptuveni 210 m.<\/p>\n<p>Ieteicamais adatu izm\u0113rs: 3,5 mm.<\/p>\n<p>&nbsp;<\/p>","protected":false},"featured_media":5822,"comment_status":"open","ping_status":"closed","template":"","meta":[],"product_brand":[],"product_cat":[15,256,217,3173,177,362,1283,173,174,175],"product_tag":[],"giftcard-category":[],"class_list":{"0":"post-5817","1":"product","2":"type-product","3":"status-publish","4":"has-post-thumbnail","6":"product_cat-be-kategorijos","7":"product_cat-drops","8":"product_cat-isparduotuve","9":"product_cat-kid-silk","10":"product_cat-mezgimo-siulai","11":"product_cat-mohera","12":"product_cat-silkas","13":"product_cat-siulai","14":"product_cat-siulu-gamintojai","15":"product_cat-siulu-pluostai","17":"first","18":"instock","19":"sale","20":"taxable","21":"shipping-taxable","22":"purchasable","23":"product-type-variable"},"_links":{"self":[{"href":"https:\/\/bitessiulai.lt\/lv\/wp-json\/wp\/v2\/product\/5817","targetHints":{"allow":["GET"]}}],"collection":[{"href":"https:\/\/bitessiulai.lt\/lv\/wp-json\/wp\/v2\/product"}],"about":[{"href":"https:\/\/bitessiulai.lt\/lv\/wp-json\/wp\/v2\/types\/product"}],"replies":[{"embeddable":true,"href":"https:\/\/bitessiulai.lt\/lv\/wp-json\/wp\/v2\/comments?post=5817"}],"version-history":[{"count":2,"href":"https:\/\/bitessiulai.lt\/lv\/wp-json\/wp\/v2\/product\/5817\/revisions"}],"predecessor-version":[{"id":22883,"href":"https:\/\/bitessiulai.lt\/lv\/wp-json\/wp\/v2\/product\/5817\/revisions\/22883"}],"wp:featuredmedia":[{"embeddable":true,"href":"https:\/\/bitessiulai.lt\/lv\/wp-json\/wp\/v2\/media\/5822"}],"wp:attachment":[{"href":"https:\/\/bitessiulai.lt\/lv\/wp-json\/wp\/v2\/media?parent=5817"}],"wp:term":[{"taxonomy":"product_brand","embeddable":true,"href":"https:\/\/bitessiulai.lt\/lv\/wp-json\/wp\/v2\/product_brand?post=5817"},{"taxonomy":"product_cat","embeddable":true,"href":"https:\/\/bitessiulai.lt\/lv\/wp-json\/wp\/v2\/product_cat?post=5817"},{"taxonomy":"product_tag","embeddable":true,"href":"https:\/\/bitessiulai.lt\/lv\/wp-json\/wp\/v2\/product_tag?post=5817"},{"taxonomy":"giftcard-category","embeddable":true,"href":"https:\/\/bitessiulai.lt\/lv\/wp-json\/wp\/v2\/giftcard-category?post=5817"}],"curies":[{"name":"wp","href":"https:\/\/api.w.org\/{rel}","templated":true}]}}