{"id":5171,"date":"2025-01-31T14:32:54","date_gmt":"2025-01-31T12:32:54","guid":{"rendered":"https:\/\/bitessiulai.lt\/?post_type=product&#038;p=5171"},"modified":"2026-05-17T11:52:25","modified_gmt":"2026-05-17T08:52:25","slug":"mezgejos-keramikinis-puodelis-500ml","status":"publish","type":"product","link":"https:\/\/bitessiulai.lt\/lv\/products\/mezgejos-keramikinis-puodelis-500ml\/","title":{"rendered":"Ad\u012bt\u0101ja keramikas kr\u016bze 500ml"},"content":{"rendered":"<h6>\u0160\u012b br\u012bni\u0161\u0137\u012bg\u0101 ad\u012bt\u0101jas keramikas kr\u016bze 500ml ieder\u0113sies ikvienai ad\u012bt\u0101jai! T\u0101 ir ar\u012b lieliska d\u0101vanas ideja \ud83d\ude42 Kr\u016bze ir izgatavota no augstas kvalit\u0101tes keramikas un dekor\u0113ta ar kr\u0101sainiem dzijas kamoliem.<\/h6>\n<p><strong>Izm\u0113rs:<\/strong> 500 ml<\/p>\n<p><strong>Materi\u0101ls:<\/strong> keramika<\/p>\n<ul>\n<li>Kr\u0101sas, ko redzat ekr\u0101n\u0101, un pre\u010du faktisk\u0101 kr\u0101sa var nedaudz at\u0161\u0137irties.<\/li>\n<\/ul>","protected":false},"excerpt":{"rendered":"<p>\u0160is nuostabus mezg\u0117jos keramikinis puodelis 500ml tiks kiekvienai mezg\u0117jai! Taip pat puiki id\u0117ja dovanai \ud83d\ude42 Puodelis pagamintas i\u0161 auk\u0161tos kokyb\u0117s keramikos ir papuo\u0161tas spalvingais si\u016bl\u0173 ritin\u0117liais. Dydis: 500ml Med\u017eiaga: keramika Ekrane matomos spalvos ir tikroji preki\u0173 spalva gali \u0161iek tiek skirtis<\/p>","protected":false},"featured_media":5172,"comment_status":"open","ping_status":"closed","template":"","meta":[],"product_brand":[],"product_cat":[15,916],"product_tag":[],"giftcard-category":[],"class_list":{"0":"post-5171","1":"product","2":"type-product","3":"status-publish","4":"has-post-thumbnail","6":"product_cat-be-kategorijos","7":"product_cat-kitos-priemones","9":"first","10":"instock","11":"taxable","12":"shipping-taxable","13":"purchasable","14":"product-type-simple"},"_links":{"self":[{"href":"https:\/\/bitessiulai.lt\/lv\/wp-json\/wp\/v2\/product\/5171","targetHints":{"allow":["GET"]}}],"collection":[{"href":"https:\/\/bitessiulai.lt\/lv\/wp-json\/wp\/v2\/product"}],"about":[{"href":"https:\/\/bitessiulai.lt\/lv\/wp-json\/wp\/v2\/types\/product"}],"replies":[{"embeddable":true,"href":"https:\/\/bitessiulai.lt\/lv\/wp-json\/wp\/v2\/comments?post=5171"}],"version-history":[{"count":1,"href":"https:\/\/bitessiulai.lt\/lv\/wp-json\/wp\/v2\/product\/5171\/revisions"}],"predecessor-version":[{"id":21677,"href":"https:\/\/bitessiulai.lt\/lv\/wp-json\/wp\/v2\/product\/5171\/revisions\/21677"}],"wp:featuredmedia":[{"embeddable":true,"href":"https:\/\/bitessiulai.lt\/lv\/wp-json\/wp\/v2\/media\/5172"}],"wp:attachment":[{"href":"https:\/\/bitessiulai.lt\/lv\/wp-json\/wp\/v2\/media?parent=5171"}],"wp:term":[{"taxonomy":"product_brand","embeddable":true,"href":"https:\/\/bitessiulai.lt\/lv\/wp-json\/wp\/v2\/product_brand?post=5171"},{"taxonomy":"product_cat","embeddable":true,"href":"https:\/\/bitessiulai.lt\/lv\/wp-json\/wp\/v2\/product_cat?post=5171"},{"taxonomy":"product_tag","embeddable":true,"href":"https:\/\/bitessiulai.lt\/lv\/wp-json\/wp\/v2\/product_tag?post=5171"},{"taxonomy":"giftcard-category","embeddable":true,"href":"https:\/\/bitessiulai.lt\/lv\/wp-json\/wp\/v2\/giftcard-category?post=5171"}],"curies":[{"name":"wp","href":"https:\/\/api.w.org\/{rel}","templated":true}]}}