{"id":5037,"date":"2025-02-07T11:50:58","date_gmt":"2025-02-07T09:50:58","guid":{"rendered":"https:\/\/bitessiulai.lt\/?post_type=product&#038;p=5037"},"modified":"2025-04-28T13:27:55","modified_gmt":"2025-04-28T10:27:55","slug":"7cm-lykke-driftwood-prisukamu-mediniu-virbalu-rinkinys-cacao","status":"publish","type":"product","link":"https:\/\/bitessiulai.lt\/lv\/products\/7cm-lykke-driftwood-prisukamu-mediniu-virbalu-rinkinys-cacao\/","title":{"rendered":"7 cm. LYKKE DRIFTWOOD skr\u016bv\u0113jamo koka iesmu komplekts CACAO"},"content":{"rendered":"<h6>LYKKE DRIFTWOOD skr\u016bv\u0113jamo koka iesmu komplekts CACAO:<\/h6>\n<ul>\n<li><strong>9 gab. skr\u016bv\u0113jami iesmi<\/strong> (<em>3,25 mm, 3,5 mm, 3,75 mm, 4,0 mm, 4,5 mm, 5,0 mm, 5,5 mm, 6,0 mm, 6,5 mm.)<\/em><\/li>\n<li><strong>4 ieskr\u016bv\u0113jamas l\u012bnijas<\/strong> ( <em>2 gab. x 40 cm, 1 gab. x 50 cm, 1 gab. x 60 cm)<\/em><\/li>\n<li><strong>2<\/strong>\u00a0l\u012bniju savienojumi,\u00a0<strong>8<\/strong>\u00a0bremzes,\u00a0<strong>4<\/strong> uzgrie\u017e\u0146u atsl\u0113gas. Tapas garums: 7<strong>cm<\/strong><\/li>\n<\/ul>\n<p>&nbsp;<\/p>\n<p><img fetchpriority=\"high\" decoding=\"async\" class=\"alignnone size-medium wp-image-5039\" src=\"https:\/\/bitessiulai.lt\/wp-content\/uploads\/2025\/01\/569d3a74c2558040d35599dc0fb30615-300x241.jpg\" alt=\"\" width=\"300\" height=\"241\" srcset=\"https:\/\/bitessiulai.lt\/wp-content\/uploads\/2025\/01\/569d3a74c2558040d35599dc0fb30615-300x241.jpg 300w, https:\/\/bitessiulai.lt\/wp-content\/uploads\/2025\/01\/569d3a74c2558040d35599dc0fb30615-15x12.jpg 15w, https:\/\/bitessiulai.lt\/wp-content\/uploads\/2025\/01\/569d3a74c2558040d35599dc0fb30615-600x482.jpg 600w, https:\/\/bitessiulai.lt\/wp-content\/uploads\/2025\/01\/569d3a74c2558040d35599dc0fb30615-150x120.jpg 150w, https:\/\/bitessiulai.lt\/wp-content\/uploads\/2025\/01\/569d3a74c2558040d35599dc0fb30615.jpg 736w\" sizes=\"(max-width: 300px) 100vw, 300px\" \/><\/p>\n<p><b>LYKKE DRIFTWOOD <\/b>\u2013 t\u0101s ir roku darbs, augstas kvalit\u0101tes adatas, kas izgatavotas no dab\u012bga b\u0113rza koka.<\/p>\n<p>Adat\u0101m ir savs unik\u0101ls kr\u0101su tonis, t\u0101p\u0113c katra komplekt\u0101 eso\u0161\u0101 adata var nedaudz at\u0161\u0137irties.<\/p>\n<p><span class=\"weight900\">Uz LYKKE<\/span> Adatu izm\u0113ri ir iegrav\u0113ti, komplekts ir iepakots skaist\u0101 eko \u0101das maci\u0146\u0101 ar kabat\u0101m, katram instrumentam ir sava vieta, t\u0101p\u0113c k\u0101rt\u012bba tie\u0161\u0101m ir garant\u0113ta \ud83d\ude42<\/p>","protected":false},"excerpt":{"rendered":"<p>LYKKE DRIFTWOOD prisukam\u0173 medini\u0173 virbal\u0173 rinkinys CACAO: 9vnt. prisukam\u0173 virbal\u0173 (3.25 mm, 3,5 mm, 3.75 mm, 4.0 mm, 4.5 mm, 5.0 mm, 5.5 mm, 6.0 mm, 6.5 mm.) 4vnt. prisukam\u0173 val\u0173 ( 2vnt. x 40 cm, 1vnt. x 50 cm, 1vnt. x 60 cm) 2\u00a0val\u0173 jungtys,\u00a08\u00a0stabd\u017eiukai,\u00a04 priver\u017eimo rakteliai. Virbal\u0173 ilgis: 7cm. &nbsp; LYKKE DRIFTWOOD \u2013 tai rank\u0173 darbo, auk\u0161tos kokyb\u0117s virbalai, pagaminti i\u0161 nat\u016bralios ber\u017eo medienos. Virbalai pasi\u017eymi savo unikaliu spalvos atpalviu, tod\u0117l kiekvienas virbalas rinkinyje gali \u0161iektiek skirtis. Ant LYKKE virbal\u0173 yra i\u0161graviruoti dyd\u017eiai, rinkinys pateiktas gra\u017eiame eko odos d\u0117kle su ki\u0161en\u0117liais, kiekviena priemon\u0117 turi savo viet\u0105, tod\u0117l tvarka tikrai garantuota \ud83d\ude42<\/p>","protected":false},"featured_media":5038,"comment_status":"open","ping_status":"closed","template":"","meta":[],"product_brand":[],"product_cat":[2124,180,181],"product_tag":[],"giftcard-category":[],"class_list":{"0":"post-5037","1":"product","2":"type-product","3":"status-publish","4":"has-post-thumbnail","6":"product_cat-lykke","7":"product_cat-mezgimo-priemones","8":"product_cat-virbalu-rinkiniai","10":"first","11":"instock","12":"taxable","13":"shipping-taxable","14":"purchasable","15":"product-type-simple"},"_links":{"self":[{"href":"https:\/\/bitessiulai.lt\/lv\/wp-json\/wp\/v2\/product\/5037","targetHints":{"allow":["GET"]}}],"collection":[{"href":"https:\/\/bitessiulai.lt\/lv\/wp-json\/wp\/v2\/product"}],"about":[{"href":"https:\/\/bitessiulai.lt\/lv\/wp-json\/wp\/v2\/types\/product"}],"replies":[{"embeddable":true,"href":"https:\/\/bitessiulai.lt\/lv\/wp-json\/wp\/v2\/comments?post=5037"}],"version-history":[{"count":0,"href":"https:\/\/bitessiulai.lt\/lv\/wp-json\/wp\/v2\/product\/5037\/revisions"}],"wp:featuredmedia":[{"embeddable":true,"href":"https:\/\/bitessiulai.lt\/lv\/wp-json\/wp\/v2\/media\/5038"}],"wp:attachment":[{"href":"https:\/\/bitessiulai.lt\/lv\/wp-json\/wp\/v2\/media?parent=5037"}],"wp:term":[{"taxonomy":"product_brand","embeddable":true,"href":"https:\/\/bitessiulai.lt\/lv\/wp-json\/wp\/v2\/product_brand?post=5037"},{"taxonomy":"product_cat","embeddable":true,"href":"https:\/\/bitessiulai.lt\/lv\/wp-json\/wp\/v2\/product_cat?post=5037"},{"taxonomy":"product_tag","embeddable":true,"href":"https:\/\/bitessiulai.lt\/lv\/wp-json\/wp\/v2\/product_tag?post=5037"},{"taxonomy":"giftcard-category","embeddable":true,"href":"https:\/\/bitessiulai.lt\/lv\/wp-json\/wp\/v2\/giftcard-category?post=5037"}],"curies":[{"name":"wp","href":"https:\/\/api.w.org\/{rel}","templated":true}]}}