{"id":4805,"date":"2024-12-23T11:35:18","date_gmt":"2024-12-23T09:35:18","guid":{"rendered":"https:\/\/bitessiulai.lt\/?post_type=product&#038;p=4805"},"modified":"2025-09-12T13:16:08","modified_gmt":"2025-09-12T10:16:08","slug":"yarnart-siulu-rinkinukas-6","status":"publish","type":"product","link":"https:\/\/bitessiulai.lt\/lv\/products\/yarnart-siulu-rinkinukas-6\/","title":{"rendered":"YarnArt diegu komplekts"},"content":{"rendered":"<h5 dir=\"auto\"><strong>YarnArt diegu komplekts:<\/strong><\/h5>\n<ul>\n<li>YarnArt Vista 4 gab.<\/li>\n<li>YarnArt Puma 2 gab.<\/li>\n<\/ul>\n<p>&nbsp;<\/p>\n<p><strong>YarnArt Vista<\/strong><\/p>\n<p><img fetchpriority=\"high\" decoding=\"async\" class=\"alignnone size-medium wp-image-4807\" src=\"https:\/\/bitessiulai.lt\/wp-content\/uploads\/2024\/12\/YARNART_VISTA_5301-600x600-1-300x300.jpg\" alt=\"\" width=\"300\" height=\"300\" srcset=\"https:\/\/bitessiulai.lt\/wp-content\/uploads\/2024\/12\/YARNART_VISTA_5301-600x600-1-300x300.jpg 300w, https:\/\/bitessiulai.lt\/wp-content\/uploads\/2024\/12\/YARNART_VISTA_5301-600x600-1-150x150.jpg 150w, https:\/\/bitessiulai.lt\/wp-content\/uploads\/2024\/12\/YARNART_VISTA_5301-600x600-1-12x12.jpg 12w, https:\/\/bitessiulai.lt\/wp-content\/uploads\/2024\/12\/YARNART_VISTA_5301-600x600-1-96x96.jpg 96w, https:\/\/bitessiulai.lt\/wp-content\/uploads\/2024\/12\/YARNART_VISTA_5301-600x600-1.jpg 600w\" sizes=\"(max-width: 300px) 100vw, 300px\" \/><\/p>\n<div dir=\"auto\">(Kr\u0101sa: 5301)<\/div>\n<ul>\n<li dir=\"auto\"><strong>Sast\u0101vs:<\/strong> 25% vilna, 75% akrils<\/li>\n<li dir=\"auto\"><strong>Svars\/garums:<\/strong> 100 gadi = aptuveni 280 gadi.<\/li>\n<li dir=\"auto\"><strong>Ieteicamais ad\u0101madatas izm\u0113rs:<\/strong> 4 mm.<\/li>\n<li dir=\"auto\"><strong>Ieteicamais v\u0101zes izm\u0113rs:<\/strong> 4 mm.<\/li>\n<\/ul>\n<p>&nbsp;<\/p>\n<p><span class=\"html-span xexx8yu x4uap5 x18d9i69 xkhd6sd x1hl2dhg x16tdsg8 x1vvkbs x3nfvp2 x1j61x8r x1fcty0u xdj266r xat24cr xgzva0m xhhsvwb xxymvpz xlup9mm x1kky2od\"><img decoding=\"async\" class=\"xz74otr\" src=\"https:\/\/static.xx.fbcdn.net\/images\/emoji.php\/v9\/t2d\/1\/16\/1f4cd.png\" alt=\"\ud83d\udccd\" width=\"16\" height=\"16\" \/><\/span> <strong>Cena \u20ac2,50<\/strong><\/p>\n<p>&nbsp;<\/p>\n<p><strong>YarnArt Samba<\/strong><\/p>\n<p><img decoding=\"async\" class=\"alignnone size-medium wp-image-4808\" src=\"https:\/\/bitessiulai.lt\/wp-content\/uploads\/2024\/12\/YARNART_SAMBA_A-64-600x600-1-300x300.jpg\" alt=\"\" width=\"300\" height=\"300\" srcset=\"https:\/\/bitessiulai.lt\/wp-content\/uploads\/2024\/12\/YARNART_SAMBA_A-64-600x600-1-300x300.jpg 300w, https:\/\/bitessiulai.lt\/wp-content\/uploads\/2024\/12\/YARNART_SAMBA_A-64-600x600-1-150x150.jpg 150w, https:\/\/bitessiulai.lt\/wp-content\/uploads\/2024\/12\/YARNART_SAMBA_A-64-600x600-1-12x12.jpg 12w, https:\/\/bitessiulai.lt\/wp-content\/uploads\/2024\/12\/YARNART_SAMBA_A-64-600x600-1-96x96.jpg 96w, https:\/\/bitessiulai.lt\/wp-content\/uploads\/2024\/12\/YARNART_SAMBA_A-64-600x600-1.jpg 600w\" sizes=\"(max-width: 300px) 100vw, 300px\" \/><\/p>\n<div dir=\"auto\">\n<div dir=\"auto\">\n<div dir=\"auto\">(Kr\u0101sa: A64)<\/div>\n<ul>\n<li dir=\"auto\"><strong>Sast\u0101vs:<\/strong> 100% poliesters<\/li>\n<li dir=\"auto\"><strong>Svars\/garums:<\/strong> 100 gadi = aptuveni 150 gadi.<\/li>\n<li dir=\"auto\"><strong>Ieteicamais ad\u0101madatas izm\u0113rs:<\/strong> 5,5 mm.<\/li>\n<li dir=\"auto\"><strong>Ieteicamais v\u0101zes izm\u0113rs:<\/strong> 5,5 mm.<\/li>\n<\/ul>\n<\/div>\n<\/div>\n<p>&nbsp;<\/p>\n<p><span class=\"html-span xexx8yu x4uap5 x18d9i69 xkhd6sd x1hl2dhg x16tdsg8 x1vvkbs x3nfvp2 x1j61x8r x1fcty0u xdj266r xat24cr xgzva0m xhhsvwb xxymvpz xlup9mm x1kky2od\"><img decoding=\"async\" class=\"xz74otr\" src=\"https:\/\/static.xx.fbcdn.net\/images\/emoji.php\/v9\/t2d\/1\/16\/1f4cd.png\" alt=\"\ud83d\udccd\" width=\"16\" height=\"16\" \/><\/span> <strong>Cena \u20ac1,50<\/strong><\/p>\n<div dir=\"auto\">\n<p>&nbsp;<\/p>\n<p><span class=\"html-span xexx8yu x4uap5 x18d9i69 xkhd6sd x1hl2dhg x16tdsg8 x1vvkbs x3nfvp2 x1j61x8r x1fcty0u xdj266r xat24cr xgzva0m xhhsvwb xxymvpz xlup9mm x1kky2od\"><img decoding=\"async\" class=\"xz74otr\" src=\"https:\/\/static.xx.fbcdn.net\/images\/emoji.php\/v9\/t2d\/1\/16\/1f4cd.png\" alt=\"\ud83d\udccd\" width=\"16\" height=\"16\" \/>Ja komplekts nav pieejams vai nepiecie\u0161ams liel\u0101ks daudzums, l\u016bdzu, sazinieties ar mums. <img decoding=\"async\" class=\"xz74otr\" src=\"https:\/\/static.xx.fbcdn.net\/images\/emoji.php\/v9\/t2d\/1\/16\/1f4cd.png\" alt=\"\ud83d\udccd\" width=\"16\" height=\"16\" \/><\/span><\/p>\n<div class=\"item\">\n<ul>\n<li class=\"text\">+370 672 44443<\/li>\n<\/ul>\n<\/div>\n<div class=\"item\">\n<ul>\n<li class=\"text\">info@bitessiulai.lt<\/li>\n<\/ul>\n<p>*Ekr\u0101n\u0101 redzamais YarnArt diegu komplekts var nedaudz at\u0161\u0137irties no faktisk\u0101s diegu kr\u0101sas.<\/p>\n<\/div>\n<\/div>\n<p>&nbsp;<\/p>","protected":false},"excerpt":{"rendered":"<p>YarnArt Si\u016bl\u0173 rinkinukas: YarnArt Vista 4vnt. YarnArt Piuma 2vnt. &nbsp; YarnArt Vista (Spalva: 5301) Sud\u0117tis: 25% vilna, 75% akrilas Svoris\/ilgis: 100 g.= ma\u017edaug 280 m. Rekomenduojamas virbal\u0173 dydis: 4 mm. Rekomenduojamas va\u0161elio dydis: 4 mm. &nbsp; Kaina 2,50\u20ac &nbsp; YarnArt Samba (Spalva: A64) Sud\u0117tis: 100% poliesteris Svoris\/ilgis: 100 g.= ma\u017edaug 150 m. Rekomenduojamas virbal\u0173 dydis: 5,5 mm. Rekomenduojamas va\u0161elio dydis: 5,5 mm. &nbsp; Kaina 1,50\u20ac &nbsp; Jeigu prekyboje rinkinio n\u0117ra arba reikalingas didesnis kiekis, susiekite su Mumis +370 672 44443 info@bitessiulai.lt *Ekrane matomas YarnArt Si\u016bl\u0173 rinkinys gali \u0161iek tiek skirtis nuo tikrosios si\u016bl\u0173 spalvos. &nbsp;<\/p>","protected":false},"featured_media":4806,"comment_status":"open","ping_status":"closed","template":"","meta":[],"product_brand":[],"product_cat":[176,3566],"product_tag":[],"giftcard-category":[],"class_list":{"0":"post-4805","1":"product","2":"type-product","3":"status-publish","4":"has-post-thumbnail","6":"product_cat-siulu-rinkinukai","7":"product_cat-rinkinukai-su-yarnart-vista","9":"first","10":"outofstock","11":"taxable","12":"shipping-taxable","13":"purchasable","14":"product-type-simple"},"_links":{"self":[{"href":"https:\/\/bitessiulai.lt\/lv\/wp-json\/wp\/v2\/product\/4805","targetHints":{"allow":["GET"]}}],"collection":[{"href":"https:\/\/bitessiulai.lt\/lv\/wp-json\/wp\/v2\/product"}],"about":[{"href":"https:\/\/bitessiulai.lt\/lv\/wp-json\/wp\/v2\/types\/product"}],"replies":[{"embeddable":true,"href":"https:\/\/bitessiulai.lt\/lv\/wp-json\/wp\/v2\/comments?post=4805"}],"version-history":[{"count":0,"href":"https:\/\/bitessiulai.lt\/lv\/wp-json\/wp\/v2\/product\/4805\/revisions"}],"wp:featuredmedia":[{"embeddable":true,"href":"https:\/\/bitessiulai.lt\/lv\/wp-json\/wp\/v2\/media\/4806"}],"wp:attachment":[{"href":"https:\/\/bitessiulai.lt\/lv\/wp-json\/wp\/v2\/media?parent=4805"}],"wp:term":[{"taxonomy":"product_brand","embeddable":true,"href":"https:\/\/bitessiulai.lt\/lv\/wp-json\/wp\/v2\/product_brand?post=4805"},{"taxonomy":"product_cat","embeddable":true,"href":"https:\/\/bitessiulai.lt\/lv\/wp-json\/wp\/v2\/product_cat?post=4805"},{"taxonomy":"product_tag","embeddable":true,"href":"https:\/\/bitessiulai.lt\/lv\/wp-json\/wp\/v2\/product_tag?post=4805"},{"taxonomy":"giftcard-category","embeddable":true,"href":"https:\/\/bitessiulai.lt\/lv\/wp-json\/wp\/v2\/giftcard-category?post=4805"}],"curies":[{"name":"wp","href":"https:\/\/api.w.org\/{rel}","templated":true}]}}