{"id":4047,"date":"2024-12-18T16:21:13","date_gmt":"2024-12-18T14:21:13","guid":{"rendered":"https:\/\/bitessiulai.lt\/?post_type=product&#038;p=4047"},"modified":"2026-03-14T19:10:13","modified_gmt":"2026-03-14T17:10:13","slug":"10cm-koshitsu-seeknit-curve-bambuko-prisukamu-virbalu-rinkinys","status":"publish","type":"product","link":"https:\/\/bitessiulai.lt\/lv\/products\/10cm-koshitsu-seeknit-curve-bambuko-prisukamu-virbalu-rinkinys\/","title":{"rendered":"10 cm. Koshitsu Seeknit CURVE bambusa ieskr\u016bv\u0113jamo ad\u0101madatu komplekts"},"content":{"rendered":"<h6><strong>10 cm. Koshitsu Seeknit CURVE bambusa ieskr\u016bv\u0113jamo ad\u0101madatu komplekts<\/strong><\/h6>\n<p id=\"tw-target-text\" class=\"tw-data-text tw-text-large tw-ta\" dir=\"ltr\" data-placeholder=\"Vertimas\" data-ved=\"2ahUKEwj16fbpw52LAxW8R_EDHRD_ECsQ3ewLegQICBAV\" aria-label=\"Tulkotais teksts: Seeknit ir Jap\u0101nas vec\u0101kais bambusa ad\u0101madatu ra\u017eot\u0101js. T\u0101 ir sena \u0123imenes r\u016bpn\u012bca ar lepn\u0101m meistar\u012bbas un kvalit\u0101tes trad\u012bcij\u0101m. Tiek izmantots tikai r\u016bp\u012bgi atlas\u012bts, iztur\u012bgs jap\u0101\u0146u bambuss no \u012bpa\u0161\u0101m plant\u0101cij\u0101m Nara apgabal\u0101. Koshitsu ir sena z\u0101\u013cu vanna un termisk\u0101 apstr\u0101de, kas padara iztur\u012bgo bambusu v\u0113l stipr\u0101ku. Koshitsu nodro\u0161ina ciet\u0101ku un iztur\u012bg\u0101ku virsmu, kurai vienlaikus ir dabiski m\u012bksts bambusa piesk\u0101riens.\"><span class=\"Y2IQFc\" lang=\"lt\"><strong>Seeknit<\/strong> ir vec\u0101kais bambusa ad\u0101madatu ra\u017eot\u0101js Jap\u0101n\u0101. T\u0101 ir sena \u0123imenes r\u016bpn\u012bca, kas ir sp\u0113c\u012bga meistar\u012bb\u0101 un kvalit\u0101t\u0113. Tiek izmantots tikai r\u016bp\u012bgi atlas\u012bts, iztur\u012bgs jap\u0101\u0146u bambuss no \u012bpa\u0161\u0101m plant\u0101cij\u0101m Nara apgabal\u0101. <\/span><\/p>\n<p><span class=\"Y2IQFc\" lang=\"lt\"><strong>Koshitshu<\/strong> ir sena augu vanna un termisk\u0101 apstr\u0101de, kas padara iztur\u012bgu bambusu v\u0113l stipr\u0101ku. Koshitsu nodro\u0161ina ciet\u0101ku un iztur\u012bg\u0101ku virsmu, kurai vienlaikus piem\u012bt bambusa dabiskais m\u012bkstums.<\/span><\/p>\n<p><strong>10 cm. Koshitsu Seeknit CURVE bambusa ieskr\u016bv\u0113jamo ad\u0101madatu komplekts<\/strong> \u00a0\u2013 \u0161\u012b ir izsmalcin\u0101ta un atjaunin\u0101ta kolekcija, kas lieliski sader\u0113s ar\u012b ar skr\u016bv\u0113jamajiem aksesu\u0101riem no parast\u0101s Seeknit ad\u0101madatu kolekcijas.<\/p>\n<p>Jaunais <strong>Seeknit l\u012bkne<\/strong> Kolekcijai rakstur\u012bga \u0101rk\u0101rt\u012bgi vienm\u0113r\u012bga p\u0101reja no adatas uz l\u012bniju. Adatu glud\u0101, veidot\u0101 un glud\u0101 forma \u013cauj dzijai viegli sl\u012bd\u0113t pa adatu virsmu, padarot jau t\u0101 pat\u012bkamo ad\u012b\u0161anu v\u0113l pat\u012bkam\u0101ku.<\/p>\n<p><strong>S izm\u0113ra komplekt\u0101 ietilpst:<\/strong><\/p>\n<ul>\n<li>4 ieskr\u016bv\u0113jami bambusa iesmi, 10 cm gari \u2013 (M1,8 tips 2,50 mm, 2,75 mm, 3,00 mm, 3,25 mm)<\/li>\n<li>3 gab. pieskr\u016bv\u0113jamas auklas (M1,8 tips 20 cm, 40 cm, 60 cm)<\/li>\n<li>1 savienot\u0101js<\/li>\n<li>2 gab. bremzes<\/li>\n<\/ul>\n<p><strong>M izm\u0113ra komplekt\u0101 ietilpst:<\/strong><\/p>\n<ul>\n<li>4 ieskr\u016bv\u0113jami bambusa iesmi, 10 cm gari \u2013 (M2 tips 3,50 mm, 4,00 mm, 4,50 mm, 5,00 mm)<\/li>\n<li>3 ieskr\u016bv\u0113jamas caurules (M2 tips 20 cm, 40 cm, 60 cm)<\/li>\n<li>1 savienot\u0101js<\/li>\n<li>2 gab. bremzes<\/li>\n<\/ul>\n<p><img fetchpriority=\"high\" decoding=\"async\" class=\"wp-image-4048 alignleft\" src=\"https:\/\/bitessiulai.lt\/wp-content\/uploads\/2024\/12\/Seeknit-Curve-Koshitsu-IC-Needle-Tips-10-cm-4inch_Small-768x551-1-300x215.jpg\" alt=\"\" width=\"279\" height=\"200\" srcset=\"https:\/\/bitessiulai.lt\/wp-content\/uploads\/2024\/12\/Seeknit-Curve-Koshitsu-IC-Needle-Tips-10-cm-4inch_Small-768x551-1-300x215.jpg 300w, https:\/\/bitessiulai.lt\/wp-content\/uploads\/2024\/12\/Seeknit-Curve-Koshitsu-IC-Needle-Tips-10-cm-4inch_Small-768x551-1-18x12.jpg 18w, https:\/\/bitessiulai.lt\/wp-content\/uploads\/2024\/12\/Seeknit-Curve-Koshitsu-IC-Needle-Tips-10-cm-4inch_Small-768x551-1-600x430.jpg 600w, https:\/\/bitessiulai.lt\/wp-content\/uploads\/2024\/12\/Seeknit-Curve-Koshitsu-IC-Needle-Tips-10-cm-4inch_Small-768x551-1-150x108.jpg 150w, https:\/\/bitessiulai.lt\/wp-content\/uploads\/2024\/12\/Seeknit-Curve-Koshitsu-IC-Needle-Tips-10-cm-4inch_Small-768x551-1.jpg 768w\" sizes=\"(max-width: 279px) 100vw, 279px\" \/><\/p>\n<p>&nbsp;<\/p>\n<p>&nbsp;<\/p>\n<p>&nbsp;<\/p>\n<p>&nbsp;<\/p>\n<p>&nbsp;<\/p>\n<p><img decoding=\"async\" class=\"wp-image-4050 alignleft\" src=\"https:\/\/bitessiulai.lt\/wp-content\/uploads\/2024\/12\/Seeknit-Curve-Koshitsu_IC-Needles-and-Stoppers_Image-300x200.jpg\" alt=\"\" width=\"285\" height=\"190\" srcset=\"https:\/\/bitessiulai.lt\/wp-content\/uploads\/2024\/12\/Seeknit-Curve-Koshitsu_IC-Needles-and-Stoppers_Image-300x200.jpg 300w, https:\/\/bitessiulai.lt\/wp-content\/uploads\/2024\/12\/Seeknit-Curve-Koshitsu_IC-Needles-and-Stoppers_Image-1024x682.jpg 1024w, https:\/\/bitessiulai.lt\/wp-content\/uploads\/2024\/12\/Seeknit-Curve-Koshitsu_IC-Needles-and-Stoppers_Image-768x512.jpg 768w, https:\/\/bitessiulai.lt\/wp-content\/uploads\/2024\/12\/Seeknit-Curve-Koshitsu_IC-Needles-and-Stoppers_Image-1536x1024.jpg 1536w, https:\/\/bitessiulai.lt\/wp-content\/uploads\/2024\/12\/Seeknit-Curve-Koshitsu_IC-Needles-and-Stoppers_Image-18x12.jpg 18w, https:\/\/bitessiulai.lt\/wp-content\/uploads\/2024\/12\/Seeknit-Curve-Koshitsu_IC-Needles-and-Stoppers_Image-600x400.jpg 600w, https:\/\/bitessiulai.lt\/wp-content\/uploads\/2024\/12\/Seeknit-Curve-Koshitsu_IC-Needles-and-Stoppers_Image-150x100.jpg 150w, https:\/\/bitessiulai.lt\/wp-content\/uploads\/2024\/12\/Seeknit-Curve-Koshitsu_IC-Needles-and-Stoppers_Image.jpg 2000w\" sizes=\"(max-width: 285px) 100vw, 285px\" \/><\/p>","protected":false},"excerpt":{"rendered":"<p>10cm. Koshitsu Seeknit CURVE bambuko prisukam\u0173 virbal\u0173 rinkinys Seeknit yra seniausias Japonijos bambuko mezgimo virbal\u0173 gamintojas. Tai sena \u0161eimai priklausanti gamykla, stiprus meistri\u0161kumas ir kokyb\u0117. Naudojamas tik kruop\u0161\u010diai atrinktas stiprus japoni\u0161kas bambukas i\u0161 speciali\u0173 plantacij\u0173 Naros apylink\u0117se. Koshitshu yra senovin\u0117 \u017eoleli\u0173 vonia ir terminis apdorojimas, d\u0117l kurio stiprus bambukas tampa dar stipresnis. Koshitsu suteikia kietesn\u012f ir tvirtesn\u012f pavir\u0161i\u0173, kuris tuo pat metu turi nat\u016bral\u0173 mink\u0161t\u0105 bambuko poj\u016bt\u012f. 10cm. Koshitsu Seeknit CURVE bambuko prisukam\u0173 virbal\u0173 rinkinys \u00a0\u2013 tai i\u0161tobulinta ir atnaujinta kolekcija, kuri puikiai tiks ir prie \u012fprastos Seeknit virbal\u0173 kolekcijos prisukam\u0173 pried\u0173. Naujoji Seeknit Curve kolekcija pasi\u017eymi ypatingai \u0161velniu per\u0117jimu nuo virbalo link valo. Aptaki, i\u0161formuota, i\u0161gludinta virbal\u0173 forma leid\u017eia lengvai si\u016blams slysti virbal\u0173 pavir\u0161iumi, o ir taip malonus mezgimas tampa dar malonesnis. S dyd\u017eio rinkin\u012f sudaro: 10cm. ilgio 4 prisukami bambuko virbalai &#8211; (M1.8 tipo 2.50mm., 2.75mm., 3.00mm., 3.25mm.) 3 vnt. prisukami valai (M1.8 tipo 20cm., 40cm., 60cm.) 1 vnt. sujung\u0117jas 2 vnt. stabd\u017eiukai M dyd\u017eio rink\u012f sudaro: 10cm. ilgio 4 prisukami bambuko virbalai &#8211; (M2 tipo 3.50mm., 4.00mm., 4.50mm., 5.00mm.) 3 vnt. prisukami valai (M2 tipo 20cm., 40cm., 60cm.) 1 vnt. sujung\u0117jas 2 vnt. stabd\u017eiukai &nbsp; &nbsp; &nbsp; &nbsp; &nbsp;<\/p>","protected":false},"featured_media":4056,"comment_status":"open","ping_status":"closed","template":"","meta":[],"product_brand":[],"product_cat":[180,2439,181],"product_tag":[],"giftcard-category":[],"class_list":{"0":"post-4047","1":"product","2":"type-product","3":"status-publish","4":"has-post-thumbnail","6":"product_cat-mezgimo-priemones","7":"product_cat-seeknit-mezgimo-priemoniu-gamintojai","8":"product_cat-virbalu-rinkiniai","10":"first","11":"instock","12":"taxable","13":"shipping-taxable","14":"purchasable","15":"product-type-variable"},"_links":{"self":[{"href":"https:\/\/bitessiulai.lt\/lv\/wp-json\/wp\/v2\/product\/4047","targetHints":{"allow":["GET"]}}],"collection":[{"href":"https:\/\/bitessiulai.lt\/lv\/wp-json\/wp\/v2\/product"}],"about":[{"href":"https:\/\/bitessiulai.lt\/lv\/wp-json\/wp\/v2\/types\/product"}],"replies":[{"embeddable":true,"href":"https:\/\/bitessiulai.lt\/lv\/wp-json\/wp\/v2\/comments?post=4047"}],"version-history":[{"count":0,"href":"https:\/\/bitessiulai.lt\/lv\/wp-json\/wp\/v2\/product\/4047\/revisions"}],"wp:featuredmedia":[{"embeddable":true,"href":"https:\/\/bitessiulai.lt\/lv\/wp-json\/wp\/v2\/media\/4056"}],"wp:attachment":[{"href":"https:\/\/bitessiulai.lt\/lv\/wp-json\/wp\/v2\/media?parent=4047"}],"wp:term":[{"taxonomy":"product_brand","embeddable":true,"href":"https:\/\/bitessiulai.lt\/lv\/wp-json\/wp\/v2\/product_brand?post=4047"},{"taxonomy":"product_cat","embeddable":true,"href":"https:\/\/bitessiulai.lt\/lv\/wp-json\/wp\/v2\/product_cat?post=4047"},{"taxonomy":"product_tag","embeddable":true,"href":"https:\/\/bitessiulai.lt\/lv\/wp-json\/wp\/v2\/product_tag?post=4047"},{"taxonomy":"giftcard-category","embeddable":true,"href":"https:\/\/bitessiulai.lt\/lv\/wp-json\/wp\/v2\/giftcard-category?post=4047"}],"curies":[{"name":"wp","href":"https:\/\/api.w.org\/{rel}","templated":true}]}}