{"id":3997,"date":"2024-12-18T15:01:24","date_gmt":"2024-12-18T13:01:24","guid":{"rendered":"https:\/\/bitessiulai.lt\/?post_type=product&#038;p=3997"},"modified":"2026-02-13T06:58:50","modified_gmt":"2026-02-13T04:58:50","slug":"yarnart-harmony","status":"publish","type":"product","link":"https:\/\/bitessiulai.lt\/lv\/products\/yarnart-harmony\/","title":{"rendered":"YarnArt Harmony"},"content":{"rendered":"<p id=\"tw-target-text\" class=\"tw-data-text tw-text-large tw-ta\" dir=\"ltr\" data-placeholder=\"Vertimas\" data-ved=\"2ahUKEwj6tt3UjJuLAxWMSPEDHS1INrIQ3ewLegQICBAV\" aria-label=\"Tulkotais teksts: \u0160\u012b biez\u0101 dzija apvieno lab\u0101ko no ab\u0101m pasaul\u0113m ar bag\u0101t\u012bgu 60 % vilnas un 40 % akrila mais\u012bjumu, nodro\u0161inot stil\u012bgu, bet praktisku apdari. Spilgtais raibais raksts var b\u016bt da\u017e\u0101dos kr\u0101sainos to\u0146os, padarot katru d\u016brienu unik\u0101lu. T\u0101 ir ide\u0101la izv\u0113le gan m\u0101j\u012bgiem ap\u0123\u0113rbiem, gan moderniem aksesu\u0101riem! \u0160\u012b ma\u0161\u012bn\u0101 mazg\u0101jam\u0101 dzija, kas rad\u012bta \u0113rt\u012bbai, pie\u0161\u0137ir j\u016bsu darin\u0101jumiem eleganci bez \u012bpa\u0161as kop\u0161anas. Grezn\u0101 virtu\u013ca forma nodro\u0161ina \u0113rtu lieto\u0161anu, padarot j\u016bsu rokdarbu pieredzi par vieglu!\"><span class=\"Y2IQFc\" lang=\"lt\"><strong>YarnArt Harmony<\/strong> \u2013 nodro\u0161ina stil\u012bgu, bet praktisku apdari. Spilgts, raibs raksts, kas padara katru d\u016brienu unik\u0101lu. T\u0101 ir ide\u0101la izv\u0113le gan ap\u0123\u0113rbu, gan aksesu\u0101ru ra\u017eo\u0161anai!<\/span><\/p>\n<p><img fetchpriority=\"high\" decoding=\"async\" class=\"alignnone size-medium wp-image-3982\" src=\"https:\/\/bitessiulai.lt\/wp-content\/uploads\/2024\/12\/HARMONY-300x300.jpg\" alt=\"\" width=\"300\" height=\"300\" srcset=\"https:\/\/bitessiulai.lt\/wp-content\/uploads\/2024\/12\/HARMONY-300x300.jpg 300w, https:\/\/bitessiulai.lt\/wp-content\/uploads\/2024\/12\/HARMONY-150x150.jpg 150w, https:\/\/bitessiulai.lt\/wp-content\/uploads\/2024\/12\/HARMONY-768x768.jpg 768w, https:\/\/bitessiulai.lt\/wp-content\/uploads\/2024\/12\/HARMONY-12x12.jpg 12w, https:\/\/bitessiulai.lt\/wp-content\/uploads\/2024\/12\/HARMONY-600x600.jpg 600w, https:\/\/bitessiulai.lt\/wp-content\/uploads\/2024\/12\/HARMONY-96x96.jpg 96w, https:\/\/bitessiulai.lt\/wp-content\/uploads\/2024\/12\/HARMONY.jpg 1000w\" sizes=\"(max-width: 300px) 100vw, 300px\" \/> <img decoding=\"async\" class=\"alignnone size-medium wp-image-3983\" src=\"https:\/\/bitessiulai.lt\/wp-content\/uploads\/2024\/12\/HARMONY_Yarnart4600_SITE-300x300.jpg\" alt=\"\" width=\"300\" height=\"300\" srcset=\"https:\/\/bitessiulai.lt\/wp-content\/uploads\/2024\/12\/HARMONY_Yarnart4600_SITE-300x300.jpg 300w, https:\/\/bitessiulai.lt\/wp-content\/uploads\/2024\/12\/HARMONY_Yarnart4600_SITE-1024x1024.jpg 1024w, https:\/\/bitessiulai.lt\/wp-content\/uploads\/2024\/12\/HARMONY_Yarnart4600_SITE-150x150.jpg 150w, https:\/\/bitessiulai.lt\/wp-content\/uploads\/2024\/12\/HARMONY_Yarnart4600_SITE-768x768.jpg 768w, https:\/\/bitessiulai.lt\/wp-content\/uploads\/2024\/12\/HARMONY_Yarnart4600_SITE-1536x1536.jpg 1536w, https:\/\/bitessiulai.lt\/wp-content\/uploads\/2024\/12\/HARMONY_Yarnart4600_SITE-12x12.jpg 12w, https:\/\/bitessiulai.lt\/wp-content\/uploads\/2024\/12\/HARMONY_Yarnart4600_SITE-600x600.jpg 600w, https:\/\/bitessiulai.lt\/wp-content\/uploads\/2024\/12\/HARMONY_Yarnart4600_SITE-96x96.jpg 96w, https:\/\/bitessiulai.lt\/wp-content\/uploads\/2024\/12\/HARMONY_Yarnart4600_SITE.jpg 2000w\" sizes=\"(max-width: 300px) 100vw, 300px\" \/> <img decoding=\"async\" class=\"alignnone size-medium wp-image-3984\" src=\"https:\/\/bitessiulai.lt\/wp-content\/uploads\/2024\/12\/HARMONY_Yarnart4894_SITE-300x300.jpg\" alt=\"\" width=\"300\" height=\"300\" srcset=\"https:\/\/bitessiulai.lt\/wp-content\/uploads\/2024\/12\/HARMONY_Yarnart4894_SITE-300x300.jpg 300w, https:\/\/bitessiulai.lt\/wp-content\/uploads\/2024\/12\/HARMONY_Yarnart4894_SITE-1024x1024.jpg 1024w, https:\/\/bitessiulai.lt\/wp-content\/uploads\/2024\/12\/HARMONY_Yarnart4894_SITE-150x150.jpg 150w, https:\/\/bitessiulai.lt\/wp-content\/uploads\/2024\/12\/HARMONY_Yarnart4894_SITE-768x768.jpg 768w, https:\/\/bitessiulai.lt\/wp-content\/uploads\/2024\/12\/HARMONY_Yarnart4894_SITE-1536x1536.jpg 1536w, https:\/\/bitessiulai.lt\/wp-content\/uploads\/2024\/12\/HARMONY_Yarnart4894_SITE-12x12.jpg 12w, https:\/\/bitessiulai.lt\/wp-content\/uploads\/2024\/12\/HARMONY_Yarnart4894_SITE-600x600.jpg 600w, https:\/\/bitessiulai.lt\/wp-content\/uploads\/2024\/12\/HARMONY_Yarnart4894_SITE-96x96.jpg 96w, https:\/\/bitessiulai.lt\/wp-content\/uploads\/2024\/12\/HARMONY_Yarnart4894_SITE.jpg 2000w\" sizes=\"(max-width: 300px) 100vw, 300px\" \/><\/p>\n<p>*Ekr\u0101n\u0101 redzam\u0101s kr\u0101sas var nedaudz at\u0161\u0137irties no faktisk\u0101s diegu kr\u0101sas.<\/p>","protected":false},"excerpt":{"rendered":"<p>Sast\u0101vs: 60% vilna, 40% akrils<\/p>\n<p>Svars\/garums: 50 g = aptuveni 80 m.<\/p>\n<p>Ieteicamais adatu izm\u0113rs: 5,5 mm.<\/p>\n<p>Ieteicamais adatu izm\u0113rs: 6,5 mm.<\/p>","protected":false},"featured_media":3981,"comment_status":"open","ping_status":"closed","template":"","meta":[],"product_brand":[],"product_cat":[326,3316,177,178,173,174,175,410,255],"product_tag":[],"giftcard-category":[],"class_list":{"0":"post-3997","1":"product","2":"type-product","3":"status-publish","4":"has-post-thumbnail","6":"product_cat-akrilas","7":"product_cat-harmony","8":"product_cat-mezgimo-siulai","9":"product_cat-nerimo-siulai","10":"product_cat-siulai","11":"product_cat-siulu-gamintojai","12":"product_cat-siulu-pluostai","13":"product_cat-vilna","14":"product_cat-yarnart","16":"first","17":"instock","18":"taxable","19":"shipping-taxable","20":"purchasable","21":"product-type-variable"},"_links":{"self":[{"href":"https:\/\/bitessiulai.lt\/lv\/wp-json\/wp\/v2\/product\/3997","targetHints":{"allow":["GET"]}}],"collection":[{"href":"https:\/\/bitessiulai.lt\/lv\/wp-json\/wp\/v2\/product"}],"about":[{"href":"https:\/\/bitessiulai.lt\/lv\/wp-json\/wp\/v2\/types\/product"}],"replies":[{"embeddable":true,"href":"https:\/\/bitessiulai.lt\/lv\/wp-json\/wp\/v2\/comments?post=3997"}],"version-history":[{"count":0,"href":"https:\/\/bitessiulai.lt\/lv\/wp-json\/wp\/v2\/product\/3997\/revisions"}],"wp:featuredmedia":[{"embeddable":true,"href":"https:\/\/bitessiulai.lt\/lv\/wp-json\/wp\/v2\/media\/3981"}],"wp:attachment":[{"href":"https:\/\/bitessiulai.lt\/lv\/wp-json\/wp\/v2\/media?parent=3997"}],"wp:term":[{"taxonomy":"product_brand","embeddable":true,"href":"https:\/\/bitessiulai.lt\/lv\/wp-json\/wp\/v2\/product_brand?post=3997"},{"taxonomy":"product_cat","embeddable":true,"href":"https:\/\/bitessiulai.lt\/lv\/wp-json\/wp\/v2\/product_cat?post=3997"},{"taxonomy":"product_tag","embeddable":true,"href":"https:\/\/bitessiulai.lt\/lv\/wp-json\/wp\/v2\/product_tag?post=3997"},{"taxonomy":"giftcard-category","embeddable":true,"href":"https:\/\/bitessiulai.lt\/lv\/wp-json\/wp\/v2\/giftcard-category?post=3997"}],"curies":[{"name":"wp","href":"https:\/\/api.w.org\/{rel}","templated":true}]}}