{"id":3838,"date":"2024-12-18T11:50:16","date_gmt":"2024-12-18T09:50:16","guid":{"rendered":"https:\/\/bitessiulai.lt\/?post_type=product&#038;p=3838"},"modified":"2026-04-16T09:33:37","modified_gmt":"2026-04-16T06:33:37","slug":"yarnart-charisma","status":"publish","type":"product","link":"https:\/\/bitessiulai.lt\/lv\/products\/yarnart-charisma\/","title":{"rendered":"YarnArt harizma"},"content":{"rendered":"<p id=\"tw-target-text\" class=\"tw-data-text tw-text-large tw-ta\" dir=\"ltr\" data-placeholder=\"Vertimas\" data-ved=\"2ahUKEwiWg6C1hZuLAxU2BdsEHXByE78Q3ewLegQICBAV\" aria-label=\"Tulkotais teksts: YarnArt Charisma ir lieliska dzija ziemas ad\u012b\u0161anai ar 80 % vilnu. T\u0101s kvalitat\u012bvais mais\u012bjums \u013cauj j\u016bsu ad\u012bjumiem ilgsto\u0161i saglab\u0101t iztur\u012bbu. D\u017eemperi, d\u017eemperi, jakas, cepures, kakla sild\u012bt\u0101ji un \u0161alles, kas ad\u012bti ar Charisma, sniedz lieliskus rezult\u0101tus. T\u0101s kr\u0101su palete ietver ziemas kr\u0101sas.\"><span class=\"Y2IQFc\" lang=\"lt\"><strong>YarnArt harizma<\/strong> ir lieliska dzija ziemas ad\u012b\u0161anai ar 80% vilnu. Augstas kvalit\u0101tes mais\u012bjums \u013cauj izveidot iztur\u012bgus izstr\u0101d\u0101jumus.\u00a0<\/span><\/p>\n<p dir=\"ltr\" data-placeholder=\"Vertimas\" data-ved=\"2ahUKEwiWg6C1hZuLAxU2BdsEHXByE78Q3ewLegQICBAV\" aria-label=\"Tulkotais teksts: YarnArt Charisma ir lieliska dzija ziemas ad\u012b\u0161anai ar 80 % vilnu. T\u0101s kvalitat\u012bvais mais\u012bjums \u013cauj j\u016bsu ad\u012bjumiem ilgsto\u0161i saglab\u0101t iztur\u012bbu. D\u017eemperi, d\u017eemperi, jakas, cepures, kakla sild\u012bt\u0101ji un \u0161alles, kas ad\u012bti ar Charisma, sniedz lieliskus rezult\u0101tus. T\u0101s kr\u0101su palete ietver ziemas kr\u0101sas.\"><img fetchpriority=\"high\" decoding=\"async\" class=\"alignnone wp-image-6224\" src=\"https:\/\/bitessiulai.lt\/wp-content\/uploads\/2024\/12\/ft5-300x176.jpg\" alt=\"\" width=\"433\" height=\"254\" srcset=\"https:\/\/bitessiulai.lt\/wp-content\/uploads\/2024\/12\/ft5-300x176.jpg 300w, https:\/\/bitessiulai.lt\/wp-content\/uploads\/2024\/12\/ft5-18x12.jpg 18w, https:\/\/bitessiulai.lt\/wp-content\/uploads\/2024\/12\/ft5-600x352.jpg 600w, https:\/\/bitessiulai.lt\/wp-content\/uploads\/2024\/12\/ft5-150x88.jpg 150w, https:\/\/bitessiulai.lt\/wp-content\/uploads\/2024\/12\/ft5.jpg 709w\" sizes=\"(max-width: 433px) 100vw, 433px\" \/> <img decoding=\"async\" class=\"alignnone size-medium wp-image-6225\" src=\"https:\/\/bitessiulai.lt\/wp-content\/uploads\/2024\/12\/cdff6d5e-980b-44a7-89d3-25a3ec6abf5e-300x300.jpg\" alt=\"\" width=\"300\" height=\"300\" srcset=\"https:\/\/bitessiulai.lt\/wp-content\/uploads\/2024\/12\/cdff6d5e-980b-44a7-89d3-25a3ec6abf5e-300x300.jpg 300w, https:\/\/bitessiulai.lt\/wp-content\/uploads\/2024\/12\/cdff6d5e-980b-44a7-89d3-25a3ec6abf5e-150x150.jpg 150w, https:\/\/bitessiulai.lt\/wp-content\/uploads\/2024\/12\/cdff6d5e-980b-44a7-89d3-25a3ec6abf5e-12x12.jpg 12w, https:\/\/bitessiulai.lt\/wp-content\/uploads\/2024\/12\/cdff6d5e-980b-44a7-89d3-25a3ec6abf5e-600x600.jpg 600w, https:\/\/bitessiulai.lt\/wp-content\/uploads\/2024\/12\/cdff6d5e-980b-44a7-89d3-25a3ec6abf5e-96x96.jpg 96w, https:\/\/bitessiulai.lt\/wp-content\/uploads\/2024\/12\/cdff6d5e-980b-44a7-89d3-25a3ec6abf5e.jpg 736w\" sizes=\"(max-width: 300px) 100vw, 300px\" \/><\/p>\n<p dir=\"ltr\" data-placeholder=\"Vertimas\" data-ved=\"2ahUKEwiWg6C1hZuLAxU2BdsEHXByE78Q3ewLegQICBAV\" aria-label=\"Tulkotais teksts: YarnArt Charisma ir lieliska dzija ziemas ad\u012b\u0161anai ar 80 % vilnu. T\u0101s kvalitat\u012bvais mais\u012bjums \u013cauj j\u016bsu ad\u012bjumiem ilgsto\u0161i saglab\u0101t iztur\u012bbu. D\u017eemperi, d\u017eemperi, jakas, cepures, kakla sild\u012bt\u0101ji un \u0161alles, kas ad\u012bti ar Charisma, sniedz lieliskus rezult\u0101tus. T\u0101s kr\u0101su palete ietver ziemas kr\u0101sas.\">*Ekr\u0101n\u0101 redzam\u0101s kr\u0101sas var nedaudz at\u0161\u0137irties no faktisk\u0101s diegu kr\u0101sas.<\/p>","protected":false},"excerpt":{"rendered":"<p>Sast\u0101vs: 75% vilna, 25% akrils<\/p>\n<p>Svars\/garums: 100 g = aptuveni 200 m.<\/p>\n<p>Ieteicamais adatu izm\u0113rs: 4 mm.<\/p>\n<p>Ieteicamais adatu izm\u0113rs: 5 mm.<\/p>","protected":false},"featured_media":3821,"comment_status":"open","ping_status":"closed","template":"","meta":[],"product_brand":[],"product_cat":[326,3327,177,178,173,174,175,410,255],"product_tag":[],"giftcard-category":[],"class_list":{"0":"post-3838","1":"product","2":"type-product","3":"status-publish","4":"has-post-thumbnail","6":"product_cat-akrilas","7":"product_cat-charisma","8":"product_cat-mezgimo-siulai","9":"product_cat-nerimo-siulai","10":"product_cat-siulai","11":"product_cat-siulu-gamintojai","12":"product_cat-siulu-pluostai","13":"product_cat-vilna","14":"product_cat-yarnart","16":"first","17":"instock","18":"taxable","19":"shipping-taxable","20":"purchasable","21":"product-type-variable"},"_links":{"self":[{"href":"https:\/\/bitessiulai.lt\/lv\/wp-json\/wp\/v2\/product\/3838","targetHints":{"allow":["GET"]}}],"collection":[{"href":"https:\/\/bitessiulai.lt\/lv\/wp-json\/wp\/v2\/product"}],"about":[{"href":"https:\/\/bitessiulai.lt\/lv\/wp-json\/wp\/v2\/types\/product"}],"replies":[{"embeddable":true,"href":"https:\/\/bitessiulai.lt\/lv\/wp-json\/wp\/v2\/comments?post=3838"}],"version-history":[{"count":0,"href":"https:\/\/bitessiulai.lt\/lv\/wp-json\/wp\/v2\/product\/3838\/revisions"}],"wp:featuredmedia":[{"embeddable":true,"href":"https:\/\/bitessiulai.lt\/lv\/wp-json\/wp\/v2\/media\/3821"}],"wp:attachment":[{"href":"https:\/\/bitessiulai.lt\/lv\/wp-json\/wp\/v2\/media?parent=3838"}],"wp:term":[{"taxonomy":"product_brand","embeddable":true,"href":"https:\/\/bitessiulai.lt\/lv\/wp-json\/wp\/v2\/product_brand?post=3838"},{"taxonomy":"product_cat","embeddable":true,"href":"https:\/\/bitessiulai.lt\/lv\/wp-json\/wp\/v2\/product_cat?post=3838"},{"taxonomy":"product_tag","embeddable":true,"href":"https:\/\/bitessiulai.lt\/lv\/wp-json\/wp\/v2\/product_tag?post=3838"},{"taxonomy":"giftcard-category","embeddable":true,"href":"https:\/\/bitessiulai.lt\/lv\/wp-json\/wp\/v2\/giftcard-category?post=3838"}],"curies":[{"name":"wp","href":"https:\/\/api.w.org\/{rel}","templated":true}]}}