{"id":3570,"date":"2024-12-15T17:01:33","date_gmt":"2024-12-15T15:01:33","guid":{"rendered":"https:\/\/bitessiulai.lt\/?post_type=product&#038;p=3570"},"modified":"2025-11-05T23:08:59","modified_gmt":"2025-11-05T21:08:59","slug":"yarnart-color-wave","status":"publish","type":"product","link":"https:\/\/bitessiulai.lt\/lv\/products\/yarnart-color-wave\/","title":{"rendered":"YarnArt kr\u0101su vilnis"},"content":{"rendered":"<p><strong>YarnArt kr\u0101su vilnis<\/strong> &#8211; <span class=\"Y2IQFc\" lang=\"lt\">\u00a0Skaista un m\u012bksta dzija. Lieliski piem\u0113rota apjom\u012bgiem rudens\/ziemas ad\u012bjumiem, lieliem \u0161all\u0113m un d\u017eemperiem.<\/span><\/p>\n<p>&nbsp;<\/p>\n<p><img fetchpriority=\"high\" decoding=\"async\" class=\"alignnone size-medium wp-image-3558\" src=\"https:\/\/bitessiulai.lt\/wp-content\/uploads\/2024\/12\/COLORWAVE-300x300.jpg\" alt=\"\" width=\"300\" height=\"300\" srcset=\"https:\/\/bitessiulai.lt\/wp-content\/uploads\/2024\/12\/COLORWAVE-300x300.jpg 300w, https:\/\/bitessiulai.lt\/wp-content\/uploads\/2024\/12\/COLORWAVE-150x150.jpg 150w, https:\/\/bitessiulai.lt\/wp-content\/uploads\/2024\/12\/COLORWAVE-768x768.jpg 768w, https:\/\/bitessiulai.lt\/wp-content\/uploads\/2024\/12\/COLORWAVE-12x12.jpg 12w, https:\/\/bitessiulai.lt\/wp-content\/uploads\/2024\/12\/COLORWAVE-600x600.jpg 600w, https:\/\/bitessiulai.lt\/wp-content\/uploads\/2024\/12\/COLORWAVE-96x96.jpg 96w, https:\/\/bitessiulai.lt\/wp-content\/uploads\/2024\/12\/COLORWAVE.jpg 1000w\" sizes=\"(max-width: 300px) 100vw, 300px\" \/><img decoding=\"async\" class=\"alignnone wp-image-6115\" src=\"https:\/\/bitessiulai.lt\/wp-content\/uploads\/2024\/12\/ft4-300x173.jpg\" alt=\"\" width=\"512\" height=\"295\" srcset=\"https:\/\/bitessiulai.lt\/wp-content\/uploads\/2024\/12\/ft4-300x173.jpg 300w, https:\/\/bitessiulai.lt\/wp-content\/uploads\/2024\/12\/ft4-18x10.jpg 18w, https:\/\/bitessiulai.lt\/wp-content\/uploads\/2024\/12\/ft4-600x346.jpg 600w, https:\/\/bitessiulai.lt\/wp-content\/uploads\/2024\/12\/ft4-150x86.jpg 150w, https:\/\/bitessiulai.lt\/wp-content\/uploads\/2024\/12\/ft4.jpg 703w\" sizes=\"(max-width: 512px) 100vw, 512px\" \/><\/p>\n<p>*Ekr\u0101n\u0101 redzam\u0101s kr\u0101sas var nedaudz at\u0161\u0137irties no faktisk\u0101s diegu kr\u0101sas.<\/p>","protected":false},"excerpt":{"rendered":"<p>Sast\u0101vs: 20% vilna, 80% akrils<\/p>\n<p>Svars\/garums: 200 g = aptuveni 160 m.<\/p>\n<p>Ieteicamais ad\u0101madatas izm\u0113rs: 10 mm.<\/p>\n<p>Ieteicamais adatu izm\u0113rs: 10 mm.<\/p>","protected":false},"featured_media":3564,"comment_status":"open","ping_status":"closed","template":"","meta":[],"product_brand":[],"product_cat":[326,3323,217,177,178,173,174,175,410,255],"product_tag":[],"giftcard-category":[],"class_list":{"0":"post-3570","1":"product","2":"type-product","3":"status-publish","4":"has-post-thumbnail","6":"product_cat-akrilas","7":"product_cat-color-wave","8":"product_cat-isparduotuve","9":"product_cat-mezgimo-siulai","10":"product_cat-nerimo-siulai","11":"product_cat-siulai","12":"product_cat-siulu-gamintojai","13":"product_cat-siulu-pluostai","14":"product_cat-vilna","15":"product_cat-yarnart","17":"first","18":"instock","19":"sale","20":"taxable","21":"shipping-taxable","22":"purchasable","23":"product-type-variable"},"_links":{"self":[{"href":"https:\/\/bitessiulai.lt\/lv\/wp-json\/wp\/v2\/product\/3570","targetHints":{"allow":["GET"]}}],"collection":[{"href":"https:\/\/bitessiulai.lt\/lv\/wp-json\/wp\/v2\/product"}],"about":[{"href":"https:\/\/bitessiulai.lt\/lv\/wp-json\/wp\/v2\/types\/product"}],"replies":[{"embeddable":true,"href":"https:\/\/bitessiulai.lt\/lv\/wp-json\/wp\/v2\/comments?post=3570"}],"version-history":[{"count":0,"href":"https:\/\/bitessiulai.lt\/lv\/wp-json\/wp\/v2\/product\/3570\/revisions"}],"wp:featuredmedia":[{"embeddable":true,"href":"https:\/\/bitessiulai.lt\/lv\/wp-json\/wp\/v2\/media\/3564"}],"wp:attachment":[{"href":"https:\/\/bitessiulai.lt\/lv\/wp-json\/wp\/v2\/media?parent=3570"}],"wp:term":[{"taxonomy":"product_brand","embeddable":true,"href":"https:\/\/bitessiulai.lt\/lv\/wp-json\/wp\/v2\/product_brand?post=3570"},{"taxonomy":"product_cat","embeddable":true,"href":"https:\/\/bitessiulai.lt\/lv\/wp-json\/wp\/v2\/product_cat?post=3570"},{"taxonomy":"product_tag","embeddable":true,"href":"https:\/\/bitessiulai.lt\/lv\/wp-json\/wp\/v2\/product_tag?post=3570"},{"taxonomy":"giftcard-category","embeddable":true,"href":"https:\/\/bitessiulai.lt\/lv\/wp-json\/wp\/v2\/giftcard-category?post=3570"}],"curies":[{"name":"wp","href":"https:\/\/api.w.org\/{rel}","templated":true}]}}