{"id":3370,"date":"2024-12-14T17:24:12","date_gmt":"2024-12-14T15:24:12","guid":{"rendered":"https:\/\/bitessiulai.lt\/?post_type=product&#038;p=3370"},"modified":"2026-04-07T22:42:40","modified_gmt":"2026-04-07T19:42:40","slug":"yarnart-shetland","status":"publish","type":"product","link":"https:\/\/bitessiulai.lt\/lv\/products\/yarnart-shetland\/","title":{"rendered":"YarnArt Shetland"},"content":{"rendered":"<p><b>YarnArt Shetland<\/b> \u2013 augstas kvalit\u0101tes dzija, kas ir ide\u0101li piem\u0113rota ad\u012b\u0161anai un tambor\u0113\u0161anai. \u0160\u012b dzija satur 70\u00a0% % akrila un 30\u00a0% % vilnas dzijas, padarot to ide\u0101li piem\u0113rotu da\u017e\u0101diem ad\u012b\u0161anas projektiem \u2013 s\u0101kot no d\u017eemperiem un \u0161all\u0113m l\u012bdz pat seg\u0101m un aksesu\u0101riem. Dzija ir silta, m\u012bksta un iztur\u012bga, t\u0101p\u0113c j\u016bsu ad\u012bjumi b\u016bs ne tikai stil\u012bgi, bet ar\u012b ilgi kalpos.<\/p>\n<p><img fetchpriority=\"high\" decoding=\"async\" class=\"alignnone size-medium wp-image-3371\" src=\"https:\/\/bitessiulai.lt\/wp-content\/uploads\/2024\/12\/SHETLAND-600x600-1-300x300.jpg\" alt=\"\" width=\"300\" height=\"300\" srcset=\"https:\/\/bitessiulai.lt\/wp-content\/uploads\/2024\/12\/SHETLAND-600x600-1-300x300.jpg 300w, https:\/\/bitessiulai.lt\/wp-content\/uploads\/2024\/12\/SHETLAND-600x600-1-150x150.jpg 150w, https:\/\/bitessiulai.lt\/wp-content\/uploads\/2024\/12\/SHETLAND-600x600-1-12x12.jpg 12w, https:\/\/bitessiulai.lt\/wp-content\/uploads\/2024\/12\/SHETLAND-600x600-1-96x96.jpg 96w, https:\/\/bitessiulai.lt\/wp-content\/uploads\/2024\/12\/SHETLAND-600x600-1.jpg 600w\" sizes=\"(max-width: 300px) 100vw, 300px\" \/> <img decoding=\"async\" class=\"alignnone size-medium wp-image-3369\" src=\"https:\/\/bitessiulai.lt\/wp-content\/uploads\/2024\/12\/Shetland_Yarnart_242160-300x300.jpg\" alt=\"\" width=\"300\" height=\"300\" srcset=\"https:\/\/bitessiulai.lt\/wp-content\/uploads\/2024\/12\/Shetland_Yarnart_242160-300x300.jpg 300w, https:\/\/bitessiulai.lt\/wp-content\/uploads\/2024\/12\/Shetland_Yarnart_242160-1024x1024.jpg 1024w, https:\/\/bitessiulai.lt\/wp-content\/uploads\/2024\/12\/Shetland_Yarnart_242160-150x150.jpg 150w, https:\/\/bitessiulai.lt\/wp-content\/uploads\/2024\/12\/Shetland_Yarnart_242160-768x768.jpg 768w, https:\/\/bitessiulai.lt\/wp-content\/uploads\/2024\/12\/Shetland_Yarnart_242160-1536x1536.jpg 1536w, https:\/\/bitessiulai.lt\/wp-content\/uploads\/2024\/12\/Shetland_Yarnart_242160-12x12.jpg 12w, https:\/\/bitessiulai.lt\/wp-content\/uploads\/2024\/12\/Shetland_Yarnart_242160-600x600.jpg 600w, https:\/\/bitessiulai.lt\/wp-content\/uploads\/2024\/12\/Shetland_Yarnart_242160-96x96.jpg 96w, https:\/\/bitessiulai.lt\/wp-content\/uploads\/2024\/12\/Shetland_Yarnart_242160.jpg 2000w\" sizes=\"(max-width: 300px) 100vw, 300px\" \/> <img decoding=\"async\" class=\"alignnone size-medium wp-image-3368\" src=\"https:\/\/bitessiulai.lt\/wp-content\/uploads\/2024\/12\/shetland_20232560-300x300.jpg\" alt=\"\" width=\"300\" height=\"300\" srcset=\"https:\/\/bitessiulai.lt\/wp-content\/uploads\/2024\/12\/shetland_20232560-300x300.jpg 300w, https:\/\/bitessiulai.lt\/wp-content\/uploads\/2024\/12\/shetland_20232560-1024x1024.jpg 1024w, https:\/\/bitessiulai.lt\/wp-content\/uploads\/2024\/12\/shetland_20232560-150x150.jpg 150w, https:\/\/bitessiulai.lt\/wp-content\/uploads\/2024\/12\/shetland_20232560-768x768.jpg 768w, https:\/\/bitessiulai.lt\/wp-content\/uploads\/2024\/12\/shetland_20232560-1536x1536.jpg 1536w, https:\/\/bitessiulai.lt\/wp-content\/uploads\/2024\/12\/shetland_20232560-12x12.jpg 12w, https:\/\/bitessiulai.lt\/wp-content\/uploads\/2024\/12\/shetland_20232560-600x600.jpg 600w, https:\/\/bitessiulai.lt\/wp-content\/uploads\/2024\/12\/shetland_20232560-96x96.jpg 96w, https:\/\/bitessiulai.lt\/wp-content\/uploads\/2024\/12\/shetland_20232560.jpg 2000w\" sizes=\"(max-width: 300px) 100vw, 300px\" \/><\/p>\n<p>*Ekr\u0101n\u0101 redzam\u0101s YarnArt Shetland dzijas kr\u0101sas var nedaudz at\u0161\u0137irties no faktisk\u0101s dzijas kr\u0101sas.<\/p>","protected":false},"excerpt":{"rendered":"<p>Sast\u0101vs: 30% vilna, 70% akrils<\/p>\n<p>Svars\/garums: 100 g = aptuveni 220 m.<\/p>\n<p>Ieteicamais adatu izm\u0113rs: 4,5 mm.<\/p>\n<p>Ieteicamais adatu izm\u0113rs: 5 mm.<\/p>","protected":false},"featured_media":3372,"comment_status":"open","ping_status":"closed","template":"","meta":[],"product_brand":[],"product_cat":[326,177,178,3305,173,174,175,410,255],"product_tag":[],"giftcard-category":[],"class_list":{"0":"post-3370","1":"product","2":"type-product","3":"status-publish","4":"has-post-thumbnail","6":"product_cat-akrilas","7":"product_cat-mezgimo-siulai","8":"product_cat-nerimo-siulai","9":"product_cat-shetland","10":"product_cat-siulai","11":"product_cat-siulu-gamintojai","12":"product_cat-siulu-pluostai","13":"product_cat-vilna","14":"product_cat-yarnart","16":"first","17":"instock","18":"taxable","19":"shipping-taxable","20":"purchasable","21":"product-type-variable"},"_links":{"self":[{"href":"https:\/\/bitessiulai.lt\/lv\/wp-json\/wp\/v2\/product\/3370","targetHints":{"allow":["GET"]}}],"collection":[{"href":"https:\/\/bitessiulai.lt\/lv\/wp-json\/wp\/v2\/product"}],"about":[{"href":"https:\/\/bitessiulai.lt\/lv\/wp-json\/wp\/v2\/types\/product"}],"replies":[{"embeddable":true,"href":"https:\/\/bitessiulai.lt\/lv\/wp-json\/wp\/v2\/comments?post=3370"}],"version-history":[{"count":0,"href":"https:\/\/bitessiulai.lt\/lv\/wp-json\/wp\/v2\/product\/3370\/revisions"}],"wp:featuredmedia":[{"embeddable":true,"href":"https:\/\/bitessiulai.lt\/lv\/wp-json\/wp\/v2\/media\/3372"}],"wp:attachment":[{"href":"https:\/\/bitessiulai.lt\/lv\/wp-json\/wp\/v2\/media?parent=3370"}],"wp:term":[{"taxonomy":"product_brand","embeddable":true,"href":"https:\/\/bitessiulai.lt\/lv\/wp-json\/wp\/v2\/product_brand?post=3370"},{"taxonomy":"product_cat","embeddable":true,"href":"https:\/\/bitessiulai.lt\/lv\/wp-json\/wp\/v2\/product_cat?post=3370"},{"taxonomy":"product_tag","embeddable":true,"href":"https:\/\/bitessiulai.lt\/lv\/wp-json\/wp\/v2\/product_tag?post=3370"},{"taxonomy":"giftcard-category","embeddable":true,"href":"https:\/\/bitessiulai.lt\/lv\/wp-json\/wp\/v2\/giftcard-category?post=3370"}],"curies":[{"name":"wp","href":"https:\/\/api.w.org\/{rel}","templated":true}]}}