{"id":3210,"date":"2024-12-14T15:45:06","date_gmt":"2024-12-14T13:45:06","guid":{"rendered":"https:\/\/bitessiulai.lt\/?post_type=product&#038;p=3210"},"modified":"2026-05-06T16:11:30","modified_gmt":"2026-05-06T13:11:30","slug":"yarnart-mohair-trendy","status":"publish","type":"product","link":"https:\/\/bitessiulai.lt\/lv\/products\/yarnart-mohair-trendy\/","title":{"rendered":"YarnArt Moh\u0113ra Trendy"},"content":{"rendered":"<p><strong>YarnArt Moh\u0113ra Trendy<\/strong> \u2013 skaista dzija, kas j\u016bsu ad\u012b\u0161anas un tambor\u0113\u0161anas projektiem pie\u0161\u0137ir unik\u0101lu vieglumu un eleganci. \u0160o dziju smalk\u0101 tekst\u016bra \u013cauj rad\u012bt grezna izskata izstr\u0101d\u0101jumus, kas ir gan viegli, gan silti. Tie ir lieliski piem\u0113roti d\u017eemperiem vai \u0161all\u0113m.<\/p>\n<p>P\u016bkain\u0101 strukt\u016bra padara ap\u0123\u0113rbu m\u012bkstu un p\u016bkainu. Moh\u0113ru Trendy var lietot atsevi\u0161\u0137i vai kop\u0101 ar citiem pavedieniem ar at\u0161\u0137ir\u012bgu vai l\u012bdz\u012bgu tekst\u016bru.<\/p>\n<p>&nbsp;<\/p>\n<p><img fetchpriority=\"high\" decoding=\"async\" class=\"alignnone size-medium wp-image-3206\" src=\"https:\/\/bitessiulai.lt\/wp-content\/uploads\/2024\/12\/Mohair_trendy_Milano_20232513-300x300.jpg\" alt=\"\" width=\"300\" height=\"300\" srcset=\"https:\/\/bitessiulai.lt\/wp-content\/uploads\/2024\/12\/Mohair_trendy_Milano_20232513-300x300.jpg 300w, https:\/\/bitessiulai.lt\/wp-content\/uploads\/2024\/12\/Mohair_trendy_Milano_20232513-1024x1024.jpg 1024w, https:\/\/bitessiulai.lt\/wp-content\/uploads\/2024\/12\/Mohair_trendy_Milano_20232513-150x150.jpg 150w, https:\/\/bitessiulai.lt\/wp-content\/uploads\/2024\/12\/Mohair_trendy_Milano_20232513-768x768.jpg 768w, https:\/\/bitessiulai.lt\/wp-content\/uploads\/2024\/12\/Mohair_trendy_Milano_20232513-1536x1536.jpg 1536w, https:\/\/bitessiulai.lt\/wp-content\/uploads\/2024\/12\/Mohair_trendy_Milano_20232513-12x12.jpg 12w, https:\/\/bitessiulai.lt\/wp-content\/uploads\/2024\/12\/Mohair_trendy_Milano_20232513-600x600.jpg 600w, https:\/\/bitessiulai.lt\/wp-content\/uploads\/2024\/12\/Mohair_trendy_Milano_20232513-96x96.jpg 96w, https:\/\/bitessiulai.lt\/wp-content\/uploads\/2024\/12\/Mohair_trendy_Milano_20232513.jpg 2000w\" sizes=\"(max-width: 300px) 100vw, 300px\" \/> <img decoding=\"async\" class=\"alignnone size-medium wp-image-3205\" src=\"https:\/\/bitessiulai.lt\/wp-content\/uploads\/2024\/12\/Mohair_trendy_20232605-300x300.jpg\" alt=\"\" width=\"300\" height=\"300\" srcset=\"https:\/\/bitessiulai.lt\/wp-content\/uploads\/2024\/12\/Mohair_trendy_20232605-300x300.jpg 300w, https:\/\/bitessiulai.lt\/wp-content\/uploads\/2024\/12\/Mohair_trendy_20232605-1024x1024.jpg 1024w, https:\/\/bitessiulai.lt\/wp-content\/uploads\/2024\/12\/Mohair_trendy_20232605-150x150.jpg 150w, https:\/\/bitessiulai.lt\/wp-content\/uploads\/2024\/12\/Mohair_trendy_20232605-768x768.jpg 768w, https:\/\/bitessiulai.lt\/wp-content\/uploads\/2024\/12\/Mohair_trendy_20232605-1536x1536.jpg 1536w, https:\/\/bitessiulai.lt\/wp-content\/uploads\/2024\/12\/Mohair_trendy_20232605-12x12.jpg 12w, https:\/\/bitessiulai.lt\/wp-content\/uploads\/2024\/12\/Mohair_trendy_20232605-600x600.jpg 600w, https:\/\/bitessiulai.lt\/wp-content\/uploads\/2024\/12\/Mohair_trendy_20232605-96x96.jpg 96w, https:\/\/bitessiulai.lt\/wp-content\/uploads\/2024\/12\/Mohair_trendy_20232605.jpg 2000w\" sizes=\"(max-width: 300px) 100vw, 300px\" \/> <img decoding=\"async\" class=\"alignnone size-medium wp-image-3207\" src=\"https:\/\/bitessiulai.lt\/wp-content\/uploads\/2024\/12\/MOHAIRTRENDY_Yarnart5116_SITE-300x300.jpg\" alt=\"\" width=\"300\" height=\"300\" srcset=\"https:\/\/bitessiulai.lt\/wp-content\/uploads\/2024\/12\/MOHAIRTRENDY_Yarnart5116_SITE-300x300.jpg 300w, https:\/\/bitessiulai.lt\/wp-content\/uploads\/2024\/12\/MOHAIRTRENDY_Yarnart5116_SITE-1024x1024.jpg 1024w, https:\/\/bitessiulai.lt\/wp-content\/uploads\/2024\/12\/MOHAIRTRENDY_Yarnart5116_SITE-150x150.jpg 150w, https:\/\/bitessiulai.lt\/wp-content\/uploads\/2024\/12\/MOHAIRTRENDY_Yarnart5116_SITE-768x768.jpg 768w, https:\/\/bitessiulai.lt\/wp-content\/uploads\/2024\/12\/MOHAIRTRENDY_Yarnart5116_SITE-1536x1536.jpg 1536w, https:\/\/bitessiulai.lt\/wp-content\/uploads\/2024\/12\/MOHAIRTRENDY_Yarnart5116_SITE-12x12.jpg 12w, https:\/\/bitessiulai.lt\/wp-content\/uploads\/2024\/12\/MOHAIRTRENDY_Yarnart5116_SITE-600x600.jpg 600w, https:\/\/bitessiulai.lt\/wp-content\/uploads\/2024\/12\/MOHAIRTRENDY_Yarnart5116_SITE-96x96.jpg 96w, https:\/\/bitessiulai.lt\/wp-content\/uploads\/2024\/12\/MOHAIRTRENDY_Yarnart5116_SITE.jpg 2000w\" sizes=\"(max-width: 300px) 100vw, 300px\" \/> <img loading=\"lazy\" decoding=\"async\" class=\"alignnone size-medium wp-image-3208\" src=\"https:\/\/bitessiulai.lt\/wp-content\/uploads\/2024\/12\/MOHAIRTRENDY_Yarnart6263_SITE-300x300.jpg\" alt=\"\" width=\"300\" height=\"300\" srcset=\"https:\/\/bitessiulai.lt\/wp-content\/uploads\/2024\/12\/MOHAIRTRENDY_Yarnart6263_SITE-300x300.jpg 300w, https:\/\/bitessiulai.lt\/wp-content\/uploads\/2024\/12\/MOHAIRTRENDY_Yarnart6263_SITE-1024x1024.jpg 1024w, https:\/\/bitessiulai.lt\/wp-content\/uploads\/2024\/12\/MOHAIRTRENDY_Yarnart6263_SITE-150x150.jpg 150w, https:\/\/bitessiulai.lt\/wp-content\/uploads\/2024\/12\/MOHAIRTRENDY_Yarnart6263_SITE-768x768.jpg 768w, https:\/\/bitessiulai.lt\/wp-content\/uploads\/2024\/12\/MOHAIRTRENDY_Yarnart6263_SITE-1536x1536.jpg 1536w, https:\/\/bitessiulai.lt\/wp-content\/uploads\/2024\/12\/MOHAIRTRENDY_Yarnart6263_SITE-12x12.jpg 12w, https:\/\/bitessiulai.lt\/wp-content\/uploads\/2024\/12\/MOHAIRTRENDY_Yarnart6263_SITE-600x600.jpg 600w, https:\/\/bitessiulai.lt\/wp-content\/uploads\/2024\/12\/MOHAIRTRENDY_Yarnart6263_SITE-96x96.jpg 96w, https:\/\/bitessiulai.lt\/wp-content\/uploads\/2024\/12\/MOHAIRTRENDY_Yarnart6263_SITE.jpg 2000w\" sizes=\"(max-width: 300px) 100vw, 300px\" \/><\/p>\n<p>*Ekr\u0101n\u0101 redzam\u0101s kr\u0101sas var nedaudz at\u0161\u0137irties no faktisk\u0101s diegu kr\u0101sas.<\/p>","protected":false},"excerpt":{"rendered":"<p>Sast\u0101vs: 50% moh\u0113ra, 50% akrils<\/p>\n<p>Svars\/garums: 100 g = aptuveni 220 m.<\/p>\n<p>Ieteicamais adatu izm\u0113rs: 5 mm.<\/p>\n<p>Ieteicamais adatu izm\u0113rs: 5,5 mm.<\/p>","protected":false},"featured_media":16228,"comment_status":"open","ping_status":"closed","template":"","meta":[],"product_brand":[],"product_cat":[326,177,3312,362,178,173,174,255],"product_tag":[],"giftcard-category":[],"class_list":{"0":"post-3210","1":"product","2":"type-product","3":"status-publish","4":"has-post-thumbnail","6":"product_cat-akrilas","7":"product_cat-mezgimo-siulai","8":"product_cat-mohair-trendy","9":"product_cat-mohera","10":"product_cat-nerimo-siulai","11":"product_cat-siulai","12":"product_cat-siulu-gamintojai","13":"product_cat-yarnart","15":"first","16":"instock","17":"taxable","18":"shipping-taxable","19":"purchasable","20":"product-type-variable"},"_links":{"self":[{"href":"https:\/\/bitessiulai.lt\/lv\/wp-json\/wp\/v2\/product\/3210","targetHints":{"allow":["GET"]}}],"collection":[{"href":"https:\/\/bitessiulai.lt\/lv\/wp-json\/wp\/v2\/product"}],"about":[{"href":"https:\/\/bitessiulai.lt\/lv\/wp-json\/wp\/v2\/types\/product"}],"replies":[{"embeddable":true,"href":"https:\/\/bitessiulai.lt\/lv\/wp-json\/wp\/v2\/comments?post=3210"}],"version-history":[{"count":1,"href":"https:\/\/bitessiulai.lt\/lv\/wp-json\/wp\/v2\/product\/3210\/revisions"}],"predecessor-version":[{"id":20349,"href":"https:\/\/bitessiulai.lt\/lv\/wp-json\/wp\/v2\/product\/3210\/revisions\/20349"}],"wp:featuredmedia":[{"embeddable":true,"href":"https:\/\/bitessiulai.lt\/lv\/wp-json\/wp\/v2\/media\/16228"}],"wp:attachment":[{"href":"https:\/\/bitessiulai.lt\/lv\/wp-json\/wp\/v2\/media?parent=3210"}],"wp:term":[{"taxonomy":"product_brand","embeddable":true,"href":"https:\/\/bitessiulai.lt\/lv\/wp-json\/wp\/v2\/product_brand?post=3210"},{"taxonomy":"product_cat","embeddable":true,"href":"https:\/\/bitessiulai.lt\/lv\/wp-json\/wp\/v2\/product_cat?post=3210"},{"taxonomy":"product_tag","embeddable":true,"href":"https:\/\/bitessiulai.lt\/lv\/wp-json\/wp\/v2\/product_tag?post=3210"},{"taxonomy":"giftcard-category","embeddable":true,"href":"https:\/\/bitessiulai.lt\/lv\/wp-json\/wp\/v2\/giftcard-category?post=3210"}],"curies":[{"name":"wp","href":"https:\/\/api.w.org\/{rel}","templated":true}]}}