{"id":3126,"date":"2024-12-13T20:22:32","date_gmt":"2024-12-13T18:22:32","guid":{"rendered":"https:\/\/bitessiulai.lt\/?post_type=product&#038;p=3126"},"modified":"2026-04-24T11:55:22","modified_gmt":"2026-04-24T08:55:22","slug":"yarnart-tweed","status":"publish","type":"product","link":"https:\/\/bitessiulai.lt\/lv\/products\/yarnart-tweed\/","title":{"rendered":"YarnArt tv\u012bds"},"content":{"rendered":"<p><strong>YarnArt tv\u012bds<\/strong>\u00a0\u2013 ir m\u012bksts dabisko \u0161\u0137iedru apvienojums: merino un alpakas vilna un viskoze. Elpojo\u0161a dzija, piem\u0113rota gan b\u0113rniem, gan pieaugu\u0161ajiem. Smalkie, austie tv\u012bda burbu\u013ci pie\u0161\u0137ir smalku, elegantu skaistumu, kas rakstur\u012bgs tikai tv\u012bdam. Piem\u0113rota ad\u012b\u0161anai da\u017e\u0101dos rakstos \u2013 gan reljef\u0101, gan p\u012bt\u0101.<\/p>\n<p><img fetchpriority=\"high\" decoding=\"async\" class=\"alignnone size-medium wp-image-3125\" src=\"https:\/\/bitessiulai.lt\/wp-content\/uploads\/2024\/12\/Tweed_20232865-600x600-1-300x300.jpg\" alt=\"\" width=\"300\" height=\"300\" srcset=\"https:\/\/bitessiulai.lt\/wp-content\/uploads\/2024\/12\/Tweed_20232865-600x600-1-300x300.jpg 300w, https:\/\/bitessiulai.lt\/wp-content\/uploads\/2024\/12\/Tweed_20232865-600x600-1-150x150.jpg 150w, https:\/\/bitessiulai.lt\/wp-content\/uploads\/2024\/12\/Tweed_20232865-600x600-1-12x12.jpg 12w, https:\/\/bitessiulai.lt\/wp-content\/uploads\/2024\/12\/Tweed_20232865-600x600-1-96x96.jpg 96w, https:\/\/bitessiulai.lt\/wp-content\/uploads\/2024\/12\/Tweed_20232865-600x600-1.jpg 600w\" sizes=\"(max-width: 300px) 100vw, 300px\" \/><img decoding=\"async\" class=\"wp-image-6097 alignleft\" src=\"https:\/\/bitessiulai.lt\/wp-content\/uploads\/2024\/12\/ft-300x176.jpg\" alt=\"\" width=\"485\" height=\"285\" srcset=\"https:\/\/bitessiulai.lt\/wp-content\/uploads\/2024\/12\/ft-300x176.jpg 300w, https:\/\/bitessiulai.lt\/wp-content\/uploads\/2024\/12\/ft-18x12.jpg 18w, https:\/\/bitessiulai.lt\/wp-content\/uploads\/2024\/12\/ft-600x352.jpg 600w, https:\/\/bitessiulai.lt\/wp-content\/uploads\/2024\/12\/ft-150x88.jpg 150w, https:\/\/bitessiulai.lt\/wp-content\/uploads\/2024\/12\/ft.jpg 712w\" sizes=\"(max-width: 485px) 100vw, 485px\" \/><\/p>\n<p>*Ekr\u0101n\u0101 redzam\u0101s kr\u0101sas var nedaudz at\u0161\u0137irties no faktisk\u0101s diegu kr\u0101sas.<\/p>","protected":false},"excerpt":{"rendered":"<p>Sast\u0101vs: 30% vilna, 60% akrils, 10% viskoze<\/p>\n<p>Svars\/garums: 100 g = aptuveni 300 m.<\/p>\n<p>Ieteicamais adatu izm\u0113rs: 3,5 mm.<\/p>\n<p>Ieteicamais p\u0113rl\u012b\u0161u izm\u0113rs: 4 mm.<\/p>\n<p>&nbsp;<\/p>","protected":false},"featured_media":16864,"comment_status":"open","ping_status":"closed","template":"","meta":[],"product_brand":[],"product_cat":[326,177,178,174,175,3299,410,337,255],"product_tag":[],"giftcard-category":[],"class_list":{"0":"post-3126","1":"product","2":"type-product","3":"status-publish","4":"has-post-thumbnail","6":"product_cat-akrilas","7":"product_cat-mezgimo-siulai","8":"product_cat-nerimo-siulai","9":"product_cat-siulu-gamintojai","10":"product_cat-siulu-pluostai","11":"product_cat-tweed","12":"product_cat-vilna","13":"product_cat-viskoze","14":"product_cat-yarnart","16":"first","17":"instock","18":"taxable","19":"shipping-taxable","20":"purchasable","21":"product-type-variable"},"_links":{"self":[{"href":"https:\/\/bitessiulai.lt\/lv\/wp-json\/wp\/v2\/product\/3126","targetHints":{"allow":["GET"]}}],"collection":[{"href":"https:\/\/bitessiulai.lt\/lv\/wp-json\/wp\/v2\/product"}],"about":[{"href":"https:\/\/bitessiulai.lt\/lv\/wp-json\/wp\/v2\/types\/product"}],"replies":[{"embeddable":true,"href":"https:\/\/bitessiulai.lt\/lv\/wp-json\/wp\/v2\/comments?post=3126"}],"version-history":[{"count":0,"href":"https:\/\/bitessiulai.lt\/lv\/wp-json\/wp\/v2\/product\/3126\/revisions"}],"wp:featuredmedia":[{"embeddable":true,"href":"https:\/\/bitessiulai.lt\/lv\/wp-json\/wp\/v2\/media\/16864"}],"wp:attachment":[{"href":"https:\/\/bitessiulai.lt\/lv\/wp-json\/wp\/v2\/media?parent=3126"}],"wp:term":[{"taxonomy":"product_brand","embeddable":true,"href":"https:\/\/bitessiulai.lt\/lv\/wp-json\/wp\/v2\/product_brand?post=3126"},{"taxonomy":"product_cat","embeddable":true,"href":"https:\/\/bitessiulai.lt\/lv\/wp-json\/wp\/v2\/product_cat?post=3126"},{"taxonomy":"product_tag","embeddable":true,"href":"https:\/\/bitessiulai.lt\/lv\/wp-json\/wp\/v2\/product_tag?post=3126"},{"taxonomy":"giftcard-category","embeddable":true,"href":"https:\/\/bitessiulai.lt\/lv\/wp-json\/wp\/v2\/giftcard-category?post=3126"}],"curies":[{"name":"wp","href":"https:\/\/api.w.org\/{rel}","templated":true}]}}