{"id":2974,"date":"2024-12-13T18:31:20","date_gmt":"2024-12-13T16:31:20","guid":{"rendered":"https:\/\/bitessiulai.lt\/?post_type=product&#038;p=2974"},"modified":"2026-05-08T10:26:06","modified_gmt":"2026-05-08T07:26:06","slug":"yarnart-christmas","status":"publish","type":"product","link":"https:\/\/bitessiulai.lt\/lv\/products\/yarnart-christmas\/","title":{"rendered":"YarnArt Ziemassv\u0113tki"},"content":{"rendered":"<p>YarnArt Christmas \u2013 visliel\u0101k\u0101 sv\u0113tku dzija ar mirdzumiem!<\/p>\n<p>Lieliski piem\u0113rots dekor\u0101cij\u0101m, rota\u013cliet\u0101m, aksesu\u0101riem, ap\u0123\u0113rba akcentiem<\/p>\n<p>*Kr\u0101sa vai tonis var at\u0161\u0137irties no att\u0113l\u0101 redzam\u0101s.<\/p>\n<p><img fetchpriority=\"high\" decoding=\"async\" class=\"alignnone size-medium wp-image-5179\" src=\"https:\/\/bitessiulai.lt\/wp-content\/uploads\/2024\/12\/nuotrauka-1-300x174.jpg\" alt=\"\" width=\"300\" height=\"174\" srcset=\"https:\/\/bitessiulai.lt\/wp-content\/uploads\/2024\/12\/nuotrauka-1-300x174.jpg 300w, https:\/\/bitessiulai.lt\/wp-content\/uploads\/2024\/12\/nuotrauka-1-18x10.jpg 18w, https:\/\/bitessiulai.lt\/wp-content\/uploads\/2024\/12\/nuotrauka-1-600x348.jpg 600w, https:\/\/bitessiulai.lt\/wp-content\/uploads\/2024\/12\/nuotrauka-1-150x87.jpg 150w, https:\/\/bitessiulai.lt\/wp-content\/uploads\/2024\/12\/nuotrauka-1.jpg 708w\" sizes=\"(max-width: 300px) 100vw, 300px\" \/><\/p>","protected":false},"excerpt":{"rendered":"<p>Sast\u0101vs: 100% poliam\u012bds<\/p>\n<p>Svars\/garums: 50 g = aptuveni 142 m.<\/p>\n<p>Ieteicamais adatu izm\u0113rs: 3,5 mm.<\/p>\n<p>Ieteicamais p\u0113rl\u012b\u0161u izm\u0113rs: 4 mm.<\/p>","protected":false},"featured_media":2942,"comment_status":"open","ping_status":"closed","template":"","meta":[],"product_brand":[],"product_cat":[3326,915,177,178,324,173,174,175,255],"product_tag":[],"giftcard-category":[],"class_list":{"0":"post-2974","1":"product","2":"type-product","3":"status-publish","4":"has-post-thumbnail","6":"product_cat-christmas","7":"product_cat-dekoratyviniai-siulai","8":"product_cat-mezgimo-siulai","9":"product_cat-nerimo-siulai","10":"product_cat-poliamidas","11":"product_cat-siulai","12":"product_cat-siulu-gamintojai","13":"product_cat-siulu-pluostai","14":"product_cat-yarnart","16":"first","17":"instock","18":"taxable","19":"shipping-taxable","20":"purchasable","21":"product-type-variable"},"_links":{"self":[{"href":"https:\/\/bitessiulai.lt\/lv\/wp-json\/wp\/v2\/product\/2974","targetHints":{"allow":["GET"]}}],"collection":[{"href":"https:\/\/bitessiulai.lt\/lv\/wp-json\/wp\/v2\/product"}],"about":[{"href":"https:\/\/bitessiulai.lt\/lv\/wp-json\/wp\/v2\/types\/product"}],"replies":[{"embeddable":true,"href":"https:\/\/bitessiulai.lt\/lv\/wp-json\/wp\/v2\/comments?post=2974"}],"version-history":[{"count":2,"href":"https:\/\/bitessiulai.lt\/lv\/wp-json\/wp\/v2\/product\/2974\/revisions"}],"predecessor-version":[{"id":21172,"href":"https:\/\/bitessiulai.lt\/lv\/wp-json\/wp\/v2\/product\/2974\/revisions\/21172"}],"wp:featuredmedia":[{"embeddable":true,"href":"https:\/\/bitessiulai.lt\/lv\/wp-json\/wp\/v2\/media\/2942"}],"wp:attachment":[{"href":"https:\/\/bitessiulai.lt\/lv\/wp-json\/wp\/v2\/media?parent=2974"}],"wp:term":[{"taxonomy":"product_brand","embeddable":true,"href":"https:\/\/bitessiulai.lt\/lv\/wp-json\/wp\/v2\/product_brand?post=2974"},{"taxonomy":"product_cat","embeddable":true,"href":"https:\/\/bitessiulai.lt\/lv\/wp-json\/wp\/v2\/product_cat?post=2974"},{"taxonomy":"product_tag","embeddable":true,"href":"https:\/\/bitessiulai.lt\/lv\/wp-json\/wp\/v2\/product_tag?post=2974"},{"taxonomy":"giftcard-category","embeddable":true,"href":"https:\/\/bitessiulai.lt\/lv\/wp-json\/wp\/v2\/giftcard-category?post=2974"}],"curies":[{"name":"wp","href":"https:\/\/api.w.org\/{rel}","templated":true}]}}