{"id":25492,"date":"2026-04-17T14:56:52","date_gmt":"2026-04-17T11:56:52","guid":{"rendered":"https:\/\/bitessiulai.lt\/?post_type=product&#038;p=25492"},"modified":"2026-04-17T15:00:23","modified_gmt":"2026-04-17T12:00:23","slug":"drops-pro-spark-metaliniu-virbalu-rinkinys-keiciamu-valu","status":"publish","type":"product","link":"https:\/\/bitessiulai.lt\/lv\/products\/drops-pro-spark-metaliniu-virbalu-rinkinys-keiciamu-valu\/","title":{"rendered":"Drops PRO Spark metalini\u0173 virbal\u0173 rinkinys kei\u010diamu valu"},"content":{"rendered":"<p>Drops PRO Spark metalini\u0173 virbal\u0173 rinkinys kei\u010diamu valu . \u0160ie virbalai pasi\u017eymi ypatingu tvirtumu, ilgaam\u017ei\u0161kumu ir glotniu pavir\u0161iumi, kuris leid\u017eia si\u016blams slysti lengvai bei tolygiai. Universalus \u2013 tinka \u012fvairiems mezgimo projektams.<\/p>\n<ul>\n<li>8 poros virbal\u0173:\u00a0<strong>3.5, 4.0, 4.5, 5.0, 5.5, 6.0, 7.0 ir 8.0 mm<\/strong>.<\/li>\n<li>4 lankst\u016bs jungiamieji valai: <strong>60 cm, 80 cm (x2) ir 100 cm<\/strong>.<\/li>\n<li>Virbal\u0173 antgaliai, rakteliai bei naudojimo instrukcija.<\/li>\n<\/ul>\n<p>&nbsp;<\/p>\n<ul>\n<li>Virbalo ilgis <strong>11,5 cm.<\/strong><\/li>\n<\/ul>\n<p><img fetchpriority=\"high\" decoding=\"async\" class=\"alignnone size-medium wp-image-25494\" src=\"http:\/\/bitessiulai.lt\/wp-content\/uploads\/2026\/04\/drops-pro-spark_interchangeable-set_4-214x300.webp\" alt=\"\" width=\"214\" height=\"300\" srcset=\"https:\/\/bitessiulai.lt\/wp-content\/uploads\/2026\/04\/drops-pro-spark_interchangeable-set_4-214x300.webp 214w, https:\/\/bitessiulai.lt\/wp-content\/uploads\/2026\/04\/drops-pro-spark_interchangeable-set_4-9x12.webp 9w, https:\/\/bitessiulai.lt\/wp-content\/uploads\/2026\/04\/drops-pro-spark_interchangeable-set_4-107x150.webp 107w, https:\/\/bitessiulai.lt\/wp-content\/uploads\/2026\/04\/drops-pro-spark_interchangeable-set_4.webp 416w\" sizes=\"(max-width: 214px) 100vw, 214px\" \/><\/p>","protected":false},"excerpt":{"rendered":"<p>Drops PRO Spark metalini\u0173 virbal\u0173 rinkinys kei\u010diamu valu . \u0160ie virbalai pasi\u017eymi ypatingu tvirtumu, ilgaam\u017ei\u0161kumu ir glotniu pavir\u0161iumi, kuris leid\u017eia si\u016blams slysti lengvai bei tolygiai. Universalus \u2013 tinka \u012fvairiems mezgimo projektams. 8 poros virbal\u0173:\u00a03.5, 4.0, 4.5, 5.0, 5.5, 6.0, 7.0 ir 8.0 mm. 4 lankst\u016bs jungiamieji valai: 60 cm, 80 cm (x2) ir 100 cm. Virbal\u0173 antgaliai, rakteliai bei naudojimo instrukcija. &nbsp; Virbalo ilgis 11,5cm.<\/p>","protected":false},"featured_media":25493,"comment_status":"open","ping_status":"closed","template":"","meta":[],"product_brand":[],"product_cat":[180,4823,217,2123,181],"product_tag":[],"giftcard-category":[],"class_list":{"0":"post-25492","1":"product","2":"type-product","3":"status-publish","4":"has-post-thumbnail","6":"product_cat-mezgimo-priemones","7":"product_cat-drops-mezgimo-priemoniu-gamintojai","8":"product_cat-isparduotuve","9":"product_cat-mezgimo-priemoniu-gamintojai","10":"product_cat-virbalu-rinkiniai","12":"first","13":"instock","14":"sale","15":"taxable","16":"shipping-taxable","17":"purchasable","18":"product-type-simple"},"_links":{"self":[{"href":"https:\/\/bitessiulai.lt\/lv\/wp-json\/wp\/v2\/product\/25492","targetHints":{"allow":["GET"]}}],"collection":[{"href":"https:\/\/bitessiulai.lt\/lv\/wp-json\/wp\/v2\/product"}],"about":[{"href":"https:\/\/bitessiulai.lt\/lv\/wp-json\/wp\/v2\/types\/product"}],"replies":[{"embeddable":true,"href":"https:\/\/bitessiulai.lt\/lv\/wp-json\/wp\/v2\/comments?post=25492"}],"version-history":[{"count":3,"href":"https:\/\/bitessiulai.lt\/lv\/wp-json\/wp\/v2\/product\/25492\/revisions"}],"predecessor-version":[{"id":25499,"href":"https:\/\/bitessiulai.lt\/lv\/wp-json\/wp\/v2\/product\/25492\/revisions\/25499"}],"wp:featuredmedia":[{"embeddable":true,"href":"https:\/\/bitessiulai.lt\/lv\/wp-json\/wp\/v2\/media\/25493"}],"wp:attachment":[{"href":"https:\/\/bitessiulai.lt\/lv\/wp-json\/wp\/v2\/media?parent=25492"}],"wp:term":[{"taxonomy":"product_brand","embeddable":true,"href":"https:\/\/bitessiulai.lt\/lv\/wp-json\/wp\/v2\/product_brand?post=25492"},{"taxonomy":"product_cat","embeddable":true,"href":"https:\/\/bitessiulai.lt\/lv\/wp-json\/wp\/v2\/product_cat?post=25492"},{"taxonomy":"product_tag","embeddable":true,"href":"https:\/\/bitessiulai.lt\/lv\/wp-json\/wp\/v2\/product_tag?post=25492"},{"taxonomy":"giftcard-category","embeddable":true,"href":"https:\/\/bitessiulai.lt\/lv\/wp-json\/wp\/v2\/giftcard-category?post=25492"}],"curies":[{"name":"wp","href":"https:\/\/api.w.org\/{rel}","templated":true}]}}