{"id":25076,"date":"2026-04-04T11:25:50","date_gmt":"2026-04-04T08:25:50","guid":{"rendered":"https:\/\/bitessiulai.lt\/?post_type=product&#038;p=25076"},"modified":"2026-04-06T09:21:47","modified_gmt":"2026-04-06T06:21:47","slug":"yarnart-linen-soft","status":"publish","type":"product","link":"https:\/\/bitessiulai.lt\/lv\/products\/yarnart-linen-soft\/","title":{"rendered":"YarnArt Linen Soft"},"content":{"rendered":"<p><strong>YarnArt Linen Soft <\/strong>&#8211; lino, medviln\u0117s ir viskoz\u0117s derinys, kuris yra nepakei\u010diamas vasaros projektams. Nat\u016bral\u016bs pluo\u0161tai sujungti tokiomis proporcijomis, kad j\u0173 visuma suteikia malon\u0173 ir puikiai atrodant\u012f efekt\u0105. Linas puikiai pralaidus orui, viskoz\u0117 v\u0117sina ir suteikia subtilaus \u017evilgesio, o medviln\u0117 suteikia mink\u0161tumo ir \u0161velnumo. YarnArt Linen Soft si\u016blai yra puikus pasirinkimas vasarin\u0117ms palaidin\u0117ms, suknel\u0117ms.<\/p>\n<p><img fetchpriority=\"high\" decoding=\"async\" class=\"alignnone size-medium wp-image-25081\" src=\"http:\/\/bitessiulai.lt\/wp-content\/uploads\/2026\/04\/Linen_Soft_Yarnart_242642-1-300x300.jpg\" alt=\"\" width=\"300\" height=\"300\" srcset=\"https:\/\/bitessiulai.lt\/wp-content\/uploads\/2026\/04\/Linen_Soft_Yarnart_242642-1-300x300.jpg 300w, https:\/\/bitessiulai.lt\/wp-content\/uploads\/2026\/04\/Linen_Soft_Yarnart_242642-1-1024x1024.jpg 1024w, https:\/\/bitessiulai.lt\/wp-content\/uploads\/2026\/04\/Linen_Soft_Yarnart_242642-1-150x150.jpg 150w, https:\/\/bitessiulai.lt\/wp-content\/uploads\/2026\/04\/Linen_Soft_Yarnart_242642-1-768x768.jpg 768w, https:\/\/bitessiulai.lt\/wp-content\/uploads\/2026\/04\/Linen_Soft_Yarnart_242642-1-1536x1536.jpg 1536w, https:\/\/bitessiulai.lt\/wp-content\/uploads\/2026\/04\/Linen_Soft_Yarnart_242642-1-12x12.jpg 12w, https:\/\/bitessiulai.lt\/wp-content\/uploads\/2026\/04\/Linen_Soft_Yarnart_242642-1-600x600.jpg 600w, https:\/\/bitessiulai.lt\/wp-content\/uploads\/2026\/04\/Linen_Soft_Yarnart_242642-1.jpg 2000w\" sizes=\"(max-width: 300px) 100vw, 300px\" \/> <img decoding=\"async\" class=\"alignnone size-medium wp-image-25082\" src=\"http:\/\/bitessiulai.lt\/wp-content\/uploads\/2026\/04\/Yarnart3610_LINEN_SOFT_PAPIRO_WEB-600x600-1-300x300.jpg\" alt=\"\" width=\"300\" height=\"300\" srcset=\"https:\/\/bitessiulai.lt\/wp-content\/uploads\/2026\/04\/Yarnart3610_LINEN_SOFT_PAPIRO_WEB-600x600-1-300x300.jpg 300w, https:\/\/bitessiulai.lt\/wp-content\/uploads\/2026\/04\/Yarnart3610_LINEN_SOFT_PAPIRO_WEB-600x600-1-150x150.jpg 150w, https:\/\/bitessiulai.lt\/wp-content\/uploads\/2026\/04\/Yarnart3610_LINEN_SOFT_PAPIRO_WEB-600x600-1-12x12.jpg 12w, https:\/\/bitessiulai.lt\/wp-content\/uploads\/2026\/04\/Yarnart3610_LINEN_SOFT_PAPIRO_WEB-600x600-1.jpg 600w\" sizes=\"(max-width: 300px) 100vw, 300px\" \/> <img decoding=\"async\" class=\"alignnone size-medium wp-image-25083\" src=\"http:\/\/bitessiulai.lt\/wp-content\/uploads\/2026\/04\/Linen_Soft_Yarnart_242946-1-300x300.jpg\" alt=\"\" width=\"300\" height=\"300\" srcset=\"https:\/\/bitessiulai.lt\/wp-content\/uploads\/2026\/04\/Linen_Soft_Yarnart_242946-1-300x300.jpg 300w, https:\/\/bitessiulai.lt\/wp-content\/uploads\/2026\/04\/Linen_Soft_Yarnart_242946-1-1024x1024.jpg 1024w, https:\/\/bitessiulai.lt\/wp-content\/uploads\/2026\/04\/Linen_Soft_Yarnart_242946-1-150x150.jpg 150w, https:\/\/bitessiulai.lt\/wp-content\/uploads\/2026\/04\/Linen_Soft_Yarnart_242946-1-768x768.jpg 768w, https:\/\/bitessiulai.lt\/wp-content\/uploads\/2026\/04\/Linen_Soft_Yarnart_242946-1-1536x1536.jpg 1536w, https:\/\/bitessiulai.lt\/wp-content\/uploads\/2026\/04\/Linen_Soft_Yarnart_242946-1-12x12.jpg 12w, https:\/\/bitessiulai.lt\/wp-content\/uploads\/2026\/04\/Linen_Soft_Yarnart_242946-1-600x600.jpg 600w, https:\/\/bitessiulai.lt\/wp-content\/uploads\/2026\/04\/Linen_Soft_Yarnart_242946-1.jpg 2000w\" sizes=\"(max-width: 300px) 100vw, 300px\" \/> <img loading=\"lazy\" decoding=\"async\" class=\"alignnone size-medium wp-image-25084\" src=\"http:\/\/bitessiulai.lt\/wp-content\/uploads\/2026\/04\/Linen_Soft_Yarnart_242893-1-300x300.jpg\" alt=\"\" width=\"300\" height=\"300\" srcset=\"https:\/\/bitessiulai.lt\/wp-content\/uploads\/2026\/04\/Linen_Soft_Yarnart_242893-1-300x300.jpg 300w, https:\/\/bitessiulai.lt\/wp-content\/uploads\/2026\/04\/Linen_Soft_Yarnart_242893-1-1024x1024.jpg 1024w, https:\/\/bitessiulai.lt\/wp-content\/uploads\/2026\/04\/Linen_Soft_Yarnart_242893-1-150x150.jpg 150w, https:\/\/bitessiulai.lt\/wp-content\/uploads\/2026\/04\/Linen_Soft_Yarnart_242893-1-768x768.jpg 768w, https:\/\/bitessiulai.lt\/wp-content\/uploads\/2026\/04\/Linen_Soft_Yarnart_242893-1-1536x1536.jpg 1536w, https:\/\/bitessiulai.lt\/wp-content\/uploads\/2026\/04\/Linen_Soft_Yarnart_242893-1-12x12.jpg 12w, https:\/\/bitessiulai.lt\/wp-content\/uploads\/2026\/04\/Linen_Soft_Yarnart_242893-1-600x600.jpg 600w, https:\/\/bitessiulai.lt\/wp-content\/uploads\/2026\/04\/Linen_Soft_Yarnart_242893-1.jpg 2000w\" sizes=\"(max-width: 300px) 100vw, 300px\" \/><\/p>\n<p>*Ekr\u0101n\u0101 redzam\u0101s kr\u0101sas var nedaudz at\u0161\u0137irties no faktisk\u0101s diegu kr\u0101sas.<\/p>","protected":false},"excerpt":{"rendered":"<p>Sud\u0117tis: 30% Linas, 36% Viskoz\u0117, 34% Medviln\u0117<\/p>\n<p>Svoris\/ilgis: 100 g.= ma\u017edaug 272 m.<\/p>\n<p>Ieteicamais adatu izm\u0113rs: 4 mm.<\/p>\n<p>Ieteicamais \u0101\u0137a izm\u0113rs: 4 mm.<\/p>","protected":false},"featured_media":25079,"comment_status":"open","ping_status":"closed","template":"","meta":[],"product_brand":[],"product_cat":[173,4299,4822,652,177,178,174,175,337,255],"product_tag":[],"giftcard-category":[],"class_list":{"0":"post-25076","1":"product","2":"type-product","3":"status-publish","4":"has-post-thumbnail","6":"product_cat-siulai","7":"product_cat-linas","8":"product_cat-linen-soft","9":"product_cat-medvilne","10":"product_cat-mezgimo-siulai","11":"product_cat-nerimo-siulai","12":"product_cat-siulu-gamintojai","13":"product_cat-siulu-pluostai","14":"product_cat-viskoze","15":"product_cat-yarnart","17":"first","18":"instock","19":"taxable","20":"shipping-taxable","21":"purchasable","22":"product-type-variable"},"_links":{"self":[{"href":"https:\/\/bitessiulai.lt\/lv\/wp-json\/wp\/v2\/product\/25076","targetHints":{"allow":["GET"]}}],"collection":[{"href":"https:\/\/bitessiulai.lt\/lv\/wp-json\/wp\/v2\/product"}],"about":[{"href":"https:\/\/bitessiulai.lt\/lv\/wp-json\/wp\/v2\/types\/product"}],"replies":[{"embeddable":true,"href":"https:\/\/bitessiulai.lt\/lv\/wp-json\/wp\/v2\/comments?post=25076"}],"version-history":[{"count":1,"href":"https:\/\/bitessiulai.lt\/lv\/wp-json\/wp\/v2\/product\/25076\/revisions"}],"predecessor-version":[{"id":25124,"href":"https:\/\/bitessiulai.lt\/lv\/wp-json\/wp\/v2\/product\/25076\/revisions\/25124"}],"wp:featuredmedia":[{"embeddable":true,"href":"https:\/\/bitessiulai.lt\/lv\/wp-json\/wp\/v2\/media\/25079"}],"wp:attachment":[{"href":"https:\/\/bitessiulai.lt\/lv\/wp-json\/wp\/v2\/media?parent=25076"}],"wp:term":[{"taxonomy":"product_brand","embeddable":true,"href":"https:\/\/bitessiulai.lt\/lv\/wp-json\/wp\/v2\/product_brand?post=25076"},{"taxonomy":"product_cat","embeddable":true,"href":"https:\/\/bitessiulai.lt\/lv\/wp-json\/wp\/v2\/product_cat?post=25076"},{"taxonomy":"product_tag","embeddable":true,"href":"https:\/\/bitessiulai.lt\/lv\/wp-json\/wp\/v2\/product_tag?post=25076"},{"taxonomy":"giftcard-category","embeddable":true,"href":"https:\/\/bitessiulai.lt\/lv\/wp-json\/wp\/v2\/giftcard-category?post=25076"}],"curies":[{"name":"wp","href":"https:\/\/api.w.org\/{rel}","templated":true}]}}