{"id":22582,"date":"2026-02-06T22:07:06","date_gmt":"2026-02-06T20:07:06","guid":{"rendered":"https:\/\/bitessiulai.lt\/?post_type=product&#038;p=22582"},"modified":"2026-04-17T14:20:22","modified_gmt":"2026-04-17T11:20:22","slug":"drops-bomull-lin","status":"publish","type":"product","link":"https:\/\/bitessiulai.lt\/lv\/products\/drops-bomull-lin\/","title":{"rendered":"Drops Bomull-Lin"},"content":{"rendered":"<p><span dir=\"auto\">Nat\u016bral\u016bs <strong>DROPS Bomull-Lin<\/strong> si\u016blai yra suverpti i\u0161 daugyb\u0117s lino ir medviln\u0117s gij\u0173, kad b\u016bt\u0173 sukurti tvirti ir patvar\u016bs mezgimo si\u016blai, kuriuose dera trapi lino strukt\u016bra ir medviln\u0117s mink\u0161tumas.<\/span><\/p>\n<p><span dir=\"auto\">Drabu\u017eiai, pagaminti i\u0161 DROPS Bomull-Lin si\u016bl\u0173, kuri\u0173 palet\u0117 \u012fkv\u0117pta gra\u017ei\u0173 lino augalo spalv\u0173 po derliaus nu\u0117mimo, gerai kv\u0117puoja, turi i\u0161skirtin\u012f lino poj\u016bt\u012f ir subtil\u0173 blizges\u012f \u2013 tod\u0117l \u0161ie si\u016blai puikiai tinka lengviems vasaros drabu\u017eiams.<\/span><\/p>\n<p>&nbsp;<\/p>\n<p><img fetchpriority=\"high\" decoding=\"async\" class=\"alignnone size-medium wp-image-22588\" src=\"http:\/\/bitessiulai.lt\/wp-content\/uploads\/2026\/02\/8-2-194x300.jpg\" alt=\"\" width=\"194\" height=\"300\" srcset=\"https:\/\/bitessiulai.lt\/wp-content\/uploads\/2026\/02\/8-2-194x300.jpg 194w, https:\/\/bitessiulai.lt\/wp-content\/uploads\/2026\/02\/8-2-8x12.jpg 8w, https:\/\/bitessiulai.lt\/wp-content\/uploads\/2026\/02\/8-2-97x150.jpg 97w, https:\/\/bitessiulai.lt\/wp-content\/uploads\/2026\/02\/8-2.jpg 458w\" sizes=\"(max-width: 194px) 100vw, 194px\" \/> <img decoding=\"async\" class=\"alignnone size-medium wp-image-22589\" src=\"http:\/\/bitessiulai.lt\/wp-content\/uploads\/2026\/02\/12-2-194x300.jpg\" alt=\"\" width=\"194\" height=\"300\" srcset=\"https:\/\/bitessiulai.lt\/wp-content\/uploads\/2026\/02\/12-2-194x300.jpg 194w, https:\/\/bitessiulai.lt\/wp-content\/uploads\/2026\/02\/12-2-8x12.jpg 8w, https:\/\/bitessiulai.lt\/wp-content\/uploads\/2026\/02\/12-2-97x150.jpg 97w, https:\/\/bitessiulai.lt\/wp-content\/uploads\/2026\/02\/12-2.jpg 458w\" sizes=\"(max-width: 194px) 100vw, 194px\" \/> <img decoding=\"async\" class=\"alignnone size-medium wp-image-22590\" src=\"http:\/\/bitessiulai.lt\/wp-content\/uploads\/2026\/02\/18-2-194x300.jpg\" alt=\"\" width=\"194\" height=\"300\" srcset=\"https:\/\/bitessiulai.lt\/wp-content\/uploads\/2026\/02\/18-2-194x300.jpg 194w, https:\/\/bitessiulai.lt\/wp-content\/uploads\/2026\/02\/18-2-8x12.jpg 8w, https:\/\/bitessiulai.lt\/wp-content\/uploads\/2026\/02\/18-2-97x150.jpg 97w, https:\/\/bitessiulai.lt\/wp-content\/uploads\/2026\/02\/18-2.jpg 458w\" sizes=\"(max-width: 194px) 100vw, 194px\" \/><\/p>\n<div class=\"embed-responsive embed-responsive-16by9\"><iframe title=\"DROPS Bomull-Lin - Rustic elegance in cotton and linen\" width=\"540\" height=\"960\" src=\"https:\/\/www.youtube.com\/embed\/NZAFDdPVVQc?feature=oembed\" frameborder=\"0\" allow=\"accelerometer; autoplay; clipboard-write; encrypted-media; gyroscope; picture-in-picture; web-share\" referrerpolicy=\"strict-origin-when-cross-origin\" allowfullscreen><\/iframe><\/div>\n<p>&nbsp;<\/p>\n<p>*Ekr\u0101n\u0101 redzam\u0101s kr\u0101sas var nedaudz at\u0161\u0137irties no faktisk\u0101s diegu kr\u0101sas.<\/p>\n<p>&nbsp;<\/p>","protected":false},"excerpt":{"rendered":"<p>Sud\u0117tis: 53% medviln\u0117, 47% linas<\/p>\n<p>Svars\/garums: 50 g = aptuveni 85 m.<\/p>\n<p>Ieteicamais adatu izm\u0113rs: 5 mm.<\/p>","protected":false},"featured_media":22583,"comment_status":"open","ping_status":"closed","template":"","meta":[],"product_brand":[],"product_cat":[173,4309,256,217,4299,652,177,175],"product_tag":[],"giftcard-category":[],"class_list":{"0":"post-22582","1":"product","2":"type-product","3":"status-publish","4":"has-post-thumbnail","6":"product_cat-siulai","7":"product_cat-bomull-lin","8":"product_cat-drops","9":"product_cat-isparduotuve","10":"product_cat-linas","11":"product_cat-medvilne","12":"product_cat-mezgimo-siulai","13":"product_cat-siulu-pluostai","15":"first","16":"instock","17":"sale","18":"taxable","19":"shipping-taxable","20":"purchasable","21":"product-type-variable"},"_links":{"self":[{"href":"https:\/\/bitessiulai.lt\/lv\/wp-json\/wp\/v2\/product\/22582","targetHints":{"allow":["GET"]}}],"collection":[{"href":"https:\/\/bitessiulai.lt\/lv\/wp-json\/wp\/v2\/product"}],"about":[{"href":"https:\/\/bitessiulai.lt\/lv\/wp-json\/wp\/v2\/types\/product"}],"replies":[{"embeddable":true,"href":"https:\/\/bitessiulai.lt\/lv\/wp-json\/wp\/v2\/comments?post=22582"}],"version-history":[{"count":2,"href":"https:\/\/bitessiulai.lt\/lv\/wp-json\/wp\/v2\/product\/22582\/revisions"}],"predecessor-version":[{"id":23137,"href":"https:\/\/bitessiulai.lt\/lv\/wp-json\/wp\/v2\/product\/22582\/revisions\/23137"}],"wp:featuredmedia":[{"embeddable":true,"href":"https:\/\/bitessiulai.lt\/lv\/wp-json\/wp\/v2\/media\/22583"}],"wp:attachment":[{"href":"https:\/\/bitessiulai.lt\/lv\/wp-json\/wp\/v2\/media?parent=22582"}],"wp:term":[{"taxonomy":"product_brand","embeddable":true,"href":"https:\/\/bitessiulai.lt\/lv\/wp-json\/wp\/v2\/product_brand?post=22582"},{"taxonomy":"product_cat","embeddable":true,"href":"https:\/\/bitessiulai.lt\/lv\/wp-json\/wp\/v2\/product_cat?post=22582"},{"taxonomy":"product_tag","embeddable":true,"href":"https:\/\/bitessiulai.lt\/lv\/wp-json\/wp\/v2\/product_tag?post=22582"},{"taxonomy":"giftcard-category","embeddable":true,"href":"https:\/\/bitessiulai.lt\/lv\/wp-json\/wp\/v2\/giftcard-category?post=22582"}],"curies":[{"name":"wp","href":"https:\/\/api.w.org\/{rel}","templated":true}]}}