{"id":21818,"date":"2026-02-03T08:36:27","date_gmt":"2026-02-03T06:36:27","guid":{"rendered":"https:\/\/bitessiulai.lt\/?post_type=product&#038;p=21818"},"modified":"2026-05-04T09:33:29","modified_gmt":"2026-05-04T06:33:29","slug":"cardiff-cashmere-prime","status":"publish","type":"product","link":"https:\/\/bitessiulai.lt\/lv\/products\/cardiff-cashmere-prime\/","title":{"rendered":"Cardiff Cashmere Prime (68% ka\u0161myras, 32% \u0161ilkas)"},"content":{"rendered":"<h6><strong>Cardiff Cashmere Prime (<\/strong>68% ka\u0161myras, 32% \u0161ilkas)<\/h6>\n<p>\u201eCardiff Cashmere Prime\u201c \u2013 tai \u0161ukuoti si\u016blai i\u0161 Italijos. Sudaryti i\u0161 mink\u0161to ka\u0161myro ir brangaus \u0161ilkmed\u017eio \u0161ilko. D\u0117l savo plonumo juos galima naudoti tiek kaip pagalbinius si\u016blus su kitais si\u016blais, tiek atskirai labai unikaliems projektams. Platus spalv\u0173 pasirinkimas, tinkantis bet kokiam deriniui. \u0160ukuotas ka\u0161myras turi subtil\u0173 blizges\u012f, kuris J\u016bs\u0173 projektus pavers itin prabangiais. Malonus poj\u016btis ir brabangus vaizdas \u2013 vilk\u0117dami \u0161ukuoto ka\u0161myro drabu\u017e\u012f, j\u016bs patirsite malon\u0173, \u0161ilt\u0105 apkabinim\u0105, kuris puikiai tinka tiek kasdieniam naudojimui, tiek ypatingoms progoms.<\/p>\n<p>\u0160io si\u016blo savyb\u0117s yra stulbinan\u010dios,taip pat turi puiki\u0105 \u0161ilumos izoliacij\u0105 tod\u0117l privalote i\u0161bandyti. \u0160is pluo\u0161tas puikiai i\u0161laiko \u0161ilum\u0105, tod\u0117l j\u016bs\u0173 komfortas garantuotas. Jis yra lengvas ir patogus, o tai leid\u017eia m\u0117gautis gaminio nuostabia i\u0161vaizda.<\/p>\n<p><img fetchpriority=\"high\" decoding=\"async\" class=\"alignnone size-medium wp-image-21819\" src=\"http:\/\/bitessiulai.lt\/wp-content\/uploads\/2026\/01\/Cashmere-Yarn-240x300.jpg\" alt=\"\" width=\"240\" height=\"300\" srcset=\"https:\/\/bitessiulai.lt\/wp-content\/uploads\/2026\/01\/Cashmere-Yarn-240x300.jpg 240w, https:\/\/bitessiulai.lt\/wp-content\/uploads\/2026\/01\/Cashmere-Yarn-10x12.jpg 10w, https:\/\/bitessiulai.lt\/wp-content\/uploads\/2026\/01\/Cashmere-Yarn-600x750.jpg 600w, https:\/\/bitessiulai.lt\/wp-content\/uploads\/2026\/01\/Cashmere-Yarn-120x150.jpg 120w, https:\/\/bitessiulai.lt\/wp-content\/uploads\/2026\/01\/Cashmere-Yarn.jpg 736w\" sizes=\"(max-width: 240px) 100vw, 240px\" \/><img decoding=\"async\" class=\"alignnone size-medium wp-image-21821\" src=\"http:\/\/bitessiulai.lt\/wp-content\/uploads\/2026\/01\/2fa4bb0e2fac87208ca71cd37a060b89-240x300.jpg\" alt=\"\" width=\"240\" height=\"300\" srcset=\"https:\/\/bitessiulai.lt\/wp-content\/uploads\/2026\/01\/2fa4bb0e2fac87208ca71cd37a060b89-240x300.jpg 240w, https:\/\/bitessiulai.lt\/wp-content\/uploads\/2026\/01\/2fa4bb0e2fac87208ca71cd37a060b89-819x1024.jpg 819w, https:\/\/bitessiulai.lt\/wp-content\/uploads\/2026\/01\/2fa4bb0e2fac87208ca71cd37a060b89-768x960.jpg 768w, https:\/\/bitessiulai.lt\/wp-content\/uploads\/2026\/01\/2fa4bb0e2fac87208ca71cd37a060b89-10x12.jpg 10w, https:\/\/bitessiulai.lt\/wp-content\/uploads\/2026\/01\/2fa4bb0e2fac87208ca71cd37a060b89-600x750.jpg 600w, https:\/\/bitessiulai.lt\/wp-content\/uploads\/2026\/01\/2fa4bb0e2fac87208ca71cd37a060b89-120x150.jpg 120w, https:\/\/bitessiulai.lt\/wp-content\/uploads\/2026\/01\/2fa4bb0e2fac87208ca71cd37a060b89.jpg 1200w\" sizes=\"(max-width: 240px) 100vw, 240px\" \/><\/p>\n<p>Kiek si\u016bl\u0173 kamuoliuk\u0173 rekomenduojama <strong>Cardiff Cashmere Prime<\/strong> projektams ?<\/p>\n<ul>\n<li>Kepurei 1vnt.<\/li>\n<li>\u0160alikui 2vnt.<\/li>\n<li>Puikiai tiks kaip prid\u0117tinis si\u016blas, itin plonas.<\/li>\n<li>S\/M dyd\u017eio megztiniui 4-5vnt. kamuoliuk\u0173.<\/li>\n<\/ul>\n<p>&nbsp;<\/p>\n<p><img decoding=\"async\" class=\"alignnone size-medium wp-image-21823\" src=\"http:\/\/bitessiulai.lt\/wp-content\/uploads\/2026\/01\/63a4ebdddcae249ed01535e0055e54a9-300x132.jpg\" alt=\"\" width=\"300\" height=\"132\" srcset=\"https:\/\/bitessiulai.lt\/wp-content\/uploads\/2026\/01\/63a4ebdddcae249ed01535e0055e54a9-300x132.jpg 300w, https:\/\/bitessiulai.lt\/wp-content\/uploads\/2026\/01\/63a4ebdddcae249ed01535e0055e54a9-18x8.jpg 18w, https:\/\/bitessiulai.lt\/wp-content\/uploads\/2026\/01\/63a4ebdddcae249ed01535e0055e54a9-150x66.jpg 150w, https:\/\/bitessiulai.lt\/wp-content\/uploads\/2026\/01\/63a4ebdddcae249ed01535e0055e54a9.jpg 500w\" sizes=\"(max-width: 300px) 100vw, 300px\" \/><\/p>\n<p><span dir=\"auto\">Ka\u0161myras &#8221; Cardiff&#8221; \u012fkv\u0117pimo \u0161altinis nuo pat prad\u017ei\u0173. J\u012f \u012fk\u016br\u0117 verslinink\u0173 \u0161eima i\u0161 Bielos, kuri devintajame de\u0161imtmetyje pripa\u017eino \u0161\u012f pluo\u0161t\u0105 auk\u0161\u010diausiu kokyb\u0117s ir presti\u017eo i\u0161rai\u0161ka tekstil\u0117s srityje. <\/span><span dir=\"auto\">Laikui b\u0117gant, \u012fmon\u0117s filosofija susitelk\u0117 ties pagrindin\u0117mis vertyb\u0117mis: i\u0161skirtine specializacija geriausi\u0173 ka\u0161myro pluo\u0161t\u0173 atrankoje ir perdirbime, nuolatinis \u012fsipareigojimas j\u0173 apdailai ir kokyb\u0117s siekimas, kuris lemia kiekvien\u0105 pasirinkim\u0105 ir kiekvien\u0105 proces\u0105.<\/span><\/p>\n<p>*Ekr\u0101n\u0101 redzam\u0101s kr\u0101sas var nedaudz at\u0161\u0137irties no faktisk\u0101s diegu kr\u0101sas.<\/p>\n<p>&nbsp;<\/p>\n<p>&nbsp;<\/p>\n<p>&nbsp;<\/p>\n<p>&nbsp;<\/p>\n<p>&nbsp;<\/p>","protected":false},"excerpt":{"rendered":"<p>Sud\u0117tis: 68% ka\u0161myras, 32% \u0161ilkas<\/p>\n<p>Svoris\/ilgis: 25 g.= ma\u017edaug 300 m.<\/p>\n<p>Rekomenduojamas virbal\u0173 dydis: 3 &#8211; 3,5\u00a0 mm.<\/p>","protected":false},"featured_media":22408,"comment_status":"open","ping_status":"closed","template":"","meta":[],"product_brand":[],"product_cat":[175,4123,4124,4122,177,1283,173],"product_tag":[],"giftcard-category":[],"class_list":{"0":"post-21818","1":"product","2":"type-product","3":"status-publish","4":"has-post-thumbnail","6":"product_cat-siulu-pluostai","7":"product_cat-cardiff","8":"product_cat-cashmere-prime","9":"product_cat-kasmyras","10":"product_cat-mezgimo-siulai","11":"product_cat-silkas","12":"product_cat-siulai","14":"first","15":"instock","16":"taxable","17":"shipping-taxable","18":"purchasable","19":"product-type-variable"},"_links":{"self":[{"href":"https:\/\/bitessiulai.lt\/lv\/wp-json\/wp\/v2\/product\/21818","targetHints":{"allow":["GET"]}}],"collection":[{"href":"https:\/\/bitessiulai.lt\/lv\/wp-json\/wp\/v2\/product"}],"about":[{"href":"https:\/\/bitessiulai.lt\/lv\/wp-json\/wp\/v2\/types\/product"}],"replies":[{"embeddable":true,"href":"https:\/\/bitessiulai.lt\/lv\/wp-json\/wp\/v2\/comments?post=21818"}],"version-history":[{"count":5,"href":"https:\/\/bitessiulai.lt\/lv\/wp-json\/wp\/v2\/product\/21818\/revisions"}],"predecessor-version":[{"id":22414,"href":"https:\/\/bitessiulai.lt\/lv\/wp-json\/wp\/v2\/product\/21818\/revisions\/22414"}],"wp:featuredmedia":[{"embeddable":true,"href":"https:\/\/bitessiulai.lt\/lv\/wp-json\/wp\/v2\/media\/22408"}],"wp:attachment":[{"href":"https:\/\/bitessiulai.lt\/lv\/wp-json\/wp\/v2\/media?parent=21818"}],"wp:term":[{"taxonomy":"product_brand","embeddable":true,"href":"https:\/\/bitessiulai.lt\/lv\/wp-json\/wp\/v2\/product_brand?post=21818"},{"taxonomy":"product_cat","embeddable":true,"href":"https:\/\/bitessiulai.lt\/lv\/wp-json\/wp\/v2\/product_cat?post=21818"},{"taxonomy":"product_tag","embeddable":true,"href":"https:\/\/bitessiulai.lt\/lv\/wp-json\/wp\/v2\/product_tag?post=21818"},{"taxonomy":"giftcard-category","embeddable":true,"href":"https:\/\/bitessiulai.lt\/lv\/wp-json\/wp\/v2\/giftcard-category?post=21818"}],"curies":[{"name":"wp","href":"https:\/\/api.w.org\/{rel}","templated":true}]}}