{"id":21618,"date":"2026-01-15T14:30:20","date_gmt":"2026-01-15T12:30:20","guid":{"rendered":"https:\/\/bitessiulai.lt\/?post_type=product&#038;p=21618"},"modified":"2026-03-07T18:24:32","modified_gmt":"2026-03-07T16:24:32","slug":"115cm-lykke-flight-prisukamu-metaliniu-virbalu-rinkinys-325-650mm","status":"publish","type":"product","link":"https:\/\/bitessiulai.lt\/lv\/products\/115cm-lykke-flight-prisukamu-metaliniu-virbalu-rinkinys-325-650mm\/","title":{"rendered":"11,5cm. LYKKE FLIGHT prisukam\u0173 metalini\u0173 virbal\u0173 rinkinys (3,25-6,50mm)"},"content":{"rendered":"<p data-start=\"96\" data-end=\"509\"><strong>11,5cm. LYKKE FLIGHT prisukam\u0173 metalini\u0173 virbal\u0173 rinkinys (3,25-6,50mm)<\/strong> &#8211; auk\u0161tos kokyb\u0117s metaliniai prisukami mezgimo virbalai yra smailaus galiuko, 13 cm ilgio (be valo jungties metalin\u0117s dalies \u2013 apie 11,5 cm). Jie pagaminti i\u0161 tvirto\u00a0<em data-start=\"473\" data-end=\"507\">316 klas\u0117s ner\u016bdijan\u010dio plieno<\/em>*, yra itin patog\u016bs, lengvi ir tiksl\u016bs, tod\u0117l puikiai tinka smulkesniems mezgimo projektams.<\/p>\n<p data-start=\"601\" data-end=\"804\"><strong>LYKKE FLIGHT rinkin\u012f sudaro:<\/strong><\/p>\n<ul>\n<li><strong>9 gab. skr\u016bv\u0113jami iesmi<\/strong> (3,25 mm, <em>3,5 mm, 3.75 mm, 4.0 mm, 4.5 mm, 5.00mm, 5.5mm, 6.00mm, 6.5mm.)<\/em><\/li>\n<li><strong>4 ieskr\u016bv\u0113jamas l\u012bnijas<\/strong> ( 60<em> cm, 80 cm, 100 cm, 120cm)<\/em><\/li>\n<li><strong>2<\/strong> l\u012bniju savienojumi,<strong> 8<\/strong> stabd\u017eiukai, 4<strong>\u00a0<\/strong>pievilk\u0161anas atsl\u0113gas. Tapu garums: <strong>11,5 cm.<\/strong><\/li>\n<\/ul>\n<p><span class=\"weight900\">Uz LYKKE<\/span> virbal\u0173 yra i\u0161graviruoti dyd\u017eiai, rinkinys pateiktas gra\u017eiame va\u0161kuoto d\u017eins d\u0117kle su ki\u0161en\u0117liais, kiekviena priemon\u0117 turi savo viet\u0105, tod\u0117l tvarka tikrai garantuota \ud83d\ude42<\/p>\n<p>&nbsp;<\/p>\n<p><img fetchpriority=\"high\" decoding=\"async\" class=\"alignnone size-medium wp-image-21630\" src=\"http:\/\/bitessiulai.lt\/wp-content\/uploads\/2026\/01\/2_0044559d-261b-48b5-8c03-07f4ae2aad60_800x-300x300.jpg\" alt=\"\" width=\"300\" height=\"300\" srcset=\"https:\/\/bitessiulai.lt\/wp-content\/uploads\/2026\/01\/2_0044559d-261b-48b5-8c03-07f4ae2aad60_800x-300x300.jpg 300w, https:\/\/bitessiulai.lt\/wp-content\/uploads\/2026\/01\/2_0044559d-261b-48b5-8c03-07f4ae2aad60_800x-150x150.jpg 150w, https:\/\/bitessiulai.lt\/wp-content\/uploads\/2026\/01\/2_0044559d-261b-48b5-8c03-07f4ae2aad60_800x-768x768.jpg 768w, https:\/\/bitessiulai.lt\/wp-content\/uploads\/2026\/01\/2_0044559d-261b-48b5-8c03-07f4ae2aad60_800x-12x12.jpg 12w, https:\/\/bitessiulai.lt\/wp-content\/uploads\/2026\/01\/2_0044559d-261b-48b5-8c03-07f4ae2aad60_800x-600x600.jpg 600w, https:\/\/bitessiulai.lt\/wp-content\/uploads\/2026\/01\/2_0044559d-261b-48b5-8c03-07f4ae2aad60_800x-96x96.jpg 96w, https:\/\/bitessiulai.lt\/wp-content\/uploads\/2026\/01\/2_0044559d-261b-48b5-8c03-07f4ae2aad60_800x.jpg 800w\" sizes=\"(max-width: 300px) 100vw, 300px\" \/> <img decoding=\"async\" class=\"alignnone size-medium wp-image-21631\" src=\"http:\/\/bitessiulai.lt\/wp-content\/uploads\/2026\/01\/il_fullxfull.7362769169_ewmo-240x300.jpg\" alt=\"\" width=\"240\" height=\"300\" srcset=\"https:\/\/bitessiulai.lt\/wp-content\/uploads\/2026\/01\/il_fullxfull.7362769169_ewmo-240x300.jpg 240w, https:\/\/bitessiulai.lt\/wp-content\/uploads\/2026\/01\/il_fullxfull.7362769169_ewmo-819x1024.jpg 819w, https:\/\/bitessiulai.lt\/wp-content\/uploads\/2026\/01\/il_fullxfull.7362769169_ewmo-768x960.jpg 768w, https:\/\/bitessiulai.lt\/wp-content\/uploads\/2026\/01\/il_fullxfull.7362769169_ewmo-10x12.jpg 10w, https:\/\/bitessiulai.lt\/wp-content\/uploads\/2026\/01\/il_fullxfull.7362769169_ewmo-600x750.jpg 600w, https:\/\/bitessiulai.lt\/wp-content\/uploads\/2026\/01\/il_fullxfull.7362769169_ewmo-120x150.jpg 120w, https:\/\/bitessiulai.lt\/wp-content\/uploads\/2026\/01\/il_fullxfull.7362769169_ewmo.jpg 1080w\" sizes=\"(max-width: 240px) 100vw, 240px\" \/><\/p>","protected":false},"excerpt":{"rendered":"<p>11,5cm. LYKKE FLIGHT prisukam\u0173 metalini\u0173 virbal\u0173 rinkinys (3,25-6,50mm) &#8211; auk\u0161tos kokyb\u0117s metaliniai prisukami mezgimo virbalai yra smailaus galiuko, 13 cm ilgio (be valo jungties metalin\u0117s dalies \u2013 apie 11,5 cm). Jie pagaminti i\u0161 tvirto\u00a0316 klas\u0117s ner\u016bdijan\u010dio plieno*, yra itin patog\u016bs, lengvi ir tiksl\u016bs, tod\u0117l puikiai tinka smulkesniems mezgimo projektams. LYKKE FLIGHT rinkin\u012f sudaro: 9vnt. prisukam\u0173 virbal\u0173 (3,25mm, 3,5 mm, 3.75 mm, 4.0 mm, 4.5 mm, 5.00mm, 5.5mm, 6.00mm, 6.5mm.) 4vnt. prisukam\u0173 val\u0173 ( 60 cm, 80 cm, 100 cm, 120cm) 2 val\u0173 jungtys, 8 stabd\u017eiukai, 4\u00a0priver\u017eimo rakteliai. Virbal\u0173 ilgis: 11,5cm. Ant LYKKE virbal\u0173 yra i\u0161graviruoti dyd\u017eiai, rinkinys pateiktas gra\u017eiame va\u0161kuoto d\u017eins d\u0117kle su ki\u0161en\u0117liais, kiekviena priemon\u0117 turi savo viet\u0105, tod\u0117l tvarka tikrai garantuota \ud83d\ude42 &nbsp;<\/p>","protected":false},"featured_media":21629,"comment_status":"open","ping_status":"closed","template":"","meta":[],"product_brand":[],"product_cat":[2124,2123,181],"product_tag":[],"giftcard-category":[],"class_list":{"0":"post-21618","1":"product","2":"type-product","3":"status-publish","4":"has-post-thumbnail","6":"product_cat-lykke","7":"product_cat-mezgimo-priemoniu-gamintojai","8":"product_cat-virbalu-rinkiniai","10":"first","11":"outofstock","12":"taxable","13":"shipping-taxable","14":"purchasable","15":"product-type-simple"},"_links":{"self":[{"href":"https:\/\/bitessiulai.lt\/lv\/wp-json\/wp\/v2\/product\/21618","targetHints":{"allow":["GET"]}}],"collection":[{"href":"https:\/\/bitessiulai.lt\/lv\/wp-json\/wp\/v2\/product"}],"about":[{"href":"https:\/\/bitessiulai.lt\/lv\/wp-json\/wp\/v2\/types\/product"}],"replies":[{"embeddable":true,"href":"https:\/\/bitessiulai.lt\/lv\/wp-json\/wp\/v2\/comments?post=21618"}],"version-history":[{"count":5,"href":"https:\/\/bitessiulai.lt\/lv\/wp-json\/wp\/v2\/product\/21618\/revisions"}],"predecessor-version":[{"id":21648,"href":"https:\/\/bitessiulai.lt\/lv\/wp-json\/wp\/v2\/product\/21618\/revisions\/21648"}],"wp:featuredmedia":[{"embeddable":true,"href":"https:\/\/bitessiulai.lt\/lv\/wp-json\/wp\/v2\/media\/21629"}],"wp:attachment":[{"href":"https:\/\/bitessiulai.lt\/lv\/wp-json\/wp\/v2\/media?parent=21618"}],"wp:term":[{"taxonomy":"product_brand","embeddable":true,"href":"https:\/\/bitessiulai.lt\/lv\/wp-json\/wp\/v2\/product_brand?post=21618"},{"taxonomy":"product_cat","embeddable":true,"href":"https:\/\/bitessiulai.lt\/lv\/wp-json\/wp\/v2\/product_cat?post=21618"},{"taxonomy":"product_tag","embeddable":true,"href":"https:\/\/bitessiulai.lt\/lv\/wp-json\/wp\/v2\/product_tag?post=21618"},{"taxonomy":"giftcard-category","embeddable":true,"href":"https:\/\/bitessiulai.lt\/lv\/wp-json\/wp\/v2\/giftcard-category?post=21618"}],"curies":[{"name":"wp","href":"https:\/\/api.w.org\/{rel}","templated":true}]}}