{"id":20502,"date":"2025-12-09T11:09:43","date_gmt":"2025-12-09T09:09:43","guid":{"rendered":"https:\/\/bitessiulai.lt\/?post_type=product&#038;p=20502"},"modified":"2026-04-03T13:49:26","modified_gmt":"2026-04-03T10:49:26","slug":"gazzal-sweet-baby","status":"publish","type":"product","link":"https:\/\/bitessiulai.lt\/lv\/products\/gazzal-sweet-baby\/","title":{"rendered":"Gazzal Sweet Baby"},"content":{"rendered":"<p><strong><span dir=\"auto\">\u201eGazzal Sweet Baby\u201c \u2013 <\/span><\/strong><span dir=\"auto\">tai si\u016blai, pagaminti i\u0161 100 % ekologi\u0161kos medviln\u0117s, kuriai taikoma visi\u0161ka <\/span><span dir=\"auto\">GOTS<\/span><span dir=\"auto\"> (Pasaulinio ekologi\u0161kos tekstil\u0117s standarto) \u00a0sertifikuota kontrol\u0117\u00a0 \u00a0. \u0160ie si\u016blai auginami be pesticid\u0173, kenksming\u0173 tr\u0105\u0161\u0173 ar toksi\u0161k\u0173 da\u017eikli\u0173, tod\u0117l yra visi\u0161kai saug\u016bs tiek gamtai, tiek jautriausiai vaik\u0173 ir k\u016bdiki\u0173 odai.<\/span><\/p>\n<p><span dir=\"auto\">D\u0117l mink\u0161tos tekst\u016bros ir nat\u016bralaus laidumo orui \u201eSweet Baby\u201c si\u016blai idealiai tinka vasaros, pavasario ir vis\u0173 sezon\u0173 vaik\u0173 megztiniams. Jie nedirgina odos, nesukelia alergijos ir suteikia komfort\u0105 kiekvienam judesiui. \u0160ie si\u016blai taip pat puikiai tinka antklod\u0117ms, bod\u017eiukams, kepur\u0117ms, \u017eaislams ir drabu\u017eiams naujagimiams.<\/span><\/p>\n<p><span dir=\"auto\">D\u0117l auk\u0161tos kokyb\u0117s europieti\u0161kos produkcijos \u201eSweet Baby\u201c si\u016blai tolygiai sukasi, lengvai slysta darbe ir yra maloniai elastingi, o tai padeda suformuoti tvarkingus ir lygius ra\u0161tus.<\/span><\/p>\n<p><img decoding=\"async\" class=\"alignnone size-full wp-image-20504\" src=\"http:\/\/bitessiulai.lt\/wp-content\/uploads\/2025\/12\/sertifikatas.png\" alt=\"\" width=\"250\" height=\"174\" srcset=\"https:\/\/bitessiulai.lt\/wp-content\/uploads\/2025\/12\/sertifikatas.png 250w, https:\/\/bitessiulai.lt\/wp-content\/uploads\/2025\/12\/sertifikatas-18x12.png 18w, https:\/\/bitessiulai.lt\/wp-content\/uploads\/2025\/12\/sertifikatas-150x104.png 150w\" sizes=\"(max-width: 250px) 100vw, 250px\" \/><\/p>\n<p>*Ekr\u0101n\u0101 redzam\u0101s kr\u0101sas var nedaudz at\u0161\u0137irties no faktisk\u0101s diegu kr\u0101sas.<\/p>\n<p>&nbsp;<\/p>","protected":false},"excerpt":{"rendered":"<p>Sud\u0117tis: 100% Ekologi\u0161ka medviln\u0117<\/p>\n<p>Svars\/garums: 50 g = aptuveni 75 m.<\/p>\n<p>Ieteicamais adatu izm\u0113rs: 5 mm.<\/p>\n<p>Rekomenduojamas va\u0161elio dydis: 5\u00a0 mm.<\/p>","protected":false},"featured_media":20503,"comment_status":"open","ping_status":"closed","template":"","meta":[],"product_brand":[],"product_cat":[173,947,177,178,174,4056],"product_tag":[],"giftcard-category":[],"class_list":{"0":"post-20502","1":"product","2":"type-product","3":"status-publish","4":"has-post-thumbnail","6":"product_cat-siulai","7":"product_cat-gazzal","8":"product_cat-mezgimo-siulai","9":"product_cat-nerimo-siulai","10":"product_cat-siulu-gamintojai","11":"product_cat-sweet-baby","13":"first","14":"instock","15":"taxable","16":"shipping-taxable","17":"purchasable","18":"product-type-variable"},"_links":{"self":[{"href":"https:\/\/bitessiulai.lt\/lv\/wp-json\/wp\/v2\/product\/20502","targetHints":{"allow":["GET"]}}],"collection":[{"href":"https:\/\/bitessiulai.lt\/lv\/wp-json\/wp\/v2\/product"}],"about":[{"href":"https:\/\/bitessiulai.lt\/lv\/wp-json\/wp\/v2\/types\/product"}],"replies":[{"embeddable":true,"href":"https:\/\/bitessiulai.lt\/lv\/wp-json\/wp\/v2\/comments?post=20502"}],"version-history":[{"count":1,"href":"https:\/\/bitessiulai.lt\/lv\/wp-json\/wp\/v2\/product\/20502\/revisions"}],"predecessor-version":[{"id":20519,"href":"https:\/\/bitessiulai.lt\/lv\/wp-json\/wp\/v2\/product\/20502\/revisions\/20519"}],"wp:featuredmedia":[{"embeddable":true,"href":"https:\/\/bitessiulai.lt\/lv\/wp-json\/wp\/v2\/media\/20503"}],"wp:attachment":[{"href":"https:\/\/bitessiulai.lt\/lv\/wp-json\/wp\/v2\/media?parent=20502"}],"wp:term":[{"taxonomy":"product_brand","embeddable":true,"href":"https:\/\/bitessiulai.lt\/lv\/wp-json\/wp\/v2\/product_brand?post=20502"},{"taxonomy":"product_cat","embeddable":true,"href":"https:\/\/bitessiulai.lt\/lv\/wp-json\/wp\/v2\/product_cat?post=20502"},{"taxonomy":"product_tag","embeddable":true,"href":"https:\/\/bitessiulai.lt\/lv\/wp-json\/wp\/v2\/product_tag?post=20502"},{"taxonomy":"giftcard-category","embeddable":true,"href":"https:\/\/bitessiulai.lt\/lv\/wp-json\/wp\/v2\/giftcard-category?post=20502"}],"curies":[{"name":"wp","href":"https:\/\/api.w.org\/{rel}","templated":true}]}}