{"id":20069,"date":"2025-12-02T14:23:52","date_gmt":"2025-12-02T12:23:52","guid":{"rendered":"https:\/\/bitessiulai.lt\/?post_type=product&#038;p=20069"},"modified":"2026-03-25T20:25:15","modified_gmt":"2026-03-25T18:25:15","slug":"pony-black-chenille-adatu-rinkinys","status":"publish","type":"product","link":"https:\/\/bitessiulai.lt\/lv\/products\/pony-black-chenille-adatu-rinkinys\/","title":{"rendered":"Pony Black Chenille adat\u0173 rinkinys"},"content":{"rendered":"<p>\u201ePony Black Chenille adat\u0173 rinkinys\u201c . Adatos yra matin\u0117s, tod\u0117l malonesn\u0117s akiai. \u0160enilin\u0117s adatos idealiai tinka sunkesniam siuvin\u0117jimui su tankiai austais audiniais. Jos pagamintos i\u0161 didelio anglies kiekio plieno ir turi a\u0161tr\u0173 galiuk\u0105. \u0160enilin\u0117s adatos yra lygios ir turi pailg\u0105 akut\u0119, tod\u0117l jas lengva \u012fverti net ir su keliais si\u016bl\u0173 gijomis arba storesniais si\u016blais, pavyzd\u017eiui, vilnoniais. Adatos yra matin\u0117s juodos spalvos ir turi spalvot\u0105 akut\u0119, tod\u0117l lengva atskirti skirtingus dyd\u017eius. Adatos tiekiamos 24 adat\u0173 asortimento pakuot\u0117je, kuri\u0173 dyd\u017eiai yra 20, 22, 24 ir 26. Adatos yra be nikelio.<\/p>\n<p>&nbsp;<\/p>\n<p><img fetchpriority=\"high\" decoding=\"async\" class=\"alignnone size-medium wp-image-20074\" src=\"http:\/\/bitessiulai.lt\/wp-content\/uploads\/2025\/12\/P10186-3-300x300.webp\" alt=\"\" width=\"300\" height=\"300\" srcset=\"https:\/\/bitessiulai.lt\/wp-content\/uploads\/2025\/12\/P10186-3-300x300.webp 300w, https:\/\/bitessiulai.lt\/wp-content\/uploads\/2025\/12\/P10186-3-150x150.webp 150w, https:\/\/bitessiulai.lt\/wp-content\/uploads\/2025\/12\/P10186-3-12x12.webp 12w, https:\/\/bitessiulai.lt\/wp-content\/uploads\/2025\/12\/P10186-3-600x600.webp 600w, https:\/\/bitessiulai.lt\/wp-content\/uploads\/2025\/12\/P10186-3-96x96.webp 96w, https:\/\/bitessiulai.lt\/wp-content\/uploads\/2025\/12\/P10186-3.webp 700w\" sizes=\"(max-width: 300px) 100vw, 300px\" \/> <img decoding=\"async\" class=\"alignnone size-medium wp-image-20075\" src=\"http:\/\/bitessiulai.lt\/wp-content\/uploads\/2025\/12\/P10186-2-1-300x300.webp\" alt=\"\" width=\"300\" height=\"300\" srcset=\"https:\/\/bitessiulai.lt\/wp-content\/uploads\/2025\/12\/P10186-2-1-300x300.webp 300w, https:\/\/bitessiulai.lt\/wp-content\/uploads\/2025\/12\/P10186-2-1-150x150.webp 150w, https:\/\/bitessiulai.lt\/wp-content\/uploads\/2025\/12\/P10186-2-1-12x12.webp 12w, https:\/\/bitessiulai.lt\/wp-content\/uploads\/2025\/12\/P10186-2-1-600x600.webp 600w, https:\/\/bitessiulai.lt\/wp-content\/uploads\/2025\/12\/P10186-2-1-96x96.webp 96w, https:\/\/bitessiulai.lt\/wp-content\/uploads\/2025\/12\/P10186-2-1.webp 700w\" sizes=\"(max-width: 300px) 100vw, 300px\" \/><\/p>","protected":false},"excerpt":{"rendered":"<p>\u201ePony Black Chenille adat\u0173 rinkinys\u201c . Adatos yra matin\u0117s, tod\u0117l malonesn\u0117s akiai. \u0160enilin\u0117s adatos idealiai tinka sunkesniam siuvin\u0117jimui su tankiai austais audiniais. Jos pagamintos i\u0161 didelio anglies kiekio plieno ir turi a\u0161tr\u0173 galiuk\u0105. \u0160enilin\u0117s adatos yra lygios ir turi pailg\u0105 akut\u0119, tod\u0117l jas lengva \u012fverti net ir su keliais si\u016bl\u0173 gijomis arba storesniais si\u016blais, pavyzd\u017eiui, vilnoniais. Adatos yra matin\u0117s juodos spalvos ir turi spalvot\u0105 akut\u0119, tod\u0117l lengva atskirti skirtingus dyd\u017eius. Adatos tiekiamos 24 adat\u0173 asortimento pakuot\u0117je, kuri\u0173 dyd\u017eiai yra 20, 22, 24 ir 26. Adatos yra be nikelio. &nbsp;<\/p>","protected":false},"featured_media":20071,"comment_status":"open","ping_status":"closed","template":"","meta":[],"product_brand":[],"product_cat":[192,193,3718],"product_tag":[],"giftcard-category":[],"class_list":{"0":"post-20069","1":"product","2":"type-product","3":"status-publish","4":"has-post-thumbnail","6":"product_cat-priedai-mezgimui","7":"product_cat-adatos","8":"product_cat-naujienos","10":"first","11":"instock","12":"taxable","13":"shipping-taxable","14":"purchasable","15":"product-type-simple"},"_links":{"self":[{"href":"https:\/\/bitessiulai.lt\/lv\/wp-json\/wp\/v2\/product\/20069","targetHints":{"allow":["GET"]}}],"collection":[{"href":"https:\/\/bitessiulai.lt\/lv\/wp-json\/wp\/v2\/product"}],"about":[{"href":"https:\/\/bitessiulai.lt\/lv\/wp-json\/wp\/v2\/types\/product"}],"replies":[{"embeddable":true,"href":"https:\/\/bitessiulai.lt\/lv\/wp-json\/wp\/v2\/comments?post=20069"}],"version-history":[{"count":0,"href":"https:\/\/bitessiulai.lt\/lv\/wp-json\/wp\/v2\/product\/20069\/revisions"}],"wp:featuredmedia":[{"embeddable":true,"href":"https:\/\/bitessiulai.lt\/lv\/wp-json\/wp\/v2\/media\/20071"}],"wp:attachment":[{"href":"https:\/\/bitessiulai.lt\/lv\/wp-json\/wp\/v2\/media?parent=20069"}],"wp:term":[{"taxonomy":"product_brand","embeddable":true,"href":"https:\/\/bitessiulai.lt\/lv\/wp-json\/wp\/v2\/product_brand?post=20069"},{"taxonomy":"product_cat","embeddable":true,"href":"https:\/\/bitessiulai.lt\/lv\/wp-json\/wp\/v2\/product_cat?post=20069"},{"taxonomy":"product_tag","embeddable":true,"href":"https:\/\/bitessiulai.lt\/lv\/wp-json\/wp\/v2\/product_tag?post=20069"},{"taxonomy":"giftcard-category","embeddable":true,"href":"https:\/\/bitessiulai.lt\/lv\/wp-json\/wp\/v2\/giftcard-category?post=20069"}],"curies":[{"name":"wp","href":"https:\/\/api.w.org\/{rel}","templated":true}]}}