{"id":19826,"date":"2025-11-27T16:58:10","date_gmt":"2025-11-27T14:58:10","guid":{"rendered":"https:\/\/bitessiulai.lt\/?post_type=product&#038;p=19826"},"modified":"2026-05-11T08:08:39","modified_gmt":"2026-05-11T05:08:39","slug":"alize-puffy-kilpiniai-siulai","status":"publish","type":"product","link":"https:\/\/bitessiulai.lt\/lv\/products\/alize-puffy-kilpiniai-siulai\/","title":{"rendered":"Alize Puffy kilpiniai si\u016blai"},"content":{"rendered":"<p><strong>Alize Puffy kilpiniai si\u016blai<\/strong> \u2013 mink\u0161ti, unikal\u016bs si\u016blai. Puikiai tinkantys kiekvienam k\u016br\u0117jui. \u0160ie si\u016blai turi savo unikali\u0105 tekst\u016br\u0105 \u2013 d\u0117l j\u0173 kilpin\u0117s strukt\u016bros galite megzti nenaudodami virbal\u0173 ar v\u0105\u0161elio, tik rankomis. Su \u0161iuo si\u016bl\u0173 J\u016bs\u0173 projektai bus itin mink\u0161ti ir jauk\u016bs. \u00a0Si\u016blai yra pagaminti i\u0161 100 % mikropoliesterio, tod\u0117l jie yra labai malon\u016bs prie k\u016bno. Platus spalv\u0173 pasirinkimas leis \u012fgyvendinti visus J\u016bs\u0173 projektus. Puikiai tinkantys pledukams, anklod\u0117ms, \u017eaislams ar kitiems J\u016bs\u0173 projektams.<\/p>\n<p><img fetchpriority=\"high\" decoding=\"async\" class=\"alignnone size-medium wp-image-19828\" src=\"http:\/\/bitessiulai.lt\/wp-content\/uploads\/2025\/11\/hq720-300x169.jpg\" alt=\"\" width=\"300\" height=\"169\" srcset=\"https:\/\/bitessiulai.lt\/wp-content\/uploads\/2025\/11\/hq720-300x169.jpg 300w, https:\/\/bitessiulai.lt\/wp-content\/uploads\/2025\/11\/hq720-18x10.jpg 18w, https:\/\/bitessiulai.lt\/wp-content\/uploads\/2025\/11\/hq720-600x338.jpg 600w, https:\/\/bitessiulai.lt\/wp-content\/uploads\/2025\/11\/hq720-150x84.jpg 150w, https:\/\/bitessiulai.lt\/wp-content\/uploads\/2025\/11\/hq720.jpg 686w\" sizes=\"(max-width: 300px) 100vw, 300px\" \/><img decoding=\"async\" class=\"alignnone size-medium wp-image-19829\" src=\"http:\/\/bitessiulai.lt\/wp-content\/uploads\/2025\/11\/img_8094-600x687-1-262x300.webp\" alt=\"\" width=\"262\" height=\"300\" srcset=\"https:\/\/bitessiulai.lt\/wp-content\/uploads\/2025\/11\/img_8094-600x687-1-262x300.webp 262w, https:\/\/bitessiulai.lt\/wp-content\/uploads\/2025\/11\/img_8094-600x687-1-10x12.webp 10w, https:\/\/bitessiulai.lt\/wp-content\/uploads\/2025\/11\/img_8094-600x687-1-131x150.webp 131w, https:\/\/bitessiulai.lt\/wp-content\/uploads\/2025\/11\/img_8094-600x687-1.webp 600w\" sizes=\"(max-width: 262px) 100vw, 262px\" \/><\/p>\n<p><iframe title=\"Alize Puffy ile Dekoratif Bal Kaba\u011f\u0131 \u2022 Decorative Pumpkin \u2022 \u0414\u0435\u043a\u043e\u0440\u0430\u0442\u0438\u0432\u043d\u0430\u044f \u0422\u044b\u043a\u0432\u0430\" width=\"640\" height=\"360\" src=\"https:\/\/www.youtube.com\/embed\/-G5Q5Z5Qe7s?feature=oembed\" frameborder=\"0\" allow=\"accelerometer; autoplay; clipboard-write; encrypted-media; gyroscope; picture-in-picture; web-share\" referrerpolicy=\"strict-origin-when-cross-origin\" allowfullscreen><\/iframe><\/p>\n<p>*Ekr\u0101n\u0101 redzam\u0101s kr\u0101sas var nedaudz at\u0161\u0137irties no faktisk\u0101s diegu kr\u0101sas.<\/p>","protected":false},"excerpt":{"rendered":"<p>Sast\u0101vs: 100% mikropoliesters<\/p>\n<p>Svoris\/ilgis: 100 g.= ma\u017edaug 9m.<\/p>\n<p>&nbsp;<\/p>","protected":false},"featured_media":19827,"comment_status":"open","ping_status":"closed","template":"","meta":[],"product_brand":[],"product_cat":[173,2125,915,3718,3994,174],"product_tag":[],"giftcard-category":[],"class_list":{"0":"post-19826","1":"product","2":"type-product","3":"status-publish","4":"has-post-thumbnail","6":"product_cat-siulai","7":"product_cat-alize","8":"product_cat-dekoratyviniai-siulai","9":"product_cat-naujienos","10":"product_cat-puffy-kilpiniai-siulai","11":"product_cat-siulu-gamintojai","13":"first","14":"instock","15":"taxable","16":"shipping-taxable","17":"purchasable","18":"product-type-variable"},"_links":{"self":[{"href":"https:\/\/bitessiulai.lt\/lv\/wp-json\/wp\/v2\/product\/19826","targetHints":{"allow":["GET"]}}],"collection":[{"href":"https:\/\/bitessiulai.lt\/lv\/wp-json\/wp\/v2\/product"}],"about":[{"href":"https:\/\/bitessiulai.lt\/lv\/wp-json\/wp\/v2\/types\/product"}],"replies":[{"embeddable":true,"href":"https:\/\/bitessiulai.lt\/lv\/wp-json\/wp\/v2\/comments?post=19826"}],"version-history":[{"count":1,"href":"https:\/\/bitessiulai.lt\/lv\/wp-json\/wp\/v2\/product\/19826\/revisions"}],"predecessor-version":[{"id":25321,"href":"https:\/\/bitessiulai.lt\/lv\/wp-json\/wp\/v2\/product\/19826\/revisions\/25321"}],"wp:featuredmedia":[{"embeddable":true,"href":"https:\/\/bitessiulai.lt\/lv\/wp-json\/wp\/v2\/media\/19827"}],"wp:attachment":[{"href":"https:\/\/bitessiulai.lt\/lv\/wp-json\/wp\/v2\/media?parent=19826"}],"wp:term":[{"taxonomy":"product_brand","embeddable":true,"href":"https:\/\/bitessiulai.lt\/lv\/wp-json\/wp\/v2\/product_brand?post=19826"},{"taxonomy":"product_cat","embeddable":true,"href":"https:\/\/bitessiulai.lt\/lv\/wp-json\/wp\/v2\/product_cat?post=19826"},{"taxonomy":"product_tag","embeddable":true,"href":"https:\/\/bitessiulai.lt\/lv\/wp-json\/wp\/v2\/product_tag?post=19826"},{"taxonomy":"giftcard-category","embeddable":true,"href":"https:\/\/bitessiulai.lt\/lv\/wp-json\/wp\/v2\/giftcard-category?post=19826"}],"curies":[{"name":"wp","href":"https:\/\/api.w.org\/{rel}","templated":true}]}}