{"id":18989,"date":"2025-11-03T16:08:21","date_gmt":"2025-11-03T14:08:21","guid":{"rendered":"https:\/\/bitessiulai.lt\/?post_type=product&#038;p=18989"},"modified":"2026-05-03T06:31:55","modified_gmt":"2026-05-03T03:31:55","slug":"silke-neveline","status":"publish","type":"product","link":"https:\/\/bitessiulai.lt\/lv\/products\/silke-neveline\/","title":{"rendered":"Silke Neveline"},"content":{"rendered":"<p><strong>Silke Neveline<\/strong> &#8211; prabangus derinys, turintis subtil\u0173 blizges\u012f ir yra begalo mink\u0161tas. \u0160is si\u016blas sudarytas i\u0161 moheros ir akrilo dueto. Mohera suteikia si\u016blams \u0161ilumos ir lengvumo, o akrilas u\u017etikrina atsparum\u0105 ir ilgaam\u017ei\u0161kum\u0105. \u201eSilke Neveline\u201c puikiai tinka megzti \u012fvairiems drabu\u017eiams \u2013 nuo \u0161ilt\u0173 megztini\u0173 iki eleganti\u0161k\u0173 \u0161alik\u0173 ir skar\u0173. \u0160i\u0173 si\u016bl\u0173 tekst\u016bra leid\u017eia kurti tiek klasikinio, tiek modernaus stiliaus mezginius, o j\u0173 pralaidumas orui u\u017etikrina komfort\u0105 bet kokiu oru.<\/p>\n<p>&nbsp;<\/p>\n<p><img fetchpriority=\"high\" decoding=\"async\" class=\"alignnone size-medium wp-image-18990\" src=\"http:\/\/bitessiulai.lt\/wp-content\/uploads\/2025\/11\/neveline-200x300.jpg\" alt=\"\" width=\"200\" height=\"300\" srcset=\"https:\/\/bitessiulai.lt\/wp-content\/uploads\/2025\/11\/neveline-200x300.jpg 200w, https:\/\/bitessiulai.lt\/wp-content\/uploads\/2025\/11\/neveline-682x1024.jpg 682w, https:\/\/bitessiulai.lt\/wp-content\/uploads\/2025\/11\/neveline-8x12.jpg 8w, https:\/\/bitessiulai.lt\/wp-content\/uploads\/2025\/11\/neveline-600x900.jpg 600w, https:\/\/bitessiulai.lt\/wp-content\/uploads\/2025\/11\/neveline-100x150.jpg 100w, https:\/\/bitessiulai.lt\/wp-content\/uploads\/2025\/11\/neveline.jpg 733w\" sizes=\"(max-width: 200px) 100vw, 200px\" \/> <img decoding=\"async\" class=\"alignnone size-medium wp-image-18991\" src=\"http:\/\/bitessiulai.lt\/wp-content\/uploads\/2025\/11\/neveline2-200x300.jpg\" alt=\"\" width=\"200\" height=\"300\" srcset=\"https:\/\/bitessiulai.lt\/wp-content\/uploads\/2025\/11\/neveline2-200x300.jpg 200w, https:\/\/bitessiulai.lt\/wp-content\/uploads\/2025\/11\/neveline2-682x1024.jpg 682w, https:\/\/bitessiulai.lt\/wp-content\/uploads\/2025\/11\/neveline2-8x12.jpg 8w, https:\/\/bitessiulai.lt\/wp-content\/uploads\/2025\/11\/neveline2-600x900.jpg 600w, https:\/\/bitessiulai.lt\/wp-content\/uploads\/2025\/11\/neveline2-100x150.jpg 100w, https:\/\/bitessiulai.lt\/wp-content\/uploads\/2025\/11\/neveline2.jpg 733w\" sizes=\"(max-width: 200px) 100vw, 200px\" \/><\/p>\n<p>*Ekr\u0101n\u0101 redzam\u0101s kr\u0101sas var nedaudz at\u0161\u0137irties no faktisk\u0101s diegu kr\u0101sas.<\/p>","protected":false},"excerpt":{"rendered":"<p>Sud\u0117tis: 60% mohera, 40% akrilas<\/p>\n<p>Svars\/garums: 50 g = aptuveni 150 m.<\/p>\n<p>Ieteicamais adatu izm\u0113rs: 4\u20134,5 mm.<\/p>","protected":false},"featured_media":18992,"comment_status":"open","ping_status":"closed","template":"","meta":[],"product_brand":[],"product_cat":[173,326,217,177,362,3718,3816,3815,175],"product_tag":[],"giftcard-category":[],"class_list":{"0":"post-18989","1":"product","2":"type-product","3":"status-publish","4":"has-post-thumbnail","6":"product_cat-siulai","7":"product_cat-akrilas","8":"product_cat-isparduotuve","9":"product_cat-mezgimo-siulai","10":"product_cat-mohera","11":"product_cat-naujienos","12":"product_cat-neveline","13":"product_cat-silke","14":"product_cat-siulu-pluostai","16":"first","17":"instock","18":"sale","19":"taxable","20":"shipping-taxable","21":"purchasable","22":"product-type-variable"},"_links":{"self":[{"href":"https:\/\/bitessiulai.lt\/lv\/wp-json\/wp\/v2\/product\/18989","targetHints":{"allow":["GET"]}}],"collection":[{"href":"https:\/\/bitessiulai.lt\/lv\/wp-json\/wp\/v2\/product"}],"about":[{"href":"https:\/\/bitessiulai.lt\/lv\/wp-json\/wp\/v2\/types\/product"}],"replies":[{"embeddable":true,"href":"https:\/\/bitessiulai.lt\/lv\/wp-json\/wp\/v2\/comments?post=18989"}],"version-history":[{"count":1,"href":"https:\/\/bitessiulai.lt\/lv\/wp-json\/wp\/v2\/product\/18989\/revisions"}],"predecessor-version":[{"id":23863,"href":"https:\/\/bitessiulai.lt\/lv\/wp-json\/wp\/v2\/product\/18989\/revisions\/23863"}],"wp:featuredmedia":[{"embeddable":true,"href":"https:\/\/bitessiulai.lt\/lv\/wp-json\/wp\/v2\/media\/18992"}],"wp:attachment":[{"href":"https:\/\/bitessiulai.lt\/lv\/wp-json\/wp\/v2\/media?parent=18989"}],"wp:term":[{"taxonomy":"product_brand","embeddable":true,"href":"https:\/\/bitessiulai.lt\/lv\/wp-json\/wp\/v2\/product_brand?post=18989"},{"taxonomy":"product_cat","embeddable":true,"href":"https:\/\/bitessiulai.lt\/lv\/wp-json\/wp\/v2\/product_cat?post=18989"},{"taxonomy":"product_tag","embeddable":true,"href":"https:\/\/bitessiulai.lt\/lv\/wp-json\/wp\/v2\/product_tag?post=18989"},{"taxonomy":"giftcard-category","embeddable":true,"href":"https:\/\/bitessiulai.lt\/lv\/wp-json\/wp\/v2\/giftcard-category?post=18989"}],"curies":[{"name":"wp","href":"https:\/\/api.w.org\/{rel}","templated":true}]}}