{"id":18846,"date":"2025-10-30T10:31:07","date_gmt":"2025-10-30T08:31:07","guid":{"rendered":"https:\/\/bitessiulai.lt\/?post_type=product&#038;p=18846"},"modified":"2026-05-06T14:36:15","modified_gmt":"2026-05-06T11:36:15","slug":"drops-sky","status":"publish","type":"product","link":"https:\/\/bitessiulai.lt\/lv\/products\/drops-sky\/","title":{"rendered":"Pilieni debes\u012bs"},"content":{"rendered":"<p>Drops Sky ir \u013coti m\u012bksta un grezna ad\u012b\u0161anas dzija. \u0160\u012b dzija ir \u013coti iztur\u012bga un elpojo\u0161a. Lieliski piem\u0113rota lieliem projektiem, piem\u0113ram, seg\u0101m, pon\u010do, \u0161all\u0113m un d\u017eemperiem, m\u0101j\u012bg\u0101m \u0161all\u0113m, lakatiem, cepur\u0113m. Ad\u012bjumi b\u016bs \u013coti m\u012bksti un pat\u012bkami valk\u0101\u0161anai.<\/p>\n<p><img fetchpriority=\"high\" decoding=\"async\" class=\"alignnone size-medium wp-image-18852\" src=\"http:\/\/bitessiulai.lt\/wp-content\/uploads\/2025\/10\/5-3-194x300.jpg\" alt=\"\" width=\"194\" height=\"300\" srcset=\"https:\/\/bitessiulai.lt\/wp-content\/uploads\/2025\/10\/5-3-194x300.jpg 194w, https:\/\/bitessiulai.lt\/wp-content\/uploads\/2025\/10\/5-3-661x1024.jpg 661w, https:\/\/bitessiulai.lt\/wp-content\/uploads\/2025\/10\/5-3-768x1189.jpg 768w, https:\/\/bitessiulai.lt\/wp-content\/uploads\/2025\/10\/5-3-8x12.jpg 8w, https:\/\/bitessiulai.lt\/wp-content\/uploads\/2025\/10\/5-3-600x929.jpg 600w, https:\/\/bitessiulai.lt\/wp-content\/uploads\/2025\/10\/5-3-97x150.jpg 97w, https:\/\/bitessiulai.lt\/wp-content\/uploads\/2025\/10\/5-3.jpg 916w\" sizes=\"(max-width: 194px) 100vw, 194px\" \/><img decoding=\"async\" class=\"alignnone size-medium wp-image-18853\" src=\"http:\/\/bitessiulai.lt\/wp-content\/uploads\/2025\/10\/35-2-3-194x300.jpg\" alt=\"\" width=\"194\" height=\"300\" srcset=\"https:\/\/bitessiulai.lt\/wp-content\/uploads\/2025\/10\/35-2-3-194x300.jpg 194w, https:\/\/bitessiulai.lt\/wp-content\/uploads\/2025\/10\/35-2-3-8x12.jpg 8w, https:\/\/bitessiulai.lt\/wp-content\/uploads\/2025\/10\/35-2-3-97x150.jpg 97w, https:\/\/bitessiulai.lt\/wp-content\/uploads\/2025\/10\/35-2-3.jpg 458w\" sizes=\"(max-width: 194px) 100vw, 194px\" \/><img decoding=\"async\" class=\"alignnone size-medium wp-image-18854\" src=\"http:\/\/bitessiulai.lt\/wp-content\/uploads\/2025\/10\/21-2-194x300.jpg\" alt=\"\" width=\"194\" height=\"300\" srcset=\"https:\/\/bitessiulai.lt\/wp-content\/uploads\/2025\/10\/21-2-194x300.jpg 194w, https:\/\/bitessiulai.lt\/wp-content\/uploads\/2025\/10\/21-2-8x12.jpg 8w, https:\/\/bitessiulai.lt\/wp-content\/uploads\/2025\/10\/21-2-97x150.jpg 97w, https:\/\/bitessiulai.lt\/wp-content\/uploads\/2025\/10\/21-2.jpg 458w\" sizes=\"(max-width: 194px) 100vw, 194px\" \/><\/p>\n<div class=\"embed-responsive embed-responsive-16by9\"><iframe title=\"DROPS Sky - Superm\u012bksts un viegls dzija no mazu\u013cu alpakas un merino vilnas\" width=\"540\" height=\"960\" src=\"https:\/\/www.youtube.com\/embed\/nIAavsAmUJE?feature=oembed\" frameborder=\"0\" allow=\"accelerometer; autoplay; clipboard-write; encrypted-media; gyroscope; picture-in-picture; web-share\" referrerpolicy=\"strict-origin-when-cross-origin\" allowfullscreen><\/iframe><\/div>\n<p>*Ekr\u0101n\u0101 redzam\u0101s kr\u0101sas var nedaudz at\u0161\u0137irties no faktisk\u0101s diegu kr\u0101sas.<\/p>","protected":false},"excerpt":{"rendered":"<p>Sast\u0101vs: 74% alpaka, 18% poliam\u012bds, 8% vilna<\/p>\n<p>Svars\/garums: 50 g = aptuveni 190 m.<\/p>\n<p>Ieteicamais adatu izm\u0113rs: 4 mm.<\/p>","protected":false},"featured_media":18847,"comment_status":"open","ping_status":"closed","template":"","meta":[],"product_brand":[],"product_cat":[173,327,256,177,3718,324,175,3783,410],"product_tag":[],"giftcard-category":[],"class_list":{"0":"post-18846","1":"product","2":"type-product","3":"status-publish","4":"has-post-thumbnail","6":"product_cat-siulai","7":"product_cat-alpaka","8":"product_cat-drops","9":"product_cat-mezgimo-siulai","10":"product_cat-naujienos","11":"product_cat-poliamidas","12":"product_cat-siulu-pluostai","13":"product_cat-sky","14":"product_cat-vilna","16":"first","17":"instock","18":"sale","19":"taxable","20":"shipping-taxable","21":"purchasable","22":"product-type-variable"},"_links":{"self":[{"href":"https:\/\/bitessiulai.lt\/lv\/wp-json\/wp\/v2\/product\/18846","targetHints":{"allow":["GET"]}}],"collection":[{"href":"https:\/\/bitessiulai.lt\/lv\/wp-json\/wp\/v2\/product"}],"about":[{"href":"https:\/\/bitessiulai.lt\/lv\/wp-json\/wp\/v2\/types\/product"}],"replies":[{"embeddable":true,"href":"https:\/\/bitessiulai.lt\/lv\/wp-json\/wp\/v2\/comments?post=18846"}],"version-history":[{"count":1,"href":"https:\/\/bitessiulai.lt\/lv\/wp-json\/wp\/v2\/product\/18846\/revisions"}],"predecessor-version":[{"id":20682,"href":"https:\/\/bitessiulai.lt\/lv\/wp-json\/wp\/v2\/product\/18846\/revisions\/20682"}],"wp:featuredmedia":[{"embeddable":true,"href":"https:\/\/bitessiulai.lt\/lv\/wp-json\/wp\/v2\/media\/18847"}],"wp:attachment":[{"href":"https:\/\/bitessiulai.lt\/lv\/wp-json\/wp\/v2\/media?parent=18846"}],"wp:term":[{"taxonomy":"product_brand","embeddable":true,"href":"https:\/\/bitessiulai.lt\/lv\/wp-json\/wp\/v2\/product_brand?post=18846"},{"taxonomy":"product_cat","embeddable":true,"href":"https:\/\/bitessiulai.lt\/lv\/wp-json\/wp\/v2\/product_cat?post=18846"},{"taxonomy":"product_tag","embeddable":true,"href":"https:\/\/bitessiulai.lt\/lv\/wp-json\/wp\/v2\/product_tag?post=18846"},{"taxonomy":"giftcard-category","embeddable":true,"href":"https:\/\/bitessiulai.lt\/lv\/wp-json\/wp\/v2\/giftcard-category?post=18846"}],"curies":[{"name":"wp","href":"https:\/\/api.w.org\/{rel}","templated":true}]}}