{"id":18234,"date":"2025-10-10T09:20:03","date_gmt":"2025-10-10T06:20:03","guid":{"rendered":"https:\/\/bitessiulai.lt\/?post_type=product&#038;p=18234"},"modified":"2026-03-08T23:22:39","modified_gmt":"2026-03-08T21:22:39","slug":"opry-siulu-kirpimo-zirkles-znyples","status":"publish","type":"product","link":"https:\/\/bitessiulai.lt\/lv\/products\/opry-siulu-kirpimo-zirkles-znyples\/","title":{"rendered":"Opry diegu grie\u0161anas \u0161\u0137\u0113res - knaibles"},"content":{"rendered":"<p>\u0160\u012bs Opry diegu grie\u0161anas \u0161\u0137\u0113res - knaibles \u013cauj viegli un \u0101tri nogriezt diegu galus. Ide\u0101li piem\u0113rotas \u0161\u016b\u0161anai, vat\u0113\u0161anai, ad\u012b\u0161anai un tambor\u0113\u0161anai. Diegu grie\u0161anas \u0161\u0137\u0113ru asme\u0146i ir izgatavoti no augstas kvalit\u0101tes ner\u016bs\u0113jo\u0161\u0101 t\u0113rauda, padarot tos \u013coti asus un izcili iztur\u012bgus. \u012apa\u0161ais rokturis padara \u0161\u0137\u0113res \u0113rtas tur\u0113\u0161anai un lieto\u0161anai. Pieejamas 4 da\u017e\u0101d\u0101s kr\u0101s\u0101s.<\/p>\n<p>&nbsp;<\/p>\n<p><img fetchpriority=\"high\" decoding=\"async\" class=\"alignnone size-medium wp-image-18235\" src=\"http:\/\/bitessiulai.lt\/wp-content\/uploads\/2025\/10\/23473-2-300x300.webp\" alt=\"\" width=\"300\" height=\"300\" srcset=\"https:\/\/bitessiulai.lt\/wp-content\/uploads\/2025\/10\/23473-2-300x300.webp 300w, https:\/\/bitessiulai.lt\/wp-content\/uploads\/2025\/10\/23473-2-150x150.webp 150w, https:\/\/bitessiulai.lt\/wp-content\/uploads\/2025\/10\/23473-2-12x12.webp 12w, https:\/\/bitessiulai.lt\/wp-content\/uploads\/2025\/10\/23473-2-600x600.webp 600w, https:\/\/bitessiulai.lt\/wp-content\/uploads\/2025\/10\/23473-2-96x96.webp 96w, https:\/\/bitessiulai.lt\/wp-content\/uploads\/2025\/10\/23473-2.webp 700w\" sizes=\"(max-width: 300px) 100vw, 300px\" \/> <img decoding=\"async\" class=\"alignnone size-medium wp-image-18236\" src=\"http:\/\/bitessiulai.lt\/wp-content\/uploads\/2025\/10\/23473-1-300x300.webp\" alt=\"\" width=\"300\" height=\"300\" srcset=\"https:\/\/bitessiulai.lt\/wp-content\/uploads\/2025\/10\/23473-1-300x300.webp 300w, https:\/\/bitessiulai.lt\/wp-content\/uploads\/2025\/10\/23473-1-150x150.webp 150w, https:\/\/bitessiulai.lt\/wp-content\/uploads\/2025\/10\/23473-1-12x12.webp 12w, https:\/\/bitessiulai.lt\/wp-content\/uploads\/2025\/10\/23473-1-600x600.webp 600w, https:\/\/bitessiulai.lt\/wp-content\/uploads\/2025\/10\/23473-1-96x96.webp 96w, https:\/\/bitessiulai.lt\/wp-content\/uploads\/2025\/10\/23473-1.webp 700w\" sizes=\"(max-width: 300px) 100vw, 300px\" \/><\/p>","protected":false},"excerpt":{"rendered":"<p>\u0160\u012bs Opry diegu grie\u0161anas \u0161\u0137\u0113res - knaibles \u013cauj viegli un \u0101tri nogriezt diegu galus. Ide\u0101li piem\u0113rotas \u0161\u016b\u0161anai, vat\u0113\u0161anai, ad\u012b\u0161anai un tambor\u0113\u0161anai. Diegu grie\u0161anas \u0161\u0137\u0113ru asme\u0146i ir izgatavoti no augstas kvalit\u0101tes ner\u016bs\u0113jo\u0161\u0101 t\u0113rauda, padarot tos \u013coti asus un izcili iztur\u012bgus. \u012apa\u0161ais rokturis padara \u0161\u0137\u0113res \u0113rtas tur\u0113\u0161anai un lieto\u0161anai. Pieejamas 4 da\u017e\u0101d\u0101s kr\u0101s\u0101s. &nbsp;<\/p>","protected":false},"featured_media":18237,"comment_status":"open","ping_status":"closed","template":"","meta":[],"product_brand":[],"product_cat":[192,217,3718,215],"product_tag":[],"giftcard-category":[],"class_list":{"0":"post-18234","1":"product","2":"type-product","3":"status-publish","4":"has-post-thumbnail","6":"product_cat-priedai-mezgimui","7":"product_cat-isparduotuve","8":"product_cat-naujienos","9":"product_cat-zirkles","11":"first","12":"instock","13":"sale","14":"taxable","15":"shipping-taxable","16":"purchasable","17":"product-type-variable"},"_links":{"self":[{"href":"https:\/\/bitessiulai.lt\/lv\/wp-json\/wp\/v2\/product\/18234","targetHints":{"allow":["GET"]}}],"collection":[{"href":"https:\/\/bitessiulai.lt\/lv\/wp-json\/wp\/v2\/product"}],"about":[{"href":"https:\/\/bitessiulai.lt\/lv\/wp-json\/wp\/v2\/types\/product"}],"replies":[{"embeddable":true,"href":"https:\/\/bitessiulai.lt\/lv\/wp-json\/wp\/v2\/comments?post=18234"}],"version-history":[{"count":0,"href":"https:\/\/bitessiulai.lt\/lv\/wp-json\/wp\/v2\/product\/18234\/revisions"}],"wp:featuredmedia":[{"embeddable":true,"href":"https:\/\/bitessiulai.lt\/lv\/wp-json\/wp\/v2\/media\/18237"}],"wp:attachment":[{"href":"https:\/\/bitessiulai.lt\/lv\/wp-json\/wp\/v2\/media?parent=18234"}],"wp:term":[{"taxonomy":"product_brand","embeddable":true,"href":"https:\/\/bitessiulai.lt\/lv\/wp-json\/wp\/v2\/product_brand?post=18234"},{"taxonomy":"product_cat","embeddable":true,"href":"https:\/\/bitessiulai.lt\/lv\/wp-json\/wp\/v2\/product_cat?post=18234"},{"taxonomy":"product_tag","embeddable":true,"href":"https:\/\/bitessiulai.lt\/lv\/wp-json\/wp\/v2\/product_tag?post=18234"},{"taxonomy":"giftcard-category","embeddable":true,"href":"https:\/\/bitessiulai.lt\/lv\/wp-json\/wp\/v2\/giftcard-category?post=18234"}],"curies":[{"name":"wp","href":"https:\/\/api.w.org\/{rel}","templated":true}]}}