{"id":17199,"date":"2025-09-15T17:40:24","date_gmt":"2025-09-15T14:40:24","guid":{"rendered":"https:\/\/bitessiulai.lt\/?post_type=product&#038;p=17199"},"modified":"2025-12-06T23:45:07","modified_gmt":"2025-12-06T21:45:07","slug":"yarnart-siulu-rinkinukas-58","status":"publish","type":"product","link":"https:\/\/bitessiulai.lt\/lv\/products\/yarnart-siulu-rinkinukas-58\/","title":{"rendered":"YarnArt dzijas komplekts"},"content":{"rendered":"<h5 dir=\"auto\"><strong>YarnArt dzijas komplekts:<\/strong><\/h5>\n<ul>\n<li>YarnArt Moh\u0113ras dzijas Trendy 4 gab.<\/li>\n<li>YarnArt Forza Forever 2 gab.<\/li>\n<\/ul>\n<p><strong>YarnArt Moh\u0113ra Trendy<\/strong><\/p>\n<p><img fetchpriority=\"high\" decoding=\"async\" class=\"alignnone size-medium wp-image-17200\" src=\"http:\/\/bitessiulai.lt\/wp-content\/uploads\/2025\/09\/YARNART_MOHAIR_TRENDY_134_DETAY-1-600x600-1-300x300.jpg\" alt=\"\" width=\"300\" height=\"300\" srcset=\"https:\/\/bitessiulai.lt\/wp-content\/uploads\/2025\/09\/YARNART_MOHAIR_TRENDY_134_DETAY-1-600x600-1-300x300.jpg 300w, https:\/\/bitessiulai.lt\/wp-content\/uploads\/2025\/09\/YARNART_MOHAIR_TRENDY_134_DETAY-1-600x600-1-150x150.jpg 150w, https:\/\/bitessiulai.lt\/wp-content\/uploads\/2025\/09\/YARNART_MOHAIR_TRENDY_134_DETAY-1-600x600-1-12x12.jpg 12w, https:\/\/bitessiulai.lt\/wp-content\/uploads\/2025\/09\/YARNART_MOHAIR_TRENDY_134_DETAY-1-600x600-1-96x96.jpg 96w, https:\/\/bitessiulai.lt\/wp-content\/uploads\/2025\/09\/YARNART_MOHAIR_TRENDY_134_DETAY-1-600x600-1.jpg 600w\" sizes=\"(max-width: 300px) 100vw, 300px\" \/><\/p>\n<p>(Kr\u0101sa: 134)<\/p>\n<ul>\n<li dir=\"auto\"><strong>Sast\u0101vs:<\/strong> 50% moh\u0113ra, 50% akrils<\/li>\n<li dir=\"auto\"><strong>Svars\/garums:<\/strong> 100 gadi = aptuveni 220 gadi.<\/li>\n<li dir=\"auto\"><strong>Ieteicamais ad\u0101madatas izm\u0113rs:<\/strong> 5 mm.<\/li>\n<li dir=\"auto\"><strong>Ieteicamais v\u0101zes izm\u0113rs:<\/strong> 5,5 mm.<\/li>\n<\/ul>\n<p>&nbsp;<\/p>\n<p><span class=\"html-span xexx8yu x4uap5 x18d9i69 xkhd6sd x1hl2dhg x16tdsg8 x1vvkbs x3nfvp2 x1j61x8r x1fcty0u xdj266r xat24cr xgzva0m xhhsvwb xxymvpz xlup9mm x1kky2od\"><img decoding=\"async\" class=\"xz74otr\" src=\"https:\/\/static.xx.fbcdn.net\/images\/emoji.php\/v9\/t2d\/1\/16\/1f4cd.png\" alt=\"\ud83d\udccd\" width=\"16\" height=\"16\" \/><\/span> <strong>Cena 4,20\u00a0\u20ac<\/strong><\/p>\n<p>&nbsp;<\/p>\n<p><strong>YarnArt Forza Forever\u00a0<\/strong><\/p>\n<p><img decoding=\"async\" class=\"alignnone size-medium wp-image-17201\" src=\"http:\/\/bitessiulai.lt\/wp-content\/uploads\/2025\/09\/FORZA_FOREVER_2715-300x300.jpg\" alt=\"\" width=\"300\" height=\"300\" srcset=\"https:\/\/bitessiulai.lt\/wp-content\/uploads\/2025\/09\/FORZA_FOREVER_2715-300x300.jpg 300w, https:\/\/bitessiulai.lt\/wp-content\/uploads\/2025\/09\/FORZA_FOREVER_2715-1024x1024.jpg 1024w, https:\/\/bitessiulai.lt\/wp-content\/uploads\/2025\/09\/FORZA_FOREVER_2715-150x150.jpg 150w, https:\/\/bitessiulai.lt\/wp-content\/uploads\/2025\/09\/FORZA_FOREVER_2715-768x768.jpg 768w, https:\/\/bitessiulai.lt\/wp-content\/uploads\/2025\/09\/FORZA_FOREVER_2715-1536x1536.jpg 1536w, https:\/\/bitessiulai.lt\/wp-content\/uploads\/2025\/09\/FORZA_FOREVER_2715-12x12.jpg 12w, https:\/\/bitessiulai.lt\/wp-content\/uploads\/2025\/09\/FORZA_FOREVER_2715-600x600.jpg 600w, https:\/\/bitessiulai.lt\/wp-content\/uploads\/2025\/09\/FORZA_FOREVER_2715-96x96.jpg 96w, https:\/\/bitessiulai.lt\/wp-content\/uploads\/2025\/09\/FORZA_FOREVER_2715.jpg 2000w\" sizes=\"(max-width: 300px) 100vw, 300px\" \/><\/p>\n<p>(Kr\u0101sa: 2715)<\/p>\n<ul>\n<li><strong>Sast\u0101vs:<\/strong> 75% vilna, 25% poliam\u012bds<\/li>\n<li><strong>Svars\/garums:<\/strong> 100 gadi = aptuveni 420 gadi.<\/li>\n<li><strong>Ieteicamais ad\u0101madatas izm\u0113rs: <\/strong>3 mm.<\/li>\n<li><strong>Ieteicamais \u0101\u0137a izm\u0113rs:<\/strong> 3 mm<\/li>\n<\/ul>\n<p>&nbsp;<\/p>\n<p><span class=\"html-span xexx8yu x4uap5 x18d9i69 xkhd6sd x1hl2dhg x16tdsg8 x1vvkbs x3nfvp2 x1j61x8r x1fcty0u xdj266r xat24cr xgzva0m xhhsvwb xxymvpz xlup9mm x1kky2od\"><img decoding=\"async\" class=\"xz74otr\" src=\"https:\/\/static.xx.fbcdn.net\/images\/emoji.php\/v9\/t2d\/1\/16\/1f4cd.png\" alt=\"\ud83d\udccd\" width=\"16\" height=\"16\" \/><\/span> <strong>Cena \u20ac3,59<\/strong><\/p>\n<p><span class=\"html-span xexx8yu x4uap5 x18d9i69 xkhd6sd x1hl2dhg x16tdsg8 x1vvkbs x3nfvp2 x1j61x8r x1fcty0u xdj266r xat24cr xgzva0m xhhsvwb xxymvpz xlup9mm x1kky2od\"><img decoding=\"async\" class=\"xz74otr\" src=\"https:\/\/static.xx.fbcdn.net\/images\/emoji.php\/v9\/t2d\/1\/16\/1f4cd.png\" alt=\"\ud83d\udccd\" width=\"16\" height=\"16\" \/>Ja komplekts nav pieejams vai nepiecie\u0161ams liel\u0101ks daudzums, l\u016bdzu, sazinieties ar mums. <img decoding=\"async\" class=\"xz74otr\" src=\"https:\/\/static.xx.fbcdn.net\/images\/emoji.php\/v9\/t2d\/1\/16\/1f4cd.png\" alt=\"\ud83d\udccd\" width=\"16\" height=\"16\" \/><\/span><\/p>\n<div class=\"item\">\n<ul>\n<li class=\"text\">+370 672 44443<\/li>\n<\/ul>\n<\/div>\n<div class=\"item\">\n<ul>\n<li class=\"text\">info@bitessiulai.lt<\/li>\n<\/ul>\n<\/div>\n<p>&nbsp;<\/p>\n<p>*Ekr\u0101n\u0101 redzam\u0101s kr\u0101sas var nedaudz at\u0161\u0137irties no faktisk\u0101s diegu kr\u0101sas.<\/p>","protected":false},"excerpt":{"rendered":"<p>YarnArt si\u016bl\u0173 rinkinukas : YarnArt Mohair Trendy 4vnt. YarnArt Forza Forever 2vnt. YarnArt Mohair Trendy (Spalva: 134) Sud\u0117tis: 50% mohera, 50% akrilas Svoris\/ilgis: 100 g.= ma\u017edaug 220 m. Rekomenduojamas virbal\u0173 dydis: 5 mm. Rekomenduojamas va\u0161elio dydis: 5,5 mm. &nbsp; Kaina 4,20\u20ac &nbsp; YarnArt Forza Forever\u00a0 (Spalva: 2715) Sud\u0117tis: 75% vilna, 25% poliamidas Svoris\/ilgis: 100 g.= ma\u017edaug 420 m. Rekomenduojamas virbal\u0173 dydis: 3\u00a0mm. Rekomenduojamas v\u0105\u0161elio dydis: 3 mm &nbsp; Kaina 3,59\u20ac Jeigu prekyboje rinkinio n\u0117ra arba reikalingas didesnis kiekis, susiekite su Mumis +370 672 44443 info@bitessiulai.lt &nbsp; *Ekrane matomos spalvos gali \u0161iek tiek skirtis nuo tikrosios si\u016bl\u0173 spalvos.<\/p>","protected":false},"featured_media":17202,"comment_status":"open","ping_status":"closed","template":"","meta":[],"product_brand":[],"product_cat":[176,3564],"product_tag":[],"giftcard-category":[],"class_list":{"0":"post-17199","1":"product","2":"type-product","3":"status-publish","4":"has-post-thumbnail","6":"product_cat-siulu-rinkinukai","7":"product_cat-rinkinukai-su-yarnart-mohair-trendy","9":"first","10":"instock","11":"taxable","12":"shipping-taxable","13":"purchasable","14":"product-type-simple"},"_links":{"self":[{"href":"https:\/\/bitessiulai.lt\/lv\/wp-json\/wp\/v2\/product\/17199","targetHints":{"allow":["GET"]}}],"collection":[{"href":"https:\/\/bitessiulai.lt\/lv\/wp-json\/wp\/v2\/product"}],"about":[{"href":"https:\/\/bitessiulai.lt\/lv\/wp-json\/wp\/v2\/types\/product"}],"replies":[{"embeddable":true,"href":"https:\/\/bitessiulai.lt\/lv\/wp-json\/wp\/v2\/comments?post=17199"}],"version-history":[{"count":0,"href":"https:\/\/bitessiulai.lt\/lv\/wp-json\/wp\/v2\/product\/17199\/revisions"}],"wp:featuredmedia":[{"embeddable":true,"href":"https:\/\/bitessiulai.lt\/lv\/wp-json\/wp\/v2\/media\/17202"}],"wp:attachment":[{"href":"https:\/\/bitessiulai.lt\/lv\/wp-json\/wp\/v2\/media?parent=17199"}],"wp:term":[{"taxonomy":"product_brand","embeddable":true,"href":"https:\/\/bitessiulai.lt\/lv\/wp-json\/wp\/v2\/product_brand?post=17199"},{"taxonomy":"product_cat","embeddable":true,"href":"https:\/\/bitessiulai.lt\/lv\/wp-json\/wp\/v2\/product_cat?post=17199"},{"taxonomy":"product_tag","embeddable":true,"href":"https:\/\/bitessiulai.lt\/lv\/wp-json\/wp\/v2\/product_tag?post=17199"},{"taxonomy":"giftcard-category","embeddable":true,"href":"https:\/\/bitessiulai.lt\/lv\/wp-json\/wp\/v2\/giftcard-category?post=17199"}],"curies":[{"name":"wp","href":"https:\/\/api.w.org\/{rel}","templated":true}]}}