{"id":17008,"date":"2025-09-12T11:08:06","date_gmt":"2025-09-12T08:08:06","guid":{"rendered":"https:\/\/bitessiulai.lt\/?post_type=product&#038;p=17008"},"modified":"2025-09-12T11:08:06","modified_gmt":"2025-09-12T08:08:06","slug":"yarnart-siulu-rinkinukas-49","status":"publish","type":"product","link":"https:\/\/bitessiulai.lt\/lv\/products\/yarnart-siulu-rinkinukas-49\/","title":{"rendered":"YarnArt dzijas komplekts"},"content":{"rendered":"<h5 dir=\"auto\"><strong>YarnArt dzijas komplekts:<\/strong><\/h5>\n<ul>\n<li>YarnArt Cloud 5 gab.<\/li>\n<li>YarnArt Samba 2 gab.<\/li>\n<\/ul>\n<p><strong>YarnArt m\u0101konis<\/strong><\/p>\n<p><img fetchpriority=\"high\" decoding=\"async\" class=\"alignnone size-medium wp-image-17009\" src=\"http:\/\/bitessiulai.lt\/wp-content\/uploads\/2025\/09\/YARNART_CLOUD_9210--300x290.jpg\" alt=\"\" width=\"300\" height=\"290\" srcset=\"https:\/\/bitessiulai.lt\/wp-content\/uploads\/2025\/09\/YARNART_CLOUD_9210--300x290.jpg 300w, https:\/\/bitessiulai.lt\/wp-content\/uploads\/2025\/09\/YARNART_CLOUD_9210--1024x991.jpg 1024w, https:\/\/bitessiulai.lt\/wp-content\/uploads\/2025\/09\/YARNART_CLOUD_9210--768x743.jpg 768w, https:\/\/bitessiulai.lt\/wp-content\/uploads\/2025\/09\/YARNART_CLOUD_9210--1536x1486.jpg 1536w, https:\/\/bitessiulai.lt\/wp-content\/uploads\/2025\/09\/YARNART_CLOUD_9210--12x12.jpg 12w, https:\/\/bitessiulai.lt\/wp-content\/uploads\/2025\/09\/YARNART_CLOUD_9210--600x581.jpg 600w, https:\/\/bitessiulai.lt\/wp-content\/uploads\/2025\/09\/YARNART_CLOUD_9210--150x145.jpg 150w, https:\/\/bitessiulai.lt\/wp-content\/uploads\/2025\/09\/YARNART_CLOUD_9210-.jpg 2000w\" sizes=\"(max-width: 300px) 100vw, 300px\" \/><\/p>\n<p>(Kr\u0101sa: 9210)<\/p>\n<ul>\n<li dir=\"auto\"><strong>Sast\u0101vs:<\/strong> 25% vilna, 75% akrils<\/li>\n<li dir=\"auto\"><strong>Svars\/garums:<\/strong> 100 gadi = aptuveni 230 gadi.<\/li>\n<li dir=\"auto\"><strong>Ieteicamais ad\u0101madatas izm\u0113rs:<\/strong> 4,5 mm.<\/li>\n<li dir=\"auto\"><strong>Ieteicamais v\u0101zes izm\u0113rs:<\/strong> 5 mm.<\/li>\n<\/ul>\n<p>&nbsp;<\/p>\n<p><span class=\"html-span xexx8yu x4uap5 x18d9i69 xkhd6sd x1hl2dhg x16tdsg8 x1vvkbs x3nfvp2 x1j61x8r x1fcty0u xdj266r xat24cr xgzva0m xhhsvwb xxymvpz xlup9mm x1kky2od\"><img decoding=\"async\" class=\"xz74otr\" src=\"https:\/\/static.xx.fbcdn.net\/images\/emoji.php\/v9\/t2d\/1\/16\/1f4cd.png\" alt=\"\ud83d\udccd\" width=\"16\" height=\"16\" \/><\/span> <strong>Cena \u20ac3,00<\/strong><\/p>\n<p>&nbsp;<\/p>\n<p><strong>YarnArt Samba<\/strong><\/p>\n<p><img decoding=\"async\" class=\"alignnone size-medium wp-image-17010\" src=\"http:\/\/bitessiulai.lt\/wp-content\/uploads\/2025\/09\/YARNART_SAMBA_2012_DETAY-300x300.jpg\" alt=\"\" width=\"300\" height=\"300\" srcset=\"https:\/\/bitessiulai.lt\/wp-content\/uploads\/2025\/09\/YARNART_SAMBA_2012_DETAY-300x300.jpg 300w, https:\/\/bitessiulai.lt\/wp-content\/uploads\/2025\/09\/YARNART_SAMBA_2012_DETAY-1024x1024.jpg 1024w, https:\/\/bitessiulai.lt\/wp-content\/uploads\/2025\/09\/YARNART_SAMBA_2012_DETAY-150x150.jpg 150w, https:\/\/bitessiulai.lt\/wp-content\/uploads\/2025\/09\/YARNART_SAMBA_2012_DETAY-768x768.jpg 768w, https:\/\/bitessiulai.lt\/wp-content\/uploads\/2025\/09\/YARNART_SAMBA_2012_DETAY-1536x1536.jpg 1536w, https:\/\/bitessiulai.lt\/wp-content\/uploads\/2025\/09\/YARNART_SAMBA_2012_DETAY-12x12.jpg 12w, https:\/\/bitessiulai.lt\/wp-content\/uploads\/2025\/09\/YARNART_SAMBA_2012_DETAY-600x600.jpg 600w, https:\/\/bitessiulai.lt\/wp-content\/uploads\/2025\/09\/YARNART_SAMBA_2012_DETAY-96x96.jpg 96w, https:\/\/bitessiulai.lt\/wp-content\/uploads\/2025\/09\/YARNART_SAMBA_2012_DETAY.jpg 2000w\" sizes=\"(max-width: 300px) 100vw, 300px\" \/><\/p>\n<p>(Kr\u0101sa: 2012)<\/p>\n<ul>\n<li><strong>Sast\u0101vs:<\/strong> 100% poliesters<\/li>\n<li><strong>Svars\/garums:<\/strong> 100 gadi = aptuveni 150 gadi.<\/li>\n<li><strong>Ieteicamais ad\u0101madatas izm\u0113rs: <\/strong>5 mm.<\/li>\n<li><strong>Ieteicamais \u0101\u0137a izm\u0113rs:<\/strong> 5 mm<\/li>\n<\/ul>\n<p>&nbsp;<\/p>\n<p><span class=\"html-span xexx8yu x4uap5 x18d9i69 xkhd6sd x1hl2dhg x16tdsg8 x1vvkbs x3nfvp2 x1j61x8r x1fcty0u xdj266r xat24cr xgzva0m xhhsvwb xxymvpz xlup9mm x1kky2od\"><img decoding=\"async\" class=\"xz74otr\" src=\"https:\/\/static.xx.fbcdn.net\/images\/emoji.php\/v9\/t2d\/1\/16\/1f4cd.png\" alt=\"\ud83d\udccd\" width=\"16\" height=\"16\" \/><\/span> <strong>Cena 1,60\u00a0\u20ac<\/strong><\/p>\n<p><span class=\"html-span xexx8yu x4uap5 x18d9i69 xkhd6sd x1hl2dhg x16tdsg8 x1vvkbs x3nfvp2 x1j61x8r x1fcty0u xdj266r xat24cr xgzva0m xhhsvwb xxymvpz xlup9mm x1kky2od\"><img decoding=\"async\" class=\"xz74otr\" src=\"https:\/\/static.xx.fbcdn.net\/images\/emoji.php\/v9\/t2d\/1\/16\/1f4cd.png\" alt=\"\ud83d\udccd\" width=\"16\" height=\"16\" \/>Ja komplekts nav pieejams vai nepiecie\u0161ams liel\u0101ks daudzums, l\u016bdzu, sazinieties ar mums. <img decoding=\"async\" class=\"xz74otr\" src=\"https:\/\/static.xx.fbcdn.net\/images\/emoji.php\/v9\/t2d\/1\/16\/1f4cd.png\" alt=\"\ud83d\udccd\" width=\"16\" height=\"16\" \/><\/span><\/p>\n<div class=\"item\">\n<ul>\n<li class=\"text\">+370 672 44443<\/li>\n<\/ul>\n<\/div>\n<div class=\"item\">\n<ul>\n<li class=\"text\">info@bitessiulai.lt<\/li>\n<\/ul>\n<\/div>\n<p>&nbsp;<\/p>\n<p>*Ekr\u0101n\u0101 redzam\u0101s kr\u0101sas var nedaudz at\u0161\u0137irties no faktisk\u0101s diegu kr\u0101sas.<\/p>\n<p>&nbsp;<\/p>","protected":false},"excerpt":{"rendered":"<p>YarnArt si\u016bl\u0173 rinkinukas : YarnArt Cloud 5vnt. YarnArt Samba 2vnt. YarnArt Cloud (Spalva: 9210) Sud\u0117tis: 25% vilna, 75% akrilas Svoris\/ilgis: 100 g.= ma\u017edaug 230 m. Rekomenduojamas virbal\u0173 dydis: 4,5 mm. Rekomenduojamas va\u0161elio dydis: 5 mm. &nbsp; Kaina 3,00\u20ac &nbsp; YarnArt Samba (Spalva: 2012) Sud\u0117tis: 100% poliesteris Svoris\/ilgis: 100 g.= ma\u017edaug 150 m. Rekomenduojamas virbal\u0173 dydis: 5\u00a0mm. Rekomenduojamas v\u0105\u0161elio dydis: 5 mm &nbsp; Kaina 1,60\u20ac Jeigu prekyboje rinkinio n\u0117ra arba reikalingas didesnis kiekis, susiekite su Mumis +370 672 44443 info@bitessiulai.lt &nbsp; *Ekrane matomos spalvos gali \u0161iek tiek skirtis nuo tikrosios si\u016bl\u0173 spalvos. &nbsp;<\/p>","protected":false},"featured_media":17011,"comment_status":"open","ping_status":"closed","template":"","meta":[],"product_brand":[],"product_cat":[176,3555],"product_tag":[],"giftcard-category":[],"class_list":{"0":"post-17008","1":"product","2":"type-product","3":"status-publish","4":"has-post-thumbnail","6":"product_cat-siulu-rinkinukai","7":"product_cat-rinkinukai-su-yarnart-cloud","9":"first","10":"instock","11":"taxable","12":"shipping-taxable","13":"purchasable","14":"product-type-simple"},"_links":{"self":[{"href":"https:\/\/bitessiulai.lt\/lv\/wp-json\/wp\/v2\/product\/17008","targetHints":{"allow":["GET"]}}],"collection":[{"href":"https:\/\/bitessiulai.lt\/lv\/wp-json\/wp\/v2\/product"}],"about":[{"href":"https:\/\/bitessiulai.lt\/lv\/wp-json\/wp\/v2\/types\/product"}],"replies":[{"embeddable":true,"href":"https:\/\/bitessiulai.lt\/lv\/wp-json\/wp\/v2\/comments?post=17008"}],"version-history":[{"count":0,"href":"https:\/\/bitessiulai.lt\/lv\/wp-json\/wp\/v2\/product\/17008\/revisions"}],"wp:featuredmedia":[{"embeddable":true,"href":"https:\/\/bitessiulai.lt\/lv\/wp-json\/wp\/v2\/media\/17011"}],"wp:attachment":[{"href":"https:\/\/bitessiulai.lt\/lv\/wp-json\/wp\/v2\/media?parent=17008"}],"wp:term":[{"taxonomy":"product_brand","embeddable":true,"href":"https:\/\/bitessiulai.lt\/lv\/wp-json\/wp\/v2\/product_brand?post=17008"},{"taxonomy":"product_cat","embeddable":true,"href":"https:\/\/bitessiulai.lt\/lv\/wp-json\/wp\/v2\/product_cat?post=17008"},{"taxonomy":"product_tag","embeddable":true,"href":"https:\/\/bitessiulai.lt\/lv\/wp-json\/wp\/v2\/product_tag?post=17008"},{"taxonomy":"giftcard-category","embeddable":true,"href":"https:\/\/bitessiulai.lt\/lv\/wp-json\/wp\/v2\/giftcard-category?post=17008"}],"curies":[{"name":"wp","href":"https:\/\/api.w.org\/{rel}","templated":true}]}}