{"id":16950,"date":"2025-09-12T09:47:43","date_gmt":"2025-09-12T06:47:43","guid":{"rendered":"https:\/\/bitessiulai.lt\/?post_type=product&#038;p=16950"},"modified":"2025-09-12T09:47:44","modified_gmt":"2025-09-12T06:47:44","slug":"yarnart-siulu-rinkinukas-39","status":"publish","type":"product","link":"https:\/\/bitessiulai.lt\/lv\/products\/yarnart-siulu-rinkinukas-39\/","title":{"rendered":"YarnArt dzijas komplekts"},"content":{"rendered":"<h5 dir=\"auto\"><strong>YarnArt dzijas komplekts:<\/strong><\/h5>\n<ul>\n<li>YarnArt Cloud 5 gab.<\/li>\n<li>YarnArt Puma 2 gab.<\/li>\n<\/ul>\n<p><strong>YarnArt m\u0101konis<\/strong><\/p>\n<p><img fetchpriority=\"high\" decoding=\"async\" class=\"alignnone size-medium wp-image-16951\" src=\"http:\/\/bitessiulai.lt\/wp-content\/uploads\/2025\/09\/YARNART_CLOUD_5315--300x293.jpg\" alt=\"\" width=\"300\" height=\"293\" srcset=\"https:\/\/bitessiulai.lt\/wp-content\/uploads\/2025\/09\/YARNART_CLOUD_5315--300x293.jpg 300w, https:\/\/bitessiulai.lt\/wp-content\/uploads\/2025\/09\/YARNART_CLOUD_5315--1024x1001.jpg 1024w, https:\/\/bitessiulai.lt\/wp-content\/uploads\/2025\/09\/YARNART_CLOUD_5315--768x751.jpg 768w, https:\/\/bitessiulai.lt\/wp-content\/uploads\/2025\/09\/YARNART_CLOUD_5315--1536x1502.jpg 1536w, https:\/\/bitessiulai.lt\/wp-content\/uploads\/2025\/09\/YARNART_CLOUD_5315--12x12.jpg 12w, https:\/\/bitessiulai.lt\/wp-content\/uploads\/2025\/09\/YARNART_CLOUD_5315--600x587.jpg 600w, https:\/\/bitessiulai.lt\/wp-content\/uploads\/2025\/09\/YARNART_CLOUD_5315--150x147.jpg 150w, https:\/\/bitessiulai.lt\/wp-content\/uploads\/2025\/09\/YARNART_CLOUD_5315-.jpg 2000w\" sizes=\"(max-width: 300px) 100vw, 300px\" \/><\/p>\n<p>(Kr\u0101sa: 5315)<\/p>\n<ul>\n<li dir=\"auto\"><strong>Sast\u0101vs:<\/strong> 25% vilna, 75% akrils<\/li>\n<li dir=\"auto\"><strong>Svars\/garums:<\/strong> 100 gadi = aptuveni 230 gadi.<\/li>\n<li dir=\"auto\"><strong>Ieteicamais ad\u0101madatas izm\u0113rs:<\/strong> 4,5 mm.<\/li>\n<li dir=\"auto\"><strong>Ieteicamais v\u0101zes izm\u0113rs:<\/strong> 5 mm.<\/li>\n<\/ul>\n<p>&nbsp;<\/p>\n<p><span class=\"html-span xexx8yu x4uap5 x18d9i69 xkhd6sd x1hl2dhg x16tdsg8 x1vvkbs x3nfvp2 x1j61x8r x1fcty0u xdj266r xat24cr xgzva0m xhhsvwb xxymvpz xlup9mm x1kky2od\"><img decoding=\"async\" class=\"xz74otr\" src=\"https:\/\/static.xx.fbcdn.net\/images\/emoji.php\/v9\/t2d\/1\/16\/1f4cd.png\" alt=\"\ud83d\udccd\" width=\"16\" height=\"16\" \/><\/span> <strong>Cena \u20ac3,00<\/strong><\/p>\n<p>&nbsp;<\/p>\n<p><strong>YarnArt Puma<\/strong><\/p>\n<p><img decoding=\"async\" class=\"alignnone size-medium wp-image-16952\" src=\"http:\/\/bitessiulai.lt\/wp-content\/uploads\/2025\/09\/YARNART_PIUMA_4406_DETAY-300x300.jpg\" alt=\"\" width=\"300\" height=\"300\" srcset=\"https:\/\/bitessiulai.lt\/wp-content\/uploads\/2025\/09\/YARNART_PIUMA_4406_DETAY-300x300.jpg 300w, https:\/\/bitessiulai.lt\/wp-content\/uploads\/2025\/09\/YARNART_PIUMA_4406_DETAY-1024x1024.jpg 1024w, https:\/\/bitessiulai.lt\/wp-content\/uploads\/2025\/09\/YARNART_PIUMA_4406_DETAY-150x150.jpg 150w, https:\/\/bitessiulai.lt\/wp-content\/uploads\/2025\/09\/YARNART_PIUMA_4406_DETAY-768x768.jpg 768w, https:\/\/bitessiulai.lt\/wp-content\/uploads\/2025\/09\/YARNART_PIUMA_4406_DETAY-1536x1536.jpg 1536w, https:\/\/bitessiulai.lt\/wp-content\/uploads\/2025\/09\/YARNART_PIUMA_4406_DETAY-12x12.jpg 12w, https:\/\/bitessiulai.lt\/wp-content\/uploads\/2025\/09\/YARNART_PIUMA_4406_DETAY-600x600.jpg 600w, https:\/\/bitessiulai.lt\/wp-content\/uploads\/2025\/09\/YARNART_PIUMA_4406_DETAY-96x96.jpg 96w, https:\/\/bitessiulai.lt\/wp-content\/uploads\/2025\/09\/YARNART_PIUMA_4406_DETAY.jpg 2000w\" sizes=\"(max-width: 300px) 100vw, 300px\" \/><\/p>\n<p>(Kr\u0101sa: 4406)<\/p>\n<ul>\n<li><strong>Sast\u0101vs:<\/strong> 100% poliesters<\/li>\n<li><strong>Svars\/garums:<\/strong> 50 gadi = aptuveni 100 gadi.<\/li>\n<li><strong>Ieteicamais ad\u0101madatas izm\u0113rs: <\/strong>5 mm.<\/li>\n<li><strong>Ieteicamais \u0101\u0137a izm\u0113rs:<\/strong> 5 mm<\/li>\n<\/ul>\n<p>&nbsp;<\/p>\n<p><span class=\"html-span xexx8yu x4uap5 x18d9i69 xkhd6sd x1hl2dhg x16tdsg8 x1vvkbs x3nfvp2 x1j61x8r x1fcty0u xdj266r xat24cr xgzva0m xhhsvwb xxymvpz xlup9mm x1kky2od\"><img decoding=\"async\" class=\"xz74otr\" src=\"https:\/\/static.xx.fbcdn.net\/images\/emoji.php\/v9\/t2d\/1\/16\/1f4cd.png\" alt=\"\ud83d\udccd\" width=\"16\" height=\"16\" \/><\/span> <strong>Cena \u20ac1,50<\/strong><\/p>\n<p><span class=\"html-span xexx8yu x4uap5 x18d9i69 xkhd6sd x1hl2dhg x16tdsg8 x1vvkbs x3nfvp2 x1j61x8r x1fcty0u xdj266r xat24cr xgzva0m xhhsvwb xxymvpz xlup9mm x1kky2od\"><img decoding=\"async\" class=\"xz74otr\" src=\"https:\/\/static.xx.fbcdn.net\/images\/emoji.php\/v9\/t2d\/1\/16\/1f4cd.png\" alt=\"\ud83d\udccd\" width=\"16\" height=\"16\" \/>Ja komplekts nav pieejams vai nepiecie\u0161ams liel\u0101ks daudzums, l\u016bdzu, sazinieties ar mums. <img decoding=\"async\" class=\"xz74otr\" src=\"https:\/\/static.xx.fbcdn.net\/images\/emoji.php\/v9\/t2d\/1\/16\/1f4cd.png\" alt=\"\ud83d\udccd\" width=\"16\" height=\"16\" \/><\/span><\/p>\n<div class=\"item\">\n<ul>\n<li class=\"text\">+370 672 44443<\/li>\n<\/ul>\n<\/div>\n<div class=\"item\">\n<ul>\n<li class=\"text\">info@bitessiulai.lt<\/li>\n<\/ul>\n<\/div>\n<p>&nbsp;<\/p>\n<p>*Ekr\u0101n\u0101 redzam\u0101s kr\u0101sas var nedaudz at\u0161\u0137irties no faktisk\u0101s diegu kr\u0101sas.<\/p>","protected":false},"excerpt":{"rendered":"<p>YarnArt si\u016bl\u0173 rinkinukas : YarnArt Cloud 5vnt. YarnArt Piuma 2vnt. YarnArt Cloud (Spalva: 5315) Sud\u0117tis: 25% vilna, 75% akrilas Svoris\/ilgis: 100 g.= ma\u017edaug 230 m. Rekomenduojamas virbal\u0173 dydis: 4,5 mm. Rekomenduojamas va\u0161elio dydis: 5 mm. &nbsp; Kaina 3,00\u20ac &nbsp; YarnArt Piuma (Spalva: 4406) Sud\u0117tis: 100% poliesteris Svoris\/ilgis: 50 g.= ma\u017edaug 100 m. Rekomenduojamas virbal\u0173 dydis: 5\u00a0mm. Rekomenduojamas v\u0105\u0161elio dydis: 5 mm &nbsp; Kaina 1,50\u20ac Jeigu prekyboje rinkinio n\u0117ra arba reikalingas didesnis kiekis, susiekite su Mumis +370 672 44443 info@bitessiulai.lt &nbsp; *Ekrane matomos spalvos gali \u0161iek tiek skirtis nuo tikrosios si\u016bl\u0173 spalvos.<\/p>","protected":false},"featured_media":16953,"comment_status":"open","ping_status":"closed","template":"","meta":[],"product_brand":[],"product_cat":[176,3555],"product_tag":[],"giftcard-category":[],"class_list":{"0":"post-16950","1":"product","2":"type-product","3":"status-publish","4":"has-post-thumbnail","6":"product_cat-siulu-rinkinukai","7":"product_cat-rinkinukai-su-yarnart-cloud","9":"first","10":"instock","11":"taxable","12":"shipping-taxable","13":"purchasable","14":"product-type-simple"},"_links":{"self":[{"href":"https:\/\/bitessiulai.lt\/lv\/wp-json\/wp\/v2\/product\/16950","targetHints":{"allow":["GET"]}}],"collection":[{"href":"https:\/\/bitessiulai.lt\/lv\/wp-json\/wp\/v2\/product"}],"about":[{"href":"https:\/\/bitessiulai.lt\/lv\/wp-json\/wp\/v2\/types\/product"}],"replies":[{"embeddable":true,"href":"https:\/\/bitessiulai.lt\/lv\/wp-json\/wp\/v2\/comments?post=16950"}],"version-history":[{"count":0,"href":"https:\/\/bitessiulai.lt\/lv\/wp-json\/wp\/v2\/product\/16950\/revisions"}],"wp:featuredmedia":[{"embeddable":true,"href":"https:\/\/bitessiulai.lt\/lv\/wp-json\/wp\/v2\/media\/16953"}],"wp:attachment":[{"href":"https:\/\/bitessiulai.lt\/lv\/wp-json\/wp\/v2\/media?parent=16950"}],"wp:term":[{"taxonomy":"product_brand","embeddable":true,"href":"https:\/\/bitessiulai.lt\/lv\/wp-json\/wp\/v2\/product_brand?post=16950"},{"taxonomy":"product_cat","embeddable":true,"href":"https:\/\/bitessiulai.lt\/lv\/wp-json\/wp\/v2\/product_cat?post=16950"},{"taxonomy":"product_tag","embeddable":true,"href":"https:\/\/bitessiulai.lt\/lv\/wp-json\/wp\/v2\/product_tag?post=16950"},{"taxonomy":"giftcard-category","embeddable":true,"href":"https:\/\/bitessiulai.lt\/lv\/wp-json\/wp\/v2\/giftcard-category?post=16950"}],"curies":[{"name":"wp","href":"https:\/\/api.w.org\/{rel}","templated":true}]}}