{"id":16116,"date":"2025-09-06T12:20:00","date_gmt":"2025-09-06T09:20:00","guid":{"rendered":"https:\/\/bitessiulai.lt\/?post_type=product&#038;p=16116"},"modified":"2026-04-01T08:00:27","modified_gmt":"2026-04-01T05:00:27","slug":"gleener-sukos","status":"publish","type":"product","link":"https:\/\/bitessiulai.lt\/lv\/products\/gleener-sukos\/","title":{"rendered":"Gl\u012bnera \u0137emme"},"content":{"rendered":"<p>Gl\u012bnera \u0137emme \u2013<span dir=\"auto\"> Lieliska, kompakta auduma \u0137emme, kas pagarin\u0101s j\u016bsu ap\u0123\u0113rba un m\u0101jas tekstila kalpo\u0161anas laiku un izskatu, lai j\u016bs var\u0113tu tos baud\u012bt ilg\u0101k! Berze, mazg\u0101\u0161ana vai nodilums bie\u017ei vien var izrais\u012bt auduma nodilumu. Virsma p\u0101rkl\u0101jas ar p\u016bk\u0101m, liekot ap\u0123\u0113rbam p\u0113k\u0161\u0146i izskat\u012bties vecam un novalk\u0101tam. Ar \u0161o auduma \u0137emmi p\u016bkas \u0101tri vien k\u013c\u016bs par pag\u0101tni. D\u017eemperu \u0137emme ir piem\u0113rota lieto\u0161anai uz vid\u0113ja biezuma audumiem, piem\u0113ram, ka\u0161mira, merino vilnas vai smalk\u0101kiem d\u017eemperiem. Rokturis ir izgatavots no 100% % p\u0101rstr\u0101d\u0101tas plastmasas.\u00a0<\/span><\/p>\n<p><span dir=\"auto\">Gleener d\u017eempera taup\u012bt\u0101jam nav nepiecie\u0161ama elektr\u012bba vai baterijas, t\u0101p\u0113c to ir viegli p\u0101rn\u0113s\u0101t un lietot jebkur\u0101 laik\u0101 un viet\u0101.<\/span><\/p>\n<p><img fetchpriority=\"high\" decoding=\"async\" class=\"alignnone size-medium wp-image-16132\" src=\"http:\/\/bitessiulai.lt\/wp-content\/uploads\/2025\/09\/sc-tr-int-4_1-300x300.webp\" alt=\"\" width=\"300\" height=\"300\" srcset=\"https:\/\/bitessiulai.lt\/wp-content\/uploads\/2025\/09\/sc-tr-int-4_1-300x300.webp 300w, https:\/\/bitessiulai.lt\/wp-content\/uploads\/2025\/09\/sc-tr-int-4_1-150x150.webp 150w, https:\/\/bitessiulai.lt\/wp-content\/uploads\/2025\/09\/sc-tr-int-4_1-12x12.webp 12w, https:\/\/bitessiulai.lt\/wp-content\/uploads\/2025\/09\/sc-tr-int-4_1-600x600.webp 600w, https:\/\/bitessiulai.lt\/wp-content\/uploads\/2025\/09\/sc-tr-int-4_1-96x96.webp 96w, https:\/\/bitessiulai.lt\/wp-content\/uploads\/2025\/09\/sc-tr-int-4_1.webp 700w\" sizes=\"(max-width: 300px) 100vw, 300px\" \/> <img decoding=\"async\" class=\"alignnone size-medium wp-image-16133\" src=\"http:\/\/bitessiulai.lt\/wp-content\/uploads\/2025\/09\/sc-tr-int-5_1-300x300.webp\" alt=\"\" width=\"300\" height=\"300\" srcset=\"https:\/\/bitessiulai.lt\/wp-content\/uploads\/2025\/09\/sc-tr-int-5_1-300x300.webp 300w, https:\/\/bitessiulai.lt\/wp-content\/uploads\/2025\/09\/sc-tr-int-5_1-150x150.webp 150w, https:\/\/bitessiulai.lt\/wp-content\/uploads\/2025\/09\/sc-tr-int-5_1-12x12.webp 12w, https:\/\/bitessiulai.lt\/wp-content\/uploads\/2025\/09\/sc-tr-int-5_1-600x600.webp 600w, https:\/\/bitessiulai.lt\/wp-content\/uploads\/2025\/09\/sc-tr-int-5_1-96x96.webp 96w, https:\/\/bitessiulai.lt\/wp-content\/uploads\/2025\/09\/sc-tr-int-5_1.webp 700w\" sizes=\"(max-width: 300px) 100vw, 300px\" \/> <img decoding=\"async\" class=\"alignnone size-medium wp-image-16134\" src=\"http:\/\/bitessiulai.lt\/wp-content\/uploads\/2025\/09\/sc-tr-int-6_1-300x300.webp\" alt=\"\" width=\"300\" height=\"300\" srcset=\"https:\/\/bitessiulai.lt\/wp-content\/uploads\/2025\/09\/sc-tr-int-6_1-300x300.webp 300w, https:\/\/bitessiulai.lt\/wp-content\/uploads\/2025\/09\/sc-tr-int-6_1-150x150.webp 150w, https:\/\/bitessiulai.lt\/wp-content\/uploads\/2025\/09\/sc-tr-int-6_1-12x12.webp 12w, https:\/\/bitessiulai.lt\/wp-content\/uploads\/2025\/09\/sc-tr-int-6_1-600x600.webp 600w, https:\/\/bitessiulai.lt\/wp-content\/uploads\/2025\/09\/sc-tr-int-6_1-96x96.webp 96w, https:\/\/bitessiulai.lt\/wp-content\/uploads\/2025\/09\/sc-tr-int-6_1.webp 700w\" sizes=\"(max-width: 300px) 100vw, 300px\" \/><\/p>\n<p>&nbsp;<\/p>","protected":false},"excerpt":{"rendered":"<p>Gleener \u0161ukos &#8211; puikios, kompakti\u0161kos audini\u0173 \u0161ukos, u\u017etikrins, kad j\u016bs\u0173 drabu\u017eiai ir nam\u0173 tekstil\u0117 tarnaut\u0173 ilgiau ir atrodyt\u0173 geriau, kad gal\u0117tum\u0117te jais ilgiau d\u017eiaugtis! Trintis, skalbimas ar d\u0117v\u0117jimas da\u017enai gali sukelti audinio p\u016bkavim\u0105si. Pavir\u0161ius pasidengia p\u016bkeliais, tod\u0117l drabu\u017eis staiga atrodo senas ir susid\u0117v\u0117j\u0119s. Su \u0161iomis audini\u0173 \u0161ukomis p\u016bkeliai greitai taps praeitimi. \u201eSweater Saver\u201c tinka naudoti su vidutinio storio audiniais, tokiais kaip ka\u0161myras, merino vilna ar smulkesni megztiniai. Rankena pagamint\u0105 i\u0161 100 % perdirbto plastiko.\u00a0 \u201eGleener Sweater Saver\u201c naudojimui nereikia elektros ar baterij\u0173. Tod\u0117l \u0161ukas lengva ne\u0161iotis su savimi ir naudoti bet kada ir bet kur. &nbsp;<\/p>","protected":false},"featured_media":16131,"comment_status":"open","ping_status":"closed","template":"","meta":[],"product_brand":[],"product_cat":[192,203,3718],"product_tag":[],"giftcard-category":[],"class_list":{"0":"post-16116","1":"product","2":"type-product","3":"status-publish","4":"has-post-thumbnail","6":"product_cat-priedai-mezgimui","7":"product_cat-mezginiu-prieziura","8":"product_cat-naujienos","10":"first","11":"instock","12":"taxable","13":"shipping-taxable","14":"purchasable","15":"product-type-variable"},"_links":{"self":[{"href":"https:\/\/bitessiulai.lt\/lv\/wp-json\/wp\/v2\/product\/16116","targetHints":{"allow":["GET"]}}],"collection":[{"href":"https:\/\/bitessiulai.lt\/lv\/wp-json\/wp\/v2\/product"}],"about":[{"href":"https:\/\/bitessiulai.lt\/lv\/wp-json\/wp\/v2\/types\/product"}],"replies":[{"embeddable":true,"href":"https:\/\/bitessiulai.lt\/lv\/wp-json\/wp\/v2\/comments?post=16116"}],"version-history":[{"count":0,"href":"https:\/\/bitessiulai.lt\/lv\/wp-json\/wp\/v2\/product\/16116\/revisions"}],"wp:featuredmedia":[{"embeddable":true,"href":"https:\/\/bitessiulai.lt\/lv\/wp-json\/wp\/v2\/media\/16131"}],"wp:attachment":[{"href":"https:\/\/bitessiulai.lt\/lv\/wp-json\/wp\/v2\/media?parent=16116"}],"wp:term":[{"taxonomy":"product_brand","embeddable":true,"href":"https:\/\/bitessiulai.lt\/lv\/wp-json\/wp\/v2\/product_brand?post=16116"},{"taxonomy":"product_cat","embeddable":true,"href":"https:\/\/bitessiulai.lt\/lv\/wp-json\/wp\/v2\/product_cat?post=16116"},{"taxonomy":"product_tag","embeddable":true,"href":"https:\/\/bitessiulai.lt\/lv\/wp-json\/wp\/v2\/product_tag?post=16116"},{"taxonomy":"giftcard-category","embeddable":true,"href":"https:\/\/bitessiulai.lt\/lv\/wp-json\/wp\/v2\/giftcard-category?post=16116"}],"curies":[{"name":"wp","href":"https:\/\/api.w.org\/{rel}","templated":true}]}}