{"id":16064,"date":"2025-09-06T10:30:51","date_gmt":"2025-09-06T07:30:51","guid":{"rendered":"https:\/\/bitessiulai.lt\/?post_type=product&#038;p=16064"},"modified":"2026-03-09T14:13:53","modified_gmt":"2026-03-09T12:13:53","slug":"eucalan-skystas-skalbiklis-su-eukalipto-kvapu-500ml","status":"publish","type":"product","link":"https:\/\/bitessiulai.lt\/lv\/products\/eucalan-skystas-skalbiklis-su-eukalipto-kvapu-500ml\/","title":{"rendered":"Eucalan \u0161\u0137idrais ve\u013cas mazg\u0101\u0161anas l\u012bdzeklis ar eikalipta arom\u0101tu 500ml"},"content":{"rendered":"<p>Eucalan \u0161\u0137idrais ve\u013cas mazg\u0101\u0161anas l\u012bdzeklis ar eikalipta arom\u0101tu 500ml. <b><span dir=\"auto\">Eukal\u0101na<\/span><\/b><span dir=\"auto\">\u00a0 Ve\u013cas mazg\u0101\u0161anas l\u012bdzeklis satur lanol\u012bnu, kas stiprina vilnas izstr\u0101d\u0101jumu \u0161\u0137iedras un pal\u012bdz t\u0101m saglab\u0101ties optim\u0101l\u0101 st\u0101vokl\u012b. \u0160is eikalipta arom\u0101ta variants ar \u0113terisko e\u013c\u013cu pie\u0161\u0137irs j\u016bsu ve\u013cai pat\u012bkamu arom\u0101tu. Eucalan ir netoksisks, bez optiskajiem balin\u0101t\u0101jiem, m\u0101ksl\u012bg\u0101m smar\u017eviel\u0101m un neatst\u0101j p\u0113das uz j\u016bsu dr\u0113b\u0113m. Eucalan ir ide\u0101ls mazg\u0101\u0161anas l\u012bdzeklis trikot\u0101\u017eas izstr\u0101d\u0101jumu, apak\u0161ve\u013cas, b\u0113rnu dr\u0113bju un pl\u012b\u0161a rota\u013clietu mazg\u0101\u0161anai. Katr\u0101 pudel\u0113 ir 500 ml mazg\u0101\u0161anas l\u012bdzek\u013ca.\u00a0<\/span><\/p>\n<p><span dir=\"auto\">Sast\u0101vda\u013cu saraksts:<\/span><\/p>\n<ul>\n<li><span dir=\"auto\">\u0113terisk\u0101 e\u013c\u013ca (dab\u012bga eikalipta e\u013c\u013ca)<\/span><\/li>\n<li><span dir=\"auto\">amonija laurilsulf\u0101ts (augu ziepes)<\/span><\/li>\n<li><span dir=\"auto\">amonija hlor\u012bds (amonija s\u0101ls, ko izmanto k\u0101 biezin\u0101t\u0101ju)<\/span><\/li>\n<li><span dir=\"auto\">kokam\u012bds MEA (v\u0101ja putojo\u0161a viela un augu izcelsmes biezin\u0101t\u0101js)<\/span><\/li>\n<li><span dir=\"auto\">att\u012br\u012bts \u016bdens<\/span><\/li>\n<li><span dir=\"auto\">hidroksipropilmetilceluloze (augu izcelsmes biezin\u0101t\u0101js)<\/span><\/li>\n<li><span dir=\"auto\">PEG 75 lanol\u012bns (dabiski ieg\u016bts lanol\u012bns)<\/span><\/li>\n<li><span dir=\"auto\">metilhlorizotiazolinons (antibakteri\u0101ls konservants)<\/span><\/li>\n<\/ul>\n<p><img fetchpriority=\"high\" decoding=\"async\" class=\"alignnone size-medium wp-image-16067\" src=\"http:\/\/bitessiulai.lt\/wp-content\/uploads\/2025\/09\/config500ml_1-300x300.webp\" alt=\"\" width=\"300\" height=\"300\" srcset=\"https:\/\/bitessiulai.lt\/wp-content\/uploads\/2025\/09\/config500ml_1-300x300.webp 300w, https:\/\/bitessiulai.lt\/wp-content\/uploads\/2025\/09\/config500ml_1-150x150.webp 150w, https:\/\/bitessiulai.lt\/wp-content\/uploads\/2025\/09\/config500ml_1-12x12.webp 12w, https:\/\/bitessiulai.lt\/wp-content\/uploads\/2025\/09\/config500ml_1-600x600.webp 600w, https:\/\/bitessiulai.lt\/wp-content\/uploads\/2025\/09\/config500ml_1-96x96.webp 96w, https:\/\/bitessiulai.lt\/wp-content\/uploads\/2025\/09\/config500ml_1.webp 700w\" sizes=\"(max-width: 300px) 100vw, 300px\" \/> <img decoding=\"async\" class=\"alignnone size-medium wp-image-16068\" src=\"http:\/\/bitessiulai.lt\/wp-content\/uploads\/2025\/09\/config_1-300x300.webp\" alt=\"\" width=\"300\" height=\"300\" srcset=\"https:\/\/bitessiulai.lt\/wp-content\/uploads\/2025\/09\/config_1-300x300.webp 300w, https:\/\/bitessiulai.lt\/wp-content\/uploads\/2025\/09\/config_1-150x150.webp 150w, https:\/\/bitessiulai.lt\/wp-content\/uploads\/2025\/09\/config_1-12x12.webp 12w, https:\/\/bitessiulai.lt\/wp-content\/uploads\/2025\/09\/config_1-600x600.webp 600w, https:\/\/bitessiulai.lt\/wp-content\/uploads\/2025\/09\/config_1-96x96.webp 96w, https:\/\/bitessiulai.lt\/wp-content\/uploads\/2025\/09\/config_1.webp 700w\" sizes=\"(max-width: 300px) 100vw, 300px\" \/> <img decoding=\"async\" class=\"alignnone size-medium wp-image-16069\" src=\"http:\/\/bitessiulai.lt\/wp-content\/uploads\/2025\/09\/elg500-2-300x300.webp\" alt=\"\" width=\"300\" height=\"300\" srcset=\"https:\/\/bitessiulai.lt\/wp-content\/uploads\/2025\/09\/elg500-2-300x300.webp 300w, https:\/\/bitessiulai.lt\/wp-content\/uploads\/2025\/09\/elg500-2-150x150.webp 150w, https:\/\/bitessiulai.lt\/wp-content\/uploads\/2025\/09\/elg500-2-12x12.webp 12w, https:\/\/bitessiulai.lt\/wp-content\/uploads\/2025\/09\/elg500-2-600x600.webp 600w, https:\/\/bitessiulai.lt\/wp-content\/uploads\/2025\/09\/elg500-2-96x96.webp 96w, https:\/\/bitessiulai.lt\/wp-content\/uploads\/2025\/09\/elg500-2.webp 700w\" sizes=\"(max-width: 300px) 100vw, 300px\" \/><\/p>","protected":false},"excerpt":{"rendered":"<p>Eucalan skystas skalbiklis su eukalipto kvapu 500ml . \u201eEucalan\u201c\u00a0 skalbiklio sud\u0117tyje yra lanolino, kuris stiprina vilnoni\u0173 gamini\u0173 pluo\u0161tus ir padeda jiems i\u0161likti optimalios b\u016bkl\u0117s. \u0160is eukalipto kvapo variantas su eteriniu aliejumi suteiks j\u016bs\u0173 skalbiniams malon\u0173 kvap\u0105. \u201eEucalan\u201c yra netoksi\u0161kas, be optini\u0173 balikli\u0173, dirbtini\u0173 kvapikli\u0173 ir nepalieka joki\u0173 p\u0117dsak\u0173 ant j\u016bs\u0173 drabu\u017ei\u0173. \u201eEucalan\u201c yra idealus skalbiklis megztiems ir nertiems gaminiams, apatiniams, k\u016bdiki\u0173 drabu\u017eiams ir pliu\u0161iniams \u017eaislams skalbti. Kiekviename buteliuke yra 500 ml skalbiklio.\u00a0 Ingredient\u0173 s\u0105ra\u0161as: eterinis aliejus (nat\u016bralus eukalipto aliejus) amonio laurilsulfatas (augalinis muilas) amonio chloridas (amonio druska, naudojama kaip tir\u0161tiklis) kokamidas MEA (silpnas putojantis agentas ir augalin\u0117s kilm\u0117s tir\u0161tiklis) i\u0161grynintas vanduo hidroksipropilmetilceliulioz\u0117 (augalin\u0117s kilm\u0117s tir\u0161tiklis) PEG 75 lanolinas (nat\u016braliai i\u0161gaunamas lanolinas) metilchlorizotiazolinonas (antibakterinis konservantas)<\/p>","protected":false},"featured_media":16065,"comment_status":"open","ping_status":"closed","template":"","meta":[],"product_brand":[],"product_cat":[192,203,3718],"product_tag":[],"giftcard-category":[],"class_list":{"0":"post-16064","1":"product","2":"type-product","3":"status-publish","4":"has-post-thumbnail","6":"product_cat-priedai-mezgimui","7":"product_cat-mezginiu-prieziura","8":"product_cat-naujienos","10":"first","11":"instock","12":"taxable","13":"shipping-taxable","14":"purchasable","15":"product-type-simple"},"_links":{"self":[{"href":"https:\/\/bitessiulai.lt\/lv\/wp-json\/wp\/v2\/product\/16064","targetHints":{"allow":["GET"]}}],"collection":[{"href":"https:\/\/bitessiulai.lt\/lv\/wp-json\/wp\/v2\/product"}],"about":[{"href":"https:\/\/bitessiulai.lt\/lv\/wp-json\/wp\/v2\/types\/product"}],"replies":[{"embeddable":true,"href":"https:\/\/bitessiulai.lt\/lv\/wp-json\/wp\/v2\/comments?post=16064"}],"version-history":[{"count":1,"href":"https:\/\/bitessiulai.lt\/lv\/wp-json\/wp\/v2\/product\/16064\/revisions"}],"predecessor-version":[{"id":23624,"href":"https:\/\/bitessiulai.lt\/lv\/wp-json\/wp\/v2\/product\/16064\/revisions\/23624"}],"wp:featuredmedia":[{"embeddable":true,"href":"https:\/\/bitessiulai.lt\/lv\/wp-json\/wp\/v2\/media\/16065"}],"wp:attachment":[{"href":"https:\/\/bitessiulai.lt\/lv\/wp-json\/wp\/v2\/media?parent=16064"}],"wp:term":[{"taxonomy":"product_brand","embeddable":true,"href":"https:\/\/bitessiulai.lt\/lv\/wp-json\/wp\/v2\/product_brand?post=16064"},{"taxonomy":"product_cat","embeddable":true,"href":"https:\/\/bitessiulai.lt\/lv\/wp-json\/wp\/v2\/product_cat?post=16064"},{"taxonomy":"product_tag","embeddable":true,"href":"https:\/\/bitessiulai.lt\/lv\/wp-json\/wp\/v2\/product_tag?post=16064"},{"taxonomy":"giftcard-category","embeddable":true,"href":"https:\/\/bitessiulai.lt\/lv\/wp-json\/wp\/v2\/giftcard-category?post=16064"}],"curies":[{"name":"wp","href":"https:\/\/api.w.org\/{rel}","templated":true}]}}