{"id":16043,"date":"2025-09-06T09:33:31","date_gmt":"2025-09-06T06:33:31","guid":{"rendered":"https:\/\/bitessiulai.lt\/?post_type=product&#038;p=16043"},"modified":"2025-12-03T13:05:04","modified_gmt":"2025-12-03T11:05:04","slug":"knitpro-oasis-nerimo-vaseliu-rinkinys-2-0-5-0-mm-pradedantiesiems","status":"publish","type":"product","link":"https:\/\/bitessiulai.lt\/lv\/products\/knitpro-oasis-nerimo-vaseliu-rinkinys-2-0-5-0-mm-pradedantiesiems\/","title":{"rendered":"KnitPro Oasis tamboradatu komplekts 2.0-5.0 mm"},"content":{"rendered":"<p>KnitPro Oasis tamboradatu komplekts 2,0-5,0 mm. <span dir=\"auto\">KnitPro iepaz\u012bstina ar pavisam jaunu main\u0101mu adatu s\u0113riju. Pieredze\u00a0<\/span><b><span dir=\"auto\">KnitPro Oasis<\/span><\/b><span dir=\"auto\"> Daudzpus\u012bba un br\u012bv\u012bba, apvienojot vienu koka rokturi un da\u017e\u0101da izm\u0113ra main\u0101mus \u0101\u0137u galus. Produkti ir skaisti veidoti un garant\u0113 \u0113rtu un vienm\u0113r\u012bgu tambor\u0113\u0161anas pieredzi. \u0160is komplekts ir ide\u0101li piem\u0113rots gan ies\u0101c\u0113jiem, gan pieredz\u0113ju\u0161iem tambor\u0113t\u0101jiem.<\/span><\/p>\n<p><span dir=\"auto\">Ar KnitPro Oasis main\u0101mo tamboradatu komplektu jums ir pilns komplekts, gatavs lieto\u0161anai. Komplekt\u0101 ietilpst \u0161\u0101di priek\u0161meti:<\/span><\/p>\n<ul>\n<li><span dir=\"auto\">1 x koka rokturis pel\u0113k\u0101 oniksa kr\u0101s\u0101<\/span><\/li>\n<li><span dir=\"auto\">7 main\u0101mi tamboradatas uzga\u013ci izm\u0113ros: 2,00, 2,50, 3,00, 3,50, 4,00, 4,50 un 5,00 mm<\/span><\/li>\n<li><span dir=\"auto\">10 met\u0101la mar\u0137ieri<\/span><\/li>\n<li><span dir=\"auto\">1 x 150 cm m\u0113rlente<\/span><\/li>\n<li><span dir=\"auto\">1 x \u0161\u0137\u0113res<\/span><\/li>\n<\/ul>\n<p>KnitPro Oasis main\u0101mie \u0101\u0137a gali ir izgatavoti no met\u0101la un tiem ir skaista, sp\u012bd\u012bga, ro\u017ezelta apdare. Perfekti glud\u0101 virsma nodro\u0161ina, ka acis sl\u012bd vienm\u0113r\u012bgi. \u0100\u0137a gals ir piem\u0113rots visiem projektiem, un gan ies\u0101c\u0113ji, gan pieredz\u0113ju\u0161i tambor\u0113t\u0101ji nov\u0113rt\u0113s augsto kvalit\u0101ti un skaisto dizainu. Katru \u0101\u0137a galu var viegli ieskr\u016bv\u0113t KnitPro Oasis roktur\u012b, pateicoties skr\u016bv\u0113jamai da\u013cai. Gals stingri turas sav\u0101 viet\u0101, bet to var ar\u012b bez probl\u0113m\u0101m atbr\u012bvot. KnitPro Oasis main\u0101mo \u0101\u0137a galu rokturis ir izgatavots no skaisti gluda b\u0113rza koka. Ergonomiskais rokturis \u0113rti iegu\u013c rok\u0101 un tam ir rievas lab\u0101kai satv\u0113rienam.<\/p>\n<p><img fetchpriority=\"high\" decoding=\"async\" class=\"alignnone size-medium wp-image-16046\" src=\"http:\/\/bitessiulai.lt\/wp-content\/uploads\/2025\/09\/K309810-3-300x300.webp\" alt=\"\" width=\"300\" height=\"300\" srcset=\"https:\/\/bitessiulai.lt\/wp-content\/uploads\/2025\/09\/K309810-3-300x300.webp 300w, https:\/\/bitessiulai.lt\/wp-content\/uploads\/2025\/09\/K309810-3-150x150.webp 150w, https:\/\/bitessiulai.lt\/wp-content\/uploads\/2025\/09\/K309810-3-12x12.webp 12w, https:\/\/bitessiulai.lt\/wp-content\/uploads\/2025\/09\/K309810-3-600x600.webp 600w, https:\/\/bitessiulai.lt\/wp-content\/uploads\/2025\/09\/K309810-3-96x96.webp 96w, https:\/\/bitessiulai.lt\/wp-content\/uploads\/2025\/09\/K309810-3.webp 700w\" sizes=\"(max-width: 300px) 100vw, 300px\" \/> <img decoding=\"async\" class=\"alignnone size-medium wp-image-16047\" src=\"http:\/\/bitessiulai.lt\/wp-content\/uploads\/2025\/09\/K309810-4-300x300.webp\" alt=\"\" width=\"300\" height=\"300\" srcset=\"https:\/\/bitessiulai.lt\/wp-content\/uploads\/2025\/09\/K309810-4-300x300.webp 300w, https:\/\/bitessiulai.lt\/wp-content\/uploads\/2025\/09\/K309810-4-150x150.webp 150w, https:\/\/bitessiulai.lt\/wp-content\/uploads\/2025\/09\/K309810-4-12x12.webp 12w, https:\/\/bitessiulai.lt\/wp-content\/uploads\/2025\/09\/K309810-4-600x600.webp 600w, https:\/\/bitessiulai.lt\/wp-content\/uploads\/2025\/09\/K309810-4-96x96.webp 96w, https:\/\/bitessiulai.lt\/wp-content\/uploads\/2025\/09\/K309810-4.webp 700w\" sizes=\"(max-width: 300px) 100vw, 300px\" \/> <img decoding=\"async\" class=\"alignnone size-medium wp-image-16048\" src=\"http:\/\/bitessiulai.lt\/wp-content\/uploads\/2025\/09\/K30981-4-300x300.webp\" alt=\"\" width=\"300\" height=\"300\" srcset=\"https:\/\/bitessiulai.lt\/wp-content\/uploads\/2025\/09\/K30981-4-300x300.webp 300w, https:\/\/bitessiulai.lt\/wp-content\/uploads\/2025\/09\/K30981-4-150x150.webp 150w, https:\/\/bitessiulai.lt\/wp-content\/uploads\/2025\/09\/K30981-4-12x12.webp 12w, https:\/\/bitessiulai.lt\/wp-content\/uploads\/2025\/09\/K30981-4-96x96.webp 96w, https:\/\/bitessiulai.lt\/wp-content\/uploads\/2025\/09\/K30981-4.webp 583w\" sizes=\"(max-width: 300px) 100vw, 300px\" \/> <img loading=\"lazy\" decoding=\"async\" class=\"alignnone size-medium wp-image-16049\" src=\"http:\/\/bitessiulai.lt\/wp-content\/uploads\/2025\/09\/K30981-3-300x300.webp\" alt=\"\" width=\"300\" height=\"300\" srcset=\"https:\/\/bitessiulai.lt\/wp-content\/uploads\/2025\/09\/K30981-3-300x300.webp 300w, https:\/\/bitessiulai.lt\/wp-content\/uploads\/2025\/09\/K30981-3-150x150.webp 150w, https:\/\/bitessiulai.lt\/wp-content\/uploads\/2025\/09\/K30981-3-12x12.webp 12w, https:\/\/bitessiulai.lt\/wp-content\/uploads\/2025\/09\/K30981-3-96x96.webp 96w, https:\/\/bitessiulai.lt\/wp-content\/uploads\/2025\/09\/K30981-3.webp 583w\" sizes=\"(max-width: 300px) 100vw, 300px\" \/><\/p>\n<p>&nbsp;<\/p>","protected":false},"excerpt":{"rendered":"<p>KnitPro Oasis n\u0117rimo v\u0105\u0161eli\u0173 rinkinys 2.0-5.0 mm . \u201eKnitPro\u201c pristato visi\u0161kai nauj\u0105 kei\u010diam\u0173 v\u0105\u0161eli\u0173 serij\u0105. Patirkite\u00a0\u201eKnitPro Oasis\u201c universalum\u0105 ir laisv\u0119 , derindami vien\u0105 medin\u0119 ranken\u0105 ir kei\u010diamus skirting\u0173 dyd\u017ei\u0173 v\u0105\u0161eli\u0173 antgalius. Gaminiai yra gra\u017eaus dizaino ir garantuoja patogi\u0105 bei skland\u017ei\u0105 n\u0117rimo patirt\u012f. \u0160is rinkinys ideliai tinka pradedantiesiems ir patyrusiems n\u0117rimo meistrams. Su \u201eKnitPro Oasis\u201c kei\u010diam\u0173 n\u0117rimo v\u0105\u0161eli\u0173\u00a0 rinkiniu turite vis\u0105\u00a0 rinkin\u012f, paruo\u0161t\u0105 naudoti. Rinkin\u012f sudaro \u0161ie elementai: 1 x medin\u0117 rankena pilko onikso spalvos 7 kei\u010diami n\u0117rimo v\u0105\u0161eli\u0173 antgaliai, kuri\u0173 dyd\u017eiai: 2,00, 2,50, 3,00, 3,50, 4,00, 4,50 ir 5,00 mm 10 metaliniai \u017eymekliai 1 x 150 cm ilgio matavimo juosta 1 x\u00a0 \u017eirkl\u0117s \u201eKnitPro Oasis\u201c kei\u010diam\u0173 v\u0105\u0161eli\u0173 antgaliai pagaminti i\u0161 metalo ir turi gra\u017e\u0173 blizgant\u012f ro\u017einio aukso spalvos pavir\u0161i\u0173. Idealiai lygus pavir\u0161ius garantuoja, kad akys skland\u017eiai slyst\u0173. V\u0105\u0161elio antgalis tinka visiems projektams, ir tiek pradedantieji, tiek patyr\u0119 n\u0117r\u0117jai \u012fvertins auk\u0161t\u0105 kokyb\u0119 ir gra\u017e\u0173 dizain\u0105. Kiekvien\u0105 v\u0105\u0161elio antgal\u012f galima lengvai \u012fsukti \u012f \u201eKnitPro Oasis\u201c ranken\u0105 d\u0117l var\u017etin\u0117s dalies. Antgalis tvirtai laikosi savo vietoje, bet j\u012f taip pat galima be joki\u0173 problem\u0173 atlaisvinti. \u201eKnitPro Oasis\u201c kei\u010diam\u0173 v\u0105\u0161eli\u0173 antgali\u0173 rankena pagaminta i\u0161 gra\u017eiai lygios ber\u017eo medienos. Ergonomi\u0161ka rankena patogiai priglunda rankoje ir turi griovelius geresniam sukibimui. &nbsp;<\/p>","protected":false},"featured_media":16044,"comment_status":"open","ping_status":"closed","template":"","meta":[],"product_brand":[],"product_cat":[180,2440,3718,191],"product_tag":[],"giftcard-category":[],"class_list":{"0":"post-16043","1":"product","2":"type-product","3":"status-publish","4":"has-post-thumbnail","6":"product_cat-mezgimo-priemones","7":"product_cat-knitpro","8":"product_cat-naujienos","9":"product_cat-vaseliu-rinkiniai","11":"first","12":"instock","13":"taxable","14":"shipping-taxable","15":"purchasable","16":"product-type-simple"},"_links":{"self":[{"href":"https:\/\/bitessiulai.lt\/lv\/wp-json\/wp\/v2\/product\/16043","targetHints":{"allow":["GET"]}}],"collection":[{"href":"https:\/\/bitessiulai.lt\/lv\/wp-json\/wp\/v2\/product"}],"about":[{"href":"https:\/\/bitessiulai.lt\/lv\/wp-json\/wp\/v2\/types\/product"}],"replies":[{"embeddable":true,"href":"https:\/\/bitessiulai.lt\/lv\/wp-json\/wp\/v2\/comments?post=16043"}],"version-history":[{"count":0,"href":"https:\/\/bitessiulai.lt\/lv\/wp-json\/wp\/v2\/product\/16043\/revisions"}],"wp:featuredmedia":[{"embeddable":true,"href":"https:\/\/bitessiulai.lt\/lv\/wp-json\/wp\/v2\/media\/16044"}],"wp:attachment":[{"href":"https:\/\/bitessiulai.lt\/lv\/wp-json\/wp\/v2\/media?parent=16043"}],"wp:term":[{"taxonomy":"product_brand","embeddable":true,"href":"https:\/\/bitessiulai.lt\/lv\/wp-json\/wp\/v2\/product_brand?post=16043"},{"taxonomy":"product_cat","embeddable":true,"href":"https:\/\/bitessiulai.lt\/lv\/wp-json\/wp\/v2\/product_cat?post=16043"},{"taxonomy":"product_tag","embeddable":true,"href":"https:\/\/bitessiulai.lt\/lv\/wp-json\/wp\/v2\/product_tag?post=16043"},{"taxonomy":"giftcard-category","embeddable":true,"href":"https:\/\/bitessiulai.lt\/lv\/wp-json\/wp\/v2\/giftcard-category?post=16043"}],"curies":[{"name":"wp","href":"https:\/\/api.w.org\/{rel}","templated":true}]}}